{"id":8534,"date":"2021-03-31T16:27:07","date_gmt":"2021-03-31T16:27:07","guid":{"rendered":"https:\/\/hvct.eu\/?page_id=8534"},"modified":"2021-10-12T10:43:50","modified_gmt":"2021-10-12T10:43:50","slug":"pdx_rf_plasma_generators","status":"publish","type":"page","link":"https:\/\/www.hvproducts.de\/de\/pdx_rf_plasma_generators","title":{"rendered":"PDX &#8211; RF Plasma Generators"},"content":{"rendered":"<div data-elementor-type=\"wp-page\" data-elementor-id=\"8534\" class=\"elementor elementor-8534\">\n\t\t\t\t\t\t<section class=\"elementor-section elementor-top-section elementor-element elementor-element-9bc6fa7 elementor-section-boxed elementor-section-height-default elementor-section-height-default\" data-id=\"9bc6fa7\" data-element_type=\"section\" data-e-type=\"section\">\n\t\t\t\t\t\t\t<div class=\"elementor-background-overlay\"><\/div>\n\t\t\t\t\t\t\t<div class=\"elementor-container elementor-column-gap-default\">\n\t\t\t\t\t<div class=\"elementor-column elementor-col-100 elementor-top-column elementor-element elementor-element-b58caa1\" data-id=\"b58caa1\" data-element_type=\"column\" data-e-type=\"column\">\n\t\t\t<div class=\"elementor-widget-wrap elementor-element-populated\">\n\t\t\t\t\t\t<div class=\"elementor-element elementor-element-423ce7c elementor-widget elementor-widget-text-editor\" data-id=\"423ce7c\" data-element_type=\"widget\" data-e-type=\"widget\" data-widget_type=\"text-editor.default\">\n\t\t\t\t<div class=\"elementor-widget-container\">\n\t\t\t\t\t\t\t\t\t<p><a href=\"https:\/\/www.hvproducts.de\/\">Startseite<\/a> \/ Produkte \/ Hochfrequenz \/ Plasmastromgeneratoren \/ <a class=\"level-1\" href=\"https:\/\/www.hvproducts.de\/rf_plasma_generators\/\">RF-Plasma-Generatoren<\/a> \/ PDX<\/p>\t\t\t\t\t\t\t\t<\/div>\n\t\t\t\t<\/div>\n\t\t\t\t<div class=\"elementor-element elementor-element-14d6d47 elementor-widget elementor-widget-heading\" data-id=\"14d6d47\" data-element_type=\"widget\" data-e-type=\"widget\" data-widget_type=\"heading.default\">\n\t\t\t\t<div class=\"elementor-widget-container\">\n\t\t\t\t\t<h2 class=\"elementor-heading-title elementor-size-default\"><h1 style=\"margin-bottom: 0.5rem;font-weight: 500;font-size: 30px;, sans-serif;font-style: normal;white-space: normal\">PDX - RF-Plasmageneratoren<\/h1><\/h2>\t\t\t\t<\/div>\n\t\t\t\t<\/div>\n\t\t\t\t<div class=\"elementor-element elementor-element-3cf3d05 elementor-widget elementor-widget-text-editor\" data-id=\"3cf3d05\" data-element_type=\"widget\" data-e-type=\"widget\" data-widget_type=\"text-editor.default\">\n\t\t\t\t<div class=\"elementor-widget-container\">\n\t\t\t\t\t\t\t\t\t<div class=\"wrapper text layout1\"><div class=\"container\"><div class=\"row\"><div class=\"col-sm-12\"><div class=\"wysiwyg\"><h4>Bew\u00e4hrtes Mittelfrequenz-Arbeitspferd mit branchenf\u00fchrender Zuverl\u00e4ssigkeit<\/h4><p>Die PDX-Serie bietet Mittelfrequenz-Netzteile, die die Prozessflexibilit\u00e4t erh\u00f6hen und die Steuerung optimieren.<\/p><ul><li>Erh\u00e4ltlich mit einer Leistung von 1250 bis 8000 W<\/li><li>Betrieb in einem breiten Frequenzbereich<\/li><li>Fernbedienungsm\u00f6glichkeiten<\/li><\/ul><\/div><\/div><\/div><\/div><\/div>\t\t\t\t\t\t\t\t<\/div>\n\t\t\t\t<\/div>\n\t\t\t\t<div class=\"elementor-element elementor-element-e7b0b3b elementor-widget elementor-widget-spacer\" data-id=\"e7b0b3b\" data-element_type=\"widget\" data-e-type=\"widget\" data-widget_type=\"spacer.default\">\n\t\t\t\t<div class=\"elementor-widget-container\">\n\t\t\t\t\t\t\t<div class=\"elementor-spacer\">\n\t\t\t<div class=\"elementor-spacer-inner\"><\/div>\n\t\t<\/div>\n\t\t\t\t\t\t<\/div>\n\t\t\t\t<\/div>\n\t\t\t\t<div class=\"elementor-element elementor-element-fa3c80c elementor-widget elementor-widget-shortcode\" data-id=\"fa3c80c\" data-element_type=\"widget\" data-e-type=\"widget\" data-widget_type=\"shortcode.default\">\n\t\t\t\t<div class=\"elementor-widget-container\">\n\t\t\t\t\t\t\t<div class=\"elementor-shortcode\">\n<\/div>\n\t\t\t\t\t\t<\/div>\n\t\t\t\t<\/div>\n\t\t\t\t\t<\/div>\n\t\t<\/div>\n\t\t\t\t\t<\/div>\n\t\t<\/section>\n\t\t\t\t<section class=\"elementor-section elementor-top-section elementor-element elementor-element-6e8777a elementor-section-boxed elementor-section-height-default elementor-section-height-default\" data-id=\"6e8777a\" data-element_type=\"section\" data-e-type=\"section\">\n\t\t\t\t\t\t<div class=\"elementor-container elementor-column-gap-default\">\n\t\t\t\t\t<div class=\"elementor-column elementor-col-100 elementor-top-column elementor-element elementor-element-cf5f2b2\" data-id=\"cf5f2b2\" data-element_type=\"column\" data-e-type=\"column\">\n\t\t\t<div class=\"elementor-widget-wrap elementor-element-populated\">\n\t\t\t\t\t\t<div class=\"elementor-element elementor-element-3518312 elementor-widget elementor-widget-spacer\" data-id=\"3518312\" data-element_type=\"widget\" data-e-type=\"widget\" data-widget_type=\"spacer.default\">\n\t\t\t\t<div class=\"elementor-widget-container\">\n\t\t\t\t\t\t\t<div class=\"elementor-spacer\">\n\t\t\t<div class=\"elementor-spacer-inner\"><\/div>\n\t\t<\/div>\n\t\t\t\t\t\t<\/div>\n\t\t\t\t<\/div>\n\t\t\t\t<div class=\"elementor-element elementor-element-3166819 elementor-tabs-view-horizontal elementor-widget elementor-widget-tabs\" data-id=\"3166819\" data-element_type=\"widget\" data-e-type=\"widget\" data-widget_type=\"tabs.default\">\n\t\t\t\t<div class=\"elementor-widget-container\">\n\t\t\t\t\t\t\t<div class=\"elementor-tabs\">\n\t\t\t<div class=\"elementor-tabs-wrapper\" role=\"tablist\" >\n\t\t\t\t\t\t\t\t\t<div id=\"elementor-tab-title-5181\" class=\"elementor-tab-title elementor-tab-desktop-title\" aria-selected=\"true\" data-tab=\"1\" role=\"tab\" tabindex=\"0\" aria-controls=\"elementor-tab-content-5181\" aria-expanded=\"false\">\u00dcbersicht<\/div>\n\t\t\t\t\t\t\t\t\t<div id=\"elementor-tab-title-5182\" class=\"elementor-tab-title elementor-tab-desktop-title\" aria-selected=\"false\" data-tab=\"2\" role=\"tab\" tabindex=\"-1\" aria-controls=\"elementor-tab-content-5182\" aria-expanded=\"false\">Datenbl\u00e4tter<\/div>\n\t\t\t\t\t\t\t<\/div>\n\t\t\t<div class=\"elementor-tabs-content-wrapper\" role=\"tablist\" aria-orientation=\"vertical\">\n\t\t\t\t\t\t\t\t\t<div class=\"elementor-tab-title elementor-tab-mobile-title\" aria-selected=\"true\" data-tab=\"1\" role=\"tab\" tabindex=\"0\" aria-controls=\"elementor-tab-content-5181\" aria-expanded=\"false\">\u00dcbersicht<\/div>\n\t\t\t\t\t<div id=\"elementor-tab-content-5181\" class=\"elementor-tab-content elementor-clearfix\" data-tab=\"1\" role=\"tabpanel\" aria-labelledby=\"elementor-tab-title-5181\" tabindex=\"0\" hidden=\"false\"><div class=\"col-sm-6\"><div class=\"wysiwyg\"><div class=\"col-sm-6\"><div class=\"wysiwyg\"><p>Ben\u00f6tigen Sie eine hocheffiziente, kompakte und einfach zu integrierende Stromquelle? Die PDX<sup>\u00ae<\/sup>\u00a0Serie bietet eine extrem genaue, hochgradig wiederholbare Prozesssteuerung und tr\u00e4gt dazu bei, Prozessgleichm\u00e4\u00dfigkeit und hohen Durchsatz zu gew\u00e4hrleisten. Ihr breiter Frequenzbereich erm\u00f6glicht eine optimale Steuerung f\u00fcr zahlreiche Anwendungen.<\/p><p>Die PDX-Low-Power-Serie (LP) ist in den Versionen 1250 W und 1400 W und die PDX-High-Power-Serie (HP) in den Versionen 5000 W und 8000 W erh\u00e4ltlich.<\/p><\/div><\/div><div class=\"col-sm-6\"><div class=\"wysiwyg\"><p>\u00a0\u00a0\u00a0\u00a0\u00a0<u>Vorteile<\/u><\/p><ul><li>Erh\u00f6hung der Prozessflexibilit\u00e4t<\/li><li>Verbesserung des Durchsatzes<\/li><li>Optimieren Sie die Prozesssteuerung<\/li><li>Gew\u00e4hrleistung einer hohen Wiederholbarkeit<\/li><li>Leichte Integration<\/li><\/ul><\/div><\/div><\/div><\/div><\/div>\n\t\t\t\t\t\t\t\t\t<div class=\"elementor-tab-title elementor-tab-mobile-title\" aria-selected=\"false\" data-tab=\"2\" role=\"tab\" tabindex=\"-1\" aria-controls=\"elementor-tab-content-5182\" aria-expanded=\"false\">Datenbl\u00e4tter<\/div>\n\t\t\t\t\t<div id=\"elementor-tab-content-5182\" class=\"elementor-tab-content elementor-clearfix\" data-tab=\"2\" role=\"tabpanel\" aria-labelledby=\"elementor-tab-title-5182\" tabindex=\"0\" hidden=\"hidden\"><table style=\"border: none; table-layout: fixed;\"><tbody><tr><td style=\"padding: 0 25px 0 0; border: none;\"><table style=\"border: none; table-layout: fixed;\"><tbody><tr><td style=\"padding: 0 25px 0 0; border: none;\"><p><a href=\"https:\/\/www.hvproducts.de\/wp-content\/uploads\/2021\/04\/pdx-low-power-series-data-sheet.pdf\"><span class=\"text\" style=\"display: inline-flex;\"><img decoding=\"async\" class=\"\" style=\"padding-right: 15px; width: 57px; height: 55px;\" src=\"https:\/\/www.hvproducts.de\/wp-content\/uploads\/2021\/01\/download.png\" \/>Datenblatt PDX Low Power Serie<br \/><\/span><\/a><\/p><\/td><\/tr><\/tbody><\/table><\/td><td style=\"padding: 0 25px 0 0; border: none;\"><table style=\"border: none; table-layout: fixed;\"><tbody><tr><td style=\"padding: 0 25px 0 0; border: none;\"><table style=\"border: none; table-layout: fixed;\"><tbody><tr><td style=\"padding: 0 25px 0 0; border: none;\"><a href=\"https:\/\/www.hvproducts.de\/wp-content\/uploads\/2021\/04\/pdx-high-power-series-data-sheet.pdf\"><span class=\"text\" style=\"display: inline-flex;\"><img decoding=\"async\" class=\"\" style=\"padding-right: 15px; width: 57px; height: 55px;\" src=\"https:\/\/www.hvproducts.de\/wp-content\/uploads\/2021\/01\/download.png\" \/>Datenblatt PDX High Power Series<br \/><\/span><\/a><\/td><\/tr><\/tbody><\/table><\/td><\/tr><\/tbody><\/table><\/td><td style=\"border: none;\">\u00a0<\/td><\/tr><\/tbody><\/table><\/div>\n\t\t\t\t\t\t\t<\/div>\n\t\t<\/div>\n\t\t\t\t\t\t<\/div>\n\t\t\t\t<\/div>\n\t\t\t\t<div class=\"elementor-element elementor-element-23f89a4 elementor-widget elementor-widget-spacer\" data-id=\"23f89a4\" data-element_type=\"widget\" data-e-type=\"widget\" data-widget_type=\"spacer.default\">\n\t\t\t\t<div class=\"elementor-widget-container\">\n\t\t\t\t\t\t\t<div class=\"elementor-spacer\">\n\t\t\t<div class=\"elementor-spacer-inner\"><\/div>\n\t\t<\/div>\n\t\t\t\t\t\t<\/div>\n\t\t\t\t<\/div>\n\t\t\t\t\t<\/div>\n\t\t<\/div>\n\t\t\t\t\t<\/div>\n\t\t<\/section>\n\t\t\t\t<\/div>","protected":false},"excerpt":{"rendered":"<p>Home \/ Products \/ High Frequency \/ Plasma Power Generators \/ RF Plasma Generators \/ PDX PDX &#8211; RF Plasma Generators Proven, Mid-Frequency Workhorse with Industry-Leading Reliability The PDX series features mid frequency power supplies that enhance process flexibility and optimize control. Available in power ranging from 1250 to 8000 W Wide frequency range operation [&hellip;]<\/p>\n","protected":false},"author":1,"featured_media":0,"parent":0,"menu_order":0,"comment_status":"closed","ping_status":"closed","template":"","meta":{"site-sidebar-layout":"no-sidebar","site-content-layout":"page-builder","ast-site-content-layout":"default","site-content-style":"default","site-sidebar-style":"default","ast-global-header-display":"","ast-banner-title-visibility":"","ast-main-header-display":"","ast-hfb-above-header-display":"","ast-hfb-below-header-display":"","ast-hfb-mobile-header-display":"","site-post-title":"disabled","ast-breadcrumbs-content":"","ast-featured-img":"disabled","footer-sml-layout":"","ast-disable-related-posts":"","theme-transparent-header-meta":"default","adv-header-id-meta":"","stick-header-meta":"","header-above-stick-meta":"","header-main-stick-meta":"","header-below-stick-meta":"","astra-migrate-meta-layouts":"default","ast-page-background-enabled":"default","ast-page-background-meta":{"desktop":{"background-color":"","background-image":"","background-repeat":"repeat","background-position":"center center","background-size":"auto","background-attachment":"scroll","background-type":"","background-media":"","overlay-type":"","overlay-color":"","overlay-opacity":"","overlay-gradient":""},"tablet":{"background-color":"","background-image":"","background-repeat":"repeat","background-position":"center center","background-size":"auto","background-attachment":"scroll","background-type":"","background-media":"","overlay-type":"","overlay-color":"","overlay-opacity":"","overlay-gradient":""},"mobile":{"background-color":"","background-image":"","background-repeat":"repeat","background-position":"center center","background-size":"auto","background-attachment":"scroll","background-type":"","background-media":"","overlay-type":"","overlay-color":"","overlay-opacity":"","overlay-gradient":""}},"ast-content-background-meta":{"desktop":{"background-color":"var(--ast-global-color-5)","background-image":"","background-repeat":"repeat","background-position":"center center","background-size":"auto","background-attachment":"scroll","background-type":"","background-media":"","overlay-type":"","overlay-color":"","overlay-opacity":"","overlay-gradient":""},"tablet":{"background-color":"var(--ast-global-color-5)","background-image":"","background-repeat":"repeat","background-position":"center center","background-size":"auto","background-attachment":"scroll","background-type":"","background-media":"","overlay-type":"","overlay-color":"","overlay-opacity":"","overlay-gradient":""},"mobile":{"background-color":"var(--ast-global-color-5)","background-image":"","background-repeat":"repeat","background-position":"center center","background-size":"auto","background-attachment":"scroll","background-type":"","background-media":"","overlay-type":"","overlay-color":"","overlay-opacity":"","overlay-gradient":""}},"footnotes":""},"class_list":["post-8534","page","type-page","status-publish","hentry"],"yoast_head":"<!-- This site is optimized with the Yoast SEO plugin v27.2 - https:\/\/yoast.com\/product\/yoast-seo-wordpress\/ -->\n<title>PDX RF Plasma Generators Suppliers - HV Products<\/title>\n<meta name=\"description\" content=\"HVCT is the manufacturer and supplier of PDX RF Plasma Generators across the world. It is extremely accurate and helps in ensuring process uniformity.\" \/>\n<meta name=\"robots\" content=\"index, follow, max-snippet:-1, max-image-preview:large, max-video-preview:-1\" \/>\n<link rel=\"canonical\" href=\"https:\/\/www.hvproducts.de\/de\/pdx_rf_plasma_generators\/\" \/>\n<meta property=\"og:locale\" content=\"de_DE\" \/>\n<meta property=\"og:type\" content=\"article\" \/>\n<meta property=\"og:title\" content=\"PDX RF Plasma Generators Suppliers - HV Products\" \/>\n<meta property=\"og:description\" content=\"HVCT is the manufacturer and supplier of PDX RF Plasma Generators across the world. It is extremely accurate and helps in ensuring process uniformity.\" \/>\n<meta property=\"og:url\" content=\"https:\/\/www.hvproducts.de\/de\/pdx_rf_plasma_generators\/\" \/>\n<meta property=\"og:site_name\" content=\"HVP: High Voltage Products GmbH\" \/>\n<meta property=\"article:modified_time\" content=\"2021-10-12T10:43:50+00:00\" \/>\n<meta property=\"og:image\" content=\"https:\/\/www.hvproducts.de\/wp-content\/uploads\/2021\/01\/download.png\" \/>\n<meta name=\"twitter:card\" content=\"summary_large_image\" \/>\n<meta name=\"twitter:label1\" content=\"Gesch\u00e4tzte Lesezeit\" \/>\n\t<meta name=\"twitter:data1\" content=\"2\u00a0Minuten\" \/>\n<script type=\"application\/ld+json\" class=\"yoast-schema-graph\">{\"@context\":\"https:\/\/schema.org\",\"@graph\":[{\"@type\":\"WebPage\",\"@id\":\"https:\/\/www.hvproducts.de\/pdx_rf_plasma_generators\",\"url\":\"https:\/\/www.hvproducts.de\/pdx_rf_plasma_generators\",\"name\":\"PDX RF Plasma Generators Suppliers - HV Products\",\"isPartOf\":{\"@id\":\"https:\/\/hvproducts.de\/#website\"},\"primaryImageOfPage\":{\"@id\":\"https:\/\/www.hvproducts.de\/pdx_rf_plasma_generators#primaryimage\"},\"image\":{\"@id\":\"https:\/\/www.hvproducts.de\/pdx_rf_plasma_generators#primaryimage\"},\"thumbnailUrl\":\"https:\/\/www.hvproducts.de\/wp-content\/uploads\/2021\/01\/download.png\",\"datePublished\":\"2021-03-31T16:27:07+00:00\",\"dateModified\":\"2021-10-12T10:43:50+00:00\",\"description\":\"HVCT is the manufacturer and supplier of PDX RF Plasma Generators across the world. It is extremely accurate and helps in ensuring process uniformity.\",\"breadcrumb\":{\"@id\":\"https:\/\/www.hvproducts.de\/pdx_rf_plasma_generators#breadcrumb\"},\"inLanguage\":\"de\",\"potentialAction\":[{\"@type\":\"ReadAction\",\"target\":[\"https:\/\/www.hvproducts.de\/pdx_rf_plasma_generators\"]}]},{\"@type\":\"ImageObject\",\"inLanguage\":\"de\",\"@id\":\"https:\/\/www.hvproducts.de\/pdx_rf_plasma_generators#primaryimage\",\"url\":\"https:\/\/www.hvproducts.de\/wp-content\/uploads\/2021\/01\/download.png\",\"contentUrl\":\"https:\/\/www.hvproducts.de\/wp-content\/uploads\/2021\/01\/download.png\"},{\"@type\":\"BreadcrumbList\",\"@id\":\"https:\/\/www.hvproducts.de\/pdx_rf_plasma_generators#breadcrumb\",\"itemListElement\":[{\"@type\":\"ListItem\",\"position\":1,\"name\":\"Home\",\"item\":\"https:\/\/www.hvproducts.de\/\"},{\"@type\":\"ListItem\",\"position\":2,\"name\":\"PDX &#8211; RF Plasma Generators\"}]},{\"@type\":\"WebSite\",\"@id\":\"https:\/\/hvproducts.de\/#website\",\"url\":\"https:\/\/hvproducts.de\/\",\"name\":\"HVP: High Voltage Products GmbH\",\"description\":\"High Voltage Products GmbH\",\"publisher\":{\"@id\":\"https:\/\/hvproducts.de\/#organization\"},\"potentialAction\":[{\"@type\":\"SearchAction\",\"target\":{\"@type\":\"EntryPoint\",\"urlTemplate\":\"https:\/\/hvproducts.de\/?s={search_term_string}\"},\"query-input\":{\"@type\":\"PropertyValueSpecification\",\"valueRequired\":true,\"valueName\":\"search_term_string\"}}],\"inLanguage\":\"de\"},{\"@type\":\"Organization\",\"@id\":\"https:\/\/hvproducts.de\/#organization\",\"name\":\"HVP: High Voltage Products GmbH\",\"url\":\"https:\/\/hvproducts.de\/\",\"logo\":{\"@type\":\"ImageObject\",\"inLanguage\":\"de\",\"@id\":\"https:\/\/hvproducts.de\/#\/schema\/logo\/image\/\",\"url\":\"https:\/\/www.hvproducts.de\/wp-content\/uploads\/2021\/01\/cropped-iPhone-X-XS-11-Pro-\u2013-1@2x-2.png\",\"contentUrl\":\"https:\/\/www.hvproducts.de\/wp-content\/uploads\/2021\/01\/cropped-iPhone-X-XS-11-Pro-\u2013-1@2x-2.png\",\"width\":723,\"height\":224,\"caption\":\"HVP: High Voltage Products GmbH\"},\"image\":{\"@id\":\"https:\/\/hvproducts.de\/#\/schema\/logo\/image\/\"}}]}<\/script>\n<!-- \/ Yoast SEO plugin. -->","yoast_head_json":{"title":"PDX RF Plasma Generators Suppliers - HV Products","description":"HVCT is the manufacturer and supplier of PDX RF Plasma Generators across the world. It is extremely accurate and helps in ensuring process uniformity.","robots":{"index":"index","follow":"follow","max-snippet":"max-snippet:-1","max-image-preview":"max-image-preview:large","max-video-preview":"max-video-preview:-1"},"canonical":"https:\/\/www.hvproducts.de\/de\/pdx_rf_plasma_generators\/","og_locale":"de_DE","og_type":"article","og_title":"PDX RF Plasma Generators Suppliers - HV Products","og_description":"HVCT is the manufacturer and supplier of PDX RF Plasma Generators across the world. It is extremely accurate and helps in ensuring process uniformity.","og_url":"https:\/\/www.hvproducts.de\/de\/pdx_rf_plasma_generators\/","og_site_name":"HVP: High Voltage Products GmbH","article_modified_time":"2021-10-12T10:43:50+00:00","og_image":[{"url":"https:\/\/www.hvproducts.de\/wp-content\/uploads\/2021\/01\/download.png","type":"","width":"","height":""}],"twitter_card":"summary_large_image","twitter_misc":{"Gesch\u00e4tzte Lesezeit":"2\u00a0Minuten"},"schema":{"@context":"https:\/\/schema.org","@graph":[{"@type":"WebPage","@id":"https:\/\/www.hvproducts.de\/pdx_rf_plasma_generators","url":"https:\/\/www.hvproducts.de\/pdx_rf_plasma_generators","name":"PDX RF Plasma Generators Suppliers - HV Products","isPartOf":{"@id":"https:\/\/hvproducts.de\/#website"},"primaryImageOfPage":{"@id":"https:\/\/www.hvproducts.de\/pdx_rf_plasma_generators#primaryimage"},"image":{"@id":"https:\/\/www.hvproducts.de\/pdx_rf_plasma_generators#primaryimage"},"thumbnailUrl":"https:\/\/www.hvproducts.de\/wp-content\/uploads\/2021\/01\/download.png","datePublished":"2021-03-31T16:27:07+00:00","dateModified":"2021-10-12T10:43:50+00:00","description":"HVCT is the manufacturer and supplier of PDX RF Plasma Generators across the world. It is extremely accurate and helps in ensuring process uniformity.","breadcrumb":{"@id":"https:\/\/www.hvproducts.de\/pdx_rf_plasma_generators#breadcrumb"},"inLanguage":"de","potentialAction":[{"@type":"ReadAction","target":["https:\/\/www.hvproducts.de\/pdx_rf_plasma_generators"]}]},{"@type":"ImageObject","inLanguage":"de","@id":"https:\/\/www.hvproducts.de\/pdx_rf_plasma_generators#primaryimage","url":"https:\/\/www.hvproducts.de\/wp-content\/uploads\/2021\/01\/download.png","contentUrl":"https:\/\/www.hvproducts.de\/wp-content\/uploads\/2021\/01\/download.png"},{"@type":"BreadcrumbList","@id":"https:\/\/www.hvproducts.de\/pdx_rf_plasma_generators#breadcrumb","itemListElement":[{"@type":"ListItem","position":1,"name":"Home","item":"https:\/\/www.hvproducts.de\/"},{"@type":"ListItem","position":2,"name":"PDX &#8211; RF Plasma Generators"}]},{"@type":"WebSite","@id":"https:\/\/hvproducts.de\/#website","url":"https:\/\/hvproducts.de\/","name":"HVP: High Voltage Products GmbH","description":"High Voltage Products GmbH","publisher":{"@id":"https:\/\/hvproducts.de\/#organization"},"potentialAction":[{"@type":"SearchAction","target":{"@type":"EntryPoint","urlTemplate":"https:\/\/hvproducts.de\/?s={search_term_string}"},"query-input":{"@type":"PropertyValueSpecification","valueRequired":true,"valueName":"search_term_string"}}],"inLanguage":"de"},{"@type":"Organization","@id":"https:\/\/hvproducts.de\/#organization","name":"HVP: High Voltage Products GmbH","url":"https:\/\/hvproducts.de\/","logo":{"@type":"ImageObject","inLanguage":"de","@id":"https:\/\/hvproducts.de\/#\/schema\/logo\/image\/","url":"https:\/\/www.hvproducts.de\/wp-content\/uploads\/2021\/01\/cropped-iPhone-X-XS-11-Pro-\u2013-1@2x-2.png","contentUrl":"https:\/\/www.hvproducts.de\/wp-content\/uploads\/2021\/01\/cropped-iPhone-X-XS-11-Pro-\u2013-1@2x-2.png","width":723,"height":224,"caption":"HVP: High Voltage Products GmbH"},"image":{"@id":"https:\/\/hvproducts.de\/#\/schema\/logo\/image\/"}}]}},"_links":{"self":[{"href":"https:\/\/www.hvproducts.de\/de\/wp-json\/wp\/v2\/pages\/8534","targetHints":{"allow":["GET"]}}],"collection":[{"href":"https:\/\/www.hvproducts.de\/de\/wp-json\/wp\/v2\/pages"}],"about":[{"href":"https:\/\/www.hvproducts.de\/de\/wp-json\/wp\/v2\/types\/page"}],"author":[{"embeddable":true,"href":"https:\/\/www.hvproducts.de\/de\/wp-json\/wp\/v2\/users\/1"}],"replies":[{"embeddable":true,"href":"https:\/\/www.hvproducts.de\/de\/wp-json\/wp\/v2\/comments?post=8534"}],"version-history":[{"count":14,"href":"https:\/\/www.hvproducts.de\/de\/wp-json\/wp\/v2\/pages\/8534\/revisions"}],"predecessor-version":[{"id":11977,"href":"https:\/\/www.hvproducts.de\/de\/wp-json\/wp\/v2\/pages\/8534\/revisions\/11977"}],"wp:attachment":[{"href":"https:\/\/www.hvproducts.de\/de\/wp-json\/wp\/v2\/media?parent=8534"}],"curies":[{"name":"wp","href":"https:\/\/api.w.org\/{rel}","templated":true}]}}