{"id":8533,"date":"2021-03-31T16:27:02","date_gmt":"2021-03-31T16:27:02","guid":{"rendered":"https:\/\/hvct.eu\/?page_id=8533"},"modified":"2021-10-12T10:43:09","modified_gmt":"2021-10-12T10:43:09","slug":"paramount_plus_rf_plasma_generators","status":"publish","type":"page","link":"https:\/\/www.hvproducts.de\/de\/paramount_plus_rf_plasma_generators","title":{"rendered":"Paramount Plus &#8211; RF Plasma Generators"},"content":{"rendered":"<div data-elementor-type=\"wp-page\" data-elementor-id=\"8533\" class=\"elementor elementor-8533\">\n\t\t\t\t\t\t<section class=\"elementor-section elementor-top-section elementor-element elementor-element-9bc6fa7 elementor-section-boxed elementor-section-height-default elementor-section-height-default\" data-id=\"9bc6fa7\" data-element_type=\"section\" data-e-type=\"section\">\n\t\t\t\t\t\t\t<div class=\"elementor-background-overlay\"><\/div>\n\t\t\t\t\t\t\t<div class=\"elementor-container elementor-column-gap-default\">\n\t\t\t\t\t<div class=\"elementor-column elementor-col-100 elementor-top-column elementor-element elementor-element-b58caa1\" data-id=\"b58caa1\" data-element_type=\"column\" data-e-type=\"column\">\n\t\t\t<div class=\"elementor-widget-wrap elementor-element-populated\">\n\t\t\t\t\t\t<div class=\"elementor-element elementor-element-423ce7c elementor-widget elementor-widget-text-editor\" data-id=\"423ce7c\" data-element_type=\"widget\" data-e-type=\"widget\" data-widget_type=\"text-editor.default\">\n\t\t\t\t<div class=\"elementor-widget-container\">\n\t\t\t\t\t\t\t\t\t<p><a href=\"https:\/\/www.hvproducts.de\/\">Startseite<\/a> \/ Produkte \/ Hochfrequenz \/ Plasmastromgeneratoren \/ <a class=\"level-1\" href=\"https:\/\/www.hvproducts.de\/rf_plasma_generators\/\">RF-Plasma-Generatoren<\/a> \/ Paramount Plus<\/p>\t\t\t\t\t\t\t\t<\/div>\n\t\t\t\t<\/div>\n\t\t\t\t<div class=\"elementor-element elementor-element-14d6d47 elementor-widget elementor-widget-heading\" data-id=\"14d6d47\" data-element_type=\"widget\" data-e-type=\"widget\" data-widget_type=\"heading.default\">\n\t\t\t\t<div class=\"elementor-widget-container\">\n\t\t\t\t\t<h2 class=\"elementor-heading-title elementor-size-default\"><h1 style=\"margin-bottom: 0.5rem;font-weight: 500;font-size: 30px;, sans-serif;font-style: normal;white-space: normal\">Paramount Plus - RF-Plasmageneratoren\n<\/h1><\/h2>\t\t\t\t<\/div>\n\t\t\t\t<\/div>\n\t\t\t\t<div class=\"elementor-element elementor-element-3cf3d05 elementor-widget elementor-widget-text-editor\" data-id=\"3cf3d05\" data-element_type=\"widget\" data-e-type=\"widget\" data-widget_type=\"text-editor.default\">\n\t\t\t\t<div class=\"elementor-widget-container\">\n\t\t\t\t\t\t\t\t\t<div class=\"wrapper text layout1\"><div class=\"container\"><div class=\"row\"><div class=\"col-sm-12\"><div class=\"wysiwyg\"><h4>Mehrstufiges Pulsieren und Steuerung der Pulswellenform f\u00fcr neuartige Plasmaanwendungen<\/h4><p>Paramount Plus bietet fortschrittliche Technologie und anpassbare Funktionen, darunter eine erstklassige Pulssteuerung.<\/p><ul><li>Pr\u00e4zise RF- und Impulssteuerung<\/li><li>Schnelle Reaktion auf Ver\u00e4nderungen im Plasma<\/li><li>Eingebaute Diagnosetools<\/li><\/ul><\/div><\/div><\/div><\/div><\/div>\t\t\t\t\t\t\t\t<\/div>\n\t\t\t\t<\/div>\n\t\t\t\t<div class=\"elementor-element elementor-element-e7b0b3b elementor-widget elementor-widget-spacer\" data-id=\"e7b0b3b\" data-element_type=\"widget\" data-e-type=\"widget\" data-widget_type=\"spacer.default\">\n\t\t\t\t<div class=\"elementor-widget-container\">\n\t\t\t\t\t\t\t<div class=\"elementor-spacer\">\n\t\t\t<div class=\"elementor-spacer-inner\"><\/div>\n\t\t<\/div>\n\t\t\t\t\t\t<\/div>\n\t\t\t\t<\/div>\n\t\t\t\t<div class=\"elementor-element elementor-element-fa3c80c elementor-widget elementor-widget-shortcode\" data-id=\"fa3c80c\" data-element_type=\"widget\" data-e-type=\"widget\" data-widget_type=\"shortcode.default\">\n\t\t\t\t<div class=\"elementor-widget-container\">\n\t\t\t\t\t\t\t<div class=\"elementor-shortcode\">\n<\/div>\n\t\t\t\t\t\t<\/div>\n\t\t\t\t<\/div>\n\t\t\t\t\t<\/div>\n\t\t<\/div>\n\t\t\t\t\t<\/div>\n\t\t<\/section>\n\t\t\t\t<section class=\"elementor-section elementor-top-section elementor-element elementor-element-6e8777a elementor-section-boxed elementor-section-height-default elementor-section-height-default\" data-id=\"6e8777a\" data-element_type=\"section\" data-e-type=\"section\">\n\t\t\t\t\t\t<div class=\"elementor-container elementor-column-gap-default\">\n\t\t\t\t\t<div class=\"elementor-column elementor-col-100 elementor-top-column elementor-element elementor-element-cf5f2b2\" data-id=\"cf5f2b2\" data-element_type=\"column\" data-e-type=\"column\">\n\t\t\t<div class=\"elementor-widget-wrap elementor-element-populated\">\n\t\t\t\t\t\t<div class=\"elementor-element elementor-element-3518312 elementor-widget elementor-widget-spacer\" data-id=\"3518312\" data-element_type=\"widget\" data-e-type=\"widget\" data-widget_type=\"spacer.default\">\n\t\t\t\t<div class=\"elementor-widget-container\">\n\t\t\t\t\t\t\t<div class=\"elementor-spacer\">\n\t\t\t<div class=\"elementor-spacer-inner\"><\/div>\n\t\t<\/div>\n\t\t\t\t\t\t<\/div>\n\t\t\t\t<\/div>\n\t\t\t\t<div class=\"elementor-element elementor-element-3166819 elementor-tabs-view-horizontal elementor-widget elementor-widget-tabs\" data-id=\"3166819\" data-element_type=\"widget\" data-e-type=\"widget\" data-widget_type=\"tabs.default\">\n\t\t\t\t<div class=\"elementor-widget-container\">\n\t\t\t\t\t\t\t<div class=\"elementor-tabs\">\n\t\t\t<div class=\"elementor-tabs-wrapper\" role=\"tablist\" >\n\t\t\t\t\t\t\t\t\t<div id=\"elementor-tab-title-5181\" class=\"elementor-tab-title elementor-tab-desktop-title\" aria-selected=\"true\" data-tab=\"1\" role=\"tab\" tabindex=\"0\" aria-controls=\"elementor-tab-content-5181\" aria-expanded=\"false\">\u00dcbersicht<\/div>\n\t\t\t\t\t\t\t\t\t<div id=\"elementor-tab-title-5182\" class=\"elementor-tab-title elementor-tab-desktop-title\" aria-selected=\"false\" data-tab=\"2\" role=\"tab\" tabindex=\"-1\" aria-controls=\"elementor-tab-content-5182\" aria-expanded=\"false\">Technische Daten<\/div>\n\t\t\t\t\t\t\t\t\t<div id=\"elementor-tab-title-5183\" class=\"elementor-tab-title elementor-tab-desktop-title\" aria-selected=\"false\" data-tab=\"3\" role=\"tab\" tabindex=\"-1\" aria-controls=\"elementor-tab-content-5183\" aria-expanded=\"false\">Datenbl\u00e4tter<\/div>\n\t\t\t\t\t\t\t<\/div>\n\t\t\t<div class=\"elementor-tabs-content-wrapper\" role=\"tablist\" aria-orientation=\"vertical\">\n\t\t\t\t\t\t\t\t\t<div class=\"elementor-tab-title elementor-tab-mobile-title\" aria-selected=\"true\" data-tab=\"1\" role=\"tab\" tabindex=\"0\" aria-controls=\"elementor-tab-content-5181\" aria-expanded=\"false\">\u00dcbersicht<\/div>\n\t\t\t\t\t<div id=\"elementor-tab-content-5181\" class=\"elementor-tab-content elementor-clearfix\" data-tab=\"1\" role=\"tabpanel\" aria-labelledby=\"elementor-tab-title-5181\" tabindex=\"0\" hidden=\"false\"><div class=\"col-sm-6\"><div class=\"wysiwyg\"><div class=\"col-sm-6\"><div class=\"wysiwyg\"><p>Das Paramount Plus bietet die umfangreichsten Funktionen, die in einem gepulsten HF-Produkt verf\u00fcgbar sind. Das Paramount Plus bietet pr\u00e4zise HF-Regelung, hochentwickelte Impulsmanipulation und fortschrittliche Datenerfassung. Der Paramount Plus ist f\u00fcr einen gro\u00dfen Bereich von HF-Energie ausgelegt - Frequenzen von 400 kHz bis 60 MHz und Leistungen von 1,5 bis 15 kW - und bietet die Wiederholbarkeit und Zuverl\u00e4ssigkeit, die Sie ben\u00f6tigen.<\/p><p>\u00a0<\/p><\/div><\/div><div class=\"col-sm-6\"><div class=\"wysiwyg\"><p>\u00a0 \u00a0 \u00a0<u>Vorteile<\/u><\/p><ul><li>Pr\u00e4zise Steuerung von RF<\/li><li>Verbessern der Plasmastabilit\u00e4t<\/li><li>Beschleunigung der Plasma\u00fcberg\u00e4nge<\/li><li>Prozesszeiten verk\u00fcrzen<\/li><li>Verbesserung der Prozesswiederholbarkeit und Kammeranpassung<\/li><\/ul><\/div><\/div><\/div><\/div><\/div>\n\t\t\t\t\t\t\t\t\t<div class=\"elementor-tab-title elementor-tab-mobile-title\" aria-selected=\"false\" data-tab=\"2\" role=\"tab\" tabindex=\"-1\" aria-controls=\"elementor-tab-content-5182\" aria-expanded=\"false\">Technische Daten<\/div>\n\t\t\t\t\t<div id=\"elementor-tab-content-5182\" class=\"elementor-tab-content elementor-clearfix\" data-tab=\"2\" role=\"tabpanel\" aria-labelledby=\"elementor-tab-title-5182\" tabindex=\"0\" hidden=\"hidden\"><table style=\"border: none; table-layout: fixed;\"><tbody><tr><td style=\"padding: 0 25px 0 0; border: none;\"><strong>Leistungsstufe<\/strong><br \/>Paramount Plus MF: 5 und 15 kW<br \/>Paramount Plus VHF: 3 und 6 kW<br \/><br \/><strong>Frequenzen<\/strong><br \/>Paramount Plus MF: 2 MHz, Frequenzabstimmung \u00b1 10%<br \/>Paramount Plus VHF: 27, 40 und 60 MHz, Frequenzabstimmung \u00b1 5%<br \/><br \/><strong>Verf\u00fcgbare Schnittstellen<\/strong><br \/>RS-232, 25-polig analog, Ethernet, DeviceNet, Profibus, EtherCAT<br \/><br \/><strong>AC-Eingang<\/strong><br \/>Paramount Plus MF: 200\/240 VAC, 400\/480 VAC<br \/>Paramount Plus VHF: 200\/240 VAC, 400\/480 VAC<\/td><td style=\"padding: 0 25px 0 0; border: none;\"><table style=\"border: none; table-layout: fixed;\"><tbody><tr><td style=\"padding: 0 25px 0 0; border: none;\"><table style=\"border: none; table-layout: fixed;\"><tbody><tr><td style=\"padding: 0 25px 0 0; border: none;\"><p><strong>Netzfrequenz<\/strong><br \/>50\/60 Hz<br \/><br \/><strong>K\u00fchlung<\/strong><br \/>Luft und Wasser<strong><br \/><br \/>Betriebsumgebungstemp. Bereich<\/strong><br \/>+5\u00b0C bis +40\u00b0C<strong><del><br \/><br \/><\/del>Erweiterte Funktionen<\/strong><br \/>Mehrstufiges Pulsieren, Lichtbogenmanagement, CEX<\/p><\/td><\/tr><\/tbody><\/table><\/td><\/tr><\/tbody><\/table><\/td><td style=\"border: none;\">\u00a0<\/td><\/tr><\/tbody><\/table><\/div>\n\t\t\t\t\t\t\t\t\t<div class=\"elementor-tab-title elementor-tab-mobile-title\" aria-selected=\"false\" data-tab=\"3\" role=\"tab\" tabindex=\"-1\" aria-controls=\"elementor-tab-content-5183\" aria-expanded=\"false\">Datenbl\u00e4tter<\/div>\n\t\t\t\t\t<div id=\"elementor-tab-content-5183\" class=\"elementor-tab-content elementor-clearfix\" data-tab=\"3\" role=\"tabpanel\" aria-labelledby=\"elementor-tab-title-5183\" tabindex=\"0\" hidden=\"hidden\"><table style=\"border: none; table-layout: fixed;\"><tbody><tr><td style=\"padding: 0 25px 0 0; border: none;\"><table style=\"border: none; table-layout: fixed;\"><tbody><tr><td style=\"padding: 0 25px 0 0; border: none;\"><p><a href=\"https:\/\/www.hvproducts.de\/wp-content\/uploads\/2021\/04\/paramount-plus-data-sheet.pdf\"><span class=\"text\" style=\"display: inline-flex;\"><img decoding=\"async\" class=\"\" style=\"padding-right: 15px; width: 57px; height: 55px;\" src=\"https:\/\/www.hvproducts.de\/wp-content\/uploads\/2021\/01\/download.png\" \/>Datenblatt der Paramount Plus-Serie<\/span><\/a><\/p><\/td><\/tr><\/tbody><\/table><\/td><td style=\"padding: 0 25px 0 0; border: none;\"><table style=\"border: none; table-layout: fixed;\"><tbody><tr><td style=\"padding: 0 25px 0 0; border: none;\">\u00a0<\/td><\/tr><\/tbody><\/table><\/td><td style=\"border: none;\">\u00a0<\/td><\/tr><\/tbody><\/table><\/div>\n\t\t\t\t\t\t\t<\/div>\n\t\t<\/div>\n\t\t\t\t\t\t<\/div>\n\t\t\t\t<\/div>\n\t\t\t\t<div class=\"elementor-element elementor-element-23f89a4 elementor-widget elementor-widget-spacer\" data-id=\"23f89a4\" data-element_type=\"widget\" data-e-type=\"widget\" data-widget_type=\"spacer.default\">\n\t\t\t\t<div class=\"elementor-widget-container\">\n\t\t\t\t\t\t\t<div class=\"elementor-spacer\">\n\t\t\t<div class=\"elementor-spacer-inner\"><\/div>\n\t\t<\/div>\n\t\t\t\t\t\t<\/div>\n\t\t\t\t<\/div>\n\t\t\t\t\t<\/div>\n\t\t<\/div>\n\t\t\t\t\t<\/div>\n\t\t<\/section>\n\t\t\t\t<\/div>","protected":false},"excerpt":{"rendered":"<p>Home \/ Products \/ High Frequency \/ Plasma Power Generators \/ RF Plasma Generators \/ Paramount Plus Paramount Plus &#8211; RF Plasma Generators Multi-Level Pulsing and Pulse Waveform Control for Emerging Plasma Applications Paramount Plus offers progressive technology and customizable features that include premier pulsing control. Precise RF and pulse control Fast response to plasma [&hellip;]<\/p>\n","protected":false},"author":1,"featured_media":0,"parent":0,"menu_order":0,"comment_status":"closed","ping_status":"closed","template":"","meta":{"site-sidebar-layout":"no-sidebar","site-content-layout":"page-builder","ast-site-content-layout":"default","site-content-style":"default","site-sidebar-style":"default","ast-global-header-display":"","ast-banner-title-visibility":"","ast-main-header-display":"","ast-hfb-above-header-display":"","ast-hfb-below-header-display":"","ast-hfb-mobile-header-display":"","site-post-title":"disabled","ast-breadcrumbs-content":"","ast-featured-img":"disabled","footer-sml-layout":"","ast-disable-related-posts":"","theme-transparent-header-meta":"default","adv-header-id-meta":"","stick-header-meta":"","header-above-stick-meta":"","header-main-stick-meta":"","header-below-stick-meta":"","astra-migrate-meta-layouts":"default","ast-page-background-enabled":"default","ast-page-background-meta":{"desktop":{"background-color":"","background-image":"","background-repeat":"repeat","background-position":"center center","background-size":"auto","background-attachment":"scroll","background-type":"","background-media":"","overlay-type":"","overlay-color":"","overlay-opacity":"","overlay-gradient":""},"tablet":{"background-color":"","background-image":"","background-repeat":"repeat","background-position":"center center","background-size":"auto","background-attachment":"scroll","background-type":"","background-media":"","overlay-type":"","overlay-color":"","overlay-opacity":"","overlay-gradient":""},"mobile":{"background-color":"","background-image":"","background-repeat":"repeat","background-position":"center center","background-size":"auto","background-attachment":"scroll","background-type":"","background-media":"","overlay-type":"","overlay-color":"","overlay-opacity":"","overlay-gradient":""}},"ast-content-background-meta":{"desktop":{"background-color":"var(--ast-global-color-5)","background-image":"","background-repeat":"repeat","background-position":"center center","background-size":"auto","background-attachment":"scroll","background-type":"","background-media":"","overlay-type":"","overlay-color":"","overlay-opacity":"","overlay-gradient":""},"tablet":{"background-color":"var(--ast-global-color-5)","background-image":"","background-repeat":"repeat","background-position":"center center","background-size":"auto","background-attachment":"scroll","background-type":"","background-media":"","overlay-type":"","overlay-color":"","overlay-opacity":"","overlay-gradient":""},"mobile":{"background-color":"var(--ast-global-color-5)","background-image":"","background-repeat":"repeat","background-position":"center center","background-size":"auto","background-attachment":"scroll","background-type":"","background-media":"","overlay-type":"","overlay-color":"","overlay-opacity":"","overlay-gradient":""}},"footnotes":""},"class_list":["post-8533","page","type-page","status-publish","hentry"],"yoast_head":"<!-- This site is optimized with the Yoast SEO plugin v27.2 - https:\/\/yoast.com\/product\/yoast-seo-wordpress\/ -->\n<title>Paramount Plus \u2013 RF Plasma Generators in Germany<\/title>\n<meta name=\"description\" content=\"Paramount Plus RF Plasma Generators offers precise RF regulation, sophisticated pulse manipulation, and advanced data acquisition.\" \/>\n<meta name=\"robots\" content=\"index, follow, max-snippet:-1, max-image-preview:large, max-video-preview:-1\" \/>\n<link rel=\"canonical\" href=\"https:\/\/www.hvproducts.de\/de\/paramount_plus_rf_plasma_generators\/\" \/>\n<meta property=\"og:locale\" content=\"de_DE\" \/>\n<meta property=\"og:type\" content=\"article\" \/>\n<meta property=\"og:title\" content=\"Paramount Plus \u2013 RF Plasma Generators in Germany\" \/>\n<meta property=\"og:description\" content=\"Paramount Plus RF Plasma Generators offers precise RF regulation, sophisticated pulse manipulation, and advanced data acquisition.\" \/>\n<meta property=\"og:url\" content=\"https:\/\/www.hvproducts.de\/de\/paramount_plus_rf_plasma_generators\/\" \/>\n<meta property=\"og:site_name\" content=\"HVP: High Voltage Products GmbH\" \/>\n<meta property=\"article:modified_time\" content=\"2021-10-12T10:43:09+00:00\" \/>\n<meta property=\"og:image\" content=\"https:\/\/www.hvproducts.de\/wp-content\/uploads\/2021\/01\/download.png\" \/>\n<meta name=\"twitter:card\" content=\"summary_large_image\" \/>\n<meta name=\"twitter:label1\" content=\"Gesch\u00e4tzte Lesezeit\" \/>\n\t<meta name=\"twitter:data1\" content=\"2\u00a0Minuten\" \/>\n<script type=\"application\/ld+json\" class=\"yoast-schema-graph\">{\"@context\":\"https:\/\/schema.org\",\"@graph\":[{\"@type\":\"WebPage\",\"@id\":\"https:\/\/www.hvproducts.de\/paramount_plus_rf_plasma_generators\",\"url\":\"https:\/\/www.hvproducts.de\/paramount_plus_rf_plasma_generators\",\"name\":\"Paramount Plus \u2013 RF Plasma Generators in Germany\",\"isPartOf\":{\"@id\":\"https:\/\/hvproducts.de\/#website\"},\"primaryImageOfPage\":{\"@id\":\"https:\/\/www.hvproducts.de\/paramount_plus_rf_plasma_generators#primaryimage\"},\"image\":{\"@id\":\"https:\/\/www.hvproducts.de\/paramount_plus_rf_plasma_generators#primaryimage\"},\"thumbnailUrl\":\"https:\/\/www.hvproducts.de\/wp-content\/uploads\/2021\/01\/download.png\",\"datePublished\":\"2021-03-31T16:27:02+00:00\",\"dateModified\":\"2021-10-12T10:43:09+00:00\",\"description\":\"Paramount Plus RF Plasma Generators offers precise RF regulation, sophisticated pulse manipulation, and advanced data acquisition.\",\"breadcrumb\":{\"@id\":\"https:\/\/www.hvproducts.de\/paramount_plus_rf_plasma_generators#breadcrumb\"},\"inLanguage\":\"de\",\"potentialAction\":[{\"@type\":\"ReadAction\",\"target\":[\"https:\/\/www.hvproducts.de\/paramount_plus_rf_plasma_generators\"]}]},{\"@type\":\"ImageObject\",\"inLanguage\":\"de\",\"@id\":\"https:\/\/www.hvproducts.de\/paramount_plus_rf_plasma_generators#primaryimage\",\"url\":\"https:\/\/www.hvproducts.de\/wp-content\/uploads\/2021\/01\/download.png\",\"contentUrl\":\"https:\/\/www.hvproducts.de\/wp-content\/uploads\/2021\/01\/download.png\"},{\"@type\":\"BreadcrumbList\",\"@id\":\"https:\/\/www.hvproducts.de\/paramount_plus_rf_plasma_generators#breadcrumb\",\"itemListElement\":[{\"@type\":\"ListItem\",\"position\":1,\"name\":\"Home\",\"item\":\"https:\/\/www.hvproducts.de\/\"},{\"@type\":\"ListItem\",\"position\":2,\"name\":\"Paramount Plus &#8211; RF Plasma Generators\"}]},{\"@type\":\"WebSite\",\"@id\":\"https:\/\/hvproducts.de\/#website\",\"url\":\"https:\/\/hvproducts.de\/\",\"name\":\"HVP: High Voltage Products GmbH\",\"description\":\"High Voltage Products GmbH\",\"publisher\":{\"@id\":\"https:\/\/hvproducts.de\/#organization\"},\"potentialAction\":[{\"@type\":\"SearchAction\",\"target\":{\"@type\":\"EntryPoint\",\"urlTemplate\":\"https:\/\/hvproducts.de\/?s={search_term_string}\"},\"query-input\":{\"@type\":\"PropertyValueSpecification\",\"valueRequired\":true,\"valueName\":\"search_term_string\"}}],\"inLanguage\":\"de\"},{\"@type\":\"Organization\",\"@id\":\"https:\/\/hvproducts.de\/#organization\",\"name\":\"HVP: High Voltage Products GmbH\",\"url\":\"https:\/\/hvproducts.de\/\",\"logo\":{\"@type\":\"ImageObject\",\"inLanguage\":\"de\",\"@id\":\"https:\/\/hvproducts.de\/#\/schema\/logo\/image\/\",\"url\":\"https:\/\/www.hvproducts.de\/wp-content\/uploads\/2021\/01\/cropped-iPhone-X-XS-11-Pro-\u2013-1@2x-2.png\",\"contentUrl\":\"https:\/\/www.hvproducts.de\/wp-content\/uploads\/2021\/01\/cropped-iPhone-X-XS-11-Pro-\u2013-1@2x-2.png\",\"width\":723,\"height\":224,\"caption\":\"HVP: High Voltage Products GmbH\"},\"image\":{\"@id\":\"https:\/\/hvproducts.de\/#\/schema\/logo\/image\/\"}}]}<\/script>\n<!-- \/ Yoast SEO plugin. -->","yoast_head_json":{"title":"Paramount Plus \u2013 RF Plasma Generators in Germany","description":"Paramount Plus RF Plasma Generators offers precise RF regulation, sophisticated pulse manipulation, and advanced data acquisition.","robots":{"index":"index","follow":"follow","max-snippet":"max-snippet:-1","max-image-preview":"max-image-preview:large","max-video-preview":"max-video-preview:-1"},"canonical":"https:\/\/www.hvproducts.de\/de\/paramount_plus_rf_plasma_generators\/","og_locale":"de_DE","og_type":"article","og_title":"Paramount Plus \u2013 RF Plasma Generators in Germany","og_description":"Paramount Plus RF Plasma Generators offers precise RF regulation, sophisticated pulse manipulation, and advanced data acquisition.","og_url":"https:\/\/www.hvproducts.de\/de\/paramount_plus_rf_plasma_generators\/","og_site_name":"HVP: High Voltage Products GmbH","article_modified_time":"2021-10-12T10:43:09+00:00","og_image":[{"url":"https:\/\/www.hvproducts.de\/wp-content\/uploads\/2021\/01\/download.png","type":"","width":"","height":""}],"twitter_card":"summary_large_image","twitter_misc":{"Gesch\u00e4tzte Lesezeit":"2\u00a0Minuten"},"schema":{"@context":"https:\/\/schema.org","@graph":[{"@type":"WebPage","@id":"https:\/\/www.hvproducts.de\/paramount_plus_rf_plasma_generators","url":"https:\/\/www.hvproducts.de\/paramount_plus_rf_plasma_generators","name":"Paramount Plus \u2013 RF Plasma Generators in Germany","isPartOf":{"@id":"https:\/\/hvproducts.de\/#website"},"primaryImageOfPage":{"@id":"https:\/\/www.hvproducts.de\/paramount_plus_rf_plasma_generators#primaryimage"},"image":{"@id":"https:\/\/www.hvproducts.de\/paramount_plus_rf_plasma_generators#primaryimage"},"thumbnailUrl":"https:\/\/www.hvproducts.de\/wp-content\/uploads\/2021\/01\/download.png","datePublished":"2021-03-31T16:27:02+00:00","dateModified":"2021-10-12T10:43:09+00:00","description":"Paramount Plus RF Plasma Generators offers precise RF regulation, sophisticated pulse manipulation, and advanced data acquisition.","breadcrumb":{"@id":"https:\/\/www.hvproducts.de\/paramount_plus_rf_plasma_generators#breadcrumb"},"inLanguage":"de","potentialAction":[{"@type":"ReadAction","target":["https:\/\/www.hvproducts.de\/paramount_plus_rf_plasma_generators"]}]},{"@type":"ImageObject","inLanguage":"de","@id":"https:\/\/www.hvproducts.de\/paramount_plus_rf_plasma_generators#primaryimage","url":"https:\/\/www.hvproducts.de\/wp-content\/uploads\/2021\/01\/download.png","contentUrl":"https:\/\/www.hvproducts.de\/wp-content\/uploads\/2021\/01\/download.png"},{"@type":"BreadcrumbList","@id":"https:\/\/www.hvproducts.de\/paramount_plus_rf_plasma_generators#breadcrumb","itemListElement":[{"@type":"ListItem","position":1,"name":"Home","item":"https:\/\/www.hvproducts.de\/"},{"@type":"ListItem","position":2,"name":"Paramount Plus &#8211; RF Plasma Generators"}]},{"@type":"WebSite","@id":"https:\/\/hvproducts.de\/#website","url":"https:\/\/hvproducts.de\/","name":"HVP: High Voltage Products GmbH","description":"High Voltage Products GmbH","publisher":{"@id":"https:\/\/hvproducts.de\/#organization"},"potentialAction":[{"@type":"SearchAction","target":{"@type":"EntryPoint","urlTemplate":"https:\/\/hvproducts.de\/?s={search_term_string}"},"query-input":{"@type":"PropertyValueSpecification","valueRequired":true,"valueName":"search_term_string"}}],"inLanguage":"de"},{"@type":"Organization","@id":"https:\/\/hvproducts.de\/#organization","name":"HVP: High Voltage Products GmbH","url":"https:\/\/hvproducts.de\/","logo":{"@type":"ImageObject","inLanguage":"de","@id":"https:\/\/hvproducts.de\/#\/schema\/logo\/image\/","url":"https:\/\/www.hvproducts.de\/wp-content\/uploads\/2021\/01\/cropped-iPhone-X-XS-11-Pro-\u2013-1@2x-2.png","contentUrl":"https:\/\/www.hvproducts.de\/wp-content\/uploads\/2021\/01\/cropped-iPhone-X-XS-11-Pro-\u2013-1@2x-2.png","width":723,"height":224,"caption":"HVP: High Voltage Products GmbH"},"image":{"@id":"https:\/\/hvproducts.de\/#\/schema\/logo\/image\/"}}]}},"_links":{"self":[{"href":"https:\/\/www.hvproducts.de\/de\/wp-json\/wp\/v2\/pages\/8533","targetHints":{"allow":["GET"]}}],"collection":[{"href":"https:\/\/www.hvproducts.de\/de\/wp-json\/wp\/v2\/pages"}],"about":[{"href":"https:\/\/www.hvproducts.de\/de\/wp-json\/wp\/v2\/types\/page"}],"author":[{"embeddable":true,"href":"https:\/\/www.hvproducts.de\/de\/wp-json\/wp\/v2\/users\/1"}],"replies":[{"embeddable":true,"href":"https:\/\/www.hvproducts.de\/de\/wp-json\/wp\/v2\/comments?post=8533"}],"version-history":[{"count":11,"href":"https:\/\/www.hvproducts.de\/de\/wp-json\/wp\/v2\/pages\/8533\/revisions"}],"predecessor-version":[{"id":11973,"href":"https:\/\/www.hvproducts.de\/de\/wp-json\/wp\/v2\/pages\/8533\/revisions\/11973"}],"wp:attachment":[{"href":"https:\/\/www.hvproducts.de\/de\/wp-json\/wp\/v2\/media?parent=8533"}],"curies":[{"name":"wp","href":"https:\/\/api.w.org\/{rel}","templated":true}]}}