{"id":8531,"date":"2021-03-31T16:26:53","date_gmt":"2021-03-31T16:26:53","guid":{"rendered":"https:\/\/hvct.eu\/?page_id=8531"},"modified":"2021-09-01T13:38:38","modified_gmt":"2021-09-01T13:38:38","slug":"lfgs_rf_plasma_generators","status":"publish","type":"page","link":"https:\/\/www.hvproducts.de\/de\/lfgs_rf_plasma_generators","title":{"rendered":"LFGS &#8211; RF Plasma Generators"},"content":{"rendered":"<div data-elementor-type=\"wp-page\" data-elementor-id=\"8531\" class=\"elementor elementor-8531\">\n\t\t\t\t\t\t<section class=\"elementor-section elementor-top-section elementor-element elementor-element-9bc6fa7 elementor-section-boxed elementor-section-height-default elementor-section-height-default\" data-id=\"9bc6fa7\" data-element_type=\"section\" data-e-type=\"section\">\n\t\t\t\t\t\t\t<div class=\"elementor-background-overlay\"><\/div>\n\t\t\t\t\t\t\t<div class=\"elementor-container elementor-column-gap-default\">\n\t\t\t\t\t<div class=\"elementor-column elementor-col-100 elementor-top-column elementor-element elementor-element-b58caa1\" data-id=\"b58caa1\" data-element_type=\"column\" data-e-type=\"column\">\n\t\t\t<div class=\"elementor-widget-wrap elementor-element-populated\">\n\t\t\t\t\t\t<div class=\"elementor-element elementor-element-423ce7c elementor-widget elementor-widget-text-editor\" data-id=\"423ce7c\" data-element_type=\"widget\" data-e-type=\"widget\" data-widget_type=\"text-editor.default\">\n\t\t\t\t<div class=\"elementor-widget-container\">\n\t\t\t\t\t\t\t\t\t<p><a href=\"https:\/\/www.hvproducts.de\/\">Startseite<\/a> \/ Produkte \/ Hochfrequenz \/ Plasmastromgeneratoren \/ <a class=\"level-1\" href=\"https:\/\/www.hvproducts.de\/rf_plasma_generators\/\">RF-Plasma-Generatoren<\/a> \/ LFGS<\/p>\t\t\t\t\t\t\t\t<\/div>\n\t\t\t\t<\/div>\n\t\t\t\t<div class=\"elementor-element elementor-element-14d6d47 elementor-widget elementor-widget-heading\" data-id=\"14d6d47\" data-element_type=\"widget\" data-e-type=\"widget\" data-widget_type=\"heading.default\">\n\t\t\t\t<div class=\"elementor-widget-container\">\n\t\t\t\t\t<h2 class=\"elementor-heading-title elementor-size-default\"><h1 style=\"margin-bottom: 0.5rem;font-weight: 500;font-size: 30px;, sans-serif;font-style: normal;white-space: normal\">LFGS - RF-Plasmageneratoren<\/h1><\/h2>\t\t\t\t<\/div>\n\t\t\t\t<\/div>\n\t\t\t\t<div class=\"elementor-element elementor-element-3cf3d05 elementor-widget elementor-widget-text-editor\" data-id=\"3cf3d05\" data-element_type=\"widget\" data-e-type=\"widget\" data-widget_type=\"text-editor.default\">\n\t\t\t\t<div class=\"elementor-widget-container\">\n\t\t\t\t\t\t\t\t\t<h4>Wirtschaftlicher Mittelfrequenzgenerator f\u00fcr die Plasmabearbeitung<\/h4>\t\t\t\t\t\t\t\t<\/div>\n\t\t\t\t<\/div>\n\t\t\t\t\t<\/div>\n\t\t<\/div>\n\t\t\t\t\t<\/div>\n\t\t<\/section>\n\t\t\t\t<section class=\"elementor-section elementor-top-section elementor-element elementor-element-ba7dd5d elementor-section-boxed elementor-section-height-default elementor-section-height-default\" data-id=\"ba7dd5d\" data-element_type=\"section\" data-e-type=\"section\">\n\t\t\t\t\t\t<div class=\"elementor-container elementor-column-gap-default\">\n\t\t\t\t\t<div class=\"elementor-column elementor-col-100 elementor-top-column elementor-element elementor-element-31a1849\" data-id=\"31a1849\" data-element_type=\"column\" data-e-type=\"column\">\n\t\t\t<div class=\"elementor-widget-wrap elementor-element-populated\">\n\t\t\t\t\t\t<section class=\"elementor-section elementor-inner-section elementor-element elementor-element-89bb180 elementor-section-boxed elementor-section-height-default elementor-section-height-default\" data-id=\"89bb180\" data-element_type=\"section\" data-e-type=\"section\">\n\t\t\t\t\t\t<div class=\"elementor-container elementor-column-gap-default\">\n\t\t\t\t\t<div class=\"elementor-column elementor-col-50 elementor-inner-column elementor-element elementor-element-f351fa9\" data-id=\"f351fa9\" data-element_type=\"column\" data-e-type=\"column\">\n\t\t\t<div class=\"elementor-widget-wrap elementor-element-populated\">\n\t\t\t\t\t\t<div class=\"elementor-element elementor-element-03c4e0f elementor-widget elementor-widget-image\" data-id=\"03c4e0f\" data-element_type=\"widget\" data-e-type=\"widget\" data-widget_type=\"image.default\">\n\t\t\t\t<div class=\"elementor-widget-container\">\n\t\t\t\t\t\t\t\t\t\t\t\t\t\t\t<img fetchpriority=\"high\" decoding=\"async\" width=\"666\" height=\"375\" src=\"https:\/\/www.hvproducts.de\/wp-content\/uploads\/2021\/03\/lfgs_1-removebg-preview-1.png\" class=\"attachment-large size-large wp-image-8508\" alt=\"LFGS - Economical, Mid-Frequency, Tailored for Plasma Processing\" srcset=\"https:\/\/www.hvproducts.de\/wp-content\/uploads\/2021\/03\/lfgs_1-removebg-preview-1.png 666w, https:\/\/www.hvproducts.de\/wp-content\/uploads\/2021\/03\/lfgs_1-removebg-preview-1-300x169.png 300w, https:\/\/www.hvproducts.de\/wp-content\/uploads\/2021\/03\/lfgs_1-removebg-preview-1-18x10.png 18w\" sizes=\"(max-width: 666px) 100vw, 666px\" \/>\t\t\t\t\t\t\t\t\t\t\t\t\t\t\t<\/div>\n\t\t\t\t<\/div>\n\t\t\t\t\t<\/div>\n\t\t<\/div>\n\t\t\t\t<div class=\"elementor-column elementor-col-50 elementor-inner-column elementor-element elementor-element-be17b09\" data-id=\"be17b09\" data-element_type=\"column\" data-e-type=\"column\">\n\t\t\t<div class=\"elementor-widget-wrap elementor-element-populated\">\n\t\t\t\t\t\t<div class=\"elementor-element elementor-element-06dabf7 elementor-widget elementor-widget-text-editor\" data-id=\"06dabf7\" data-element_type=\"widget\" data-e-type=\"widget\" data-widget_type=\"text-editor.default\">\n\t\t\t\t<div class=\"elementor-widget-container\">\n\t\t\t\t\t\t\t\t\t<ul><li>Breiter Ausgangsfrequenzbereich<\/li><li>Kompakte Bauweise<\/li><li>Flexibles Kommunikationsprotokoll<\/li><\/ul>\t\t\t\t\t\t\t\t<\/div>\n\t\t\t\t<\/div>\n\t\t\t\t\t<\/div>\n\t\t<\/div>\n\t\t\t\t\t<\/div>\n\t\t<\/section>\n\t\t\t\t\t<\/div>\n\t\t<\/div>\n\t\t\t\t\t<\/div>\n\t\t<\/section>\n\t\t\t\t<section class=\"elementor-section elementor-top-section elementor-element elementor-element-b70a381 elementor-section-boxed elementor-section-height-default elementor-section-height-default\" data-id=\"b70a381\" data-element_type=\"section\" data-e-type=\"section\">\n\t\t\t\t\t\t<div class=\"elementor-container elementor-column-gap-default\">\n\t\t\t\t\t<div class=\"elementor-column elementor-col-100 elementor-top-column elementor-element elementor-element-4e3aec8\" data-id=\"4e3aec8\" data-element_type=\"column\" data-e-type=\"column\">\n\t\t\t<div class=\"elementor-widget-wrap elementor-element-populated\">\n\t\t\t\t\t\t<div class=\"elementor-element elementor-element-3a055c7 elementor-widget elementor-widget-text-editor\" data-id=\"3a055c7\" data-element_type=\"widget\" data-e-type=\"widget\" data-widget_type=\"text-editor.default\">\n\t\t\t\t<div class=\"elementor-widget-container\">\n\t\t\t\t\t\t\t\t\t<h4>Der vielseitige LFGS-Generator mit variabler Frequenz (1250 W, 40 bis 500 kHz) eignet sich f\u00fcr eine Vielzahl von Halbleiter- und allgemeinen Plasmabearbeitungsanwendungen, darunter Sputtern, reaktives Ionen\u00e4tzen, Plasmaabscheidung, Polymerisation und Oberfl\u00e4chenbehandlung. Sein kompaktes, luftgek\u00fchltes 19\u2033-Geh\u00e4use f\u00fcr die Rackmontage erleichtert die Installation und spart wertvollen Platz. Mit einem Halbbr\u00fccken-Verst\u00e4rkerdesign der Klasse D erm\u00f6glicht das LFGS-Netzteil die niedrigste auf dem Markt erh\u00e4ltliche Reflexionsleistung.<\/h4><div class=\"col-sm-6\"><div class=\"wysiwyg\"><h4>Vorteile<\/h4><ul><li>Unterst\u00fctzung einer breiten Palette von Anwendungen<\/li><li>Zugriff auf die niedrigste auf dem Markt erh\u00e4ltliche Reflexionsleistung<\/li><li>Leicht zu installieren<\/li><li>Effiziente Nutzung von wertvollem Raum<\/li><\/ul><\/div><\/div><div class=\"col-sm-6\"><div class=\"wysiwyg\"><h4>Ausstattung<\/h4><ul><li>Variable Frequenz<\/li><li>Luftk\u00fchlung<\/li><li>Erweitertes Bedienmen\u00fc , Aktives Frontpanel<\/li><li>Impulsmodus (0 bis 10 kHz) CEX-Betriebsmodus 2 analoge Benutzeranschl\u00fcsse<\/li><li>RS-232-, Ethernet- und Profibus-Kommunikation<\/li><\/ul><\/div><\/div>\t\t\t\t\t\t\t\t<\/div>\n\t\t\t\t<\/div>\n\t\t\t\t\t<\/div>\n\t\t<\/div>\n\t\t\t\t\t<\/div>\n\t\t<\/section>\n\t\t\t\t<\/div>","protected":false},"excerpt":{"rendered":"<p>Home \/ Products \/ High Frequency \/ Plasma Power Generators \/ RF Plasma Generators \/ LFGS LFGS &#8211; RF Plasma Generators Economical, Mid-Frequency Generator Tailored for Plasma Processing Wide-output frequency range Compact design Flexible communication protocol The versatile, variable-frequency LFGS generator (1250 W, 40 to 500 kHz) suits a wide variety of semiconductor and general [&hellip;]<\/p>\n","protected":false},"author":1,"featured_media":0,"parent":0,"menu_order":0,"comment_status":"closed","ping_status":"closed","template":"","meta":{"site-sidebar-layout":"no-sidebar","site-content-layout":"page-builder","ast-site-content-layout":"default","site-content-style":"default","site-sidebar-style":"default","ast-global-header-display":"","ast-banner-title-visibility":"","ast-main-header-display":"","ast-hfb-above-header-display":"","ast-hfb-below-header-display":"","ast-hfb-mobile-header-display":"","site-post-title":"disabled","ast-breadcrumbs-content":"","ast-featured-img":"disabled","footer-sml-layout":"","ast-disable-related-posts":"","theme-transparent-header-meta":"default","adv-header-id-meta":"","stick-header-meta":"","header-above-stick-meta":"","header-main-stick-meta":"","header-below-stick-meta":"","astra-migrate-meta-layouts":"default","ast-page-background-enabled":"default","ast-page-background-meta":{"desktop":{"background-color":"","background-image":"","background-repeat":"repeat","background-position":"center center","background-size":"auto","background-attachment":"scroll","background-type":"","background-media":"","overlay-type":"","overlay-color":"","overlay-opacity":"","overlay-gradient":""},"tablet":{"background-color":"","background-image":"","background-repeat":"repeat","background-position":"center center","background-size":"auto","background-attachment":"scroll","background-type":"","background-media":"","overlay-type":"","overlay-color":"","overlay-opacity":"","overlay-gradient":""},"mobile":{"background-color":"","background-image":"","background-repeat":"repeat","background-position":"center center","background-size":"auto","background-attachment":"scroll","background-type":"","background-media":"","overlay-type":"","overlay-color":"","overlay-opacity":"","overlay-gradient":""}},"ast-content-background-meta":{"desktop":{"background-color":"var(--ast-global-color-5)","background-image":"","background-repeat":"repeat","background-position":"center center","background-size":"auto","background-attachment":"scroll","background-type":"","background-media":"","overlay-type":"","overlay-color":"","overlay-opacity":"","overlay-gradient":""},"tablet":{"background-color":"var(--ast-global-color-5)","background-image":"","background-repeat":"repeat","background-position":"center center","background-size":"auto","background-attachment":"scroll","background-type":"","background-media":"","overlay-type":"","overlay-color":"","overlay-opacity":"","overlay-gradient":""},"mobile":{"background-color":"var(--ast-global-color-5)","background-image":"","background-repeat":"repeat","background-position":"center center","background-size":"auto","background-attachment":"scroll","background-type":"","background-media":"","overlay-type":"","overlay-color":"","overlay-opacity":"","overlay-gradient":""}},"footnotes":""},"class_list":["post-8531","page","type-page","status-publish","hentry"],"yoast_head":"<!-- This site is optimized with the Yoast SEO plugin v27.2 - https:\/\/yoast.com\/product\/yoast-seo-wordpress\/ -->\n<title>LFGS - RF Plasma Generators Suppliers in Germany - HV Products<\/title>\n<meta name=\"description\" content=\"HV Products is the well renowned manufacturer &amp; suppliers of LFGS - RF Plasma Generators. Benefits of using LFGS - RF Plasma Generators are support a wide variety of applications.\" \/>\n<meta name=\"robots\" content=\"index, follow, max-snippet:-1, max-image-preview:large, max-video-preview:-1\" \/>\n<link rel=\"canonical\" href=\"https:\/\/www.hvproducts.de\/de\/lfgs_rf_plasma_generators\/\" \/>\n<meta property=\"og:locale\" content=\"de_DE\" \/>\n<meta property=\"og:type\" content=\"article\" \/>\n<meta property=\"og:title\" content=\"LFGS - RF Plasma Generators Suppliers in Germany - HV Products\" \/>\n<meta property=\"og:description\" content=\"HV Products is the well renowned manufacturer &amp; suppliers of LFGS - RF Plasma Generators. Benefits of using LFGS - RF Plasma Generators are support a wide variety of applications.\" \/>\n<meta property=\"og:url\" content=\"https:\/\/www.hvproducts.de\/de\/lfgs_rf_plasma_generators\/\" \/>\n<meta property=\"og:site_name\" content=\"HVP: High Voltage Products GmbH\" \/>\n<meta property=\"article:modified_time\" content=\"2021-09-01T13:38:38+00:00\" \/>\n<meta property=\"og:image\" content=\"https:\/\/www.hvproducts.de\/wp-content\/uploads\/2021\/03\/lfgs_1-removebg-preview-1.png\" \/>\n<meta name=\"twitter:card\" content=\"summary_large_image\" \/>\n<meta name=\"twitter:label1\" content=\"Gesch\u00e4tzte Lesezeit\" \/>\n\t<meta name=\"twitter:data1\" content=\"1\u00a0Minute\" \/>\n<script type=\"application\/ld+json\" class=\"yoast-schema-graph\">{\"@context\":\"https:\/\/schema.org\",\"@graph\":[{\"@type\":\"WebPage\",\"@id\":\"https:\/\/www.hvproducts.de\/lfgs_rf_plasma_generators\",\"url\":\"https:\/\/www.hvproducts.de\/lfgs_rf_plasma_generators\",\"name\":\"LFGS - RF Plasma Generators Suppliers in Germany - HV Products\",\"isPartOf\":{\"@id\":\"https:\/\/hvproducts.de\/#website\"},\"primaryImageOfPage\":{\"@id\":\"https:\/\/www.hvproducts.de\/lfgs_rf_plasma_generators#primaryimage\"},\"image\":{\"@id\":\"https:\/\/www.hvproducts.de\/lfgs_rf_plasma_generators#primaryimage\"},\"thumbnailUrl\":\"https:\/\/www.hvproducts.de\/wp-content\/uploads\/2021\/03\/lfgs_1-removebg-preview-1.png\",\"datePublished\":\"2021-03-31T16:26:53+00:00\",\"dateModified\":\"2021-09-01T13:38:38+00:00\",\"description\":\"HV Products is the well renowned manufacturer & suppliers of LFGS - RF Plasma Generators. Benefits of using LFGS - RF Plasma Generators are support a wide variety of applications.\",\"breadcrumb\":{\"@id\":\"https:\/\/www.hvproducts.de\/lfgs_rf_plasma_generators#breadcrumb\"},\"inLanguage\":\"de\",\"potentialAction\":[{\"@type\":\"ReadAction\",\"target\":[\"https:\/\/www.hvproducts.de\/lfgs_rf_plasma_generators\"]}]},{\"@type\":\"ImageObject\",\"inLanguage\":\"de\",\"@id\":\"https:\/\/www.hvproducts.de\/lfgs_rf_plasma_generators#primaryimage\",\"url\":\"https:\/\/www.hvproducts.de\/wp-content\/uploads\/2021\/03\/lfgs_1-removebg-preview-1.png\",\"contentUrl\":\"https:\/\/www.hvproducts.de\/wp-content\/uploads\/2021\/03\/lfgs_1-removebg-preview-1.png\"},{\"@type\":\"BreadcrumbList\",\"@id\":\"https:\/\/www.hvproducts.de\/lfgs_rf_plasma_generators#breadcrumb\",\"itemListElement\":[{\"@type\":\"ListItem\",\"position\":1,\"name\":\"Home\",\"item\":\"https:\/\/www.hvproducts.de\/\"},{\"@type\":\"ListItem\",\"position\":2,\"name\":\"LFGS &#8211; RF Plasma Generators\"}]},{\"@type\":\"WebSite\",\"@id\":\"https:\/\/hvproducts.de\/#website\",\"url\":\"https:\/\/hvproducts.de\/\",\"name\":\"HVP: High Voltage Products GmbH\",\"description\":\"High Voltage Products GmbH\",\"publisher\":{\"@id\":\"https:\/\/hvproducts.de\/#organization\"},\"potentialAction\":[{\"@type\":\"SearchAction\",\"target\":{\"@type\":\"EntryPoint\",\"urlTemplate\":\"https:\/\/hvproducts.de\/?s={search_term_string}\"},\"query-input\":{\"@type\":\"PropertyValueSpecification\",\"valueRequired\":true,\"valueName\":\"search_term_string\"}}],\"inLanguage\":\"de\"},{\"@type\":\"Organization\",\"@id\":\"https:\/\/hvproducts.de\/#organization\",\"name\":\"HVP: High Voltage Products GmbH\",\"url\":\"https:\/\/hvproducts.de\/\",\"logo\":{\"@type\":\"ImageObject\",\"inLanguage\":\"de\",\"@id\":\"https:\/\/hvproducts.de\/#\/schema\/logo\/image\/\",\"url\":\"https:\/\/www.hvproducts.de\/wp-content\/uploads\/2021\/01\/cropped-iPhone-X-XS-11-Pro-\u2013-1@2x-2.png\",\"contentUrl\":\"https:\/\/www.hvproducts.de\/wp-content\/uploads\/2021\/01\/cropped-iPhone-X-XS-11-Pro-\u2013-1@2x-2.png\",\"width\":723,\"height\":224,\"caption\":\"HVP: High Voltage Products GmbH\"},\"image\":{\"@id\":\"https:\/\/hvproducts.de\/#\/schema\/logo\/image\/\"}}]}<\/script>\n<!-- \/ Yoast SEO plugin. -->","yoast_head_json":{"title":"LFGS - RF Plasma Generators Suppliers in Germany - HV Products","description":"HV Products is the well renowned manufacturer & suppliers of LFGS - RF Plasma Generators. Benefits of using LFGS - RF Plasma Generators are support a wide variety of applications.","robots":{"index":"index","follow":"follow","max-snippet":"max-snippet:-1","max-image-preview":"max-image-preview:large","max-video-preview":"max-video-preview:-1"},"canonical":"https:\/\/www.hvproducts.de\/de\/lfgs_rf_plasma_generators\/","og_locale":"de_DE","og_type":"article","og_title":"LFGS - RF Plasma Generators Suppliers in Germany - HV Products","og_description":"HV Products is the well renowned manufacturer & suppliers of LFGS - RF Plasma Generators. Benefits of using LFGS - RF Plasma Generators are support a wide variety of applications.","og_url":"https:\/\/www.hvproducts.de\/de\/lfgs_rf_plasma_generators\/","og_site_name":"HVP: High Voltage Products GmbH","article_modified_time":"2021-09-01T13:38:38+00:00","og_image":[{"url":"https:\/\/www.hvproducts.de\/wp-content\/uploads\/2021\/03\/lfgs_1-removebg-preview-1.png","type":"","width":"","height":""}],"twitter_card":"summary_large_image","twitter_misc":{"Gesch\u00e4tzte Lesezeit":"1\u00a0Minute"},"schema":{"@context":"https:\/\/schema.org","@graph":[{"@type":"WebPage","@id":"https:\/\/www.hvproducts.de\/lfgs_rf_plasma_generators","url":"https:\/\/www.hvproducts.de\/lfgs_rf_plasma_generators","name":"LFGS - RF Plasma Generators Suppliers in Germany - HV Products","isPartOf":{"@id":"https:\/\/hvproducts.de\/#website"},"primaryImageOfPage":{"@id":"https:\/\/www.hvproducts.de\/lfgs_rf_plasma_generators#primaryimage"},"image":{"@id":"https:\/\/www.hvproducts.de\/lfgs_rf_plasma_generators#primaryimage"},"thumbnailUrl":"https:\/\/www.hvproducts.de\/wp-content\/uploads\/2021\/03\/lfgs_1-removebg-preview-1.png","datePublished":"2021-03-31T16:26:53+00:00","dateModified":"2021-09-01T13:38:38+00:00","description":"HV Products is the well renowned manufacturer & suppliers of LFGS - RF Plasma Generators. Benefits of using LFGS - RF Plasma Generators are support a wide variety of applications.","breadcrumb":{"@id":"https:\/\/www.hvproducts.de\/lfgs_rf_plasma_generators#breadcrumb"},"inLanguage":"de","potentialAction":[{"@type":"ReadAction","target":["https:\/\/www.hvproducts.de\/lfgs_rf_plasma_generators"]}]},{"@type":"ImageObject","inLanguage":"de","@id":"https:\/\/www.hvproducts.de\/lfgs_rf_plasma_generators#primaryimage","url":"https:\/\/www.hvproducts.de\/wp-content\/uploads\/2021\/03\/lfgs_1-removebg-preview-1.png","contentUrl":"https:\/\/www.hvproducts.de\/wp-content\/uploads\/2021\/03\/lfgs_1-removebg-preview-1.png"},{"@type":"BreadcrumbList","@id":"https:\/\/www.hvproducts.de\/lfgs_rf_plasma_generators#breadcrumb","itemListElement":[{"@type":"ListItem","position":1,"name":"Home","item":"https:\/\/www.hvproducts.de\/"},{"@type":"ListItem","position":2,"name":"LFGS &#8211; RF Plasma Generators"}]},{"@type":"WebSite","@id":"https:\/\/hvproducts.de\/#website","url":"https:\/\/hvproducts.de\/","name":"HVP: High Voltage Products GmbH","description":"High Voltage Products GmbH","publisher":{"@id":"https:\/\/hvproducts.de\/#organization"},"potentialAction":[{"@type":"SearchAction","target":{"@type":"EntryPoint","urlTemplate":"https:\/\/hvproducts.de\/?s={search_term_string}"},"query-input":{"@type":"PropertyValueSpecification","valueRequired":true,"valueName":"search_term_string"}}],"inLanguage":"de"},{"@type":"Organization","@id":"https:\/\/hvproducts.de\/#organization","name":"HVP: High Voltage Products GmbH","url":"https:\/\/hvproducts.de\/","logo":{"@type":"ImageObject","inLanguage":"de","@id":"https:\/\/hvproducts.de\/#\/schema\/logo\/image\/","url":"https:\/\/www.hvproducts.de\/wp-content\/uploads\/2021\/01\/cropped-iPhone-X-XS-11-Pro-\u2013-1@2x-2.png","contentUrl":"https:\/\/www.hvproducts.de\/wp-content\/uploads\/2021\/01\/cropped-iPhone-X-XS-11-Pro-\u2013-1@2x-2.png","width":723,"height":224,"caption":"HVP: High Voltage Products GmbH"},"image":{"@id":"https:\/\/hvproducts.de\/#\/schema\/logo\/image\/"}}]}},"_links":{"self":[{"href":"https:\/\/www.hvproducts.de\/de\/wp-json\/wp\/v2\/pages\/8531","targetHints":{"allow":["GET"]}}],"collection":[{"href":"https:\/\/www.hvproducts.de\/de\/wp-json\/wp\/v2\/pages"}],"about":[{"href":"https:\/\/www.hvproducts.de\/de\/wp-json\/wp\/v2\/types\/page"}],"author":[{"embeddable":true,"href":"https:\/\/www.hvproducts.de\/de\/wp-json\/wp\/v2\/users\/1"}],"replies":[{"embeddable":true,"href":"https:\/\/www.hvproducts.de\/de\/wp-json\/wp\/v2\/comments?post=8531"}],"version-history":[{"count":8,"href":"https:\/\/www.hvproducts.de\/de\/wp-json\/wp\/v2\/pages\/8531\/revisions"}],"predecessor-version":[{"id":11906,"href":"https:\/\/www.hvproducts.de\/de\/wp-json\/wp\/v2\/pages\/8531\/revisions\/11906"}],"wp:attachment":[{"href":"https:\/\/www.hvproducts.de\/de\/wp-json\/wp\/v2\/media?parent=8531"}],"curies":[{"name":"wp","href":"https:\/\/api.w.org\/{rel}","templated":true}]}}