{"id":8338,"date":"2021-03-30T09:19:45","date_gmt":"2021-03-30T09:19:45","guid":{"rendered":"https:\/\/hvct.eu\/?page_id=8338"},"modified":"2021-04-25T13:23:10","modified_gmt":"2021-04-25T13:23:10","slug":"cable_assemblies_up_to_320kvdc","status":"publish","type":"page","link":"https:\/\/www.hvproducts.de\/de\/cable_assemblies_up_to_320kvdc","title":{"rendered":"Kabelbaugruppen bis zu 320kVDC"},"content":{"rendered":"<div data-elementor-type=\"wp-page\" data-elementor-id=\"8338\" class=\"elementor elementor-8338\">\n\t\t\t\t\t\t<section class=\"elementor-section elementor-top-section elementor-element elementor-element-9bc6fa7 elementor-section-boxed elementor-section-height-default elementor-section-height-default\" data-id=\"9bc6fa7\" data-element_type=\"section\" data-e-type=\"section\">\n\t\t\t\t\t\t<div class=\"elementor-container elementor-column-gap-default\">\n\t\t\t\t\t<div class=\"elementor-column elementor-col-100 elementor-top-column elementor-element elementor-element-b58caa1\" data-id=\"b58caa1\" data-element_type=\"column\" data-e-type=\"column\">\n\t\t\t<div class=\"elementor-widget-wrap elementor-element-populated\">\n\t\t\t\t\t\t<div class=\"elementor-element elementor-element-423ce7c elementor-widget elementor-widget-text-editor\" data-id=\"423ce7c\" data-element_type=\"widget\" data-e-type=\"widget\" data-widget_type=\"text-editor.default\">\n\t\t\t\t<div class=\"elementor-widget-container\">\n\t\t\t\t\t\t\t\t\t<p><a href=\"https:\/\/www.hvproducts.de\">Startseite<\/a> \/ Produkte \/ Hochspannung \/ <a href=\"https:\/\/www.hvproducts.de\/hv_passive_components\/\">HV-Passive Komponenten<\/a> \/ <a href=\"https:\/\/www.hvproducts.de\/cables_and_assemblies\/\">Kabel und Baugruppen<\/a> \/ Ungeschirmtes Kabel<\/p>\t\t\t\t\t\t\t\t<\/div>\n\t\t\t\t<\/div>\n\t\t\t\t<div class=\"elementor-element elementor-element-14d6d47 elementor-widget elementor-widget-heading\" data-id=\"14d6d47\" data-element_type=\"widget\" data-e-type=\"widget\" data-widget_type=\"heading.default\">\n\t\t\t\t<div class=\"elementor-widget-container\">\n\t\t\t\t\t<h2 class=\"elementor-heading-title elementor-size-default\"><h1 style=\"margin-bottom: 0.5rem;font-weight: 500;font-size: 30px;, sans-serif;font-style: normal;white-space: normal\">Hochspannungskabelkonfektionen<\/h1><\/h2>\t\t\t\t<\/div>\n\t\t\t\t<\/div>\n\t\t\t\t<div class=\"elementor-element elementor-element-3cf3d05 elementor-widget elementor-widget-text-editor\" data-id=\"3cf3d05\" data-element_type=\"widget\" data-e-type=\"widget\" data-widget_type=\"text-editor.default\">\n\t\t\t\t<div class=\"elementor-widget-container\">\n\t\t\t\t\t\t\t\t\t<div class=\"wrapper text layout1\"><div class=\"container\"><div class=\"row\"><div class=\"col-sm-12\"><div class=\"wysiwyg\"><div class=\"wrapper text layout1\"><div class=\"container\"><div class=\"row\"><div class=\"col-sm-12\"><div class=\"wysiwyg\"><p>Wir sind weltweit f\u00fchrend in der Entwicklung und Herstellung industrieller Kabelkonfektionen und bieten ein komplettes Sortiment an Hochspannungs-Verbindungsl\u00f6sungen f\u00fcr die zerst\u00f6rungsfreie Pr\u00fcfung, Computertomographie und Metrologie. Unsere Konfektionen werden in Wissenschaft und Industrie eingesetzt. Es sind sowohl gerade als auch rechtwinklige Anschl\u00fcsse erh\u00e4ltlich, die eine technische L\u00f6sung f\u00fcr die Installation von Kabeln in Bereichen mit begrenztem Platz bieten. Wir sind ein zuverl\u00e4ssiger technischer Partner und Lieferant f\u00fchrender OEMs f\u00fcr industrielle R\u00f6ntgenger\u00e4te.<\/p><p>Unsere industriellen Kabelkonfektionen werden aus hochspezialisierten EPR-R\u00f6ntgenkabeln hergestellt, die f\u00fcr ihre hervorragenden Hochspannungseigenschaften bekannt sind. Standardkabel mit Nennwerten von 75kVDCup bis 320kVDC sind ab Lager verf\u00fcgbar. Unser Team hat viele der heute in der Industrie verwendeten Standardanschl\u00fcsse entwickelt und 2016 eine NEUE Generation von federbelasteten Steckern auf den Markt gebracht. Wir stellen auch kompatible Steckdosen her, die f\u00fcr R\u00f6ntgenr\u00f6hren- und HV-Generatorsteckdosen konzipiert sind. Zur Vervollst\u00e4ndigung der Installation steht ein komplettes Sortiment an Zubeh\u00f6r und Armaturen zur Verf\u00fcgung, so dass wir die HV-Verbindung aus einer Hand anbieten k\u00f6nnen.<\/p><\/div><\/div><\/div><\/div><\/div><\/div><\/div><\/div><\/div><\/div>\t\t\t\t\t\t\t\t<\/div>\n\t\t\t\t<\/div>\n\t\t\t\t<section class=\"elementor-section elementor-inner-section elementor-element elementor-element-25f6d89 elementor-section-boxed elementor-section-height-default elementor-section-height-default\" data-id=\"25f6d89\" data-element_type=\"section\" data-e-type=\"section\">\n\t\t\t\t\t\t<div class=\"elementor-container elementor-column-gap-default\">\n\t\t\t\t\t<div class=\"elementor-column elementor-col-50 elementor-inner-column elementor-element elementor-element-4a4e503\" data-id=\"4a4e503\" data-element_type=\"column\" data-e-type=\"column\">\n\t\t\t<div class=\"elementor-widget-wrap elementor-element-populated\">\n\t\t\t\t\t\t<div class=\"elementor-element elementor-element-a00a9ee elementor-widget elementor-widget-image\" data-id=\"a00a9ee\" data-element_type=\"widget\" data-e-type=\"widget\" data-widget_type=\"image.default\">\n\t\t\t\t<div class=\"elementor-widget-container\">\n\t\t\t\t\t\t\t\t\t\t\t\t\t\t\t<img fetchpriority=\"high\" decoding=\"async\" width=\"731\" height=\"341\" src=\"https:\/\/www.hvproducts.de\/wp-content\/uploads\/2021\/03\/cable_assemblies-removebg-preview.png\" class=\"attachment-large size-large wp-image-8398\" alt=\"High Voltage Cable &amp; Assemblies\" srcset=\"https:\/\/www.hvproducts.de\/wp-content\/uploads\/2021\/03\/cable_assemblies-removebg-preview.png 731w, https:\/\/www.hvproducts.de\/wp-content\/uploads\/2021\/03\/cable_assemblies-removebg-preview-300x140.png 300w, https:\/\/www.hvproducts.de\/wp-content\/uploads\/2021\/03\/cable_assemblies-removebg-preview-18x8.png 18w\" sizes=\"(max-width: 731px) 100vw, 731px\" \/>\t\t\t\t\t\t\t\t\t\t\t\t\t\t\t<\/div>\n\t\t\t\t<\/div>\n\t\t\t\t\t<\/div>\n\t\t<\/div>\n\t\t\t\t<div class=\"elementor-column elementor-col-50 elementor-inner-column elementor-element elementor-element-9ab155e\" data-id=\"9ab155e\" data-element_type=\"column\" data-e-type=\"column\">\n\t\t\t<div class=\"elementor-widget-wrap elementor-element-populated\">\n\t\t\t\t\t\t<div class=\"elementor-element elementor-element-7098450 elementor-widget elementor-widget-text-editor\" data-id=\"7098450\" data-element_type=\"widget\" data-e-type=\"widget\" data-widget_type=\"text-editor.default\">\n\t\t\t\t<div class=\"elementor-widget-container\">\n\t\t\t\t\t\t\t\t\t<p>Ausstattung:<\/p><ul><li>75 kVDC - 320 kVDC Bewertung<\/li><li>Einzelkern, 3-Kern, 4-Kern &amp; 5-Kern<\/li><li>Best\u00e4ndig gegen die meisten \u00d6le und Chemikalien<\/li><\/ul>\t\t\t\t\t\t\t\t<\/div>\n\t\t\t\t<\/div>\n\t\t\t\t\t<\/div>\n\t\t<\/div>\n\t\t\t\t\t<\/div>\n\t\t<\/section>\n\t\t\t\t\t<\/div>\n\t\t<\/div>\n\t\t\t\t\t<\/div>\n\t\t<\/section>\n\t\t\t\t<section class=\"elementor-section elementor-top-section elementor-element elementor-element-0df762c elementor-section-boxed elementor-section-height-default elementor-section-height-default\" data-id=\"0df762c\" data-element_type=\"section\" data-e-type=\"section\">\n\t\t\t\t\t\t<div class=\"elementor-container elementor-column-gap-default\">\n\t\t\t\t\t<div class=\"elementor-column elementor-col-100 elementor-top-column elementor-element elementor-element-0ba66e3\" data-id=\"0ba66e3\" data-element_type=\"column\" data-e-type=\"column\">\n\t\t\t<div class=\"elementor-widget-wrap elementor-element-populated\">\n\t\t\t\t\t\t<div class=\"elementor-element elementor-element-b353e36 elementor-widget elementor-widget-spacer\" data-id=\"b353e36\" data-element_type=\"widget\" data-e-type=\"widget\" data-widget_type=\"spacer.default\">\n\t\t\t\t<div class=\"elementor-widget-container\">\n\t\t\t\t\t\t\t<div class=\"elementor-spacer\">\n\t\t\t<div class=\"elementor-spacer-inner\"><\/div>\n\t\t<\/div>\n\t\t\t\t\t\t<\/div>\n\t\t\t\t<\/div>\n\t\t\t\t<div class=\"elementor-element elementor-element-e7ddc8b elementor-tabs-view-horizontal elementor-widget elementor-widget-tabs\" data-id=\"e7ddc8b\" data-element_type=\"widget\" data-e-type=\"widget\" data-widget_type=\"tabs.default\">\n\t\t\t\t<div class=\"elementor-widget-container\">\n\t\t\t\t\t\t\t<div class=\"elementor-tabs\">\n\t\t\t<div class=\"elementor-tabs-wrapper\" role=\"tablist\" >\n\t\t\t\t\t\t\t\t\t<div id=\"elementor-tab-title-2431\" class=\"elementor-tab-title elementor-tab-desktop-title\" aria-selected=\"true\" data-tab=\"1\" role=\"tab\" tabindex=\"0\" aria-controls=\"elementor-tab-content-2431\" aria-expanded=\"false\">Produkte<\/div>\n\t\t\t\t\t\t\t\t\t<div id=\"elementor-tab-title-2432\" class=\"elementor-tab-title elementor-tab-desktop-title\" aria-selected=\"false\" data-tab=\"2\" role=\"tab\" tabindex=\"-1\" aria-controls=\"elementor-tab-content-2432\" aria-expanded=\"false\">Datenbl\u00e4tter<\/div>\n\t\t\t\t\t\t\t<\/div>\n\t\t\t<div class=\"elementor-tabs-content-wrapper\" role=\"tablist\" aria-orientation=\"vertical\">\n\t\t\t\t\t\t\t\t\t<div class=\"elementor-tab-title elementor-tab-mobile-title\" aria-selected=\"true\" data-tab=\"1\" role=\"tab\" tabindex=\"0\" aria-controls=\"elementor-tab-content-2431\" aria-expanded=\"false\">Produkte<\/div>\n\t\t\t\t\t<div id=\"elementor-tab-content-2431\" class=\"elementor-tab-content elementor-clearfix\" data-tab=\"1\" role=\"tabpanel\" aria-labelledby=\"elementor-tab-title-2431\" tabindex=\"0\" hidden=\"false\"><p><img decoding=\"async\" class=\"alignnone size-full wp-image-8399\" src=\"https:\/\/www.hvproducts.de\/wp-content\/uploads\/2021\/03\/cable_assemblies.jpg\" alt=\"\" width=\"1018\" height=\"1139\" srcset=\"https:\/\/www.hvproducts.de\/wp-content\/uploads\/2021\/03\/cable_assemblies.jpg 1018w, https:\/\/www.hvproducts.de\/wp-content\/uploads\/2021\/03\/cable_assemblies-268x300.jpg 268w, https:\/\/www.hvproducts.de\/wp-content\/uploads\/2021\/03\/cable_assemblies-915x1024.jpg 915w, https:\/\/www.hvproducts.de\/wp-content\/uploads\/2021\/03\/cable_assemblies-768x859.jpg 768w, https:\/\/www.hvproducts.de\/wp-content\/uploads\/2021\/03\/cable_assemblies-11x12.jpg 11w\" sizes=\"(max-width: 1018px) 100vw, 1018px\" \/><\/p><\/div>\n\t\t\t\t\t\t\t\t\t<div class=\"elementor-tab-title elementor-tab-mobile-title\" aria-selected=\"false\" data-tab=\"2\" role=\"tab\" tabindex=\"-1\" aria-controls=\"elementor-tab-content-2432\" aria-expanded=\"false\">Datenbl\u00e4tter<\/div>\n\t\t\t\t\t<div id=\"elementor-tab-content-2432\" class=\"elementor-tab-content elementor-clearfix\" data-tab=\"2\" role=\"tabpanel\" aria-labelledby=\"elementor-tab-title-2432\" tabindex=\"0\" hidden=\"hidden\"><table style=\"border: none; table-layout: fixed;\"><tbody><tr><td style=\"padding: 0 25px 0 0; border: none;\"><a href=\"https:\/\/www.hvproducts.de\/wp-content\/uploads\/2021\/04\/industrial_cable_assemblies_catalogue_iss1_1_.pdf\"><span class=\"text\" style=\"display: inline-flex;\"><img decoding=\"async\" class=\"\" style=\"padding-right: 15px; width: 57px; height: 55px;\" src=\"https:\/\/www.hvproducts.de\/wp-content\/uploads\/2021\/01\/download.png\" \/>HV-Kabelkonfektionen Datenblatt<\/span><\/a><\/td><td style=\"padding: 0 25px 0 0; border: none;\"><a href=\"https:\/\/www.hvproducts.de\/wp-content\/uploads\/2021\/04\/installation_instructions_-_industrial_cable_assemblies_master_1_.pdf\"><span class=\"text\" style=\"display: inline-flex;\"><img decoding=\"async\" class=\"\" style=\"padding-right: 15px; width: 57px; height: 55px;\" src=\"https:\/\/www.hvproducts.de\/wp-content\/uploads\/2021\/01\/download.png\" \/>Installationsanweisungen<\/span><\/a><\/td><td style=\"border: none;\"><a href=\"https:\/\/www.hvproducts.de\/wp-content\/uploads\/2021\/04\/1.3_hv_jacket_materials_1_-3.pdf\"><span class=\"text\" style=\"display: inline-flex;\"><img decoding=\"async\" class=\"\" style=\"padding-right: 15px; width: 57px; height: 55px;\" src=\"https:\/\/www.hvproducts.de\/wp-content\/uploads\/2021\/01\/download.png\" \/>HV-Jacke Materialien<\/span><\/a><\/td><\/tr><\/tbody><\/table><\/div>\n\t\t\t\t\t\t\t<\/div>\n\t\t<\/div>\n\t\t\t\t\t\t<\/div>\n\t\t\t\t<\/div>\n\t\t\t\t<div class=\"elementor-element elementor-element-da0ee71 elementor-widget elementor-widget-spacer\" data-id=\"da0ee71\" data-element_type=\"widget\" data-e-type=\"widget\" data-widget_type=\"spacer.default\">\n\t\t\t\t<div class=\"elementor-widget-container\">\n\t\t\t\t\t\t\t<div class=\"elementor-spacer\">\n\t\t\t<div class=\"elementor-spacer-inner\"><\/div>\n\t\t<\/div>\n\t\t\t\t\t\t<\/div>\n\t\t\t\t<\/div>\n\t\t\t\t\t<\/div>\n\t\t<\/div>\n\t\t\t\t\t<\/div>\n\t\t<\/section>\n\t\t\t\t<\/div>","protected":false},"excerpt":{"rendered":"<p>Home \/ Products \/ High Voltage \/ HV Passive Components \/ Cables &amp; Assemblies \/ Unshielded Cable High Voltage Cable Assemblies We are a world leader in the design and manufacture of Industrial Cable Assemblies, offering a complete range of High Voltage interconnect solutions for non-destructive testing, computed tomography and metrology. Our assemblies are used [&hellip;]<\/p>\n","protected":false},"author":1,"featured_media":0,"parent":0,"menu_order":0,"comment_status":"closed","ping_status":"closed","template":"","meta":{"site-sidebar-layout":"no-sidebar","site-content-layout":"page-builder","ast-site-content-layout":"default","site-content-style":"default","site-sidebar-style":"default","ast-global-header-display":"","ast-banner-title-visibility":"","ast-main-header-display":"","ast-hfb-above-header-display":"","ast-hfb-below-header-display":"","ast-hfb-mobile-header-display":"","site-post-title":"disabled","ast-breadcrumbs-content":"","ast-featured-img":"disabled","footer-sml-layout":"","ast-disable-related-posts":"","theme-transparent-header-meta":"default","adv-header-id-meta":"","stick-header-meta":"","header-above-stick-meta":"","header-main-stick-meta":"","header-below-stick-meta":"","astra-migrate-meta-layouts":"default","ast-page-background-enabled":"default","ast-page-background-meta":{"desktop":{"background-color":"","background-image":"","background-repeat":"repeat","background-position":"center center","background-size":"auto","background-attachment":"scroll","background-type":"","background-media":"","overlay-type":"","overlay-color":"","overlay-opacity":"","overlay-gradient":""},"tablet":{"background-color":"","background-image":"","background-repeat":"repeat","background-position":"center center","background-size":"auto","background-attachment":"scroll","background-type":"","background-media":"","overlay-type":"","overlay-color":"","overlay-opacity":"","overlay-gradient":""},"mobile":{"background-color":"","background-image":"","background-repeat":"repeat","background-position":"center center","background-size":"auto","background-attachment":"scroll","background-type":"","background-media":"","overlay-type":"","overlay-color":"","overlay-opacity":"","overlay-gradient":""}},"ast-content-background-meta":{"desktop":{"background-color":"var(--ast-global-color-5)","background-image":"","background-repeat":"repeat","background-position":"center center","background-size":"auto","background-attachment":"scroll","background-type":"","background-media":"","overlay-type":"","overlay-color":"","overlay-opacity":"","overlay-gradient":""},"tablet":{"background-color":"var(--ast-global-color-5)","background-image":"","background-repeat":"repeat","background-position":"center center","background-size":"auto","background-attachment":"scroll","background-type":"","background-media":"","overlay-type":"","overlay-color":"","overlay-opacity":"","overlay-gradient":""},"mobile":{"background-color":"var(--ast-global-color-5)","background-image":"","background-repeat":"repeat","background-position":"center center","background-size":"auto","background-attachment":"scroll","background-type":"","background-media":"","overlay-type":"","overlay-color":"","overlay-opacity":"","overlay-gradient":""}},"footnotes":""},"class_list":["post-8338","page","type-page","status-publish","hentry"],"yoast_head":"<!-- This site is optimized with the Yoast SEO plugin v27.2 - https:\/\/yoast.com\/product\/yoast-seo-wordpress\/ -->\n<title>Cable Assemblies up to 320kVDC - HVP: High Voltage Products GmbH<\/title>\n<meta name=\"robots\" content=\"index, follow, max-snippet:-1, max-image-preview:large, max-video-preview:-1\" \/>\n<link rel=\"canonical\" href=\"https:\/\/www.hvproducts.de\/de\/cable_assemblies_up_to_320kvdc\/\" \/>\n<meta property=\"og:locale\" content=\"de_DE\" \/>\n<meta property=\"og:type\" content=\"article\" \/>\n<meta property=\"og:title\" content=\"Cable Assemblies up to 320kVDC - HVP: High Voltage Products GmbH\" \/>\n<meta property=\"og:description\" content=\"Home \/ Products \/ High Voltage \/ HV Passive Components \/ Cables &amp; Assemblies \/ Unshielded Cable High Voltage Cable Assemblies We are a world leader in the design and manufacture of Industrial Cable Assemblies, offering a complete range of High Voltage interconnect solutions for non-destructive testing, computed tomography and metrology. Our assemblies are used [&hellip;]\" \/>\n<meta property=\"og:url\" content=\"https:\/\/www.hvproducts.de\/de\/cable_assemblies_up_to_320kvdc\/\" \/>\n<meta property=\"og:site_name\" content=\"HVP: High Voltage Products GmbH\" \/>\n<meta property=\"article:modified_time\" content=\"2021-04-25T13:23:10+00:00\" \/>\n<meta property=\"og:image\" content=\"https:\/\/www.hvproducts.de\/wp-content\/uploads\/2021\/03\/cable_assemblies-removebg-preview.png\" \/>\n<meta name=\"twitter:card\" content=\"summary_large_image\" \/>\n<meta name=\"twitter:label1\" content=\"Gesch\u00e4tzte Lesezeit\" \/>\n\t<meta name=\"twitter:data1\" content=\"1\u00a0Minute\" \/>\n<script type=\"application\/ld+json\" class=\"yoast-schema-graph\">{\"@context\":\"https:\/\/schema.org\",\"@graph\":[{\"@type\":\"WebPage\",\"@id\":\"https:\/\/www.hvproducts.de\/cable_assemblies_up_to_320kvdc\",\"url\":\"https:\/\/www.hvproducts.de\/cable_assemblies_up_to_320kvdc\",\"name\":\"Cable Assemblies up to 320kVDC - HVP: High Voltage Products GmbH\",\"isPartOf\":{\"@id\":\"https:\/\/hvproducts.de\/#website\"},\"primaryImageOfPage\":{\"@id\":\"https:\/\/www.hvproducts.de\/cable_assemblies_up_to_320kvdc#primaryimage\"},\"image\":{\"@id\":\"https:\/\/www.hvproducts.de\/cable_assemblies_up_to_320kvdc#primaryimage\"},\"thumbnailUrl\":\"https:\/\/www.hvproducts.de\/wp-content\/uploads\/2021\/03\/cable_assemblies-removebg-preview.png\",\"datePublished\":\"2021-03-30T09:19:45+00:00\",\"dateModified\":\"2021-04-25T13:23:10+00:00\",\"breadcrumb\":{\"@id\":\"https:\/\/www.hvproducts.de\/cable_assemblies_up_to_320kvdc#breadcrumb\"},\"inLanguage\":\"de\",\"potentialAction\":[{\"@type\":\"ReadAction\",\"target\":[\"https:\/\/www.hvproducts.de\/cable_assemblies_up_to_320kvdc\"]}]},{\"@type\":\"ImageObject\",\"inLanguage\":\"de\",\"@id\":\"https:\/\/www.hvproducts.de\/cable_assemblies_up_to_320kvdc#primaryimage\",\"url\":\"https:\/\/www.hvproducts.de\/wp-content\/uploads\/2021\/03\/cable_assemblies-removebg-preview.png\",\"contentUrl\":\"https:\/\/www.hvproducts.de\/wp-content\/uploads\/2021\/03\/cable_assemblies-removebg-preview.png\"},{\"@type\":\"BreadcrumbList\",\"@id\":\"https:\/\/www.hvproducts.de\/cable_assemblies_up_to_320kvdc#breadcrumb\",\"itemListElement\":[{\"@type\":\"ListItem\",\"position\":1,\"name\":\"Home\",\"item\":\"https:\/\/www.hvproducts.de\/\"},{\"@type\":\"ListItem\",\"position\":2,\"name\":\"Cable Assemblies up to 320kVDC\"}]},{\"@type\":\"WebSite\",\"@id\":\"https:\/\/hvproducts.de\/#website\",\"url\":\"https:\/\/hvproducts.de\/\",\"name\":\"HVP: High Voltage Products GmbH\",\"description\":\"High Voltage Products GmbH\",\"publisher\":{\"@id\":\"https:\/\/hvproducts.de\/#organization\"},\"potentialAction\":[{\"@type\":\"SearchAction\",\"target\":{\"@type\":\"EntryPoint\",\"urlTemplate\":\"https:\/\/hvproducts.de\/?s={search_term_string}\"},\"query-input\":{\"@type\":\"PropertyValueSpecification\",\"valueRequired\":true,\"valueName\":\"search_term_string\"}}],\"inLanguage\":\"de\"},{\"@type\":\"Organization\",\"@id\":\"https:\/\/hvproducts.de\/#organization\",\"name\":\"HVP: High Voltage Products GmbH\",\"url\":\"https:\/\/hvproducts.de\/\",\"logo\":{\"@type\":\"ImageObject\",\"inLanguage\":\"de\",\"@id\":\"https:\/\/hvproducts.de\/#\/schema\/logo\/image\/\",\"url\":\"https:\/\/www.hvproducts.de\/wp-content\/uploads\/2021\/01\/cropped-iPhone-X-XS-11-Pro-\u2013-1@2x-2.png\",\"contentUrl\":\"https:\/\/www.hvproducts.de\/wp-content\/uploads\/2021\/01\/cropped-iPhone-X-XS-11-Pro-\u2013-1@2x-2.png\",\"width\":723,\"height\":224,\"caption\":\"HVP: High Voltage Products GmbH\"},\"image\":{\"@id\":\"https:\/\/hvproducts.de\/#\/schema\/logo\/image\/\"}}]}<\/script>\n<!-- \/ Yoast SEO plugin. -->","yoast_head_json":{"title":"Cable Assemblies up to 320kVDC - HVP: High Voltage Products GmbH","robots":{"index":"index","follow":"follow","max-snippet":"max-snippet:-1","max-image-preview":"max-image-preview:large","max-video-preview":"max-video-preview:-1"},"canonical":"https:\/\/www.hvproducts.de\/de\/cable_assemblies_up_to_320kvdc\/","og_locale":"de_DE","og_type":"article","og_title":"Cable Assemblies up to 320kVDC - HVP: High Voltage Products GmbH","og_description":"Home \/ Products \/ High Voltage \/ HV Passive Components \/ Cables &amp; Assemblies \/ Unshielded Cable High Voltage Cable Assemblies We are a world leader in the design and manufacture of Industrial Cable Assemblies, offering a complete range of High Voltage interconnect solutions for non-destructive testing, computed tomography and metrology. Our assemblies are used [&hellip;]","og_url":"https:\/\/www.hvproducts.de\/de\/cable_assemblies_up_to_320kvdc\/","og_site_name":"HVP: High Voltage Products GmbH","article_modified_time":"2021-04-25T13:23:10+00:00","og_image":[{"url":"https:\/\/www.hvproducts.de\/wp-content\/uploads\/2021\/03\/cable_assemblies-removebg-preview.png","type":"","width":"","height":""}],"twitter_card":"summary_large_image","twitter_misc":{"Gesch\u00e4tzte Lesezeit":"1\u00a0Minute"},"schema":{"@context":"https:\/\/schema.org","@graph":[{"@type":"WebPage","@id":"https:\/\/www.hvproducts.de\/cable_assemblies_up_to_320kvdc","url":"https:\/\/www.hvproducts.de\/cable_assemblies_up_to_320kvdc","name":"Cable Assemblies up to 320kVDC - HVP: High Voltage Products GmbH","isPartOf":{"@id":"https:\/\/hvproducts.de\/#website"},"primaryImageOfPage":{"@id":"https:\/\/www.hvproducts.de\/cable_assemblies_up_to_320kvdc#primaryimage"},"image":{"@id":"https:\/\/www.hvproducts.de\/cable_assemblies_up_to_320kvdc#primaryimage"},"thumbnailUrl":"https:\/\/www.hvproducts.de\/wp-content\/uploads\/2021\/03\/cable_assemblies-removebg-preview.png","datePublished":"2021-03-30T09:19:45+00:00","dateModified":"2021-04-25T13:23:10+00:00","breadcrumb":{"@id":"https:\/\/www.hvproducts.de\/cable_assemblies_up_to_320kvdc#breadcrumb"},"inLanguage":"de","potentialAction":[{"@type":"ReadAction","target":["https:\/\/www.hvproducts.de\/cable_assemblies_up_to_320kvdc"]}]},{"@type":"ImageObject","inLanguage":"de","@id":"https:\/\/www.hvproducts.de\/cable_assemblies_up_to_320kvdc#primaryimage","url":"https:\/\/www.hvproducts.de\/wp-content\/uploads\/2021\/03\/cable_assemblies-removebg-preview.png","contentUrl":"https:\/\/www.hvproducts.de\/wp-content\/uploads\/2021\/03\/cable_assemblies-removebg-preview.png"},{"@type":"BreadcrumbList","@id":"https:\/\/www.hvproducts.de\/cable_assemblies_up_to_320kvdc#breadcrumb","itemListElement":[{"@type":"ListItem","position":1,"name":"Home","item":"https:\/\/www.hvproducts.de\/"},{"@type":"ListItem","position":2,"name":"Cable Assemblies up to 320kVDC"}]},{"@type":"WebSite","@id":"https:\/\/hvproducts.de\/#website","url":"https:\/\/hvproducts.de\/","name":"HVP: High Voltage Products GmbH","description":"High Voltage Products GmbH","publisher":{"@id":"https:\/\/hvproducts.de\/#organization"},"potentialAction":[{"@type":"SearchAction","target":{"@type":"EntryPoint","urlTemplate":"https:\/\/hvproducts.de\/?s={search_term_string}"},"query-input":{"@type":"PropertyValueSpecification","valueRequired":true,"valueName":"search_term_string"}}],"inLanguage":"de"},{"@type":"Organization","@id":"https:\/\/hvproducts.de\/#organization","name":"HVP: High Voltage Products GmbH","url":"https:\/\/hvproducts.de\/","logo":{"@type":"ImageObject","inLanguage":"de","@id":"https:\/\/hvproducts.de\/#\/schema\/logo\/image\/","url":"https:\/\/www.hvproducts.de\/wp-content\/uploads\/2021\/01\/cropped-iPhone-X-XS-11-Pro-\u2013-1@2x-2.png","contentUrl":"https:\/\/www.hvproducts.de\/wp-content\/uploads\/2021\/01\/cropped-iPhone-X-XS-11-Pro-\u2013-1@2x-2.png","width":723,"height":224,"caption":"HVP: High Voltage Products GmbH"},"image":{"@id":"https:\/\/hvproducts.de\/#\/schema\/logo\/image\/"}}]}},"_links":{"self":[{"href":"https:\/\/www.hvproducts.de\/de\/wp-json\/wp\/v2\/pages\/8338","targetHints":{"allow":["GET"]}}],"collection":[{"href":"https:\/\/www.hvproducts.de\/de\/wp-json\/wp\/v2\/pages"}],"about":[{"href":"https:\/\/www.hvproducts.de\/de\/wp-json\/wp\/v2\/types\/page"}],"author":[{"embeddable":true,"href":"https:\/\/www.hvproducts.de\/de\/wp-json\/wp\/v2\/users\/1"}],"replies":[{"embeddable":true,"href":"https:\/\/www.hvproducts.de\/de\/wp-json\/wp\/v2\/comments?post=8338"}],"version-history":[{"count":13,"href":"https:\/\/www.hvproducts.de\/de\/wp-json\/wp\/v2\/pages\/8338\/revisions"}],"predecessor-version":[{"id":11500,"href":"https:\/\/www.hvproducts.de\/de\/wp-json\/wp\/v2\/pages\/8338\/revisions\/11500"}],"wp:attachment":[{"href":"https:\/\/www.hvproducts.de\/de\/wp-json\/wp\/v2\/media?parent=8338"}],"curies":[{"name":"wp","href":"https:\/\/api.w.org\/{rel}","templated":true}]}}