{"id":7826,"date":"2021-03-29T09:26:05","date_gmt":"2021-03-29T09:26:05","guid":{"rendered":"https:\/\/hvct.eu\/?page_id=7826"},"modified":"2021-04-25T13:05:50","modified_gmt":"2021-04-25T13:05:50","slug":"navio_rf_match_networks","status":"publish","type":"page","link":"https:\/\/www.hvproducts.de\/de\/navio_rf_match_networks","title":{"rendered":"Navio &#8211; RF Match Networks"},"content":{"rendered":"<div data-elementor-type=\"wp-page\" data-elementor-id=\"7826\" class=\"elementor elementor-7826\">\n\t\t\t\t\t\t<section class=\"elementor-section elementor-top-section elementor-element elementor-element-9bc6fa7 elementor-section-boxed elementor-section-height-default elementor-section-height-default\" data-id=\"9bc6fa7\" data-element_type=\"section\" data-e-type=\"section\">\n\t\t\t\t\t\t\t<div class=\"elementor-background-overlay\"><\/div>\n\t\t\t\t\t\t\t<div class=\"elementor-container elementor-column-gap-default\">\n\t\t\t\t\t<div class=\"elementor-column elementor-col-100 elementor-top-column elementor-element elementor-element-b58caa1\" data-id=\"b58caa1\" data-element_type=\"column\" data-e-type=\"column\">\n\t\t\t<div class=\"elementor-widget-wrap elementor-element-populated\">\n\t\t\t\t\t\t<div class=\"elementor-element elementor-element-423ce7c elementor-widget elementor-widget-text-editor\" data-id=\"423ce7c\" data-element_type=\"widget\" data-e-type=\"widget\" data-widget_type=\"text-editor.default\">\n\t\t\t\t<div class=\"elementor-widget-container\">\n\t\t\t\t\t\t\t\t\t<p><a href=\"https:\/\/www.hvproducts.de\">Startseite<\/a> \/ Produkte \/ Hochfrequenz \/ Plasmastromgeneratoren \/ <a href=\"https:\/\/www.hvproducts.de\/rf_match_networks\/\">RF Match Netzwerk<\/a> \/ Navio<\/p>\t\t\t\t\t\t\t\t<\/div>\n\t\t\t\t<\/div>\n\t\t\t\t<div class=\"elementor-element elementor-element-14d6d47 elementor-widget elementor-widget-heading\" data-id=\"14d6d47\" data-element_type=\"widget\" data-e-type=\"widget\" data-widget_type=\"heading.default\">\n\t\t\t\t<div class=\"elementor-widget-container\">\n\t\t\t\t\t<h2 class=\"elementor-heading-title elementor-size-default\"><h1 style=\"margin-bottom: 0.5rem;font-weight: 500;font-size: 30px;, sans-serif;font-style: normal;white-space: normal\">Navio - RF Match Netzwerke<\/h1><\/h2>\t\t\t\t<\/div>\n\t\t\t\t<\/div>\n\t\t\t\t<div class=\"elementor-element elementor-element-3cf3d05 elementor-widget elementor-widget-text-editor\" data-id=\"3cf3d05\" data-element_type=\"widget\" data-e-type=\"widget\" data-widget_type=\"text-editor.default\">\n\t\t\t\t<div class=\"elementor-widget-container\">\n\t\t\t\t\t\t\t\t\t<div class=\"wrapper text layout1\"><div class=\"container\"><div class=\"row\"><div class=\"col-sm-12\"><div class=\"wysiwyg\"><h4>Wirtschaftliche, digitale, konfigurierbare Matching-Netzwerkl\u00f6sung<\/h4><p>Das Navio-Anpassungsnetzwerk bietet eine schnelle, genaue und wiederholbare Impedanz f\u00fcr viele Anwendungen.<\/p><ul><li>Plug-and-Play-Installation mit den RF-Netzteilen von Advanced Energy f\u00fcr D\u00fcnnschichtanwendungen<\/li><li>Effiziente und stabile Leistungsabgabe<\/li><li>Kompakt und luftgek\u00fchlt (Standardgeh\u00e4use oder schlanke Version)<\/li><\/ul><\/div><\/div><\/div><\/div><\/div>\t\t\t\t\t\t\t\t<\/div>\n\t\t\t\t<\/div>\n\t\t\t\t\t<\/div>\n\t\t<\/div>\n\t\t\t\t\t<\/div>\n\t\t<\/section>\n\t\t\t\t<section class=\"elementor-section elementor-top-section elementor-element elementor-element-b20ef26 elementor-section-boxed elementor-section-height-default elementor-section-height-default\" data-id=\"b20ef26\" data-element_type=\"section\" data-e-type=\"section\">\n\t\t\t\t\t\t<div class=\"elementor-container elementor-column-gap-default\">\n\t\t\t\t\t<div class=\"elementor-column elementor-col-100 elementor-top-column elementor-element elementor-element-36b09ee\" data-id=\"36b09ee\" data-element_type=\"column\" data-e-type=\"column\">\n\t\t\t<div class=\"elementor-widget-wrap elementor-element-populated\">\n\t\t\t\t\t\t<section class=\"elementor-section elementor-inner-section elementor-element elementor-element-7bcb15f elementor-section-boxed elementor-section-height-default elementor-section-height-default\" data-id=\"7bcb15f\" data-element_type=\"section\" data-e-type=\"section\">\n\t\t\t\t\t\t<div class=\"elementor-container elementor-column-gap-default\">\n\t\t\t\t\t<div class=\"elementor-column elementor-col-50 elementor-inner-column elementor-element elementor-element-9380d0c\" data-id=\"9380d0c\" data-element_type=\"column\" data-e-type=\"column\">\n\t\t\t<div class=\"elementor-widget-wrap elementor-element-populated\">\n\t\t\t\t\t\t<div class=\"elementor-element elementor-element-7c4f06f elementor-widget elementor-widget-image\" data-id=\"7c4f06f\" data-element_type=\"widget\" data-e-type=\"widget\" data-widget_type=\"image.default\">\n\t\t\t\t<div class=\"elementor-widget-container\">\n\t\t\t\t\t\t\t\t\t\t\t\t\t\t\t<img fetchpriority=\"high\" decoding=\"async\" width=\"731\" height=\"341\" src=\"https:\/\/www.hvproducts.de\/wp-content\/uploads\/2021\/03\/navio-removebg-preview.png\" class=\"attachment-large size-large wp-image-8495\" alt=\"\" srcset=\"https:\/\/www.hvproducts.de\/wp-content\/uploads\/2021\/03\/navio-removebg-preview.png 731w, https:\/\/www.hvproducts.de\/wp-content\/uploads\/2021\/03\/navio-removebg-preview-300x140.png 300w, https:\/\/www.hvproducts.de\/wp-content\/uploads\/2021\/03\/navio-removebg-preview-18x8.png 18w\" sizes=\"(max-width: 731px) 100vw, 731px\" \/>\t\t\t\t\t\t\t\t\t\t\t\t\t\t\t<\/div>\n\t\t\t\t<\/div>\n\t\t\t\t\t<\/div>\n\t\t<\/div>\n\t\t\t\t<div class=\"elementor-column elementor-col-50 elementor-inner-column elementor-element elementor-element-8e9aad8\" data-id=\"8e9aad8\" data-element_type=\"column\" data-e-type=\"column\">\n\t\t\t<div class=\"elementor-widget-wrap elementor-element-populated\">\n\t\t\t\t\t\t<div class=\"elementor-element elementor-element-18d563a elementor-widget elementor-widget-text-editor\" data-id=\"18d563a\" data-element_type=\"widget\" data-e-type=\"widget\" data-widget_type=\"text-editor.default\">\n\t\t\t\t<div class=\"elementor-widget-container\">\n\t\t\t\t\t\t\t\t\t<ul><li>Schnelle, genaue und wiederholbare Impedanzanpassung<\/li><li>Optimierte Standardfunktionen f\u00fcr viele Anwendungen<\/li><li>Umfangreiches Men\u00fc mit Konfigurationsoptionen f\u00fcr anspruchsvollere Prozesse<\/li><li>Gro\u00dfe Leistungs- und Frequenzbereiche<\/li><li>Kompakte luftgek\u00fchlte Einheit, erh\u00e4ltlich als Standard- oder Slim-Version<\/li><\/ul>\t\t\t\t\t\t\t\t<\/div>\n\t\t\t\t<\/div>\n\t\t\t\t\t<\/div>\n\t\t<\/div>\n\t\t\t\t\t<\/div>\n\t\t<\/section>\n\t\t\t\t\t<\/div>\n\t\t<\/div>\n\t\t\t\t\t<\/div>\n\t\t<\/section>\n\t\t\t\t<section class=\"elementor-section elementor-top-section elementor-element elementor-element-6e8777a elementor-section-boxed elementor-section-height-default elementor-section-height-default\" data-id=\"6e8777a\" data-element_type=\"section\" data-e-type=\"section\">\n\t\t\t\t\t\t<div class=\"elementor-container elementor-column-gap-default\">\n\t\t\t\t\t<div class=\"elementor-column elementor-col-100 elementor-top-column elementor-element elementor-element-cf5f2b2\" data-id=\"cf5f2b2\" data-element_type=\"column\" data-e-type=\"column\">\n\t\t\t<div class=\"elementor-widget-wrap elementor-element-populated\">\n\t\t\t\t\t\t<div class=\"elementor-element elementor-element-3166819 elementor-tabs-view-horizontal elementor-widget elementor-widget-tabs\" data-id=\"3166819\" data-element_type=\"widget\" data-e-type=\"widget\" data-widget_type=\"tabs.default\">\n\t\t\t\t<div class=\"elementor-widget-container\">\n\t\t\t\t\t\t\t<div class=\"elementor-tabs\">\n\t\t\t<div class=\"elementor-tabs-wrapper\" role=\"tablist\" >\n\t\t\t\t\t\t\t\t\t<div id=\"elementor-tab-title-5181\" class=\"elementor-tab-title elementor-tab-desktop-title\" aria-selected=\"true\" data-tab=\"1\" role=\"tab\" tabindex=\"0\" aria-controls=\"elementor-tab-content-5181\" aria-expanded=\"false\">\u00dcbersicht<\/div>\n\t\t\t\t\t\t\t\t\t<div id=\"elementor-tab-title-5182\" class=\"elementor-tab-title elementor-tab-desktop-title\" aria-selected=\"false\" data-tab=\"2\" role=\"tab\" tabindex=\"-1\" aria-controls=\"elementor-tab-content-5182\" aria-expanded=\"false\">Technische Daten<\/div>\n\t\t\t\t\t\t\t\t\t<div id=\"elementor-tab-title-5183\" class=\"elementor-tab-title elementor-tab-desktop-title\" aria-selected=\"false\" data-tab=\"3\" role=\"tab\" tabindex=\"-1\" aria-controls=\"elementor-tab-content-5183\" aria-expanded=\"false\">Datenblatt<\/div>\n\t\t\t\t\t\t\t<\/div>\n\t\t\t<div class=\"elementor-tabs-content-wrapper\" role=\"tablist\" aria-orientation=\"vertical\">\n\t\t\t\t\t\t\t\t\t<div class=\"elementor-tab-title elementor-tab-mobile-title\" aria-selected=\"true\" data-tab=\"1\" role=\"tab\" tabindex=\"0\" aria-controls=\"elementor-tab-content-5181\" aria-expanded=\"false\">\u00dcbersicht<\/div>\n\t\t\t\t\t<div id=\"elementor-tab-content-5181\" class=\"elementor-tab-content elementor-clearfix\" data-tab=\"1\" role=\"tabpanel\" aria-labelledby=\"elementor-tab-title-5181\" tabindex=\"0\" hidden=\"false\"><div class=\"col-sm-6\"><div class=\"wysiwyg\"><p>Erleben Sie Einfachheit und hohe Zuverl\u00e4ssigkeit in einem einzigen, erschwinglichen Paket. Das Navio\u2122-Anpassungsnetzwerk nutzt unser Leistungs-Know-how zur pr\u00e4zisen Anpassung komplexer Plasmaimpedanzen an Ihren Abstimmbereich. Es ist schnell, genau und wiederholbar. Erh\u00e4ltlich in mehreren Leistungsbereichen und Frequenzen, w\u00e4hlen Sie aus einem Standardangebot oder einem konfigurierbaren Design. Die Installation ist praktisch Plug-and-Play mit den HF-Stromversorgungen von Advanced Energy. F\u00fcr die \u00dcberwachung ist die Virtual Front Panel Software erh\u00e4ltlich.<\/p><\/div><\/div><div class=\"col-sm-6\"><div class=\"wysiwyg\"><p>\u00a0 \u00a0 \u00a0<u>Vorteile<\/u><\/p><ul><li>Verbesserung des Durchsatzes, Steigerung der Ausbeute und Senkung der Produktionskosten<\/li><li>W\u00e4hlen Sie ein Standardmodell oder konfigurieren Sie ein Ger\u00e4t, das Ihre Systemanforderungen erf\u00fcllt<\/li><li>Einfache Installation und Bedienung<\/li><li>Hervorragende Wiederholbarkeit f\u00fcr hohe Prozessausbeute<\/li><\/ul><\/div><\/div><\/div>\n\t\t\t\t\t\t\t\t\t<div class=\"elementor-tab-title elementor-tab-mobile-title\" aria-selected=\"false\" data-tab=\"2\" role=\"tab\" tabindex=\"-1\" aria-controls=\"elementor-tab-content-5182\" aria-expanded=\"false\">Technische Daten<\/div>\n\t\t\t\t\t<div id=\"elementor-tab-content-5182\" class=\"elementor-tab-content elementor-clearfix\" data-tab=\"2\" role=\"tabpanel\" aria-labelledby=\"elementor-tab-title-5182\" tabindex=\"0\" hidden=\"hidden\"><div class=\"col-sm-6\"><div class=\"wysiwyg\">\u00a0<\/div><\/div><div class=\"col-sm-6\"><table style=\"border: none; table-layout: fixed; height: 5px;\" width=\"1532\"><tbody><tr><td style=\"padding: 0 25px 0 0; border: none;\"><strong>Leistungsbereich<\/strong><br \/>1,3 und 5 kW<br \/><br \/><strong>Frequenzen<\/strong><br \/>13 bis 60 MHz<br \/><br \/><strong>Eingangsleistung<\/strong><br \/>24 VDC oder 110 VAC<\/td><td style=\"padding: 0 25px 0 0; border: none;\"><table style=\"border: none; table-layout: fixed;\"><tbody><tr><td style=\"padding: 0 25px 0 0; border: none;\"><table style=\"border: none; table-layout: fixed; height: 252px;\" width=\"462\"><tbody><tr><td style=\"padding: 0 25px 0 0; border: none;\"><p><strong>Abstimmzeit (typisch)<\/strong><br \/>2 bis 3 Sekunden<br \/><br \/><strong>K\u00fchlung<\/strong><br \/>Luft<br \/><br \/><strong>Verf\u00fcgbare Schnittstellen<\/strong><br \/>Analog, RS 232, Profibus<\/p><\/td><\/tr><\/tbody><\/table><\/td><\/tr><\/tbody><\/table><\/td><td style=\"border: none;\">\u00a0<\/td><\/tr><\/tbody><\/table><\/div><\/div>\n\t\t\t\t\t\t\t\t\t<div class=\"elementor-tab-title elementor-tab-mobile-title\" aria-selected=\"false\" data-tab=\"3\" role=\"tab\" tabindex=\"-1\" aria-controls=\"elementor-tab-content-5183\" aria-expanded=\"false\">Datenblatt<\/div>\n\t\t\t\t\t<div id=\"elementor-tab-content-5183\" class=\"elementor-tab-content elementor-clearfix\" data-tab=\"3\" role=\"tabpanel\" aria-labelledby=\"elementor-tab-title-5183\" tabindex=\"0\" hidden=\"hidden\"><p><a href=\"https:\/\/www.hvproducts.de\/media\/navio-product-data-sheet.pdf\"><img decoding=\"async\" class=\"alignnone size-full wp-image-5416\" src=\"https:\/\/www.hvproducts.de\/wp-content\/uploads\/2021\/03\/download-2.png\" alt=\"\" width=\"40\" height=\"48\" srcset=\"https:\/\/www.hvproducts.de\/wp-content\/uploads\/2021\/03\/download-2.png 40w, https:\/\/www.hvproducts.de\/wp-content\/uploads\/2021\/03\/download-2-10x12.png 10w\" sizes=\"(max-width: 40px) 100vw, 40px\" \/><\/a> <a href=\"https:\/\/www.hvproducts.de\/wp-content\/uploads\/2021\/04\/navio-product-data-sheet.pdf\">Navio Datenblatt<\/a><\/p><\/div>\n\t\t\t\t\t\t\t<\/div>\n\t\t<\/div>\n\t\t\t\t\t\t<\/div>\n\t\t\t\t<\/div>\n\t\t\t\t<div class=\"elementor-element elementor-element-23f89a4 elementor-widget elementor-widget-spacer\" data-id=\"23f89a4\" data-element_type=\"widget\" data-e-type=\"widget\" data-widget_type=\"spacer.default\">\n\t\t\t\t<div class=\"elementor-widget-container\">\n\t\t\t\t\t\t\t<div class=\"elementor-spacer\">\n\t\t\t<div class=\"elementor-spacer-inner\"><\/div>\n\t\t<\/div>\n\t\t\t\t\t\t<\/div>\n\t\t\t\t<\/div>\n\t\t\t\t\t<\/div>\n\t\t<\/div>\n\t\t\t\t\t<\/div>\n\t\t<\/section>\n\t\t\t\t<\/div>","protected":false},"excerpt":{"rendered":"<p>Home \/ Products \/ High Frequency \/ Plasma Power Generators \/ RF Match Network \/ Navio Navio &#8211; RF Match Networks Economical, Digital, Configurable Matching Network Solution The Navio matching network delivers quick, accurate, and repeatable impedance across many applications. Plug-and-play installation with Advanced Energy\u2019s RF power supplies for thin film applications Efficient and stable [&hellip;]<\/p>\n","protected":false},"author":1,"featured_media":0,"parent":0,"menu_order":0,"comment_status":"closed","ping_status":"closed","template":"","meta":{"site-sidebar-layout":"no-sidebar","site-content-layout":"page-builder","ast-site-content-layout":"default","site-content-style":"default","site-sidebar-style":"default","ast-global-header-display":"","ast-banner-title-visibility":"","ast-main-header-display":"","ast-hfb-above-header-display":"","ast-hfb-below-header-display":"","ast-hfb-mobile-header-display":"","site-post-title":"disabled","ast-breadcrumbs-content":"","ast-featured-img":"disabled","footer-sml-layout":"","ast-disable-related-posts":"","theme-transparent-header-meta":"default","adv-header-id-meta":"","stick-header-meta":"","header-above-stick-meta":"","header-main-stick-meta":"","header-below-stick-meta":"","astra-migrate-meta-layouts":"default","ast-page-background-enabled":"default","ast-page-background-meta":{"desktop":{"background-color":"","background-image":"","background-repeat":"repeat","background-position":"center center","background-size":"auto","background-attachment":"scroll","background-type":"","background-media":"","overlay-type":"","overlay-color":"","overlay-opacity":"","overlay-gradient":""},"tablet":{"background-color":"","background-image":"","background-repeat":"repeat","background-position":"center center","background-size":"auto","background-attachment":"scroll","background-type":"","background-media":"","overlay-type":"","overlay-color":"","overlay-opacity":"","overlay-gradient":""},"mobile":{"background-color":"","background-image":"","background-repeat":"repeat","background-position":"center center","background-size":"auto","background-attachment":"scroll","background-type":"","background-media":"","overlay-type":"","overlay-color":"","overlay-opacity":"","overlay-gradient":""}},"ast-content-background-meta":{"desktop":{"background-color":"var(--ast-global-color-5)","background-image":"","background-repeat":"repeat","background-position":"center center","background-size":"auto","background-attachment":"scroll","background-type":"","background-media":"","overlay-type":"","overlay-color":"","overlay-opacity":"","overlay-gradient":""},"tablet":{"background-color":"var(--ast-global-color-5)","background-image":"","background-repeat":"repeat","background-position":"center center","background-size":"auto","background-attachment":"scroll","background-type":"","background-media":"","overlay-type":"","overlay-color":"","overlay-opacity":"","overlay-gradient":""},"mobile":{"background-color":"var(--ast-global-color-5)","background-image":"","background-repeat":"repeat","background-position":"center center","background-size":"auto","background-attachment":"scroll","background-type":"","background-media":"","overlay-type":"","overlay-color":"","overlay-opacity":"","overlay-gradient":""}},"footnotes":""},"class_list":["post-7826","page","type-page","status-publish","hentry"],"yoast_head":"<!-- This site is optimized with the Yoast SEO plugin v27.2 - https:\/\/yoast.com\/product\/yoast-seo-wordpress\/ -->\n<title>Navio - RF Match Networks - HVP: High Voltage Products GmbH<\/title>\n<meta name=\"robots\" content=\"index, follow, max-snippet:-1, max-image-preview:large, max-video-preview:-1\" \/>\n<link rel=\"canonical\" href=\"https:\/\/www.hvproducts.de\/de\/navio_rf_match_networks\/\" \/>\n<meta property=\"og:locale\" content=\"de_DE\" \/>\n<meta property=\"og:type\" content=\"article\" \/>\n<meta property=\"og:title\" content=\"Navio - RF Match Networks - HVP: High Voltage Products GmbH\" \/>\n<meta property=\"og:description\" content=\"Home \/ Products \/ High Frequency \/ Plasma Power Generators \/ RF Match Network \/ Navio Navio &#8211; RF Match Networks Economical, Digital, Configurable Matching Network Solution The Navio matching network delivers quick, accurate, and repeatable impedance across many applications. Plug-and-play installation with Advanced Energy\u2019s RF power supplies for thin film applications Efficient and stable [&hellip;]\" \/>\n<meta property=\"og:url\" content=\"https:\/\/www.hvproducts.de\/de\/navio_rf_match_networks\/\" \/>\n<meta property=\"og:site_name\" content=\"HVP: High Voltage Products GmbH\" \/>\n<meta property=\"article:modified_time\" content=\"2021-04-25T13:05:50+00:00\" \/>\n<meta property=\"og:image\" content=\"https:\/\/www.hvproducts.de\/wp-content\/uploads\/2021\/03\/navio-removebg-preview.png\" \/>\n<meta name=\"twitter:card\" content=\"summary_large_image\" \/>\n<meta name=\"twitter:label1\" content=\"Gesch\u00e4tzte Lesezeit\" \/>\n\t<meta name=\"twitter:data1\" content=\"1\u00a0Minute\" \/>\n<script type=\"application\/ld+json\" class=\"yoast-schema-graph\">{\"@context\":\"https:\/\/schema.org\",\"@graph\":[{\"@type\":\"WebPage\",\"@id\":\"https:\/\/www.hvproducts.de\/navio_rf_match_networks\",\"url\":\"https:\/\/www.hvproducts.de\/navio_rf_match_networks\",\"name\":\"Navio - RF Match Networks - HVP: High Voltage Products GmbH\",\"isPartOf\":{\"@id\":\"https:\/\/hvproducts.de\/#website\"},\"primaryImageOfPage\":{\"@id\":\"https:\/\/www.hvproducts.de\/navio_rf_match_networks#primaryimage\"},\"image\":{\"@id\":\"https:\/\/www.hvproducts.de\/navio_rf_match_networks#primaryimage\"},\"thumbnailUrl\":\"https:\/\/www.hvproducts.de\/wp-content\/uploads\/2021\/03\/navio-removebg-preview.png\",\"datePublished\":\"2021-03-29T09:26:05+00:00\",\"dateModified\":\"2021-04-25T13:05:50+00:00\",\"breadcrumb\":{\"@id\":\"https:\/\/www.hvproducts.de\/navio_rf_match_networks#breadcrumb\"},\"inLanguage\":\"de\",\"potentialAction\":[{\"@type\":\"ReadAction\",\"target\":[\"https:\/\/www.hvproducts.de\/navio_rf_match_networks\"]}]},{\"@type\":\"ImageObject\",\"inLanguage\":\"de\",\"@id\":\"https:\/\/www.hvproducts.de\/navio_rf_match_networks#primaryimage\",\"url\":\"https:\/\/www.hvproducts.de\/wp-content\/uploads\/2021\/03\/navio-removebg-preview.png\",\"contentUrl\":\"https:\/\/www.hvproducts.de\/wp-content\/uploads\/2021\/03\/navio-removebg-preview.png\"},{\"@type\":\"BreadcrumbList\",\"@id\":\"https:\/\/www.hvproducts.de\/navio_rf_match_networks#breadcrumb\",\"itemListElement\":[{\"@type\":\"ListItem\",\"position\":1,\"name\":\"Home\",\"item\":\"https:\/\/www.hvproducts.de\/\"},{\"@type\":\"ListItem\",\"position\":2,\"name\":\"Navio &#8211; RF Match Networks\"}]},{\"@type\":\"WebSite\",\"@id\":\"https:\/\/hvproducts.de\/#website\",\"url\":\"https:\/\/hvproducts.de\/\",\"name\":\"HVP: High Voltage Products GmbH\",\"description\":\"High Voltage Products GmbH\",\"publisher\":{\"@id\":\"https:\/\/hvproducts.de\/#organization\"},\"potentialAction\":[{\"@type\":\"SearchAction\",\"target\":{\"@type\":\"EntryPoint\",\"urlTemplate\":\"https:\/\/hvproducts.de\/?s={search_term_string}\"},\"query-input\":{\"@type\":\"PropertyValueSpecification\",\"valueRequired\":true,\"valueName\":\"search_term_string\"}}],\"inLanguage\":\"de\"},{\"@type\":\"Organization\",\"@id\":\"https:\/\/hvproducts.de\/#organization\",\"name\":\"HVP: High Voltage Products GmbH\",\"url\":\"https:\/\/hvproducts.de\/\",\"logo\":{\"@type\":\"ImageObject\",\"inLanguage\":\"de\",\"@id\":\"https:\/\/hvproducts.de\/#\/schema\/logo\/image\/\",\"url\":\"https:\/\/www.hvproducts.de\/wp-content\/uploads\/2021\/01\/cropped-iPhone-X-XS-11-Pro-\u2013-1@2x-2.png\",\"contentUrl\":\"https:\/\/www.hvproducts.de\/wp-content\/uploads\/2021\/01\/cropped-iPhone-X-XS-11-Pro-\u2013-1@2x-2.png\",\"width\":723,\"height\":224,\"caption\":\"HVP: High Voltage Products GmbH\"},\"image\":{\"@id\":\"https:\/\/hvproducts.de\/#\/schema\/logo\/image\/\"}}]}<\/script>\n<!-- \/ Yoast SEO plugin. -->","yoast_head_json":{"title":"Navio - RF Match Networks - HVP: High Voltage Products GmbH","robots":{"index":"index","follow":"follow","max-snippet":"max-snippet:-1","max-image-preview":"max-image-preview:large","max-video-preview":"max-video-preview:-1"},"canonical":"https:\/\/www.hvproducts.de\/de\/navio_rf_match_networks\/","og_locale":"de_DE","og_type":"article","og_title":"Navio - RF Match Networks - HVP: High Voltage Products GmbH","og_description":"Home \/ Products \/ High Frequency \/ Plasma Power Generators \/ RF Match Network \/ Navio Navio &#8211; RF Match Networks Economical, Digital, Configurable Matching Network Solution The Navio matching network delivers quick, accurate, and repeatable impedance across many applications. Plug-and-play installation with Advanced Energy\u2019s RF power supplies for thin film applications Efficient and stable [&hellip;]","og_url":"https:\/\/www.hvproducts.de\/de\/navio_rf_match_networks\/","og_site_name":"HVP: High Voltage Products GmbH","article_modified_time":"2021-04-25T13:05:50+00:00","og_image":[{"url":"https:\/\/www.hvproducts.de\/wp-content\/uploads\/2021\/03\/navio-removebg-preview.png","type":"","width":"","height":""}],"twitter_card":"summary_large_image","twitter_misc":{"Gesch\u00e4tzte Lesezeit":"1\u00a0Minute"},"schema":{"@context":"https:\/\/schema.org","@graph":[{"@type":"WebPage","@id":"https:\/\/www.hvproducts.de\/navio_rf_match_networks","url":"https:\/\/www.hvproducts.de\/navio_rf_match_networks","name":"Navio - RF Match Networks - HVP: High Voltage Products GmbH","isPartOf":{"@id":"https:\/\/hvproducts.de\/#website"},"primaryImageOfPage":{"@id":"https:\/\/www.hvproducts.de\/navio_rf_match_networks#primaryimage"},"image":{"@id":"https:\/\/www.hvproducts.de\/navio_rf_match_networks#primaryimage"},"thumbnailUrl":"https:\/\/www.hvproducts.de\/wp-content\/uploads\/2021\/03\/navio-removebg-preview.png","datePublished":"2021-03-29T09:26:05+00:00","dateModified":"2021-04-25T13:05:50+00:00","breadcrumb":{"@id":"https:\/\/www.hvproducts.de\/navio_rf_match_networks#breadcrumb"},"inLanguage":"de","potentialAction":[{"@type":"ReadAction","target":["https:\/\/www.hvproducts.de\/navio_rf_match_networks"]}]},{"@type":"ImageObject","inLanguage":"de","@id":"https:\/\/www.hvproducts.de\/navio_rf_match_networks#primaryimage","url":"https:\/\/www.hvproducts.de\/wp-content\/uploads\/2021\/03\/navio-removebg-preview.png","contentUrl":"https:\/\/www.hvproducts.de\/wp-content\/uploads\/2021\/03\/navio-removebg-preview.png"},{"@type":"BreadcrumbList","@id":"https:\/\/www.hvproducts.de\/navio_rf_match_networks#breadcrumb","itemListElement":[{"@type":"ListItem","position":1,"name":"Home","item":"https:\/\/www.hvproducts.de\/"},{"@type":"ListItem","position":2,"name":"Navio &#8211; RF Match Networks"}]},{"@type":"WebSite","@id":"https:\/\/hvproducts.de\/#website","url":"https:\/\/hvproducts.de\/","name":"HVP: High Voltage Products GmbH","description":"High Voltage Products GmbH","publisher":{"@id":"https:\/\/hvproducts.de\/#organization"},"potentialAction":[{"@type":"SearchAction","target":{"@type":"EntryPoint","urlTemplate":"https:\/\/hvproducts.de\/?s={search_term_string}"},"query-input":{"@type":"PropertyValueSpecification","valueRequired":true,"valueName":"search_term_string"}}],"inLanguage":"de"},{"@type":"Organization","@id":"https:\/\/hvproducts.de\/#organization","name":"HVP: High Voltage Products GmbH","url":"https:\/\/hvproducts.de\/","logo":{"@type":"ImageObject","inLanguage":"de","@id":"https:\/\/hvproducts.de\/#\/schema\/logo\/image\/","url":"https:\/\/www.hvproducts.de\/wp-content\/uploads\/2021\/01\/cropped-iPhone-X-XS-11-Pro-\u2013-1@2x-2.png","contentUrl":"https:\/\/www.hvproducts.de\/wp-content\/uploads\/2021\/01\/cropped-iPhone-X-XS-11-Pro-\u2013-1@2x-2.png","width":723,"height":224,"caption":"HVP: High Voltage Products GmbH"},"image":{"@id":"https:\/\/hvproducts.de\/#\/schema\/logo\/image\/"}}]}},"_links":{"self":[{"href":"https:\/\/www.hvproducts.de\/de\/wp-json\/wp\/v2\/pages\/7826","targetHints":{"allow":["GET"]}}],"collection":[{"href":"https:\/\/www.hvproducts.de\/de\/wp-json\/wp\/v2\/pages"}],"about":[{"href":"https:\/\/www.hvproducts.de\/de\/wp-json\/wp\/v2\/types\/page"}],"author":[{"embeddable":true,"href":"https:\/\/www.hvproducts.de\/de\/wp-json\/wp\/v2\/users\/1"}],"replies":[{"embeddable":true,"href":"https:\/\/www.hvproducts.de\/de\/wp-json\/wp\/v2\/comments?post=7826"}],"version-history":[{"count":25,"href":"https:\/\/www.hvproducts.de\/de\/wp-json\/wp\/v2\/pages\/7826\/revisions"}],"predecessor-version":[{"id":11391,"href":"https:\/\/www.hvproducts.de\/de\/wp-json\/wp\/v2\/pages\/7826\/revisions\/11391"}],"wp:attachment":[{"href":"https:\/\/www.hvproducts.de\/de\/wp-json\/wp\/v2\/media?parent=7826"}],"curies":[{"name":"wp","href":"https:\/\/api.w.org\/{rel}","templated":true}]}}