{"id":7147,"date":"2021-03-27T21:26:18","date_gmt":"2021-03-27T21:26:18","guid":{"rendered":"https:\/\/hvct.eu\/?page_id=7147"},"modified":"2021-03-27T21:34:11","modified_gmt":"2021-03-27T21:34:11","slug":"research_project","status":"publish","type":"page","link":"https:\/\/www.hvproducts.de\/de\/research_project","title":{"rendered":"Forschungsprojekt"},"content":{"rendered":"<div data-elementor-type=\"wp-page\" data-elementor-id=\"7147\" class=\"elementor elementor-7147\">\n\t\t\t\t\t\t<section class=\"elementor-section elementor-top-section elementor-element elementor-element-9bc6fa7 elementor-section-boxed elementor-section-height-default elementor-section-height-default\" data-id=\"9bc6fa7\" data-element_type=\"section\" data-e-type=\"section\">\n\t\t\t\t\t\t<div class=\"elementor-container elementor-column-gap-default\">\n\t\t\t\t\t<div class=\"elementor-column elementor-col-100 elementor-top-column elementor-element elementor-element-b58caa1\" data-id=\"b58caa1\" data-element_type=\"column\" data-e-type=\"column\">\n\t\t\t<div class=\"elementor-widget-wrap elementor-element-populated\">\n\t\t\t\t\t\t<div class=\"elementor-element elementor-element-423ce7c elementor-widget elementor-widget-text-editor\" data-id=\"423ce7c\" data-element_type=\"widget\" data-e-type=\"widget\" data-widget_type=\"text-editor.default\">\n\t\t\t\t<div class=\"elementor-widget-container\">\n\t\t\t\t\t\t\t\t\t<p><a href=\"https:\/\/www.hvproducts.de\">Startseite<\/a> \/ Unternehmen\/ <a href=\"https:\/\/www.hvproducts.de\/research_project\/\">Forschungsprojekt<\/a><\/p>\t\t\t\t\t\t\t\t<\/div>\n\t\t\t\t<\/div>\n\t\t\t\t<div class=\"elementor-element elementor-element-14d6d47 elementor-widget elementor-widget-heading\" data-id=\"14d6d47\" data-element_type=\"widget\" data-e-type=\"widget\" data-widget_type=\"heading.default\">\n\t\t\t\t<div class=\"elementor-widget-container\">\n\t\t\t\t\t<h2 class=\"elementor-heading-title elementor-size-default\"><h1 style=\"margin-bottom: 0.5rem;font-weight: 500;font-size: 30px;, sans-serif;font-style: normal;white-space: normal\">Hochspannungs-Stromversorgungssysteme f\u00fcr die Tiefsee<\/h1><\/h2>\t\t\t\t<\/div>\n\t\t\t\t<\/div>\n\t\t\t\t<section class=\"elementor-section elementor-inner-section elementor-element elementor-element-f517364 elementor-section-boxed elementor-section-height-default elementor-section-height-default\" data-id=\"f517364\" data-element_type=\"section\" data-e-type=\"section\">\n\t\t\t\t\t\t<div class=\"elementor-container elementor-column-gap-default\">\n\t\t\t\t\t<div class=\"elementor-column elementor-col-50 elementor-inner-column elementor-element elementor-element-95ad116\" data-id=\"95ad116\" data-element_type=\"column\" data-e-type=\"column\">\n\t\t\t<div class=\"elementor-widget-wrap elementor-element-populated\">\n\t\t\t\t\t\t<div class=\"elementor-element elementor-element-02f364f elementor-widget elementor-widget-text-editor\" data-id=\"02f364f\" data-element_type=\"widget\" data-e-type=\"widget\" data-widget_type=\"text-editor.default\">\n\t\t\t\t<div class=\"elementor-widget-container\">\n\t\t\t\t\t\t\t\t\t<p><strong>Druckunabh\u00e4ngige Stromversorgungssysteme f\u00fcr den Meeresboden<\/strong><\/p><p>Das Verbundprojekt \"Druckneutrale Hochspannungssysteme\" ist ein Forschungsprogramm zur Erforschung effizienter, wartungsarmer Stromversorgungssysteme f\u00fcr Tiefseeanwendungen. Beteiligt sind zwei Universit\u00e4ten in Verbindung mit zwei Industriepartnern.<\/p><p>Die gr\u00f6\u00dfte Herausforderung beim Einsatz in der Tiefsee besteht darin, den extremen Bedingungen standzuhalten:\u00a0<\/p><ul><li><strong>Wassereinwirkung<\/strong>,\u00a0<strong>enormer Druck<\/strong>\u00a0(bis zu 600 bar),\u00a0<\/li><li>Bedarf an\u00a0<strong>minimaler Wartung<\/strong>,\u00a0<\/li><li><strong>l<\/strong><strong>angfristige Stabilit\u00e4t<\/strong>\u00a0unter\u00a0<strong>hoher elektrischer Belastung<\/strong>.\u00a0<\/li><\/ul>\t\t\t\t\t\t\t\t<\/div>\n\t\t\t\t<\/div>\n\t\t\t\t\t<\/div>\n\t\t<\/div>\n\t\t\t\t<div class=\"elementor-column elementor-col-50 elementor-inner-column elementor-element elementor-element-2525621\" data-id=\"2525621\" data-element_type=\"column\" data-e-type=\"column\">\n\t\t\t<div class=\"elementor-widget-wrap elementor-element-populated\">\n\t\t\t\t\t\t<div class=\"elementor-element elementor-element-90aa5e1 elementor-widget elementor-widget-image\" data-id=\"90aa5e1\" data-element_type=\"widget\" data-e-type=\"widget\" data-widget_type=\"image.default\">\n\t\t\t\t<div class=\"elementor-widget-container\">\n\t\t\t\t\t\t\t\t\t\t\t\t\t\t\t<img fetchpriority=\"high\" decoding=\"async\" width=\"995\" height=\"1024\" src=\"https:\/\/www.hvproducts.de\/wp-content\/uploads\/2021\/03\/bmwi_fz_2017_office_farbe_de-995x1024.png\" class=\"attachment-large size-large wp-image-7150\" alt=\"\" srcset=\"https:\/\/www.hvproducts.de\/wp-content\/uploads\/2021\/03\/bmwi_fz_2017_office_farbe_de-995x1024.png 995w, https:\/\/www.hvproducts.de\/wp-content\/uploads\/2021\/03\/bmwi_fz_2017_office_farbe_de-291x300.png 291w, https:\/\/www.hvproducts.de\/wp-content\/uploads\/2021\/03\/bmwi_fz_2017_office_farbe_de-768x791.png 768w, https:\/\/www.hvproducts.de\/wp-content\/uploads\/2021\/03\/bmwi_fz_2017_office_farbe_de-12x12.png 12w, https:\/\/www.hvproducts.de\/wp-content\/uploads\/2021\/03\/bmwi_fz_2017_office_farbe_de.png 1360w\" sizes=\"(max-width: 995px) 100vw, 995px\" \/>\t\t\t\t\t\t\t\t\t\t\t\t\t\t\t<\/div>\n\t\t\t\t<\/div>\n\t\t\t\t\t<\/div>\n\t\t<\/div>\n\t\t\t\t\t<\/div>\n\t\t<\/section>\n\t\t\t\t<section class=\"elementor-section elementor-inner-section elementor-element elementor-element-ae0067a elementor-section-boxed elementor-section-height-default elementor-section-height-default\" data-id=\"ae0067a\" data-element_type=\"section\" data-e-type=\"section\">\n\t\t\t\t\t\t<div class=\"elementor-container elementor-column-gap-default\">\n\t\t\t\t\t<div class=\"elementor-column elementor-col-50 elementor-inner-column elementor-element elementor-element-33fd957\" data-id=\"33fd957\" data-element_type=\"column\" data-e-type=\"column\">\n\t\t\t<div class=\"elementor-widget-wrap elementor-element-populated\">\n\t\t\t\t\t\t<div class=\"elementor-element elementor-element-0abc156 elementor-widget elementor-widget-text-editor\" data-id=\"0abc156\" data-element_type=\"widget\" data-e-type=\"widget\" data-widget_type=\"text-editor.default\">\n\t\t\t\t<div class=\"elementor-widget-container\">\n\t\t\t\t\t\t\t\t\t<p><strong>Themen der Untersuchung<\/strong><\/p><p>Um das Ziel zu erreichen, ein funktionsf\u00e4higes Demonstratorsystem f\u00fcr die Erprobung in Hochdrucktanks zu bauen, werden theoretische Kenntnisse mit der Erhebung experimenteller Daten \u00fcber Werkstoffe und Bauteile, Vergussmassen und geeignete Bauweisen f\u00fcr elektrische Baugruppen kombiniert. Im Besonderen,\u00a0<strong>Nieder- und Hochspannungsumrichter<\/strong>, Stromkreislauf\u00a0<strong>Unterbrecher<\/strong>\u00a0(nicht mechanisch) und\u00a0<strong>Steckverbinder<\/strong>\u00a0werden die Themen der Studie sein.\u00a0<\/p>\t\t\t\t\t\t\t\t<\/div>\n\t\t\t\t<\/div>\n\t\t\t\t\t<\/div>\n\t\t<\/div>\n\t\t\t\t<div class=\"elementor-column elementor-col-50 elementor-inner-column elementor-element elementor-element-d6fdde9\" data-id=\"d6fdde9\" data-element_type=\"column\" data-e-type=\"column\">\n\t\t\t<div class=\"elementor-widget-wrap elementor-element-populated\">\n\t\t\t\t\t\t<div class=\"elementor-element elementor-element-1354784 elementor-widget elementor-widget-image\" data-id=\"1354784\" data-element_type=\"widget\" data-e-type=\"widget\" data-widget_type=\"image.default\">\n\t\t\t\t<div class=\"elementor-widget-container\">\n\t\t\t\t\t\t\t\t\t\t\t\t\t\t\t<img decoding=\"async\" width=\"668\" height=\"386\" src=\"https:\/\/www.hvproducts.de\/wp-content\/uploads\/2021\/03\/demonstrator.png\" class=\"attachment-large size-large wp-image-7152\" alt=\"Demonstrator Setup\" srcset=\"https:\/\/www.hvproducts.de\/wp-content\/uploads\/2021\/03\/demonstrator.png 668w, https:\/\/www.hvproducts.de\/wp-content\/uploads\/2021\/03\/demonstrator-300x173.png 300w, https:\/\/www.hvproducts.de\/wp-content\/uploads\/2021\/03\/demonstrator-18x10.png 18w\" sizes=\"(max-width: 668px) 100vw, 668px\" \/>\t\t\t\t\t\t\t\t\t\t\t\t\t\t\t<\/div>\n\t\t\t\t<\/div>\n\t\t\t\t\t<\/div>\n\t\t<\/div>\n\t\t\t\t\t<\/div>\n\t\t<\/section>\n\t\t\t\t<section class=\"elementor-section elementor-inner-section elementor-element elementor-element-011fe1c elementor-section-boxed elementor-section-height-default elementor-section-height-default\" data-id=\"011fe1c\" data-element_type=\"section\" data-e-type=\"section\">\n\t\t\t\t\t\t<div class=\"elementor-container elementor-column-gap-default\">\n\t\t\t\t\t<div class=\"elementor-column elementor-col-50 elementor-inner-column elementor-element elementor-element-63c3f96\" data-id=\"63c3f96\" data-element_type=\"column\" data-e-type=\"column\">\n\t\t\t<div class=\"elementor-widget-wrap elementor-element-populated\">\n\t\t\t\t\t\t<div class=\"elementor-element elementor-element-c4ebde8 elementor-widget elementor-widget-image\" data-id=\"c4ebde8\" data-element_type=\"widget\" data-e-type=\"widget\" data-widget_type=\"image.default\">\n\t\t\t\t<div class=\"elementor-widget-container\">\n\t\t\t\t\t\t\t\t\t\t\t\t\t\t\t<img decoding=\"async\" width=\"377\" height=\"340\" src=\"https:\/\/www.hvproducts.de\/wp-content\/uploads\/2021\/03\/corelossexample.png\" class=\"attachment-large size-large wp-image-7151\" alt=\"Research Efforts at HVP\" srcset=\"https:\/\/www.hvproducts.de\/wp-content\/uploads\/2021\/03\/corelossexample.png 377w, https:\/\/www.hvproducts.de\/wp-content\/uploads\/2021\/03\/corelossexample-300x271.png 300w, https:\/\/www.hvproducts.de\/wp-content\/uploads\/2021\/03\/corelossexample-13x12.png 13w\" sizes=\"(max-width: 377px) 100vw, 377px\" \/>\t\t\t\t\t\t\t\t\t\t\t\t\t\t\t<\/div>\n\t\t\t\t<\/div>\n\t\t\t\t\t<\/div>\n\t\t<\/div>\n\t\t\t\t<div class=\"elementor-column elementor-col-50 elementor-inner-column elementor-element elementor-element-6295d60\" data-id=\"6295d60\" data-element_type=\"column\" data-e-type=\"column\">\n\t\t\t<div class=\"elementor-widget-wrap elementor-element-populated\">\n\t\t\t\t\t\t<div class=\"elementor-element elementor-element-d5f1f1b elementor-widget elementor-widget-text-editor\" data-id=\"d5f1f1b\" data-element_type=\"widget\" data-e-type=\"widget\" data-widget_type=\"text-editor.default\">\n\t\t\t\t<div class=\"elementor-widget-container\">\n\t\t\t\t\t\t\t\t\t<p><strong>Forschungsanstrengungen bei HVP<\/strong><\/p><p>Der Schwerpunkt von HVP wird im Allgemeinen auf der Pr\u00fcfung der Eignung von Hochspannungsanlagen liegen.\u00a0<strong>aktive und passive Komponenten<\/strong>\u00a0wie Dioden und Kondensatoren unter hohem Druck. Hieraus wird das Wissen von HVP \u00fcber Hochspannungsprodukte erweitert, um die technische Beratung f\u00fcr den Vertrieb von HV-Produkten noch zu verbessern.\u00a0<\/p><p>Dar\u00fcber hinaus wird HVP an der Entwicklung von modernen\u00a0<strong>Magnetkerne<\/strong>\u00a0f\u00fcr\u00a0<strong>induktive Komponenten<\/strong>\u00a0wie Transformatoren und Drosseln.<\/p>\t\t\t\t\t\t\t\t<\/div>\n\t\t\t\t<\/div>\n\t\t\t\t\t<\/div>\n\t\t<\/div>\n\t\t\t\t\t<\/div>\n\t\t<\/section>\n\t\t\t\t<section class=\"elementor-section elementor-inner-section elementor-element elementor-element-e824f1d elementor-section-boxed elementor-section-height-default elementor-section-height-default\" data-id=\"e824f1d\" data-element_type=\"section\" data-e-type=\"section\">\n\t\t\t\t\t\t<div class=\"elementor-container elementor-column-gap-default\">\n\t\t\t\t\t<div class=\"elementor-column elementor-col-50 elementor-inner-column elementor-element elementor-element-39fab16\" data-id=\"39fab16\" data-element_type=\"column\" data-e-type=\"column\">\n\t\t\t<div class=\"elementor-widget-wrap elementor-element-populated\">\n\t\t\t\t\t\t<div class=\"elementor-element elementor-element-779d515 elementor-widget elementor-widget-text-editor\" data-id=\"779d515\" data-element_type=\"widget\" data-e-type=\"widget\" data-widget_type=\"text-editor.default\">\n\t\t\t\t<div class=\"elementor-widget-container\">\n\t\t\t\t\t\t\t\t\t<p><strong>Labor<\/strong><\/p><p>Das HVP-Labor wird st\u00e4ndig erweitert, um viele weitere Messungen im Zusammenhang mit dem Projekt, aber auch f\u00fcr allgemeine Qualit\u00e4tspr\u00fcfungen von HV-Produkten zu erm\u00f6glichen.<\/p><p><strong>Unsere Partner:<\/strong><\/p><ul><li>Hochschule Rhein Main:\u00a0<a href=\"https:\/\/www.hs-rm.de\/de\/\">https:\/\/www.hs-rm.de\/de\/<\/a><\/li><li>Universit\u00e4t Rostock:\u00a0<a href=\"https:\/\/www.uni-rostock.de\/\">https:\/\/www.uni-rostock.de\/<\/a><\/li><li>FormLED:\u00a0<a href=\"https:\/\/www.formled.com\/\">https:\/\/www.formled.com\/<\/a><\/li><\/ul>\t\t\t\t\t\t\t\t<\/div>\n\t\t\t\t<\/div>\n\t\t\t\t\t<\/div>\n\t\t<\/div>\n\t\t\t\t<div class=\"elementor-column elementor-col-50 elementor-inner-column elementor-element elementor-element-a1c7a6e\" data-id=\"a1c7a6e\" data-element_type=\"column\" data-e-type=\"column\">\n\t\t\t<div class=\"elementor-widget-wrap elementor-element-populated\">\n\t\t\t\t\t\t<div class=\"elementor-element elementor-element-be099ed elementor-widget elementor-widget-image\" data-id=\"be099ed\" data-element_type=\"widget\" data-e-type=\"widget\" data-widget_type=\"image.default\">\n\t\t\t\t<div class=\"elementor-widget-container\">\n\t\t\t\t\t\t\t\t\t\t\t\t\t\t\t<img loading=\"lazy\" decoding=\"async\" width=\"380\" height=\"285\" src=\"https:\/\/www.hvproducts.de\/wp-content\/uploads\/2021\/03\/labor.png\" class=\"attachment-large size-large wp-image-7153\" alt=\"HVP\u2019s laboratory - Germany\" srcset=\"https:\/\/www.hvproducts.de\/wp-content\/uploads\/2021\/03\/labor.png 380w, https:\/\/www.hvproducts.de\/wp-content\/uploads\/2021\/03\/labor-300x225.png 300w, https:\/\/www.hvproducts.de\/wp-content\/uploads\/2021\/03\/labor-16x12.png 16w\" sizes=\"(max-width: 380px) 100vw, 380px\" \/>\t\t\t\t\t\t\t\t\t\t\t\t\t\t\t<\/div>\n\t\t\t\t<\/div>\n\t\t\t\t\t<\/div>\n\t\t<\/div>\n\t\t\t\t\t<\/div>\n\t\t<\/section>\n\t\t\t\t\t<\/div>\n\t\t<\/div>\n\t\t\t\t\t<\/div>\n\t\t<\/section>\n\t\t\t\t<\/div>","protected":false},"excerpt":{"rendered":"<p>Home \/ Company\/ Research Project Deep-Sea High Voltage Power Supply Systems Pressure-independent power feeding frameworks for the bottom of the ocean The joint project \u201ePressure-Neutral High-Voltage Systems\u201d is a research program for the exploration of efficient, low-maintenance power supply systems for deep-sea applications. The participating parties are two Universities in affiliation with two industrial partners. [&hellip;]<\/p>\n","protected":false},"author":1,"featured_media":0,"parent":0,"menu_order":0,"comment_status":"closed","ping_status":"closed","template":"","meta":{"site-sidebar-layout":"no-sidebar","site-content-layout":"page-builder","ast-site-content-layout":"default","site-content-style":"default","site-sidebar-style":"default","ast-global-header-display":"","ast-banner-title-visibility":"","ast-main-header-display":"","ast-hfb-above-header-display":"","ast-hfb-below-header-display":"","ast-hfb-mobile-header-display":"","site-post-title":"disabled","ast-breadcrumbs-content":"","ast-featured-img":"disabled","footer-sml-layout":"","ast-disable-related-posts":"","theme-transparent-header-meta":"default","adv-header-id-meta":"","stick-header-meta":"","header-above-stick-meta":"","header-main-stick-meta":"","header-below-stick-meta":"","astra-migrate-meta-layouts":"default","ast-page-background-enabled":"default","ast-page-background-meta":{"desktop":{"background-color":"","background-image":"","background-repeat":"repeat","background-position":"center center","background-size":"auto","background-attachment":"scroll","background-type":"","background-media":"","overlay-type":"","overlay-color":"","overlay-opacity":"","overlay-gradient":""},"tablet":{"background-color":"","background-image":"","background-repeat":"repeat","background-position":"center center","background-size":"auto","background-attachment":"scroll","background-type":"","background-media":"","overlay-type":"","overlay-color":"","overlay-opacity":"","overlay-gradient":""},"mobile":{"background-color":"","background-image":"","background-repeat":"repeat","background-position":"center center","background-size":"auto","background-attachment":"scroll","background-type":"","background-media":"","overlay-type":"","overlay-color":"","overlay-opacity":"","overlay-gradient":""}},"ast-content-background-meta":{"desktop":{"background-color":"var(--ast-global-color-5)","background-image":"","background-repeat":"repeat","background-position":"center center","background-size":"auto","background-attachment":"scroll","background-type":"","background-media":"","overlay-type":"","overlay-color":"","overlay-opacity":"","overlay-gradient":""},"tablet":{"background-color":"var(--ast-global-color-5)","background-image":"","background-repeat":"repeat","background-position":"center center","background-size":"auto","background-attachment":"scroll","background-type":"","background-media":"","overlay-type":"","overlay-color":"","overlay-opacity":"","overlay-gradient":""},"mobile":{"background-color":"var(--ast-global-color-5)","background-image":"","background-repeat":"repeat","background-position":"center center","background-size":"auto","background-attachment":"scroll","background-type":"","background-media":"","overlay-type":"","overlay-color":"","overlay-opacity":"","overlay-gradient":""}},"footnotes":""},"class_list":["post-7147","page","type-page","status-publish","hentry"],"yoast_head":"<!-- This site is optimized with the Yoast SEO plugin v27.2 - https:\/\/yoast.com\/product\/yoast-seo-wordpress\/ -->\n<title>Research Project - HVP: High Voltage Products GmbH<\/title>\n<meta name=\"robots\" content=\"index, follow, max-snippet:-1, max-image-preview:large, max-video-preview:-1\" \/>\n<link rel=\"canonical\" href=\"https:\/\/www.hvproducts.de\/de\/research_project\/\" \/>\n<meta property=\"og:locale\" content=\"de_DE\" \/>\n<meta property=\"og:type\" content=\"article\" \/>\n<meta property=\"og:title\" content=\"Research Project - HVP: High Voltage Products GmbH\" \/>\n<meta property=\"og:description\" content=\"Home \/ Company\/ Research Project Deep-Sea High Voltage Power Supply Systems Pressure-independent power feeding frameworks for the bottom of the ocean The joint project \u201ePressure-Neutral High-Voltage Systems\u201d is a research program for the exploration of efficient, low-maintenance power supply systems for deep-sea applications. The participating parties are two Universities in affiliation with two industrial partners. [&hellip;]\" \/>\n<meta property=\"og:url\" content=\"https:\/\/www.hvproducts.de\/de\/research_project\/\" \/>\n<meta property=\"og:site_name\" content=\"HVP: High Voltage Products GmbH\" \/>\n<meta property=\"article:modified_time\" content=\"2021-03-27T21:34:11+00:00\" \/>\n<meta property=\"og:image\" content=\"https:\/\/www.hvproducts.de\/wp-content\/uploads\/2021\/03\/bmwi_fz_2017_office_farbe_de-995x1024.png\" \/>\n<meta name=\"twitter:card\" content=\"summary_large_image\" \/>\n<meta name=\"twitter:label1\" content=\"Gesch\u00e4tzte Lesezeit\" \/>\n\t<meta name=\"twitter:data1\" content=\"1\u00a0Minute\" \/>\n<script type=\"application\/ld+json\" class=\"yoast-schema-graph\">{\"@context\":\"https:\/\/schema.org\",\"@graph\":[{\"@type\":\"WebPage\",\"@id\":\"https:\/\/www.hvproducts.de\/research_project\",\"url\":\"https:\/\/www.hvproducts.de\/research_project\",\"name\":\"Research Project - HVP: High Voltage Products GmbH\",\"isPartOf\":{\"@id\":\"https:\/\/hvproducts.de\/#website\"},\"primaryImageOfPage\":{\"@id\":\"https:\/\/www.hvproducts.de\/research_project#primaryimage\"},\"image\":{\"@id\":\"https:\/\/www.hvproducts.de\/research_project#primaryimage\"},\"thumbnailUrl\":\"https:\/\/www.hvproducts.de\/wp-content\/uploads\/2021\/03\/bmwi_fz_2017_office_farbe_de-995x1024.png\",\"datePublished\":\"2021-03-27T21:26:18+00:00\",\"dateModified\":\"2021-03-27T21:34:11+00:00\",\"breadcrumb\":{\"@id\":\"https:\/\/www.hvproducts.de\/research_project#breadcrumb\"},\"inLanguage\":\"de\",\"potentialAction\":[{\"@type\":\"ReadAction\",\"target\":[\"https:\/\/www.hvproducts.de\/research_project\"]}]},{\"@type\":\"ImageObject\",\"inLanguage\":\"de\",\"@id\":\"https:\/\/www.hvproducts.de\/research_project#primaryimage\",\"url\":\"https:\/\/www.hvproducts.de\/wp-content\/uploads\/2021\/03\/bmwi_fz_2017_office_farbe_de-995x1024.png\",\"contentUrl\":\"https:\/\/www.hvproducts.de\/wp-content\/uploads\/2021\/03\/bmwi_fz_2017_office_farbe_de-995x1024.png\"},{\"@type\":\"BreadcrumbList\",\"@id\":\"https:\/\/www.hvproducts.de\/research_project#breadcrumb\",\"itemListElement\":[{\"@type\":\"ListItem\",\"position\":1,\"name\":\"Home\",\"item\":\"https:\/\/www.hvproducts.de\/\"},{\"@type\":\"ListItem\",\"position\":2,\"name\":\"Research Project\"}]},{\"@type\":\"WebSite\",\"@id\":\"https:\/\/hvproducts.de\/#website\",\"url\":\"https:\/\/hvproducts.de\/\",\"name\":\"HVP: High Voltage Products GmbH\",\"description\":\"High Voltage Products GmbH\",\"publisher\":{\"@id\":\"https:\/\/hvproducts.de\/#organization\"},\"potentialAction\":[{\"@type\":\"SearchAction\",\"target\":{\"@type\":\"EntryPoint\",\"urlTemplate\":\"https:\/\/hvproducts.de\/?s={search_term_string}\"},\"query-input\":{\"@type\":\"PropertyValueSpecification\",\"valueRequired\":true,\"valueName\":\"search_term_string\"}}],\"inLanguage\":\"de\"},{\"@type\":\"Organization\",\"@id\":\"https:\/\/hvproducts.de\/#organization\",\"name\":\"HVP: High Voltage Products GmbH\",\"url\":\"https:\/\/hvproducts.de\/\",\"logo\":{\"@type\":\"ImageObject\",\"inLanguage\":\"de\",\"@id\":\"https:\/\/hvproducts.de\/#\/schema\/logo\/image\/\",\"url\":\"https:\/\/www.hvproducts.de\/wp-content\/uploads\/2021\/01\/cropped-iPhone-X-XS-11-Pro-\u2013-1@2x-2.png\",\"contentUrl\":\"https:\/\/www.hvproducts.de\/wp-content\/uploads\/2021\/01\/cropped-iPhone-X-XS-11-Pro-\u2013-1@2x-2.png\",\"width\":723,\"height\":224,\"caption\":\"HVP: High Voltage Products GmbH\"},\"image\":{\"@id\":\"https:\/\/hvproducts.de\/#\/schema\/logo\/image\/\"}}]}<\/script>\n<!-- \/ Yoast SEO plugin. -->","yoast_head_json":{"title":"Research Project - HVP: High Voltage Products GmbH","robots":{"index":"index","follow":"follow","max-snippet":"max-snippet:-1","max-image-preview":"max-image-preview:large","max-video-preview":"max-video-preview:-1"},"canonical":"https:\/\/www.hvproducts.de\/de\/research_project\/","og_locale":"de_DE","og_type":"article","og_title":"Research Project - HVP: High Voltage Products GmbH","og_description":"Home \/ Company\/ Research Project Deep-Sea High Voltage Power Supply Systems Pressure-independent power feeding frameworks for the bottom of the ocean The joint project \u201ePressure-Neutral High-Voltage Systems\u201d is a research program for the exploration of efficient, low-maintenance power supply systems for deep-sea applications. The participating parties are two Universities in affiliation with two industrial partners. [&hellip;]","og_url":"https:\/\/www.hvproducts.de\/de\/research_project\/","og_site_name":"HVP: High Voltage Products GmbH","article_modified_time":"2021-03-27T21:34:11+00:00","og_image":[{"url":"https:\/\/www.hvproducts.de\/wp-content\/uploads\/2021\/03\/bmwi_fz_2017_office_farbe_de-995x1024.png","type":"","width":"","height":""}],"twitter_card":"summary_large_image","twitter_misc":{"Gesch\u00e4tzte Lesezeit":"1\u00a0Minute"},"schema":{"@context":"https:\/\/schema.org","@graph":[{"@type":"WebPage","@id":"https:\/\/www.hvproducts.de\/research_project","url":"https:\/\/www.hvproducts.de\/research_project","name":"Research Project - HVP: High Voltage Products GmbH","isPartOf":{"@id":"https:\/\/hvproducts.de\/#website"},"primaryImageOfPage":{"@id":"https:\/\/www.hvproducts.de\/research_project#primaryimage"},"image":{"@id":"https:\/\/www.hvproducts.de\/research_project#primaryimage"},"thumbnailUrl":"https:\/\/www.hvproducts.de\/wp-content\/uploads\/2021\/03\/bmwi_fz_2017_office_farbe_de-995x1024.png","datePublished":"2021-03-27T21:26:18+00:00","dateModified":"2021-03-27T21:34:11+00:00","breadcrumb":{"@id":"https:\/\/www.hvproducts.de\/research_project#breadcrumb"},"inLanguage":"de","potentialAction":[{"@type":"ReadAction","target":["https:\/\/www.hvproducts.de\/research_project"]}]},{"@type":"ImageObject","inLanguage":"de","@id":"https:\/\/www.hvproducts.de\/research_project#primaryimage","url":"https:\/\/www.hvproducts.de\/wp-content\/uploads\/2021\/03\/bmwi_fz_2017_office_farbe_de-995x1024.png","contentUrl":"https:\/\/www.hvproducts.de\/wp-content\/uploads\/2021\/03\/bmwi_fz_2017_office_farbe_de-995x1024.png"},{"@type":"BreadcrumbList","@id":"https:\/\/www.hvproducts.de\/research_project#breadcrumb","itemListElement":[{"@type":"ListItem","position":1,"name":"Home","item":"https:\/\/www.hvproducts.de\/"},{"@type":"ListItem","position":2,"name":"Research Project"}]},{"@type":"WebSite","@id":"https:\/\/hvproducts.de\/#website","url":"https:\/\/hvproducts.de\/","name":"HVP: High Voltage Products GmbH","description":"High Voltage Products GmbH","publisher":{"@id":"https:\/\/hvproducts.de\/#organization"},"potentialAction":[{"@type":"SearchAction","target":{"@type":"EntryPoint","urlTemplate":"https:\/\/hvproducts.de\/?s={search_term_string}"},"query-input":{"@type":"PropertyValueSpecification","valueRequired":true,"valueName":"search_term_string"}}],"inLanguage":"de"},{"@type":"Organization","@id":"https:\/\/hvproducts.de\/#organization","name":"HVP: High Voltage Products GmbH","url":"https:\/\/hvproducts.de\/","logo":{"@type":"ImageObject","inLanguage":"de","@id":"https:\/\/hvproducts.de\/#\/schema\/logo\/image\/","url":"https:\/\/www.hvproducts.de\/wp-content\/uploads\/2021\/01\/cropped-iPhone-X-XS-11-Pro-\u2013-1@2x-2.png","contentUrl":"https:\/\/www.hvproducts.de\/wp-content\/uploads\/2021\/01\/cropped-iPhone-X-XS-11-Pro-\u2013-1@2x-2.png","width":723,"height":224,"caption":"HVP: High Voltage Products GmbH"},"image":{"@id":"https:\/\/hvproducts.de\/#\/schema\/logo\/image\/"}}]}},"_links":{"self":[{"href":"https:\/\/www.hvproducts.de\/de\/wp-json\/wp\/v2\/pages\/7147","targetHints":{"allow":["GET"]}}],"collection":[{"href":"https:\/\/www.hvproducts.de\/de\/wp-json\/wp\/v2\/pages"}],"about":[{"href":"https:\/\/www.hvproducts.de\/de\/wp-json\/wp\/v2\/types\/page"}],"author":[{"embeddable":true,"href":"https:\/\/www.hvproducts.de\/de\/wp-json\/wp\/v2\/users\/1"}],"replies":[{"embeddable":true,"href":"https:\/\/www.hvproducts.de\/de\/wp-json\/wp\/v2\/comments?post=7147"}],"version-history":[{"count":7,"href":"https:\/\/www.hvproducts.de\/de\/wp-json\/wp\/v2\/pages\/7147\/revisions"}],"predecessor-version":[{"id":7159,"href":"https:\/\/www.hvproducts.de\/de\/wp-json\/wp\/v2\/pages\/7147\/revisions\/7159"}],"wp:attachment":[{"href":"https:\/\/www.hvproducts.de\/de\/wp-json\/wp\/v2\/media?parent=7147"}],"curies":[{"name":"wp","href":"https:\/\/api.w.org\/{rel}","templated":true}]}}