{"id":7132,"date":"2021-03-27T21:21:07","date_gmt":"2021-03-27T21:21:07","guid":{"rendered":"https:\/\/hvct.eu\/?page_id=7132"},"modified":"2021-06-16T11:23:34","modified_gmt":"2021-06-16T11:23:34","slug":"custom_solutions","status":"publish","type":"page","link":"https:\/\/www.hvproducts.de\/de\/custom_solutions","title":{"rendered":"Individuelle L\u00f6sungen"},"content":{"rendered":"<div data-elementor-type=\"wp-page\" data-elementor-id=\"7132\" class=\"elementor elementor-7132\">\n\t\t\t\t\t\t<section class=\"elementor-section elementor-top-section elementor-element elementor-element-9bc6fa7 elementor-section-boxed elementor-section-height-default elementor-section-height-default\" data-id=\"9bc6fa7\" data-element_type=\"section\" data-e-type=\"section\">\n\t\t\t\t\t\t<div class=\"elementor-container elementor-column-gap-default\">\n\t\t\t\t\t<div class=\"elementor-column elementor-col-100 elementor-top-column elementor-element elementor-element-b58caa1\" data-id=\"b58caa1\" data-element_type=\"column\" data-e-type=\"column\">\n\t\t\t<div class=\"elementor-widget-wrap elementor-element-populated\">\n\t\t\t\t\t\t<div class=\"elementor-element elementor-element-423ce7c elementor-widget elementor-widget-text-editor\" data-id=\"423ce7c\" data-element_type=\"widget\" data-e-type=\"widget\" data-widget_type=\"text-editor.default\">\n\t\t\t\t<div class=\"elementor-widget-container\">\n\t\t\t\t\t\t\t\t\t<p><a href=\"https:\/\/www.hvproducts.de\">Startseite<\/a> \/ Company\/ ISO 9001 Certificate<\/p>\t\t\t\t\t\t\t\t<\/div>\n\t\t\t\t<\/div>\n\t\t\t\t<div class=\"elementor-element elementor-element-14d6d47 elementor-widget elementor-widget-heading\" data-id=\"14d6d47\" data-element_type=\"widget\" data-e-type=\"widget\" data-widget_type=\"heading.default\">\n\t\t\t\t<div class=\"elementor-widget-container\">\n\t\t\t\t\t<h2 class=\"elementor-heading-title elementor-size-default\"><h1 style=\"margin-bottom: 0.5rem;font-weight: 500;font-size: 30px;, sans-serif;font-style: normal;white-space: normal\">Individuelle L\u00f6sungen<\/h1><\/h2>\t\t\t\t<\/div>\n\t\t\t\t<\/div>\n\t\t\t\t\t<\/div>\n\t\t<\/div>\n\t\t\t\t\t<\/div>\n\t\t<\/section>\n\t\t\t\t<section class=\"elementor-section elementor-top-section elementor-element elementor-element-3b842ce elementor-section-boxed elementor-section-height-default elementor-section-height-default\" data-id=\"3b842ce\" data-element_type=\"section\" data-e-type=\"section\">\n\t\t\t\t\t\t<div class=\"elementor-container elementor-column-gap-default\">\n\t\t\t\t\t<div class=\"elementor-column elementor-col-100 elementor-top-column elementor-element elementor-element-94a6705\" data-id=\"94a6705\" data-element_type=\"column\" data-e-type=\"column\">\n\t\t\t<div class=\"elementor-widget-wrap elementor-element-populated\">\n\t\t\t\t\t\t<div class=\"elementor-element elementor-element-445ab25 elementor-widget elementor-widget-text-editor\" data-id=\"445ab25\" data-element_type=\"widget\" data-e-type=\"widget\" data-widget_type=\"text-editor.default\">\n\t\t\t\t<div class=\"elementor-widget-container\">\n\t\t\t\t\t\t\t\t\t<p>HVP High Voltage Products wei\u00df, dass Standardprodukte nicht immer die Anforderungen aller Kunden erf\u00fcllen. Die Entwicklung von Elektronik ist kein einfacher Prozess; oft kann die M\u00f6glichkeit, genau das ben\u00f6tigte Produkt zu erhalten, anstatt aus dem bereits Vorhandenen ausw\u00e4hlen zu m\u00fcssen, den Erfolg einer Entwicklung bedeuten und unz\u00e4hlige Zeit und Kosten sparen.<\/p>\t\t\t\t\t\t\t\t<\/div>\n\t\t\t\t<\/div>\n\t\t\t\t<section class=\"elementor-section elementor-inner-section elementor-element elementor-element-78383f0 elementor-section-boxed elementor-section-height-default elementor-section-height-default\" data-id=\"78383f0\" data-element_type=\"section\" data-e-type=\"section\">\n\t\t\t\t\t\t<div class=\"elementor-container elementor-column-gap-default\">\n\t\t\t\t\t<div class=\"elementor-column elementor-col-50 elementor-inner-column elementor-element elementor-element-28ce65d\" data-id=\"28ce65d\" data-element_type=\"column\" data-e-type=\"column\">\n\t\t\t<div class=\"elementor-widget-wrap elementor-element-populated\">\n\t\t\t\t\t\t<div class=\"elementor-element elementor-element-b9fa242 elementor-widget elementor-widget-text-editor\" data-id=\"b9fa242\" data-element_type=\"widget\" data-e-type=\"widget\" data-widget_type=\"text-editor.default\">\n\t\t\t\t<div class=\"elementor-widget-container\">\n\t\t\t\t\t\t\t\t\t<p>Alle unsere Standardangebote basieren in gewisser Weise auf Erkenntnissen oder Entw\u00fcrfen, die wir in der Vergangenheit f\u00fcr kundenspezifische Arbeiten gemacht haben. Das bedeutet, dass praktisch jedes Standardteil, das wir anbieten, kundenspezifisch angepasst werden kann, und wir sind immer auf der Suche nach dem n\u00e4chsten brandneuen Design, an dem wir arbeiten k\u00f6nnen. Wir k\u00f6nnen diese kundenspezifischen L\u00f6sungen in den meisten F\u00e4llen ohne die von den meisten Herstellern geforderten hohen Kosten herstellen. Unterschiedliche Spezifikationen, Spezialgeh\u00e4use, Klemmenkonfigurationen oder Baugruppen, die auf spezifische mechanische und elektrische Anforderungen zugeschnitten sind - keine \u00c4nderung oder Erg\u00e4nzung ist zu drastisch.<\/p>\t\t\t\t\t\t\t\t<\/div>\n\t\t\t\t<\/div>\n\t\t\t\t\t<\/div>\n\t\t<\/div>\n\t\t\t\t<div class=\"elementor-column elementor-col-50 elementor-inner-column elementor-element elementor-element-99af1d9\" data-id=\"99af1d9\" data-element_type=\"column\" data-e-type=\"column\">\n\t\t\t<div class=\"elementor-widget-wrap elementor-element-populated\">\n\t\t\t\t\t\t<div class=\"elementor-element elementor-element-37fa23f elementor-widget elementor-widget-image\" data-id=\"37fa23f\" data-element_type=\"widget\" data-e-type=\"widget\" data-widget_type=\"image.default\">\n\t\t\t\t<div class=\"elementor-widget-container\">\n\t\t\t\t\t\t\t\t\t\t\t\t\t\t\t<img fetchpriority=\"high\" decoding=\"async\" width=\"1000\" height=\"815\" src=\"https:\/\/www.hvproducts.de\/wp-content\/uploads\/2021\/06\/custom_-_xbridge_1000-3ffd1b02e5d368aabeef64ac225673af270b491a3126669cf57c35c2e69d11cc.png\" class=\"attachment-large size-large wp-image-11687\" alt=\"\" srcset=\"https:\/\/www.hvproducts.de\/wp-content\/uploads\/2021\/06\/custom_-_xbridge_1000-3ffd1b02e5d368aabeef64ac225673af270b491a3126669cf57c35c2e69d11cc.png 1000w, https:\/\/www.hvproducts.de\/wp-content\/uploads\/2021\/06\/custom_-_xbridge_1000-3ffd1b02e5d368aabeef64ac225673af270b491a3126669cf57c35c2e69d11cc-300x245.png 300w, https:\/\/www.hvproducts.de\/wp-content\/uploads\/2021\/06\/custom_-_xbridge_1000-3ffd1b02e5d368aabeef64ac225673af270b491a3126669cf57c35c2e69d11cc-768x626.png 768w, https:\/\/www.hvproducts.de\/wp-content\/uploads\/2021\/06\/custom_-_xbridge_1000-3ffd1b02e5d368aabeef64ac225673af270b491a3126669cf57c35c2e69d11cc-15x12.png 15w\" sizes=\"(max-width: 1000px) 100vw, 1000px\" \/>\t\t\t\t\t\t\t\t\t\t\t\t\t\t\t<\/div>\n\t\t\t\t<\/div>\n\t\t\t\t\t<\/div>\n\t\t<\/div>\n\t\t\t\t\t<\/div>\n\t\t<\/section>\n\t\t\t\t<section class=\"elementor-section elementor-inner-section elementor-element elementor-element-8395df2 elementor-section-boxed elementor-section-height-default elementor-section-height-default\" data-id=\"8395df2\" data-element_type=\"section\" data-e-type=\"section\">\n\t\t\t\t\t\t<div class=\"elementor-container elementor-column-gap-default\">\n\t\t\t\t\t<div class=\"elementor-column elementor-col-50 elementor-inner-column elementor-element elementor-element-86c19f6\" data-id=\"86c19f6\" data-element_type=\"column\" data-e-type=\"column\">\n\t\t\t<div class=\"elementor-widget-wrap elementor-element-populated\">\n\t\t\t\t\t\t<div class=\"elementor-element elementor-element-ed2ba33 elementor-widget elementor-widget-image\" data-id=\"ed2ba33\" data-element_type=\"widget\" data-e-type=\"widget\" data-widget_type=\"image.default\">\n\t\t\t\t<div class=\"elementor-widget-container\">\n\t\t\t\t\t\t\t\t\t\t\t\t\t\t\t<img decoding=\"async\" width=\"1000\" height=\"427\" src=\"https:\/\/www.hvproducts.de\/wp-content\/uploads\/2021\/06\/custom_-_misc_1000-6e53cb4750dc1545a4e63dd54e9cdaa9ab70b627ae1c1bc4544a91507e6024cc.png\" class=\"attachment-large size-large wp-image-11686\" alt=\"\" srcset=\"https:\/\/www.hvproducts.de\/wp-content\/uploads\/2021\/06\/custom_-_misc_1000-6e53cb4750dc1545a4e63dd54e9cdaa9ab70b627ae1c1bc4544a91507e6024cc.png 1000w, https:\/\/www.hvproducts.de\/wp-content\/uploads\/2021\/06\/custom_-_misc_1000-6e53cb4750dc1545a4e63dd54e9cdaa9ab70b627ae1c1bc4544a91507e6024cc-300x128.png 300w, https:\/\/www.hvproducts.de\/wp-content\/uploads\/2021\/06\/custom_-_misc_1000-6e53cb4750dc1545a4e63dd54e9cdaa9ab70b627ae1c1bc4544a91507e6024cc-768x328.png 768w, https:\/\/www.hvproducts.de\/wp-content\/uploads\/2021\/06\/custom_-_misc_1000-6e53cb4750dc1545a4e63dd54e9cdaa9ab70b627ae1c1bc4544a91507e6024cc-18x8.png 18w\" sizes=\"(max-width: 1000px) 100vw, 1000px\" \/>\t\t\t\t\t\t\t\t\t\t\t\t\t\t\t<\/div>\n\t\t\t\t<\/div>\n\t\t\t\t\t<\/div>\n\t\t<\/div>\n\t\t\t\t<div class=\"elementor-column elementor-col-50 elementor-inner-column elementor-element elementor-element-b1f2616\" data-id=\"b1f2616\" data-element_type=\"column\" data-e-type=\"column\">\n\t\t\t<div class=\"elementor-widget-wrap elementor-element-populated\">\n\t\t\t\t\t\t<div class=\"elementor-element elementor-element-ea0cf99 elementor-widget elementor-widget-text-editor\" data-id=\"ea0cf99\" data-element_type=\"widget\" data-e-type=\"widget\" data-widget_type=\"text-editor.default\">\n\t\t\t\t<div class=\"elementor-widget-container\">\n\t\t\t\t\t\t\t\t\t<p>Unsere Ingenieure sind an jeder Produktempfehlung beteiligt, die wir abgeben. Wenn wir kein perfektes Angebot haben, sind sie bereits darauf vorbereitet, bei der Entwicklung eines neuen Produkts zu helfen. Au\u00dferdem verf\u00fcgen wir \u00fcber alle notwendigen Testeinrichtungen, um den Entwicklungs- und Konstruktionsprozess zu unterst\u00fctzen und sicherzustellen, dass alles, was wir ausliefern, getestet wurde, um die Anforderungen zu erf\u00fcllen, f\u00fcr die es entwickelt wurde.<\/p>\t\t\t\t\t\t\t\t<\/div>\n\t\t\t\t<\/div>\n\t\t\t\t\t<\/div>\n\t\t<\/div>\n\t\t\t\t\t<\/div>\n\t\t<\/section>\n\t\t\t\t<div class=\"elementor-element elementor-element-3615aed elementor-widget elementor-widget-text-editor\" data-id=\"3615aed\" data-element_type=\"widget\" data-e-type=\"widget\" data-widget_type=\"text-editor.default\">\n\t\t\t\t<div class=\"elementor-widget-container\">\n\t\t\t\t\t\t\t\t\t<p>Betrachten Sie alle auf dieser Website aufgelisteten Produkte als eine Kapazit\u00e4ts\u00fcbersicht. Wenn Sie etwas \u00e4ndern oder etwas ganz Neues haben m\u00f6chten, nehmen Sie einfach Kontakt mit uns auf. Wir werden gerne mit Ihnen zusammenarbeiten, um Ihre Anforderungen zu erf\u00fcllen.<\/p>\t\t\t\t\t\t\t\t<\/div>\n\t\t\t\t<\/div>\n\t\t\t\t\t<\/div>\n\t\t<\/div>\n\t\t\t\t\t<\/div>\n\t\t<\/section>\n\t\t\t\t<\/div>","protected":false},"excerpt":{"rendered":"<p>Home \/ Company\/ ISO 9001 Certificate Custom Solutions HVP High Voltage Products knows that standard products don\u2019t always meet every customer\u2019s needs. Electronics design is not a simple process; often the ability to get the exact item needed, rather than having to choose from what\u2019s already available, can mean the success of a design and [&hellip;]<\/p>\n","protected":false},"author":1,"featured_media":0,"parent":0,"menu_order":0,"comment_status":"closed","ping_status":"closed","template":"","meta":{"site-sidebar-layout":"no-sidebar","site-content-layout":"page-builder","ast-site-content-layout":"default","site-content-style":"default","site-sidebar-style":"default","ast-global-header-display":"","ast-banner-title-visibility":"","ast-main-header-display":"","ast-hfb-above-header-display":"","ast-hfb-below-header-display":"","ast-hfb-mobile-header-display":"","site-post-title":"disabled","ast-breadcrumbs-content":"","ast-featured-img":"disabled","footer-sml-layout":"","ast-disable-related-posts":"","theme-transparent-header-meta":"default","adv-header-id-meta":"","stick-header-meta":"","header-above-stick-meta":"","header-main-stick-meta":"","header-below-stick-meta":"","astra-migrate-meta-layouts":"default","ast-page-background-enabled":"default","ast-page-background-meta":{"desktop":{"background-color":"","background-image":"","background-repeat":"repeat","background-position":"center center","background-size":"auto","background-attachment":"scroll","background-type":"","background-media":"","overlay-type":"","overlay-color":"","overlay-opacity":"","overlay-gradient":""},"tablet":{"background-color":"","background-image":"","background-repeat":"repeat","background-position":"center center","background-size":"auto","background-attachment":"scroll","background-type":"","background-media":"","overlay-type":"","overlay-color":"","overlay-opacity":"","overlay-gradient":""},"mobile":{"background-color":"","background-image":"","background-repeat":"repeat","background-position":"center center","background-size":"auto","background-attachment":"scroll","background-type":"","background-media":"","overlay-type":"","overlay-color":"","overlay-opacity":"","overlay-gradient":""}},"ast-content-background-meta":{"desktop":{"background-color":"var(--ast-global-color-5)","background-image":"","background-repeat":"repeat","background-position":"center center","background-size":"auto","background-attachment":"scroll","background-type":"","background-media":"","overlay-type":"","overlay-color":"","overlay-opacity":"","overlay-gradient":""},"tablet":{"background-color":"var(--ast-global-color-5)","background-image":"","background-repeat":"repeat","background-position":"center center","background-size":"auto","background-attachment":"scroll","background-type":"","background-media":"","overlay-type":"","overlay-color":"","overlay-opacity":"","overlay-gradient":""},"mobile":{"background-color":"var(--ast-global-color-5)","background-image":"","background-repeat":"repeat","background-position":"center center","background-size":"auto","background-attachment":"scroll","background-type":"","background-media":"","overlay-type":"","overlay-color":"","overlay-opacity":"","overlay-gradient":""}},"footnotes":""},"class_list":["post-7132","page","type-page","status-publish","hentry"],"yoast_head":"<!-- This site is optimized with the Yoast SEO plugin v27.2 - https:\/\/yoast.com\/product\/yoast-seo-wordpress\/ -->\n<title>Custom Solutions - HVP: High Voltage Products GmbH<\/title>\n<meta name=\"robots\" content=\"index, follow, max-snippet:-1, max-image-preview:large, max-video-preview:-1\" \/>\n<link rel=\"canonical\" href=\"https:\/\/www.hvproducts.de\/de\/custom_solutions\/\" \/>\n<meta property=\"og:locale\" content=\"de_DE\" \/>\n<meta property=\"og:type\" content=\"article\" \/>\n<meta property=\"og:title\" content=\"Custom Solutions - HVP: High Voltage Products GmbH\" \/>\n<meta property=\"og:description\" content=\"Home \/ Company\/ ISO 9001 Certificate Custom Solutions HVP High Voltage Products knows that standard products don\u2019t always meet every customer\u2019s needs. Electronics design is not a simple process; often the ability to get the exact item needed, rather than having to choose from what\u2019s already available, can mean the success of a design and [&hellip;]\" \/>\n<meta property=\"og:url\" content=\"https:\/\/www.hvproducts.de\/de\/custom_solutions\/\" \/>\n<meta property=\"og:site_name\" content=\"HVP: High Voltage Products GmbH\" \/>\n<meta property=\"article:modified_time\" content=\"2021-06-16T11:23:34+00:00\" \/>\n<meta property=\"og:image\" content=\"https:\/\/www.hvproducts.de\/wp-content\/uploads\/2021\/06\/custom_-_xbridge_1000-3ffd1b02e5d368aabeef64ac225673af270b491a3126669cf57c35c2e69d11cc.png\" \/>\n<meta name=\"twitter:card\" content=\"summary_large_image\" \/>\n<meta name=\"twitter:label1\" content=\"Gesch\u00e4tzte Lesezeit\" \/>\n\t<meta name=\"twitter:data1\" content=\"1\u00a0Minute\" \/>\n<script type=\"application\/ld+json\" class=\"yoast-schema-graph\">{\"@context\":\"https:\/\/schema.org\",\"@graph\":[{\"@type\":\"WebPage\",\"@id\":\"https:\/\/www.hvproducts.de\/custom_solutions\",\"url\":\"https:\/\/www.hvproducts.de\/custom_solutions\",\"name\":\"Custom Solutions - HVP: High Voltage Products GmbH\",\"isPartOf\":{\"@id\":\"https:\/\/hvproducts.de\/#website\"},\"primaryImageOfPage\":{\"@id\":\"https:\/\/www.hvproducts.de\/custom_solutions#primaryimage\"},\"image\":{\"@id\":\"https:\/\/www.hvproducts.de\/custom_solutions#primaryimage\"},\"thumbnailUrl\":\"https:\/\/www.hvproducts.de\/wp-content\/uploads\/2021\/06\/custom_-_xbridge_1000-3ffd1b02e5d368aabeef64ac225673af270b491a3126669cf57c35c2e69d11cc.png\",\"datePublished\":\"2021-03-27T21:21:07+00:00\",\"dateModified\":\"2021-06-16T11:23:34+00:00\",\"breadcrumb\":{\"@id\":\"https:\/\/www.hvproducts.de\/custom_solutions#breadcrumb\"},\"inLanguage\":\"de\",\"potentialAction\":[{\"@type\":\"ReadAction\",\"target\":[\"https:\/\/www.hvproducts.de\/custom_solutions\"]}]},{\"@type\":\"ImageObject\",\"inLanguage\":\"de\",\"@id\":\"https:\/\/www.hvproducts.de\/custom_solutions#primaryimage\",\"url\":\"https:\/\/www.hvproducts.de\/wp-content\/uploads\/2021\/06\/custom_-_xbridge_1000-3ffd1b02e5d368aabeef64ac225673af270b491a3126669cf57c35c2e69d11cc.png\",\"contentUrl\":\"https:\/\/www.hvproducts.de\/wp-content\/uploads\/2021\/06\/custom_-_xbridge_1000-3ffd1b02e5d368aabeef64ac225673af270b491a3126669cf57c35c2e69d11cc.png\"},{\"@type\":\"BreadcrumbList\",\"@id\":\"https:\/\/www.hvproducts.de\/custom_solutions#breadcrumb\",\"itemListElement\":[{\"@type\":\"ListItem\",\"position\":1,\"name\":\"Home\",\"item\":\"https:\/\/www.hvproducts.de\/\"},{\"@type\":\"ListItem\",\"position\":2,\"name\":\"Custom Solutions\"}]},{\"@type\":\"WebSite\",\"@id\":\"https:\/\/hvproducts.de\/#website\",\"url\":\"https:\/\/hvproducts.de\/\",\"name\":\"HVP: High Voltage Products GmbH\",\"description\":\"High Voltage Products GmbH\",\"publisher\":{\"@id\":\"https:\/\/hvproducts.de\/#organization\"},\"potentialAction\":[{\"@type\":\"SearchAction\",\"target\":{\"@type\":\"EntryPoint\",\"urlTemplate\":\"https:\/\/hvproducts.de\/?s={search_term_string}\"},\"query-input\":{\"@type\":\"PropertyValueSpecification\",\"valueRequired\":true,\"valueName\":\"search_term_string\"}}],\"inLanguage\":\"de\"},{\"@type\":\"Organization\",\"@id\":\"https:\/\/hvproducts.de\/#organization\",\"name\":\"HVP: High Voltage Products GmbH\",\"url\":\"https:\/\/hvproducts.de\/\",\"logo\":{\"@type\":\"ImageObject\",\"inLanguage\":\"de\",\"@id\":\"https:\/\/hvproducts.de\/#\/schema\/logo\/image\/\",\"url\":\"https:\/\/www.hvproducts.de\/wp-content\/uploads\/2021\/01\/cropped-iPhone-X-XS-11-Pro-\u2013-1@2x-2.png\",\"contentUrl\":\"https:\/\/www.hvproducts.de\/wp-content\/uploads\/2021\/01\/cropped-iPhone-X-XS-11-Pro-\u2013-1@2x-2.png\",\"width\":723,\"height\":224,\"caption\":\"HVP: High Voltage Products GmbH\"},\"image\":{\"@id\":\"https:\/\/hvproducts.de\/#\/schema\/logo\/image\/\"}}]}<\/script>\n<!-- \/ Yoast SEO plugin. -->","yoast_head_json":{"title":"Custom Solutions - HVP: High Voltage Products GmbH","robots":{"index":"index","follow":"follow","max-snippet":"max-snippet:-1","max-image-preview":"max-image-preview:large","max-video-preview":"max-video-preview:-1"},"canonical":"https:\/\/www.hvproducts.de\/de\/custom_solutions\/","og_locale":"de_DE","og_type":"article","og_title":"Custom Solutions - HVP: High Voltage Products GmbH","og_description":"Home \/ Company\/ ISO 9001 Certificate Custom Solutions HVP High Voltage Products knows that standard products don\u2019t always meet every customer\u2019s needs. Electronics design is not a simple process; often the ability to get the exact item needed, rather than having to choose from what\u2019s already available, can mean the success of a design and [&hellip;]","og_url":"https:\/\/www.hvproducts.de\/de\/custom_solutions\/","og_site_name":"HVP: High Voltage Products GmbH","article_modified_time":"2021-06-16T11:23:34+00:00","og_image":[{"url":"https:\/\/www.hvproducts.de\/wp-content\/uploads\/2021\/06\/custom_-_xbridge_1000-3ffd1b02e5d368aabeef64ac225673af270b491a3126669cf57c35c2e69d11cc.png","type":"","width":"","height":""}],"twitter_card":"summary_large_image","twitter_misc":{"Gesch\u00e4tzte Lesezeit":"1\u00a0Minute"},"schema":{"@context":"https:\/\/schema.org","@graph":[{"@type":"WebPage","@id":"https:\/\/www.hvproducts.de\/custom_solutions","url":"https:\/\/www.hvproducts.de\/custom_solutions","name":"Custom Solutions - HVP: High Voltage Products GmbH","isPartOf":{"@id":"https:\/\/hvproducts.de\/#website"},"primaryImageOfPage":{"@id":"https:\/\/www.hvproducts.de\/custom_solutions#primaryimage"},"image":{"@id":"https:\/\/www.hvproducts.de\/custom_solutions#primaryimage"},"thumbnailUrl":"https:\/\/www.hvproducts.de\/wp-content\/uploads\/2021\/06\/custom_-_xbridge_1000-3ffd1b02e5d368aabeef64ac225673af270b491a3126669cf57c35c2e69d11cc.png","datePublished":"2021-03-27T21:21:07+00:00","dateModified":"2021-06-16T11:23:34+00:00","breadcrumb":{"@id":"https:\/\/www.hvproducts.de\/custom_solutions#breadcrumb"},"inLanguage":"de","potentialAction":[{"@type":"ReadAction","target":["https:\/\/www.hvproducts.de\/custom_solutions"]}]},{"@type":"ImageObject","inLanguage":"de","@id":"https:\/\/www.hvproducts.de\/custom_solutions#primaryimage","url":"https:\/\/www.hvproducts.de\/wp-content\/uploads\/2021\/06\/custom_-_xbridge_1000-3ffd1b02e5d368aabeef64ac225673af270b491a3126669cf57c35c2e69d11cc.png","contentUrl":"https:\/\/www.hvproducts.de\/wp-content\/uploads\/2021\/06\/custom_-_xbridge_1000-3ffd1b02e5d368aabeef64ac225673af270b491a3126669cf57c35c2e69d11cc.png"},{"@type":"BreadcrumbList","@id":"https:\/\/www.hvproducts.de\/custom_solutions#breadcrumb","itemListElement":[{"@type":"ListItem","position":1,"name":"Home","item":"https:\/\/www.hvproducts.de\/"},{"@type":"ListItem","position":2,"name":"Custom Solutions"}]},{"@type":"WebSite","@id":"https:\/\/hvproducts.de\/#website","url":"https:\/\/hvproducts.de\/","name":"HVP: High Voltage Products GmbH","description":"High Voltage Products GmbH","publisher":{"@id":"https:\/\/hvproducts.de\/#organization"},"potentialAction":[{"@type":"SearchAction","target":{"@type":"EntryPoint","urlTemplate":"https:\/\/hvproducts.de\/?s={search_term_string}"},"query-input":{"@type":"PropertyValueSpecification","valueRequired":true,"valueName":"search_term_string"}}],"inLanguage":"de"},{"@type":"Organization","@id":"https:\/\/hvproducts.de\/#organization","name":"HVP: High Voltage Products GmbH","url":"https:\/\/hvproducts.de\/","logo":{"@type":"ImageObject","inLanguage":"de","@id":"https:\/\/hvproducts.de\/#\/schema\/logo\/image\/","url":"https:\/\/www.hvproducts.de\/wp-content\/uploads\/2021\/01\/cropped-iPhone-X-XS-11-Pro-\u2013-1@2x-2.png","contentUrl":"https:\/\/www.hvproducts.de\/wp-content\/uploads\/2021\/01\/cropped-iPhone-X-XS-11-Pro-\u2013-1@2x-2.png","width":723,"height":224,"caption":"HVP: High Voltage Products GmbH"},"image":{"@id":"https:\/\/hvproducts.de\/#\/schema\/logo\/image\/"}}]}},"_links":{"self":[{"href":"https:\/\/www.hvproducts.de\/de\/wp-json\/wp\/v2\/pages\/7132","targetHints":{"allow":["GET"]}}],"collection":[{"href":"https:\/\/www.hvproducts.de\/de\/wp-json\/wp\/v2\/pages"}],"about":[{"href":"https:\/\/www.hvproducts.de\/de\/wp-json\/wp\/v2\/types\/page"}],"author":[{"embeddable":true,"href":"https:\/\/www.hvproducts.de\/de\/wp-json\/wp\/v2\/users\/1"}],"replies":[{"embeddable":true,"href":"https:\/\/www.hvproducts.de\/de\/wp-json\/wp\/v2\/comments?post=7132"}],"version-history":[{"count":28,"href":"https:\/\/www.hvproducts.de\/de\/wp-json\/wp\/v2\/pages\/7132\/revisions"}],"predecessor-version":[{"id":11705,"href":"https:\/\/www.hvproducts.de\/de\/wp-json\/wp\/v2\/pages\/7132\/revisions\/11705"}],"wp:attachment":[{"href":"https:\/\/www.hvproducts.de\/de\/wp-json\/wp\/v2\/media?parent=7132"}],"curies":[{"name":"wp","href":"https:\/\/api.w.org\/{rel}","templated":true}]}}