{"id":7126,"date":"2021-03-27T21:16:07","date_gmt":"2021-03-27T21:16:07","guid":{"rendered":"https:\/\/hvct.eu\/?page_id=7126"},"modified":"2026-01-28T14:02:45","modified_gmt":"2026-01-28T14:02:45","slug":"is0_9001_certificate","status":"publish","type":"page","link":"https:\/\/www.hvproducts.de\/de\/is0_9001_certificate","title":{"rendered":"ISO 9001-Zertifikat"},"content":{"rendered":"<div data-elementor-type=\"wp-page\" data-elementor-id=\"7126\" class=\"elementor elementor-7126\">\n\t\t\t\t\t\t<section class=\"elementor-section elementor-top-section elementor-element elementor-element-9bc6fa7 elementor-section-boxed elementor-section-height-default elementor-section-height-default\" data-id=\"9bc6fa7\" data-element_type=\"section\" data-e-type=\"section\">\n\t\t\t\t\t\t<div class=\"elementor-container elementor-column-gap-default\">\n\t\t\t\t\t<div class=\"elementor-column elementor-col-100 elementor-top-column elementor-element elementor-element-b58caa1\" data-id=\"b58caa1\" data-element_type=\"column\" data-e-type=\"column\">\n\t\t\t<div class=\"elementor-widget-wrap elementor-element-populated\">\n\t\t\t\t\t\t<div class=\"elementor-element elementor-element-423ce7c elementor-widget elementor-widget-text-editor\" data-id=\"423ce7c\" data-element_type=\"widget\" data-e-type=\"widget\" data-widget_type=\"text-editor.default\">\n\t\t\t\t<div class=\"elementor-widget-container\">\n\t\t\t\t\t\t\t\t\t<p><a href=\"https:\/\/www.hvproducts.de\">Startseite<\/a> \/ Company\/ ISO 9001 Certificate<\/p>\t\t\t\t\t\t\t\t<\/div>\n\t\t\t\t<\/div>\n\t\t\t\t<div class=\"elementor-element elementor-element-14d6d47 elementor-widget elementor-widget-heading\" data-id=\"14d6d47\" data-element_type=\"widget\" data-e-type=\"widget\" data-widget_type=\"heading.default\">\n\t\t\t\t<div class=\"elementor-widget-container\">\n\t\t\t\t\t<h2 class=\"elementor-heading-title elementor-size-default\"><h1 style=\"margin-bottom: 0.5rem;font-weight: 500;font-size: 30px;, sans-serif;font-style: normal;white-space: normal\">Allgemeine Gesch\u00e4ftsbedingungen der HVP High Voltage Products GmbH<\/h1><\/h2>\t\t\t\t<\/div>\n\t\t\t\t<\/div>\n\t\t\t\t<div class=\"elementor-element elementor-element-3cf3d05 elementor-widget elementor-widget-text-editor\" data-id=\"3cf3d05\" data-element_type=\"widget\" data-e-type=\"widget\" data-widget_type=\"text-editor.default\">\n\t\t\t\t<div class=\"elementor-widget-container\">\n\t\t\t\t\t\t\t\t\t<p><img decoding=\"async\" class=\"alignnone wp-image-1641\" src=\"https:\/\/www.hvproducts.de\/wp-content\/uploads\/2021\/01\/iso-logo-300x150.png\" alt=\"\" width=\"208\" height=\"104\" srcset=\"https:\/\/www.hvproducts.de\/wp-content\/uploads\/2021\/01\/iso-logo-300x150.png 300w, https:\/\/www.hvproducts.de\/wp-content\/uploads\/2021\/01\/iso-logo-18x9.png 18w, https:\/\/www.hvproducts.de\/wp-content\/uploads\/2021\/01\/elementor\/thumbs\/iso-logo-rf2fnv4exiitkgkkcpm0t78fsvt8i1xxlq1en8thpw.png 100w, https:\/\/www.hvproducts.de\/wp-content\/uploads\/2021\/01\/iso-logo.png 512w\" sizes=\"(max-width: 208px) 100vw, 208px\" \/><\/p><p>HVP ist nach der Norm\u00a0<span class=\"caps\">DIN<\/span>\u00a0EN\u00a0<span class=\"caps\">ISO<\/span>\u00a09001:2015 f\u00fcr sein Qualit\u00e4tsmanagementsystem zertifiziert. Wir haben uns der Kundenzufriedenheit, der Gesamtqualit\u00e4t und der kontinuierlichen Verbesserung verschrieben!<\/p><p><a href=\"https:\/\/www.hvproducts.de\/wp-content\/uploads\/2026\/01\/161102_4__Zertifikat_ISO-9001_09.01.2026.pdf\"><br \/><img decoding=\"async\" class=\"alignnone size-full wp-image-5416\" src=\"https:\/\/www.hvproducts.de\/wp-content\/uploads\/2021\/03\/download-2.png\" alt=\"\" width=\"40\" height=\"48\" srcset=\"https:\/\/www.hvproducts.de\/wp-content\/uploads\/2021\/03\/download-2.png 40w, https:\/\/www.hvproducts.de\/wp-content\/uploads\/2021\/03\/download-2-10x12.png 10w\" sizes=\"(max-width: 40px) 100vw, 40px\" \/><span class=\"text\"> Certificate ISO 9001<\/span><\/a><\/p>\t\t\t\t\t\t\t\t<\/div>\n\t\t\t\t<\/div>\n\t\t\t\t\t<\/div>\n\t\t<\/div>\n\t\t\t\t\t<\/div>\n\t\t<\/section>\n\t\t\t\t<\/div>","protected":false},"excerpt":{"rendered":"<p>Home \/ Company\/ ISO 9001 Certificate General Terms and Conditions of HVP High Voltage Products GmbH HVP is certified to the\u00a0DIN\u00a0EN\u00a0ISO\u00a09001:2015 standard for our quality managment system. We are fully committed to customer satisfaction, overall quality, and continuous improvement! Certificate ISO 9001<\/p>","protected":false},"author":1,"featured_media":0,"parent":0,"menu_order":0,"comment_status":"closed","ping_status":"closed","template":"","meta":{"site-sidebar-layout":"no-sidebar","site-content-layout":"page-builder","ast-site-content-layout":"default","site-content-style":"default","site-sidebar-style":"default","ast-global-header-display":"","ast-banner-title-visibility":"","ast-main-header-display":"","ast-hfb-above-header-display":"","ast-hfb-below-header-display":"","ast-hfb-mobile-header-display":"","site-post-title":"disabled","ast-breadcrumbs-content":"","ast-featured-img":"disabled","footer-sml-layout":"","ast-disable-related-posts":"","theme-transparent-header-meta":"default","adv-header-id-meta":"","stick-header-meta":"","header-above-stick-meta":"","header-main-stick-meta":"","header-below-stick-meta":"","astra-migrate-meta-layouts":"default","ast-page-background-enabled":"default","ast-page-background-meta":{"desktop":{"background-color":"","background-image":"","background-repeat":"repeat","background-position":"center center","background-size":"auto","background-attachment":"scroll","background-type":"","background-media":"","overlay-type":"","overlay-color":"","overlay-opacity":"","overlay-gradient":""},"tablet":{"background-color":"","background-image":"","background-repeat":"repeat","background-position":"center center","background-size":"auto","background-attachment":"scroll","background-type":"","background-media":"","overlay-type":"","overlay-color":"","overlay-opacity":"","overlay-gradient":""},"mobile":{"background-color":"","background-image":"","background-repeat":"repeat","background-position":"center center","background-size":"auto","background-attachment":"scroll","background-type":"","background-media":"","overlay-type":"","overlay-color":"","overlay-opacity":"","overlay-gradient":""}},"ast-content-background-meta":{"desktop":{"background-color":"var(--ast-global-color-5)","background-image":"","background-repeat":"repeat","background-position":"center center","background-size":"auto","background-attachment":"scroll","background-type":"","background-media":"","overlay-type":"","overlay-color":"","overlay-opacity":"","overlay-gradient":""},"tablet":{"background-color":"var(--ast-global-color-5)","background-image":"","background-repeat":"repeat","background-position":"center center","background-size":"auto","background-attachment":"scroll","background-type":"","background-media":"","overlay-type":"","overlay-color":"","overlay-opacity":"","overlay-gradient":""},"mobile":{"background-color":"var(--ast-global-color-5)","background-image":"","background-repeat":"repeat","background-position":"center center","background-size":"auto","background-attachment":"scroll","background-type":"","background-media":"","overlay-type":"","overlay-color":"","overlay-opacity":"","overlay-gradient":""}},"footnotes":""},"class_list":["post-7126","page","type-page","status-publish","hentry"],"yoast_head":"<!-- This site is optimized with the Yoast SEO plugin v27.2 - https:\/\/yoast.com\/product\/yoast-seo-wordpress\/ -->\n<title>ISO 9001 Certificate - HVP: High Voltage Products GmbH<\/title>\n<meta name=\"robots\" content=\"index, follow, max-snippet:-1, max-image-preview:large, max-video-preview:-1\" \/>\n<link rel=\"canonical\" href=\"https:\/\/www.hvproducts.de\/de\/is0_9001_certificate\/\" \/>\n<meta property=\"og:locale\" content=\"de_DE\" \/>\n<meta property=\"og:type\" content=\"article\" \/>\n<meta property=\"og:title\" content=\"ISO 9001 Certificate - HVP: High Voltage Products GmbH\" \/>\n<meta property=\"og:description\" content=\"Home \/ Company\/ ISO 9001 Certificate General Terms and Conditions of HVP High Voltage Products GmbH HVP is certified to the\u00a0DIN\u00a0EN\u00a0ISO\u00a09001:2015 standard for our quality managment system. We are fully committed to customer satisfaction, overall quality, and continuous improvement! Certificate ISO 9001\" \/>\n<meta property=\"og:url\" content=\"https:\/\/www.hvproducts.de\/de\/is0_9001_certificate\/\" \/>\n<meta property=\"og:site_name\" content=\"HVP: High Voltage Products GmbH\" \/>\n<meta property=\"article:modified_time\" content=\"2026-01-28T14:02:45+00:00\" \/>\n<meta property=\"og:image\" content=\"https:\/\/www.hvproducts.de\/wp-content\/uploads\/2021\/01\/iso-logo.png\" \/>\n\t<meta property=\"og:image:width\" content=\"512\" \/>\n\t<meta property=\"og:image:height\" content=\"256\" \/>\n\t<meta property=\"og:image:type\" content=\"image\/png\" \/>\n<meta name=\"twitter:card\" content=\"summary_large_image\" \/>\n<meta name=\"twitter:label1\" content=\"Gesch\u00e4tzte Lesezeit\" \/>\n\t<meta name=\"twitter:data1\" content=\"1\u00a0Minute\" \/>\n<script type=\"application\/ld+json\" class=\"yoast-schema-graph\">{\"@context\":\"https:\/\/schema.org\",\"@graph\":[{\"@type\":\"WebPage\",\"@id\":\"https:\/\/www.hvproducts.de\/is0_9001_certificate\",\"url\":\"https:\/\/www.hvproducts.de\/is0_9001_certificate\",\"name\":\"ISO 9001 Certificate - HVP: High Voltage Products GmbH\",\"isPartOf\":{\"@id\":\"https:\/\/hvproducts.de\/#website\"},\"primaryImageOfPage\":{\"@id\":\"https:\/\/www.hvproducts.de\/is0_9001_certificate#primaryimage\"},\"image\":{\"@id\":\"https:\/\/www.hvproducts.de\/is0_9001_certificate#primaryimage\"},\"thumbnailUrl\":\"https:\/\/www.hvproducts.de\/wp-content\/uploads\/2021\/01\/iso-logo-300x150.png\",\"datePublished\":\"2021-03-27T21:16:07+00:00\",\"dateModified\":\"2026-01-28T14:02:45+00:00\",\"breadcrumb\":{\"@id\":\"https:\/\/www.hvproducts.de\/is0_9001_certificate#breadcrumb\"},\"inLanguage\":\"de\",\"potentialAction\":[{\"@type\":\"ReadAction\",\"target\":[\"https:\/\/www.hvproducts.de\/is0_9001_certificate\"]}]},{\"@type\":\"ImageObject\",\"inLanguage\":\"de\",\"@id\":\"https:\/\/www.hvproducts.de\/is0_9001_certificate#primaryimage\",\"url\":\"https:\/\/www.hvproducts.de\/wp-content\/uploads\/2021\/01\/iso-logo-300x150.png\",\"contentUrl\":\"https:\/\/www.hvproducts.de\/wp-content\/uploads\/2021\/01\/iso-logo-300x150.png\"},{\"@type\":\"BreadcrumbList\",\"@id\":\"https:\/\/www.hvproducts.de\/is0_9001_certificate#breadcrumb\",\"itemListElement\":[{\"@type\":\"ListItem\",\"position\":1,\"name\":\"Home\",\"item\":\"https:\/\/www.hvproducts.de\/\"},{\"@type\":\"ListItem\",\"position\":2,\"name\":\"ISO 9001 Certificate\"}]},{\"@type\":\"WebSite\",\"@id\":\"https:\/\/hvproducts.de\/#website\",\"url\":\"https:\/\/hvproducts.de\/\",\"name\":\"HVP: High Voltage Products GmbH\",\"description\":\"High Voltage Products GmbH\",\"publisher\":{\"@id\":\"https:\/\/hvproducts.de\/#organization\"},\"potentialAction\":[{\"@type\":\"SearchAction\",\"target\":{\"@type\":\"EntryPoint\",\"urlTemplate\":\"https:\/\/hvproducts.de\/?s={search_term_string}\"},\"query-input\":{\"@type\":\"PropertyValueSpecification\",\"valueRequired\":true,\"valueName\":\"search_term_string\"}}],\"inLanguage\":\"de\"},{\"@type\":\"Organization\",\"@id\":\"https:\/\/hvproducts.de\/#organization\",\"name\":\"HVP: High Voltage Products GmbH\",\"url\":\"https:\/\/hvproducts.de\/\",\"logo\":{\"@type\":\"ImageObject\",\"inLanguage\":\"de\",\"@id\":\"https:\/\/hvproducts.de\/#\/schema\/logo\/image\/\",\"url\":\"https:\/\/www.hvproducts.de\/wp-content\/uploads\/2021\/01\/cropped-iPhone-X-XS-11-Pro-\u2013-1@2x-2.png\",\"contentUrl\":\"https:\/\/www.hvproducts.de\/wp-content\/uploads\/2021\/01\/cropped-iPhone-X-XS-11-Pro-\u2013-1@2x-2.png\",\"width\":723,\"height\":224,\"caption\":\"HVP: High Voltage Products GmbH\"},\"image\":{\"@id\":\"https:\/\/hvproducts.de\/#\/schema\/logo\/image\/\"}}]}<\/script>\n<!-- \/ Yoast SEO plugin. -->","yoast_head_json":{"title":"ISO 9001 Certificate - HVP: High Voltage Products GmbH","robots":{"index":"index","follow":"follow","max-snippet":"max-snippet:-1","max-image-preview":"max-image-preview:large","max-video-preview":"max-video-preview:-1"},"canonical":"https:\/\/www.hvproducts.de\/de\/is0_9001_certificate\/","og_locale":"de_DE","og_type":"article","og_title":"ISO 9001 Certificate - HVP: High Voltage Products GmbH","og_description":"Home \/ Company\/ ISO 9001 Certificate General Terms and Conditions of HVP High Voltage Products GmbH HVP is certified to the\u00a0DIN\u00a0EN\u00a0ISO\u00a09001:2015 standard for our quality managment system. We are fully committed to customer satisfaction, overall quality, and continuous improvement! Certificate ISO 9001","og_url":"https:\/\/www.hvproducts.de\/de\/is0_9001_certificate\/","og_site_name":"HVP: High Voltage Products GmbH","article_modified_time":"2026-01-28T14:02:45+00:00","og_image":[{"width":512,"height":256,"url":"https:\/\/www.hvproducts.de\/wp-content\/uploads\/2021\/01\/iso-logo.png","type":"image\/png"}],"twitter_card":"summary_large_image","twitter_misc":{"Gesch\u00e4tzte Lesezeit":"1\u00a0Minute"},"schema":{"@context":"https:\/\/schema.org","@graph":[{"@type":"WebPage","@id":"https:\/\/www.hvproducts.de\/is0_9001_certificate","url":"https:\/\/www.hvproducts.de\/is0_9001_certificate","name":"ISO 9001 Certificate - HVP: High Voltage Products GmbH","isPartOf":{"@id":"https:\/\/hvproducts.de\/#website"},"primaryImageOfPage":{"@id":"https:\/\/www.hvproducts.de\/is0_9001_certificate#primaryimage"},"image":{"@id":"https:\/\/www.hvproducts.de\/is0_9001_certificate#primaryimage"},"thumbnailUrl":"https:\/\/www.hvproducts.de\/wp-content\/uploads\/2021\/01\/iso-logo-300x150.png","datePublished":"2021-03-27T21:16:07+00:00","dateModified":"2026-01-28T14:02:45+00:00","breadcrumb":{"@id":"https:\/\/www.hvproducts.de\/is0_9001_certificate#breadcrumb"},"inLanguage":"de","potentialAction":[{"@type":"ReadAction","target":["https:\/\/www.hvproducts.de\/is0_9001_certificate"]}]},{"@type":"ImageObject","inLanguage":"de","@id":"https:\/\/www.hvproducts.de\/is0_9001_certificate#primaryimage","url":"https:\/\/www.hvproducts.de\/wp-content\/uploads\/2021\/01\/iso-logo-300x150.png","contentUrl":"https:\/\/www.hvproducts.de\/wp-content\/uploads\/2021\/01\/iso-logo-300x150.png"},{"@type":"BreadcrumbList","@id":"https:\/\/www.hvproducts.de\/is0_9001_certificate#breadcrumb","itemListElement":[{"@type":"ListItem","position":1,"name":"Home","item":"https:\/\/www.hvproducts.de\/"},{"@type":"ListItem","position":2,"name":"ISO 9001 Certificate"}]},{"@type":"WebSite","@id":"https:\/\/hvproducts.de\/#website","url":"https:\/\/hvproducts.de\/","name":"HVP: High Voltage Products GmbH","description":"High Voltage Products GmbH","publisher":{"@id":"https:\/\/hvproducts.de\/#organization"},"potentialAction":[{"@type":"SearchAction","target":{"@type":"EntryPoint","urlTemplate":"https:\/\/hvproducts.de\/?s={search_term_string}"},"query-input":{"@type":"PropertyValueSpecification","valueRequired":true,"valueName":"search_term_string"}}],"inLanguage":"de"},{"@type":"Organization","@id":"https:\/\/hvproducts.de\/#organization","name":"HVP: High Voltage Products GmbH","url":"https:\/\/hvproducts.de\/","logo":{"@type":"ImageObject","inLanguage":"de","@id":"https:\/\/hvproducts.de\/#\/schema\/logo\/image\/","url":"https:\/\/www.hvproducts.de\/wp-content\/uploads\/2021\/01\/cropped-iPhone-X-XS-11-Pro-\u2013-1@2x-2.png","contentUrl":"https:\/\/www.hvproducts.de\/wp-content\/uploads\/2021\/01\/cropped-iPhone-X-XS-11-Pro-\u2013-1@2x-2.png","width":723,"height":224,"caption":"HVP: High Voltage Products GmbH"},"image":{"@id":"https:\/\/hvproducts.de\/#\/schema\/logo\/image\/"}}]}},"_links":{"self":[{"href":"https:\/\/www.hvproducts.de\/de\/wp-json\/wp\/v2\/pages\/7126","targetHints":{"allow":["GET"]}}],"collection":[{"href":"https:\/\/www.hvproducts.de\/de\/wp-json\/wp\/v2\/pages"}],"about":[{"href":"https:\/\/www.hvproducts.de\/de\/wp-json\/wp\/v2\/types\/page"}],"author":[{"embeddable":true,"href":"https:\/\/www.hvproducts.de\/de\/wp-json\/wp\/v2\/users\/1"}],"replies":[{"embeddable":true,"href":"https:\/\/www.hvproducts.de\/de\/wp-json\/wp\/v2\/comments?post=7126"}],"version-history":[{"count":28,"href":"https:\/\/www.hvproducts.de\/de\/wp-json\/wp\/v2\/pages\/7126\/revisions"}],"predecessor-version":[{"id":15192,"href":"https:\/\/www.hvproducts.de\/de\/wp-json\/wp\/v2\/pages\/7126\/revisions\/15192"}],"wp:attachment":[{"href":"https:\/\/www.hvproducts.de\/de\/wp-json\/wp\/v2\/media?parent=7126"}],"curies":[{"name":"wp","href":"https:\/\/api.w.org\/{rel}","templated":true}]}}