{"id":6959,"date":"2021-03-27T17:26:07","date_gmt":"2021-03-27T17:26:07","guid":{"rendered":"https:\/\/hvct.eu\/?page_id=6959"},"modified":"2021-08-30T13:02:43","modified_gmt":"2021-08-30T13:02:43","slug":"rf_plasma_generators","status":"publish","type":"page","link":"https:\/\/www.hvproducts.de\/de\/rf_plasma_generators","title":{"rendered":"RF-Plasma-Generatoren"},"content":{"rendered":"<div data-elementor-type=\"wp-page\" data-elementor-id=\"6959\" class=\"elementor elementor-6959\">\n\t\t\t\t\t\t<section class=\"elementor-section elementor-top-section elementor-element elementor-element-9bc6fa7 elementor-section-boxed elementor-section-height-default elementor-section-height-default\" data-id=\"9bc6fa7\" data-element_type=\"section\" data-e-type=\"section\">\n\t\t\t\t\t\t\t<div class=\"elementor-background-overlay\"><\/div>\n\t\t\t\t\t\t\t<div class=\"elementor-container elementor-column-gap-default\">\n\t\t\t\t\t<div class=\"elementor-column elementor-col-100 elementor-top-column elementor-element elementor-element-b58caa1\" data-id=\"b58caa1\" data-element_type=\"column\" data-e-type=\"column\">\n\t\t\t<div class=\"elementor-widget-wrap elementor-element-populated\">\n\t\t\t\t\t\t<div class=\"elementor-element elementor-element-423ce7c elementor-widget elementor-widget-text-editor\" data-id=\"423ce7c\" data-element_type=\"widget\" data-e-type=\"widget\" data-widget_type=\"text-editor.default\">\n\t\t\t\t<div class=\"elementor-widget-container\">\n\t\t\t\t\t\t\t\t\t<p><a href=\"https:\/\/www.hvproducts.de\/\">Startseite<\/a>\/ Produkte\/ Hochfrequenz\/ Plasma Power Generator\/<a href=\"https:\/\/www.hvproducts.de\/rf_plasma_generators\/\"> RF-Plasma-Generator<\/a><\/p>\t\t\t\t\t\t\t\t<\/div>\n\t\t\t\t<\/div>\n\t\t\t\t<div class=\"elementor-element elementor-element-14d6d47 elementor-widget elementor-widget-heading\" data-id=\"14d6d47\" data-element_type=\"widget\" data-e-type=\"widget\" data-widget_type=\"heading.default\">\n\t\t\t\t<div class=\"elementor-widget-container\">\n\t\t\t\t\t<h2 class=\"elementor-heading-title elementor-size-default\"><h1 style=\"margin-bottom: 0.5rem;font-weight: 500;font-size: 30px;, sans-serif;font-style: normal;white-space: normal\">RF-Plasma-Generatoren<\/h1><\/h2>\t\t\t\t<\/div>\n\t\t\t\t<\/div>\n\t\t\t\t<div class=\"elementor-element elementor-element-3cf3d05 elementor-widget elementor-widget-text-editor\" data-id=\"3cf3d05\" data-element_type=\"widget\" data-e-type=\"widget\" data-widget_type=\"text-editor.default\">\n\t\t\t\t<div class=\"elementor-widget-container\">\n\t\t\t\t\t\t\t\t\t<h4>Transformieren Sie Ihre Prozessinnovation<\/h4><p>W\u00e4hlen Sie aus einer breiten Palette von HF-Plasmaerzeugern und profitieren Sie von einzigartigen Funktionen f\u00fcr Konfiguration, Steuerung und Anwendungsanforderungen. Von verschiedenen Halterungen und Gr\u00f6\u00dfen bis hin zur vollst\u00e4ndigen digitalen Steuerung und dynamischen Reaktion des Plasmas k\u00f6nnen unsere HF-Generatoren Ihre Prozessinnovation vorantreiben.<\/p>\t\t\t\t\t\t\t\t<\/div>\n\t\t\t\t<\/div>\n\t\t\t\t\t<\/div>\n\t\t<\/div>\n\t\t\t\t\t<\/div>\n\t\t<\/section>\n\t\t\t\t<section class=\"elementor-section elementor-top-section elementor-element elementor-element-e91b148 elementor-section-boxed elementor-section-height-default elementor-section-height-default\" data-id=\"e91b148\" data-element_type=\"section\" data-e-type=\"section\">\n\t\t\t\t\t\t<div class=\"elementor-container elementor-column-gap-default\">\n\t\t\t\t\t<div class=\"elementor-column elementor-col-100 elementor-top-column elementor-element elementor-element-26b238f\" data-id=\"26b238f\" data-element_type=\"column\" data-e-type=\"column\">\n\t\t\t<div class=\"elementor-widget-wrap elementor-element-populated\">\n\t\t\t\t\t\t<div class=\"elementor-element elementor-element-af42251 elementor-widget elementor-widget-image-gallery\" data-id=\"af42251\" data-element_type=\"widget\" data-e-type=\"widget\" data-widget_type=\"image-gallery.default\">\n\t\t\t\t<div class=\"elementor-widget-container\">\n\t\t\t\t\t\t\t<div class=\"elementor-image-gallery\">\n\t\t\t<div id='gallery-1' class='gallery galleryid-6959 gallery-columns-3 gallery-size-large'><figure class='gallery-item'>\n\t\t\t<div class='gallery-icon landscape'>\n\t\t\t\t<a  href='https:\/\/www.hvproducts.de\/de\/apex_1-1-removebg-preview-2'><img fetchpriority=\"high\" decoding=\"async\" width=\"1024\" height=\"577\" src=\"https:\/\/www.hvproducts.de\/wp-content\/uploads\/2021\/03\/apex_1-1-removebg-preview-2-e1624359454979-1024x577.png\" class=\"attachment-large size-large\" alt=\"RF Plasma Generators - High-Power Density for Compact Installation\" aria-describedby=\"gallery-1-8505\" srcset=\"https:\/\/www.hvproducts.de\/wp-content\/uploads\/2021\/03\/apex_1-1-removebg-preview-2-e1624359454979-1024x577.png 1024w, https:\/\/www.hvproducts.de\/wp-content\/uploads\/2021\/03\/apex_1-1-removebg-preview-2-e1624359454979-300x169.png 300w, https:\/\/www.hvproducts.de\/wp-content\/uploads\/2021\/03\/apex_1-1-removebg-preview-2-e1624359454979-768x432.png 768w, https:\/\/www.hvproducts.de\/wp-content\/uploads\/2021\/03\/apex_1-1-removebg-preview-2-e1624359454979-1536x865.png 1536w, https:\/\/www.hvproducts.de\/wp-content\/uploads\/2021\/03\/apex_1-1-removebg-preview-2-e1624359454979.png 2048w, https:\/\/www.hvproducts.de\/wp-content\/uploads\/2021\/03\/apex_1-1-removebg-preview-2-e1624359454979-18x10.png 18w\" sizes=\"(max-width: 1024px) 100vw, 1024px\" \/><\/a>\n\t\t\t<\/div>\n\t\t\t\t<figcaption class='wp-caption-text gallery-caption' id='gallery-1-8505'>\n\t\t\t\tApex - Hohe Leistungsdichte f\u00fcr kompakte Installation\n\t\t\t\t<\/figcaption><\/figure><figure class='gallery-item'>\n\t\t\t<div class='gallery-icon landscape'>\n\t\t\t\t<a  href='https:\/\/www.hvproducts.de\/de\/cesar_1-removebg-preview-1'><img decoding=\"async\" width=\"666\" height=\"375\" src=\"https:\/\/www.hvproducts.de\/wp-content\/uploads\/2021\/03\/cesar_1-removebg-preview-1.png\" class=\"attachment-large size-large\" alt=\"Cesar - Unparalleled Breadth of RF-Application\" aria-describedby=\"gallery-1-8506\" srcset=\"https:\/\/www.hvproducts.de\/wp-content\/uploads\/2021\/03\/cesar_1-removebg-preview-1.png 666w, https:\/\/www.hvproducts.de\/wp-content\/uploads\/2021\/03\/cesar_1-removebg-preview-1-300x169.png 300w, https:\/\/www.hvproducts.de\/wp-content\/uploads\/2021\/03\/cesar_1-removebg-preview-1-18x10.png 18w\" sizes=\"(max-width: 666px) 100vw, 666px\" \/><\/a>\n\t\t\t<\/div>\n\t\t\t\t<figcaption class='wp-caption-text gallery-caption' id='gallery-1-8506'>\n\t\t\t\tCesar - Unerreichte Breite der RF-Anwendung\n\t\t\t\t<\/figcaption><\/figure><figure class='gallery-item'>\n\t\t\t<div class='gallery-icon landscape'>\n\t\t\t\t<a  href='https:\/\/www.hvproducts.de\/de\/hilight_1-removebg-preview-1'><img decoding=\"async\" width=\"666\" height=\"375\" src=\"https:\/\/www.hvproducts.de\/wp-content\/uploads\/2021\/03\/hilight_1-removebg-preview-1.png\" class=\"attachment-large size-large\" alt=\"HiLight - A Compact, Economical, Easy to Install, Low Power RF Platform\" aria-describedby=\"gallery-1-8507\" srcset=\"https:\/\/www.hvproducts.de\/wp-content\/uploads\/2021\/03\/hilight_1-removebg-preview-1.png 666w, https:\/\/www.hvproducts.de\/wp-content\/uploads\/2021\/03\/hilight_1-removebg-preview-1-300x169.png 300w, https:\/\/www.hvproducts.de\/wp-content\/uploads\/2021\/03\/hilight_1-removebg-preview-1-18x10.png 18w\" sizes=\"(max-width: 666px) 100vw, 666px\" \/><\/a>\n\t\t\t<\/div>\n\t\t\t\t<figcaption class='wp-caption-text gallery-caption' id='gallery-1-8507'>\n\t\t\t\tHiLight - Eine kompakte, kosteng\u00fcnstige, einfach zu installierende RF-Plattform mit geringer Leistung\n\t\t\t\t<\/figcaption><\/figure><figure class='gallery-item'>\n\t\t\t<div class='gallery-icon landscape'>\n\t\t\t\t<a  href='https:\/\/www.hvproducts.de\/de\/lfgs_1-removebg-preview-1'><img loading=\"lazy\" decoding=\"async\" width=\"666\" height=\"375\" src=\"https:\/\/www.hvproducts.de\/wp-content\/uploads\/2021\/03\/lfgs_1-removebg-preview-1.png\" class=\"attachment-large size-large\" alt=\"LFGS - Economical, Mid-Frequency, Tailored for Plasma Processing\" aria-describedby=\"gallery-1-8508\" srcset=\"https:\/\/www.hvproducts.de\/wp-content\/uploads\/2021\/03\/lfgs_1-removebg-preview-1.png 666w, https:\/\/www.hvproducts.de\/wp-content\/uploads\/2021\/03\/lfgs_1-removebg-preview-1-300x169.png 300w, https:\/\/www.hvproducts.de\/wp-content\/uploads\/2021\/03\/lfgs_1-removebg-preview-1-18x10.png 18w\" sizes=\"(max-width: 666px) 100vw, 666px\" \/><\/a>\n\t\t\t<\/div>\n\t\t\t\t<figcaption class='wp-caption-text gallery-caption' id='gallery-1-8508'>\n\t\t\t\tLFGS - Wirtschaftlich, Mittelfrequenz, ma\u00dfgeschneidert f\u00fcr die Plasmabearbeitung\n\t\t\t\t<\/figcaption><\/figure><figure class='gallery-item'>\n\t\t\t<div class='gallery-icon landscape'>\n\t\t\t\t<a  href='https:\/\/www.hvproducts.de\/de\/paramount-removebg-preview-1'><img loading=\"lazy\" decoding=\"async\" width=\"666\" height=\"375\" src=\"https:\/\/www.hvproducts.de\/wp-content\/uploads\/2021\/03\/paramount-removebg-preview-1.png\" class=\"attachment-large size-large\" alt=\"Paramount - Industry-Leading, Repeatable Power Delivery for Core Plasma Applications\" aria-describedby=\"gallery-1-8509\" srcset=\"https:\/\/www.hvproducts.de\/wp-content\/uploads\/2021\/03\/paramount-removebg-preview-1.png 666w, https:\/\/www.hvproducts.de\/wp-content\/uploads\/2021\/03\/paramount-removebg-preview-1-300x169.png 300w, https:\/\/www.hvproducts.de\/wp-content\/uploads\/2021\/03\/paramount-removebg-preview-1-18x10.png 18w\" sizes=\"(max-width: 666px) 100vw, 666px\" \/><\/a>\n\t\t\t<\/div>\n\t\t\t\t<figcaption class='wp-caption-text gallery-caption' id='gallery-1-8509'>\n\t\t\t\tParamount - Branchenf\u00fchrende, reproduzierbare Stromversorgung f\u00fcr Kernplasmaanwendungen\n\t\t\t\t<\/figcaption><\/figure><figure class='gallery-item'>\n\t\t\t<div class='gallery-icon landscape'>\n\t\t\t\t<a  href='https:\/\/www.hvproducts.de\/de\/paramount_plus-removebg-preview-1'><img loading=\"lazy\" decoding=\"async\" width=\"666\" height=\"375\" src=\"https:\/\/www.hvproducts.de\/wp-content\/uploads\/2021\/03\/paramount_plus-removebg-preview-1.png\" class=\"attachment-large size-large\" alt=\"Paramount Plus - Multi-Level Pulsing and Pulse Waveform Control for Emerging Plasma Applications\" aria-describedby=\"gallery-1-8510\" srcset=\"https:\/\/www.hvproducts.de\/wp-content\/uploads\/2021\/03\/paramount_plus-removebg-preview-1.png 666w, https:\/\/www.hvproducts.de\/wp-content\/uploads\/2021\/03\/paramount_plus-removebg-preview-1-300x169.png 300w, https:\/\/www.hvproducts.de\/wp-content\/uploads\/2021\/03\/paramount_plus-removebg-preview-1-18x10.png 18w\" sizes=\"(max-width: 666px) 100vw, 666px\" \/><\/a>\n\t\t\t<\/div>\n\t\t\t\t<figcaption class='wp-caption-text gallery-caption' id='gallery-1-8510'>\n\t\t\t\tParamount Plus - Mehrstufige Puls- und Impulswellenformsteuerung f\u00fcr neue Plasmaanwendungen\n\t\t\t\t<\/figcaption><\/figure><figure class='gallery-item'>\n\t\t\t<div class='gallery-icon landscape'>\n\t\t\t\t<a  href='https:\/\/www.hvproducts.de\/de\/pdx_1-removebg-preview-1'><img loading=\"lazy\" decoding=\"async\" width=\"666\" height=\"375\" src=\"https:\/\/www.hvproducts.de\/wp-content\/uploads\/2021\/03\/pdx_1-removebg-preview-1.png\" class=\"attachment-large size-large\" alt=\"PDX - Proven, Mid-Frequency Workhorse with Industry-Leading Reliability\" aria-describedby=\"gallery-1-8511\" srcset=\"https:\/\/www.hvproducts.de\/wp-content\/uploads\/2021\/03\/pdx_1-removebg-preview-1.png 666w, https:\/\/www.hvproducts.de\/wp-content\/uploads\/2021\/03\/pdx_1-removebg-preview-1-300x169.png 300w, https:\/\/www.hvproducts.de\/wp-content\/uploads\/2021\/03\/pdx_1-removebg-preview-1-18x10.png 18w\" sizes=\"(max-width: 666px) 100vw, 666px\" \/><\/a>\n\t\t\t<\/div>\n\t\t\t\t<figcaption class='wp-caption-text gallery-caption' id='gallery-1-8511'>\n\t\t\t\tPDX - Bew\u00e4hrtes Mittelfrequenz-Arbeitspferd mit branchenf\u00fchrender Zuverl\u00e4ssigkeit\n\t\t\t\t<\/figcaption><\/figure><figure class='gallery-item'>\n\t\t\t<div class='gallery-icon landscape'>\n\t\t\t\t<a  href='https:\/\/www.hvproducts.de\/de\/g2000-removebg-preview-1'><img loading=\"lazy\" decoding=\"async\" width=\"666\" height=\"375\" src=\"https:\/\/www.hvproducts.de\/wp-content\/uploads\/2021\/03\/g2000-removebg-preview-1.png\" class=\"attachment-large size-large\" alt=\"High Voltage \/ Medium Frequency Generator\" aria-describedby=\"gallery-1-8512\" srcset=\"https:\/\/www.hvproducts.de\/wp-content\/uploads\/2021\/03\/g2000-removebg-preview-1.png 666w, https:\/\/www.hvproducts.de\/wp-content\/uploads\/2021\/03\/g2000-removebg-preview-1-300x169.png 300w, https:\/\/www.hvproducts.de\/wp-content\/uploads\/2021\/03\/g2000-removebg-preview-1-18x10.png 18w\" sizes=\"(max-width: 666px) 100vw, 666px\" \/><\/a>\n\t\t\t<\/div>\n\t\t\t\t<figcaption class='wp-caption-text gallery-caption' id='gallery-1-8512'>\n\t\t\t\tHochspannungs-\/Mittelfrequenzgenerator\n\t\t\t\t<\/figcaption><\/figure>\n\t\t<\/div>\n\t\t<\/div>\n\t\t\t\t\t\t<\/div>\n\t\t\t\t<\/div>\n\t\t\t\t\t<\/div>\n\t\t<\/div>\n\t\t\t\t\t<\/div>\n\t\t<\/section>\n\t\t\t\t<\/div>","protected":false},"excerpt":{"rendered":"<p>Home\/ Products\/ High Frequency\/ Plasma Power Generator\/ RF Plasma Generator RF Plasma Generators Transform Your Process Innovation Choose from a broad range of RF plasma generators and access unique features for configuration, control, and application requirements. From various mounts and sizes to full digital control and plasma dynamic response, our RF generators can ignite your [&hellip;]<\/p>\n","protected":false},"author":1,"featured_media":0,"parent":0,"menu_order":0,"comment_status":"closed","ping_status":"closed","template":"","meta":{"site-sidebar-layout":"no-sidebar","site-content-layout":"page-builder","ast-site-content-layout":"default","site-content-style":"default","site-sidebar-style":"default","ast-global-header-display":"","ast-banner-title-visibility":"","ast-main-header-display":"","ast-hfb-above-header-display":"","ast-hfb-below-header-display":"","ast-hfb-mobile-header-display":"","site-post-title":"disabled","ast-breadcrumbs-content":"","ast-featured-img":"disabled","footer-sml-layout":"","ast-disable-related-posts":"","theme-transparent-header-meta":"default","adv-header-id-meta":"","stick-header-meta":"","header-above-stick-meta":"","header-main-stick-meta":"","header-below-stick-meta":"","astra-migrate-meta-layouts":"default","ast-page-background-enabled":"default","ast-page-background-meta":{"desktop":{"background-color":"","background-image":"","background-repeat":"repeat","background-position":"center center","background-size":"auto","background-attachment":"scroll","background-type":"","background-media":"","overlay-type":"","overlay-color":"","overlay-opacity":"","overlay-gradient":""},"tablet":{"background-color":"","background-image":"","background-repeat":"repeat","background-position":"center center","background-size":"auto","background-attachment":"scroll","background-type":"","background-media":"","overlay-type":"","overlay-color":"","overlay-opacity":"","overlay-gradient":""},"mobile":{"background-color":"","background-image":"","background-repeat":"repeat","background-position":"center center","background-size":"auto","background-attachment":"scroll","background-type":"","background-media":"","overlay-type":"","overlay-color":"","overlay-opacity":"","overlay-gradient":""}},"ast-content-background-meta":{"desktop":{"background-color":"var(--ast-global-color-5)","background-image":"","background-repeat":"repeat","background-position":"center center","background-size":"auto","background-attachment":"scroll","background-type":"","background-media":"","overlay-type":"","overlay-color":"","overlay-opacity":"","overlay-gradient":""},"tablet":{"background-color":"var(--ast-global-color-5)","background-image":"","background-repeat":"repeat","background-position":"center center","background-size":"auto","background-attachment":"scroll","background-type":"","background-media":"","overlay-type":"","overlay-color":"","overlay-opacity":"","overlay-gradient":""},"mobile":{"background-color":"var(--ast-global-color-5)","background-image":"","background-repeat":"repeat","background-position":"center center","background-size":"auto","background-attachment":"scroll","background-type":"","background-media":"","overlay-type":"","overlay-color":"","overlay-opacity":"","overlay-gradient":""}},"footnotes":""},"class_list":["post-6959","page","type-page","status-publish","hentry"],"yoast_head":"<!-- This site is optimized with the Yoast SEO plugin v27.2 - https:\/\/yoast.com\/product\/yoast-seo-wordpress\/ -->\n<title>RF Plasma Generator Manufacturer &amp; Suppliers - HV Products<\/title>\n<meta name=\"description\" content=\"Plasma generators are used to produce the needed radio frequency (RF) power to create and maintain plasma in plasma chambers.\" \/>\n<meta name=\"robots\" content=\"index, follow, max-snippet:-1, max-image-preview:large, max-video-preview:-1\" \/>\n<link rel=\"canonical\" href=\"https:\/\/www.hvproducts.de\/de\/rf_plasma_generators\/\" \/>\n<meta property=\"og:locale\" content=\"de_DE\" \/>\n<meta property=\"og:type\" content=\"article\" \/>\n<meta property=\"og:title\" content=\"RF Plasma Generator Manufacturer &amp; Suppliers - HV Products\" \/>\n<meta property=\"og:description\" content=\"Plasma generators are used to produce the needed radio frequency (RF) power to create and maintain plasma in plasma chambers.\" \/>\n<meta property=\"og:url\" content=\"https:\/\/www.hvproducts.de\/de\/rf_plasma_generators\/\" \/>\n<meta property=\"og:site_name\" content=\"HVP: High Voltage Products GmbH\" \/>\n<meta property=\"article:modified_time\" content=\"2021-08-30T13:02:43+00:00\" \/>\n<meta property=\"og:image\" content=\"https:\/\/www.hvproducts.de\/wp-content\/uploads\/2021\/03\/apex_1-1-removebg-preview-2-e1624359454979-1024x577.png\" \/>\n<meta name=\"twitter:card\" content=\"summary_large_image\" \/>\n<meta name=\"twitter:label1\" content=\"Gesch\u00e4tzte Lesezeit\" \/>\n\t<meta name=\"twitter:data1\" content=\"3\u00a0Minuten\" \/>\n<script type=\"application\/ld+json\" class=\"yoast-schema-graph\">{\"@context\":\"https:\/\/schema.org\",\"@graph\":[{\"@type\":\"WebPage\",\"@id\":\"https:\/\/www.hvproducts.de\/rf_plasma_generators\",\"url\":\"https:\/\/www.hvproducts.de\/rf_plasma_generators\",\"name\":\"RF Plasma Generator Manufacturer & Suppliers - HV Products\",\"isPartOf\":{\"@id\":\"https:\/\/hvproducts.de\/#website\"},\"primaryImageOfPage\":{\"@id\":\"https:\/\/www.hvproducts.de\/rf_plasma_generators#primaryimage\"},\"image\":{\"@id\":\"https:\/\/www.hvproducts.de\/rf_plasma_generators#primaryimage\"},\"thumbnailUrl\":\"https:\/\/www.hvproducts.de\/wp-content\/uploads\/2021\/03\/apex_1-1-removebg-preview-2-e1624359454979-1024x577.png\",\"datePublished\":\"2021-03-27T17:26:07+00:00\",\"dateModified\":\"2021-08-30T13:02:43+00:00\",\"description\":\"Plasma generators are used to produce the needed radio frequency (RF) power to create and maintain plasma in plasma chambers.\",\"breadcrumb\":{\"@id\":\"https:\/\/www.hvproducts.de\/rf_plasma_generators#breadcrumb\"},\"inLanguage\":\"de\",\"potentialAction\":[{\"@type\":\"ReadAction\",\"target\":[\"https:\/\/www.hvproducts.de\/rf_plasma_generators\"]}]},{\"@type\":\"ImageObject\",\"inLanguage\":\"de\",\"@id\":\"https:\/\/www.hvproducts.de\/rf_plasma_generators#primaryimage\",\"url\":\"https:\/\/www.hvproducts.de\/wp-content\/uploads\/2021\/03\/apex_1-1-removebg-preview-2-e1624359454979-1024x577.png\",\"contentUrl\":\"https:\/\/www.hvproducts.de\/wp-content\/uploads\/2021\/03\/apex_1-1-removebg-preview-2-e1624359454979-1024x577.png\"},{\"@type\":\"BreadcrumbList\",\"@id\":\"https:\/\/www.hvproducts.de\/rf_plasma_generators#breadcrumb\",\"itemListElement\":[{\"@type\":\"ListItem\",\"position\":1,\"name\":\"Home\",\"item\":\"https:\/\/www.hvproducts.de\/\"},{\"@type\":\"ListItem\",\"position\":2,\"name\":\"RF Plasma Generators\"}]},{\"@type\":\"WebSite\",\"@id\":\"https:\/\/hvproducts.de\/#website\",\"url\":\"https:\/\/hvproducts.de\/\",\"name\":\"HVP: High Voltage Products GmbH\",\"description\":\"High Voltage Products GmbH\",\"publisher\":{\"@id\":\"https:\/\/hvproducts.de\/#organization\"},\"potentialAction\":[{\"@type\":\"SearchAction\",\"target\":{\"@type\":\"EntryPoint\",\"urlTemplate\":\"https:\/\/hvproducts.de\/?s={search_term_string}\"},\"query-input\":{\"@type\":\"PropertyValueSpecification\",\"valueRequired\":true,\"valueName\":\"search_term_string\"}}],\"inLanguage\":\"de\"},{\"@type\":\"Organization\",\"@id\":\"https:\/\/hvproducts.de\/#organization\",\"name\":\"HVP: High Voltage Products GmbH\",\"url\":\"https:\/\/hvproducts.de\/\",\"logo\":{\"@type\":\"ImageObject\",\"inLanguage\":\"de\",\"@id\":\"https:\/\/hvproducts.de\/#\/schema\/logo\/image\/\",\"url\":\"https:\/\/www.hvproducts.de\/wp-content\/uploads\/2021\/01\/cropped-iPhone-X-XS-11-Pro-\u2013-1@2x-2.png\",\"contentUrl\":\"https:\/\/www.hvproducts.de\/wp-content\/uploads\/2021\/01\/cropped-iPhone-X-XS-11-Pro-\u2013-1@2x-2.png\",\"width\":723,\"height\":224,\"caption\":\"HVP: High Voltage Products GmbH\"},\"image\":{\"@id\":\"https:\/\/hvproducts.de\/#\/schema\/logo\/image\/\"}}]}<\/script>\n<!-- \/ Yoast SEO plugin. -->","yoast_head_json":{"title":"RF Plasma Generator Manufacturer & Suppliers - HV Products","description":"Plasma generators are used to produce the needed radio frequency (RF) power to create and maintain plasma in plasma chambers.","robots":{"index":"index","follow":"follow","max-snippet":"max-snippet:-1","max-image-preview":"max-image-preview:large","max-video-preview":"max-video-preview:-1"},"canonical":"https:\/\/www.hvproducts.de\/de\/rf_plasma_generators\/","og_locale":"de_DE","og_type":"article","og_title":"RF Plasma Generator Manufacturer & Suppliers - HV Products","og_description":"Plasma generators are used to produce the needed radio frequency (RF) power to create and maintain plasma in plasma chambers.","og_url":"https:\/\/www.hvproducts.de\/de\/rf_plasma_generators\/","og_site_name":"HVP: High Voltage Products GmbH","article_modified_time":"2021-08-30T13:02:43+00:00","og_image":[{"url":"https:\/\/www.hvproducts.de\/wp-content\/uploads\/2021\/03\/apex_1-1-removebg-preview-2-e1624359454979-1024x577.png","type":"","width":"","height":""}],"twitter_card":"summary_large_image","twitter_misc":{"Gesch\u00e4tzte Lesezeit":"3\u00a0Minuten"},"schema":{"@context":"https:\/\/schema.org","@graph":[{"@type":"WebPage","@id":"https:\/\/www.hvproducts.de\/rf_plasma_generators","url":"https:\/\/www.hvproducts.de\/rf_plasma_generators","name":"RF Plasma Generator Manufacturer & Suppliers - HV Products","isPartOf":{"@id":"https:\/\/hvproducts.de\/#website"},"primaryImageOfPage":{"@id":"https:\/\/www.hvproducts.de\/rf_plasma_generators#primaryimage"},"image":{"@id":"https:\/\/www.hvproducts.de\/rf_plasma_generators#primaryimage"},"thumbnailUrl":"https:\/\/www.hvproducts.de\/wp-content\/uploads\/2021\/03\/apex_1-1-removebg-preview-2-e1624359454979-1024x577.png","datePublished":"2021-03-27T17:26:07+00:00","dateModified":"2021-08-30T13:02:43+00:00","description":"Plasma generators are used to produce the needed radio frequency (RF) power to create and maintain plasma in plasma chambers.","breadcrumb":{"@id":"https:\/\/www.hvproducts.de\/rf_plasma_generators#breadcrumb"},"inLanguage":"de","potentialAction":[{"@type":"ReadAction","target":["https:\/\/www.hvproducts.de\/rf_plasma_generators"]}]},{"@type":"ImageObject","inLanguage":"de","@id":"https:\/\/www.hvproducts.de\/rf_plasma_generators#primaryimage","url":"https:\/\/www.hvproducts.de\/wp-content\/uploads\/2021\/03\/apex_1-1-removebg-preview-2-e1624359454979-1024x577.png","contentUrl":"https:\/\/www.hvproducts.de\/wp-content\/uploads\/2021\/03\/apex_1-1-removebg-preview-2-e1624359454979-1024x577.png"},{"@type":"BreadcrumbList","@id":"https:\/\/www.hvproducts.de\/rf_plasma_generators#breadcrumb","itemListElement":[{"@type":"ListItem","position":1,"name":"Home","item":"https:\/\/www.hvproducts.de\/"},{"@type":"ListItem","position":2,"name":"RF Plasma Generators"}]},{"@type":"WebSite","@id":"https:\/\/hvproducts.de\/#website","url":"https:\/\/hvproducts.de\/","name":"HVP: High Voltage Products GmbH","description":"High Voltage Products GmbH","publisher":{"@id":"https:\/\/hvproducts.de\/#organization"},"potentialAction":[{"@type":"SearchAction","target":{"@type":"EntryPoint","urlTemplate":"https:\/\/hvproducts.de\/?s={search_term_string}"},"query-input":{"@type":"PropertyValueSpecification","valueRequired":true,"valueName":"search_term_string"}}],"inLanguage":"de"},{"@type":"Organization","@id":"https:\/\/hvproducts.de\/#organization","name":"HVP: High Voltage Products GmbH","url":"https:\/\/hvproducts.de\/","logo":{"@type":"ImageObject","inLanguage":"de","@id":"https:\/\/hvproducts.de\/#\/schema\/logo\/image\/","url":"https:\/\/www.hvproducts.de\/wp-content\/uploads\/2021\/01\/cropped-iPhone-X-XS-11-Pro-\u2013-1@2x-2.png","contentUrl":"https:\/\/www.hvproducts.de\/wp-content\/uploads\/2021\/01\/cropped-iPhone-X-XS-11-Pro-\u2013-1@2x-2.png","width":723,"height":224,"caption":"HVP: High Voltage Products GmbH"},"image":{"@id":"https:\/\/hvproducts.de\/#\/schema\/logo\/image\/"}}]}},"_links":{"self":[{"href":"https:\/\/www.hvproducts.de\/de\/wp-json\/wp\/v2\/pages\/6959","targetHints":{"allow":["GET"]}}],"collection":[{"href":"https:\/\/www.hvproducts.de\/de\/wp-json\/wp\/v2\/pages"}],"about":[{"href":"https:\/\/www.hvproducts.de\/de\/wp-json\/wp\/v2\/types\/page"}],"author":[{"embeddable":true,"href":"https:\/\/www.hvproducts.de\/de\/wp-json\/wp\/v2\/users\/1"}],"replies":[{"embeddable":true,"href":"https:\/\/www.hvproducts.de\/de\/wp-json\/wp\/v2\/comments?post=6959"}],"version-history":[{"count":20,"href":"https:\/\/www.hvproducts.de\/de\/wp-json\/wp\/v2\/pages\/6959\/revisions"}],"predecessor-version":[{"id":11902,"href":"https:\/\/www.hvproducts.de\/de\/wp-json\/wp\/v2\/pages\/6959\/revisions\/11902"}],"wp:attachment":[{"href":"https:\/\/www.hvproducts.de\/de\/wp-json\/wp\/v2\/media?parent=6959"}],"curies":[{"name":"wp","href":"https:\/\/api.w.org\/{rel}","templated":true}]}}