{"id":6807,"date":"2021-03-27T15:33:23","date_gmt":"2021-03-27T15:33:23","guid":{"rendered":"https:\/\/hvct.eu\/?page_id=6807"},"modified":"2021-04-04T14:08:44","modified_gmt":"2021-04-04T14:08:44","slug":"custom_pulse_transformers","status":"publish","type":"page","link":"https:\/\/www.hvproducts.de\/de\/custom_pulse_transformers","title":{"rendered":"Kundenspezifische Impulstransformatoren"},"content":{"rendered":"<div data-elementor-type=\"wp-page\" data-elementor-id=\"6807\" class=\"elementor elementor-6807\">\n\t\t\t\t\t\t<section class=\"elementor-section elementor-top-section elementor-element elementor-element-9bc6fa7 elementor-section-boxed elementor-section-height-default elementor-section-height-default\" data-id=\"9bc6fa7\" data-element_type=\"section\" data-e-type=\"section\">\n\t\t\t\t\t\t<div class=\"elementor-container elementor-column-gap-default\">\n\t\t\t\t\t<div class=\"elementor-column elementor-col-100 elementor-top-column elementor-element elementor-element-b58caa1\" data-id=\"b58caa1\" data-element_type=\"column\" data-e-type=\"column\">\n\t\t\t<div class=\"elementor-widget-wrap elementor-element-populated\">\n\t\t\t\t\t\t<div class=\"elementor-element elementor-element-423ce7c elementor-widget elementor-widget-text-editor\" data-id=\"423ce7c\" data-element_type=\"widget\" data-e-type=\"widget\" data-widget_type=\"text-editor.default\">\n\t\t\t\t<div class=\"elementor-widget-container\">\n\t\t\t\t\t\t\t\t\t<p><a href=\"https:\/\/www.hvproducts.de\">Startseite<\/a> \/ Produkte \/ Hochspannung \/ <a href=\"https:\/\/www.hvproducts.de\/hv_active_components\/\">HV Aktiv-Komponenten<\/a> \/ <a href=\"https:\/\/www.hvproducts.de\/transformers\/\">Transformatoren<\/a> \/ Impulstransformatoren<\/p>\t\t\t\t\t\t\t\t<\/div>\n\t\t\t\t<\/div>\n\t\t\t\t<div class=\"elementor-element elementor-element-14d6d47 elementor-widget elementor-widget-heading\" data-id=\"14d6d47\" data-element_type=\"widget\" data-e-type=\"widget\" data-widget_type=\"heading.default\">\n\t\t\t\t<div class=\"elementor-widget-container\">\n\t\t\t\t\t<h2 class=\"elementor-heading-title elementor-size-default\"><h1 style=\"margin-bottom: 0.5rem;font-weight: 500;font-size: 30px;, sans-serif;font-style: normal;white-space: normal\">Kundenspezifische Impulstransformatoren<\/h1><\/h2>\t\t\t\t<\/div>\n\t\t\t\t<\/div>\n\t\t\t\t<div class=\"elementor-element elementor-element-3cf3d05 elementor-widget elementor-widget-text-editor\" data-id=\"3cf3d05\" data-element_type=\"widget\" data-e-type=\"widget\" data-widget_type=\"text-editor.default\">\n\t\t\t\t<div class=\"elementor-widget-container\">\n\t\t\t\t\t\t\t\t\t<div class=\"wrapper text layout1\"><div class=\"container\"><div class=\"row\"><div class=\"col-sm-12\"><div class=\"wysiwyg\"><div class=\"wrapper text layout1\"><div class=\"container\"><div class=\"row\"><div class=\"col-sm-12\"><div class=\"wysiwyg\"><div class=\"wrapper text layout1\"><div class=\"container\"><div class=\"row\"><div class=\"col-sm-12\"><div class=\"wysiwyg\"><p><img fetchpriority=\"high\" decoding=\"async\" class=\"size-full wp-image-9293 alignright\" src=\"https:\/\/www.hvproducts.de\/wp-content\/uploads\/2021\/04\/pulse_transformer_336-224-removebg-preview.png\" alt=\"\" width=\"336\" height=\"224\" srcset=\"https:\/\/www.hvproducts.de\/wp-content\/uploads\/2021\/04\/pulse_transformer_336-224-removebg-preview.png 612w, https:\/\/www.hvproducts.de\/wp-content\/uploads\/2021\/04\/pulse_transformer_336-224-removebg-preview-300x200.png 300w, https:\/\/www.hvproducts.de\/wp-content\/uploads\/2021\/04\/pulse_transformer_336-224-removebg-preview-18x12.png 18w\" sizes=\"(max-width: 336px) 100vw, 336px\" \/>Zu unserem breiten Angebot an Transformatoren geh\u00f6rt auch unsere Produktlinie der Impulstransformatoren. Wir haben uns auf die Entwicklung und Herstellung von Hochleistungs-Impulstransformatoren spezialisiert, mit Kapazit\u00e4ten bis zu 1,5 MV, 6kA und 1kV, 600 kVA. Wir bieten eine Reihe verschiedener Typen von Impulstransformatoren an, die sowohl in Standardausf\u00fchrung als auch in einer Vielzahl von kundenspezifischen Konfigurationen erh\u00e4ltlich sind. Wir sind in der Lage, alle individuellen Fertigungsanforderungen unserer Kunden zu erf\u00fcllen, von Einzelteilen und Prototypen bis hin zu Gro\u00dfserien. Wir haben zahlreiche Branchen mit unseren Produkten beliefert.<\/p><p>Wir sind spezialisiert auf die Herstellung von Impulstransformatoren f\u00fcr Hochleistungsanwendungen, einschlie\u00dflich Teilchenbeschleunigern und Elektronenkanonen. Wir fertigen Impulstransformatoren f\u00fcr Klystron-, Magnetron- oder andere Anwendungen mit verschiedenen Impulszeiten und Wiederholraten. Dar\u00fcber hinaus bieten wir eine Auswahl an Isolationsoptionen, einschlie\u00dflich \u00f6lgek\u00fchlter, epoxidbeschichteter und Luft\/Wasser-Isolation, je nach Ihren Anforderungen und den Gegebenheiten Ihres Betriebs. Wir sind nach ISO 9001:2008 zertifiziert, um die hohe Qualit\u00e4t zu gew\u00e4hrleisten, die bei sensiblen Strom\u00fcbertragungsanwendungen erforderlich ist. Weitere Beispiele f\u00fcr unsere Impulstransformatoren finden Sie weiter unten, und f\u00fcr weitere Informationen zu kundenspezifischen Optionen nehmen Sie bitte Kontakt mit uns auf.<\/p><p>\u00a0<\/p><\/div><\/div><\/div><\/div><\/div><div class=\"wrapper text layout1\"><div class=\"container\"><div class=\"row\"><div class=\"col-sm-12\"><div class=\"wysiwyg\"><p><strong><u>Industrie-Normen<\/u><\/strong><br \/>ISO-9001-2015<br \/>Internationale Organisation f\u00fcr Normung (ISO)<\/p><hr \/><p><u><strong>Allgemeine Informationen<\/strong><\/u><br \/>Wir haben uns einen hervorragenden Ruf bei der Entwicklung und Herstellung von Impulstransformatoren mit hoher Leistung bis zu 1,5 MV, 6 kA und 1 kV, 600 kVA erworben. Wir konstruieren und fertigen:<\/p><ul><li>Impulsladetransformatoren<\/li><li>Klystron-Hochleistungsimpulstransformatoren<\/li><li>Klystron\/Kanonenimpulstransformatoren<\/li><li>Magnetron\/Kanonenimpulstransformator-Baugruppen<\/li><li>Tanked Pulse Transformer Assemblies<\/li><\/ul><hr \/><p><u><strong>Klystron-Hochleistungsimpulstransformatoren<\/strong><\/u><br \/>Dieser Transformator wird im Rahmen des Verdopplungsprojekts (SLED) am Stanford Linear Accelerator Center (SLAC) eingesetzt. Die Einheit ist auf 270 Kilovolt, 75 Megawatt, f\u00fcr einen 7-Mikrosekunden-Impuls ausgelegt. Durch den Einsatz von Pr\u00e4zisionswicklungs- und Konstruktionstechniken war es m\u00f6glich, die Anstiegszeit auf 0,5 Mikrosekunden (10-90) zu begrenzen und gleichzeitig eine flache Spitzenwelligkeit von weniger als 0,15 % p-p beizubehalten. Die konisch zulaufenden Sekund\u00e4rwicklungen (konstante Steigung) begrenzen die Streuinduktivit\u00e4t auf fast die H\u00e4lfte dessen, was bei einer herk\u00f6mmlichen Konstruktion der Fall w\u00e4re. Dies tr\u00e4gt auch zur Verk\u00fcrzung der Impulsanstiegszeit bei. Die Gesamtgr\u00f6\u00dfe des Ger\u00e4ts wird minimiert und der Wirkungsgrad wird durch die Gleichstromr\u00fcckstellung des Kerns verbessert. Die bifilare Sekund\u00e4rwicklung versorgt das Klystron mit Heizstrom.<u><br \/><\/u><\/p><hr \/><p><u><strong>Impulsladetransformatoren<\/strong><\/u><br \/>In einem sich wiederholenden Leistungsaufbereitungssystem ist es h\u00e4ufig erforderlich, Energie von einem Kondensator auf einen anderen mit einem anderen Spannungsniveau zu \u00fcbertragen. Diese resonante Energie\u00fcbertragung kann mit einem Impulstransformator erreicht werden. Das gezeigte Ger\u00e4t wird zur \u00dcbertragung der Energie von einem 3 \u00b5F-Kondensator bei 112,5 kV auf einen 13 nF-Kondensator bei 1,5 MV verwendet. Die Impulswiederholrate betr\u00e4gt 0,2 Hz; wesentlich h\u00f6here Wiederholraten sind m\u00f6glich.<\/p><hr \/><p><strong><u>Klystron\/Kanonenimpulstransformatoren<\/u><\/strong><u><\/u><br \/>Dieses Ger\u00e4t versorgt eine Klystronr\u00f6hre mit Strahlenergie und eine Elektronenkanone mit Pulsspannung. Die Nennleistung betr\u00e4gt 100 Kilovolt, 6 Megawatt, f\u00fcr einen Impuls von 8 Mikrosekunden, 1000 Impulse pro Sekunde. Der Transformator ist f\u00fcr das Eintauchen in Transformatoren\u00f6l im Tank des Kunden ausgelegt. Die Sch\u00fctzenspannung von 70 Kilovolt wird durch eine Anzapfung in der Sekund\u00e4rwicklung erzeugt. Diese Methode der Anzapfung des Transformators ist wesentlich kosteng\u00fcnstiger als die Versorgung der Elektronenkanone mit Impulsspannung durch einen separaten Pistolenimpulstransformator. Au\u00dferdem wird die Anstiegszeit der Kanonenspannung durch das Klystron mit relativ niedriger Impedanz verk\u00fcrzt, anstatt durch eine energieaufwendige Dummy-Last \u00fcber der Kanone.<\/p><hr \/><p><strong><u>Magnetron\/Kanonenimpulstransformator-Baugruppen<\/u><br \/><\/strong>Wir haben Designtechniken f\u00fcr Magnetron-Pulstransformatoren entwickelt, die die Restwelligkeit des Strompulses drastisch reduzieren. Der hier gezeigte getankte Pulstransformator wird zur Versorgung eines Magnetrons mit Strahlenergie und einer Elektronenkanone mit Pulsspannung eingesetzt. Das Ger\u00e4t hat eine Nennleistung von 45 Kilovolt, 4,5 Megawatt, f\u00fcr einen Puls von 3,5 Mikrosekunden. Die Sekund\u00e4rwicklung ist vierpolig und versorgt sowohl das Magnetron als auch die Kanone mit Heizstrom. Der Tank enth\u00e4lt eine Magnetronstrom\u00fcberwachung und Bypass-Kondensatoren. Die Einheit kann gedreht und in jeder Position betrieben werden.<\/p><hr \/><p><strong><u>Tanked Pulse Transformer Assemblies<\/u><br \/><\/strong>Diese Einheit besteht aus einem Impulstransformator, einem Heiztransformator, Bypass-Kondensatoren, einem Entpikungsnetzwerk, einem Strommonitor, einem Spannungsmonitor, einer Klystronbuchse und einem Wasserk\u00fchlsystem. Alle Komponenten sind in einem \u00d6ltank mit zwei Kammern untergebracht. Der Tank ist f\u00fcr die Montage des Klystrons und der Magnetspule vorgesehen und kann in jeder Position gedreht und betrieben werden. Der Impulstransformator hat eine Nennleistung von 125 Kilovolt, 11 Megawatt, f\u00fcr einen Impuls von 6 Mikrosekunden. Die 250-Watt-Heizleistung des Klystrons wird \u00fcber die bifilare Sekund\u00e4rwicklung zugef\u00fchrt.<\/p><hr \/><p><strong><u>Produktionsvolumen<\/u><\/strong><\/p><ul><li>Spezialisierte Produktionsst\u00e4tte<\/li><li>Prototyp<\/li><li>Geringes Volumen<\/li><li>Kleiner Lauf<\/li><li>Hohe Lautst\u00e4rke<\/li><li>Gro\u00dfer Lauf<\/li><li>Langer Lauf<\/li><li>Gro\u00dfserienproduktion Volumenlauf<\/li><\/ul><\/div><\/div><\/div><\/div><\/div><\/div><\/div><\/div><\/div><\/div><\/div><\/div><\/div><\/div><\/div>\t\t\t\t\t\t\t\t<\/div>\n\t\t\t\t<\/div>\n\t\t\t\t\t<\/div>\n\t\t<\/div>\n\t\t\t\t\t<\/div>\n\t\t<\/section>\n\t\t\t\t<\/div>","protected":false},"excerpt":{"rendered":"<p>Home \/ Products \/ High Voltage \/ HV\u00a0 Active Components \/ Transformers \/ Pulse Transformers Custom Pulse Transformers Part of Our wide offering of transformers is our pulse transformer product line. We specialize in designing and manufacturing high power pulse transformers, with capabilities up to 1.5 MV, 6kA and 1kV, 600 kVA. We offer a [&hellip;]<\/p>\n","protected":false},"author":1,"featured_media":0,"parent":0,"menu_order":0,"comment_status":"closed","ping_status":"closed","template":"","meta":{"site-sidebar-layout":"no-sidebar","site-content-layout":"page-builder","ast-site-content-layout":"default","site-content-style":"default","site-sidebar-style":"default","ast-global-header-display":"","ast-banner-title-visibility":"","ast-main-header-display":"","ast-hfb-above-header-display":"","ast-hfb-below-header-display":"","ast-hfb-mobile-header-display":"","site-post-title":"disabled","ast-breadcrumbs-content":"","ast-featured-img":"disabled","footer-sml-layout":"","ast-disable-related-posts":"","theme-transparent-header-meta":"default","adv-header-id-meta":"","stick-header-meta":"","header-above-stick-meta":"","header-main-stick-meta":"","header-below-stick-meta":"","astra-migrate-meta-layouts":"default","ast-page-background-enabled":"default","ast-page-background-meta":{"desktop":{"background-color":"","background-image":"","background-repeat":"repeat","background-position":"center center","background-size":"auto","background-attachment":"scroll","background-type":"","background-media":"","overlay-type":"","overlay-color":"","overlay-opacity":"","overlay-gradient":""},"tablet":{"background-color":"","background-image":"","background-repeat":"repeat","background-position":"center center","background-size":"auto","background-attachment":"scroll","background-type":"","background-media":"","overlay-type":"","overlay-color":"","overlay-opacity":"","overlay-gradient":""},"mobile":{"background-color":"","background-image":"","background-repeat":"repeat","background-position":"center center","background-size":"auto","background-attachment":"scroll","background-type":"","background-media":"","overlay-type":"","overlay-color":"","overlay-opacity":"","overlay-gradient":""}},"ast-content-background-meta":{"desktop":{"background-color":"var(--ast-global-color-5)","background-image":"","background-repeat":"repeat","background-position":"center center","background-size":"auto","background-attachment":"scroll","background-type":"","background-media":"","overlay-type":"","overlay-color":"","overlay-opacity":"","overlay-gradient":""},"tablet":{"background-color":"var(--ast-global-color-5)","background-image":"","background-repeat":"repeat","background-position":"center center","background-size":"auto","background-attachment":"scroll","background-type":"","background-media":"","overlay-type":"","overlay-color":"","overlay-opacity":"","overlay-gradient":""},"mobile":{"background-color":"var(--ast-global-color-5)","background-image":"","background-repeat":"repeat","background-position":"center center","background-size":"auto","background-attachment":"scroll","background-type":"","background-media":"","overlay-type":"","overlay-color":"","overlay-opacity":"","overlay-gradient":""}},"footnotes":""},"class_list":["post-6807","page","type-page","status-publish","hentry"],"yoast_head":"<!-- This site is optimized with the Yoast SEO plugin v27.2 - https:\/\/yoast.com\/product\/yoast-seo-wordpress\/ -->\n<title>Custom Pulse Transformers - HVP: High Voltage Products GmbH<\/title>\n<meta name=\"robots\" content=\"index, follow, max-snippet:-1, max-image-preview:large, max-video-preview:-1\" \/>\n<link rel=\"canonical\" href=\"https:\/\/www.hvproducts.de\/de\/custom_pulse_transformers\/\" \/>\n<meta property=\"og:locale\" content=\"de_DE\" \/>\n<meta property=\"og:type\" content=\"article\" \/>\n<meta property=\"og:title\" content=\"Custom Pulse Transformers - HVP: High Voltage Products GmbH\" \/>\n<meta property=\"og:description\" content=\"Home \/ Products \/ High Voltage \/ HV\u00a0 Active Components \/ Transformers \/ Pulse Transformers Custom Pulse Transformers Part of Our wide offering of transformers is our pulse transformer product line. We specialize in designing and manufacturing high power pulse transformers, with capabilities up to 1.5 MV, 6kA and 1kV, 600 kVA. We offer a [&hellip;]\" \/>\n<meta property=\"og:url\" content=\"https:\/\/www.hvproducts.de\/de\/custom_pulse_transformers\/\" \/>\n<meta property=\"og:site_name\" content=\"HVP: High Voltage Products GmbH\" \/>\n<meta property=\"article:modified_time\" content=\"2021-04-04T14:08:44+00:00\" \/>\n<meta property=\"og:image\" content=\"https:\/\/www.hvproducts.de\/wp-content\/uploads\/2021\/04\/pulse_transformer_336-224-removebg-preview.png\" \/>\n<meta name=\"twitter:card\" content=\"summary_large_image\" \/>\n<meta name=\"twitter:label1\" content=\"Gesch\u00e4tzte Lesezeit\" \/>\n\t<meta name=\"twitter:data1\" content=\"4\u00a0Minuten\" \/>\n<script type=\"application\/ld+json\" class=\"yoast-schema-graph\">{\"@context\":\"https:\/\/schema.org\",\"@graph\":[{\"@type\":\"WebPage\",\"@id\":\"https:\/\/www.hvproducts.de\/custom_pulse_transformers\",\"url\":\"https:\/\/www.hvproducts.de\/custom_pulse_transformers\",\"name\":\"Custom Pulse Transformers - HVP: High Voltage Products GmbH\",\"isPartOf\":{\"@id\":\"https:\/\/hvproducts.de\/#website\"},\"primaryImageOfPage\":{\"@id\":\"https:\/\/www.hvproducts.de\/custom_pulse_transformers#primaryimage\"},\"image\":{\"@id\":\"https:\/\/www.hvproducts.de\/custom_pulse_transformers#primaryimage\"},\"thumbnailUrl\":\"https:\/\/www.hvproducts.de\/wp-content\/uploads\/2021\/04\/pulse_transformer_336-224-removebg-preview.png\",\"datePublished\":\"2021-03-27T15:33:23+00:00\",\"dateModified\":\"2021-04-04T14:08:44+00:00\",\"breadcrumb\":{\"@id\":\"https:\/\/www.hvproducts.de\/custom_pulse_transformers#breadcrumb\"},\"inLanguage\":\"de\",\"potentialAction\":[{\"@type\":\"ReadAction\",\"target\":[\"https:\/\/www.hvproducts.de\/custom_pulse_transformers\"]}]},{\"@type\":\"ImageObject\",\"inLanguage\":\"de\",\"@id\":\"https:\/\/www.hvproducts.de\/custom_pulse_transformers#primaryimage\",\"url\":\"https:\/\/www.hvproducts.de\/wp-content\/uploads\/2021\/04\/pulse_transformer_336-224-removebg-preview.png\",\"contentUrl\":\"https:\/\/www.hvproducts.de\/wp-content\/uploads\/2021\/04\/pulse_transformer_336-224-removebg-preview.png\"},{\"@type\":\"BreadcrumbList\",\"@id\":\"https:\/\/www.hvproducts.de\/custom_pulse_transformers#breadcrumb\",\"itemListElement\":[{\"@type\":\"ListItem\",\"position\":1,\"name\":\"Home\",\"item\":\"https:\/\/www.hvproducts.de\/\"},{\"@type\":\"ListItem\",\"position\":2,\"name\":\"Custom Pulse Transformers\"}]},{\"@type\":\"WebSite\",\"@id\":\"https:\/\/hvproducts.de\/#website\",\"url\":\"https:\/\/hvproducts.de\/\",\"name\":\"HVP: High Voltage Products GmbH\",\"description\":\"High Voltage Products GmbH\",\"publisher\":{\"@id\":\"https:\/\/hvproducts.de\/#organization\"},\"potentialAction\":[{\"@type\":\"SearchAction\",\"target\":{\"@type\":\"EntryPoint\",\"urlTemplate\":\"https:\/\/hvproducts.de\/?s={search_term_string}\"},\"query-input\":{\"@type\":\"PropertyValueSpecification\",\"valueRequired\":true,\"valueName\":\"search_term_string\"}}],\"inLanguage\":\"de\"},{\"@type\":\"Organization\",\"@id\":\"https:\/\/hvproducts.de\/#organization\",\"name\":\"HVP: High Voltage Products GmbH\",\"url\":\"https:\/\/hvproducts.de\/\",\"logo\":{\"@type\":\"ImageObject\",\"inLanguage\":\"de\",\"@id\":\"https:\/\/hvproducts.de\/#\/schema\/logo\/image\/\",\"url\":\"https:\/\/www.hvproducts.de\/wp-content\/uploads\/2021\/01\/cropped-iPhone-X-XS-11-Pro-\u2013-1@2x-2.png\",\"contentUrl\":\"https:\/\/www.hvproducts.de\/wp-content\/uploads\/2021\/01\/cropped-iPhone-X-XS-11-Pro-\u2013-1@2x-2.png\",\"width\":723,\"height\":224,\"caption\":\"HVP: High Voltage Products GmbH\"},\"image\":{\"@id\":\"https:\/\/hvproducts.de\/#\/schema\/logo\/image\/\"}}]}<\/script>\n<!-- \/ Yoast SEO plugin. -->","yoast_head_json":{"title":"Custom Pulse Transformers - HVP: High Voltage Products GmbH","robots":{"index":"index","follow":"follow","max-snippet":"max-snippet:-1","max-image-preview":"max-image-preview:large","max-video-preview":"max-video-preview:-1"},"canonical":"https:\/\/www.hvproducts.de\/de\/custom_pulse_transformers\/","og_locale":"de_DE","og_type":"article","og_title":"Custom Pulse Transformers - HVP: High Voltage Products GmbH","og_description":"Home \/ Products \/ High Voltage \/ HV\u00a0 Active Components \/ Transformers \/ Pulse Transformers Custom Pulse Transformers Part of Our wide offering of transformers is our pulse transformer product line. We specialize in designing and manufacturing high power pulse transformers, with capabilities up to 1.5 MV, 6kA and 1kV, 600 kVA. We offer a [&hellip;]","og_url":"https:\/\/www.hvproducts.de\/de\/custom_pulse_transformers\/","og_site_name":"HVP: High Voltage Products GmbH","article_modified_time":"2021-04-04T14:08:44+00:00","og_image":[{"url":"https:\/\/www.hvproducts.de\/wp-content\/uploads\/2021\/04\/pulse_transformer_336-224-removebg-preview.png","type":"","width":"","height":""}],"twitter_card":"summary_large_image","twitter_misc":{"Gesch\u00e4tzte Lesezeit":"4\u00a0Minuten"},"schema":{"@context":"https:\/\/schema.org","@graph":[{"@type":"WebPage","@id":"https:\/\/www.hvproducts.de\/custom_pulse_transformers","url":"https:\/\/www.hvproducts.de\/custom_pulse_transformers","name":"Custom Pulse Transformers - HVP: High Voltage Products GmbH","isPartOf":{"@id":"https:\/\/hvproducts.de\/#website"},"primaryImageOfPage":{"@id":"https:\/\/www.hvproducts.de\/custom_pulse_transformers#primaryimage"},"image":{"@id":"https:\/\/www.hvproducts.de\/custom_pulse_transformers#primaryimage"},"thumbnailUrl":"https:\/\/www.hvproducts.de\/wp-content\/uploads\/2021\/04\/pulse_transformer_336-224-removebg-preview.png","datePublished":"2021-03-27T15:33:23+00:00","dateModified":"2021-04-04T14:08:44+00:00","breadcrumb":{"@id":"https:\/\/www.hvproducts.de\/custom_pulse_transformers#breadcrumb"},"inLanguage":"de","potentialAction":[{"@type":"ReadAction","target":["https:\/\/www.hvproducts.de\/custom_pulse_transformers"]}]},{"@type":"ImageObject","inLanguage":"de","@id":"https:\/\/www.hvproducts.de\/custom_pulse_transformers#primaryimage","url":"https:\/\/www.hvproducts.de\/wp-content\/uploads\/2021\/04\/pulse_transformer_336-224-removebg-preview.png","contentUrl":"https:\/\/www.hvproducts.de\/wp-content\/uploads\/2021\/04\/pulse_transformer_336-224-removebg-preview.png"},{"@type":"BreadcrumbList","@id":"https:\/\/www.hvproducts.de\/custom_pulse_transformers#breadcrumb","itemListElement":[{"@type":"ListItem","position":1,"name":"Home","item":"https:\/\/www.hvproducts.de\/"},{"@type":"ListItem","position":2,"name":"Custom Pulse Transformers"}]},{"@type":"WebSite","@id":"https:\/\/hvproducts.de\/#website","url":"https:\/\/hvproducts.de\/","name":"HVP: High Voltage Products GmbH","description":"High Voltage Products GmbH","publisher":{"@id":"https:\/\/hvproducts.de\/#organization"},"potentialAction":[{"@type":"SearchAction","target":{"@type":"EntryPoint","urlTemplate":"https:\/\/hvproducts.de\/?s={search_term_string}"},"query-input":{"@type":"PropertyValueSpecification","valueRequired":true,"valueName":"search_term_string"}}],"inLanguage":"de"},{"@type":"Organization","@id":"https:\/\/hvproducts.de\/#organization","name":"HVP: High Voltage Products GmbH","url":"https:\/\/hvproducts.de\/","logo":{"@type":"ImageObject","inLanguage":"de","@id":"https:\/\/hvproducts.de\/#\/schema\/logo\/image\/","url":"https:\/\/www.hvproducts.de\/wp-content\/uploads\/2021\/01\/cropped-iPhone-X-XS-11-Pro-\u2013-1@2x-2.png","contentUrl":"https:\/\/www.hvproducts.de\/wp-content\/uploads\/2021\/01\/cropped-iPhone-X-XS-11-Pro-\u2013-1@2x-2.png","width":723,"height":224,"caption":"HVP: High Voltage Products GmbH"},"image":{"@id":"https:\/\/hvproducts.de\/#\/schema\/logo\/image\/"}}]}},"_links":{"self":[{"href":"https:\/\/www.hvproducts.de\/de\/wp-json\/wp\/v2\/pages\/6807","targetHints":{"allow":["GET"]}}],"collection":[{"href":"https:\/\/www.hvproducts.de\/de\/wp-json\/wp\/v2\/pages"}],"about":[{"href":"https:\/\/www.hvproducts.de\/de\/wp-json\/wp\/v2\/types\/page"}],"author":[{"embeddable":true,"href":"https:\/\/www.hvproducts.de\/de\/wp-json\/wp\/v2\/users\/1"}],"replies":[{"embeddable":true,"href":"https:\/\/www.hvproducts.de\/de\/wp-json\/wp\/v2\/comments?post=6807"}],"version-history":[{"count":10,"href":"https:\/\/www.hvproducts.de\/de\/wp-json\/wp\/v2\/pages\/6807\/revisions"}],"predecessor-version":[{"id":9296,"href":"https:\/\/www.hvproducts.de\/de\/wp-json\/wp\/v2\/pages\/6807\/revisions\/9296"}],"wp:attachment":[{"href":"https:\/\/www.hvproducts.de\/de\/wp-json\/wp\/v2\/media?parent=6807"}],"curies":[{"name":"wp","href":"https:\/\/api.w.org\/{rel}","templated":true}]}}