{"id":6756,"date":"2021-03-27T14:47:39","date_gmt":"2021-03-27T14:47:39","guid":{"rendered":"https:\/\/hvct.eu\/?page_id=6756"},"modified":"2021-03-27T14:57:11","modified_gmt":"2021-03-27T14:57:11","slug":"customized_hv_connectors","status":"publish","type":"page","link":"https:\/\/www.hvproducts.de\/de\/customized_hv_connectors","title":{"rendered":"Kundenspezifische HV-Steckverbinder"},"content":{"rendered":"<div data-elementor-type=\"wp-page\" data-elementor-id=\"6756\" class=\"elementor elementor-6756\">\n\t\t\t\t\t\t<section class=\"elementor-section elementor-top-section elementor-element elementor-element-9bc6fa7 elementor-section-boxed elementor-section-height-default elementor-section-height-default\" data-id=\"9bc6fa7\" data-element_type=\"section\" data-e-type=\"section\">\n\t\t\t\t\t\t<div class=\"elementor-container elementor-column-gap-default\">\n\t\t\t\t\t<div class=\"elementor-column elementor-col-100 elementor-top-column elementor-element elementor-element-b58caa1\" data-id=\"b58caa1\" data-element_type=\"column\" data-e-type=\"column\">\n\t\t\t<div class=\"elementor-widget-wrap elementor-element-populated\">\n\t\t\t\t\t\t<div class=\"elementor-element elementor-element-423ce7c elementor-widget elementor-widget-text-editor\" data-id=\"423ce7c\" data-element_type=\"widget\" data-e-type=\"widget\" data-widget_type=\"text-editor.default\">\n\t\t\t\t<div class=\"elementor-widget-container\">\n\t\t\t\t\t\t\t\t\t<p><a href=\"https:\/\/www.hvproducts.de\">Startseite<\/a> \/ Produkte \/ Hochspannung \/ Passive HV-Komponenten \/ Steckverbinder \/ <a href=\"https:\/\/www.hvproducts.de\/customized_hv_connectors\/\">Kundenspezifische HV-Steckverbinder<\/a><\/p>\t\t\t\t\t\t\t\t<\/div>\n\t\t\t\t<\/div>\n\t\t\t\t<div class=\"elementor-element elementor-element-14d6d47 elementor-widget elementor-widget-heading\" data-id=\"14d6d47\" data-element_type=\"widget\" data-e-type=\"widget\" data-widget_type=\"heading.default\">\n\t\t\t\t<div class=\"elementor-widget-container\">\n\t\t\t\t\t<h2 class=\"elementor-heading-title elementor-size-default\"><h1 style=\"margin-bottom: 0.5rem;font-weight: 500;font-size: 30px;, sans-serif;font-style: normal;white-space: normal\">Wie Sie Ihren eigenen Hochspannungsstecker bekommen<\/h1><\/h2>\t\t\t\t<\/div>\n\t\t\t\t<\/div>\n\t\t\t\t<div class=\"elementor-element elementor-element-3cf3d05 elementor-widget elementor-widget-text-editor\" data-id=\"3cf3d05\" data-element_type=\"widget\" data-e-type=\"widget\" data-widget_type=\"text-editor.default\">\n\t\t\t\t<div class=\"elementor-widget-container\">\n\t\t\t\t\t\t\t\t\t<p>Auch mit unserem breiten Portfolio k\u00f6nnen wir nicht immer alle Erwartungen und Funktionen erf\u00fcllen. Gerade in der Welt der Hochspannungsanwendungen geh\u00f6rt das Ungew\u00f6hnliche zum Alltag und oft genug passt der Anzug nicht \"von der Stange\". Im Laufe der Jahre haben wir zahlreiche kundenspezifische Projekte realisiert, von exklusiven Designs und Entwicklungen bis hin zu anwendungsspezifischen Anpassungen und Modifikationen f\u00fcr Unternehmen oder wissenschaftliche Einrichtungen.<\/p><p><b>Einige Beispiele sind:<\/b><\/p><ul><li>3-poliger 60 kV-Stecker f\u00fcr Elektronenstrahl-Lithogrphie<\/li><li>2-poliger 3 kV-Steckverbinder zur Dickenprofilmessung f\u00fcr die Stahlindustrie<\/li><li>2-poliger 24kV-Steckverbinder mit Signal-Steuerpins f\u00fcr eine medizinische Anwendung<\/li><\/ul><p>A costumer specific solution often is less expensive than often expected. We assist you to find the optimal solution for your problem \u2013 and the most suitable and functional solution mostly is also the cheapest, most effective and most sustainable on the long term.<\/p><p>Download our\u00a0<a href=\"https:\/\/www.hvproducts.de\/media\/technical_questionnaire_connectors.xlsx\">technischer Fragebogen<\/a>\u00a0um Ihre Anforderungen zu erl\u00e4utern, wir helfen Ihnen gerne weiter.<\/p><p>\u00a0<\/p><table style=\"border: none; table-layout: fixed;\"><tbody><tr><td style=\"padding: 0 25px 0 0; border: none;\"><h4><strong>Kundenspezifische Modifikationen<\/strong><\/h4><p><img fetchpriority=\"high\" decoding=\"async\" class=\"alignnone size-full wp-image-6760\" src=\"https:\/\/www.hvproducts.de\/wp-content\/uploads\/2021\/03\/ges-hv-connectors-high-voltage-customized-variations.jpg\" alt=\"\" width=\"260\" height=\"200\" srcset=\"https:\/\/www.hvproducts.de\/wp-content\/uploads\/2021\/03\/ges-hv-connectors-high-voltage-customized-variations.jpg 260w, https:\/\/www.hvproducts.de\/wp-content\/uploads\/2021\/03\/ges-hv-connectors-high-voltage-customized-variations-16x12.jpg 16w\" sizes=\"(max-width: 260px) 100vw, 260px\" \/><\/p><p>Durch die Modifizierung unserer Standardsteckverbinder k\u00f6nnen wir ma\u00dfgeschneiderte Versionen f\u00fcr Ihre spezifischen Anforderungen anbieten. Gemeinsam mit Ihnen erarbeiten wir die optimale Konfiguration f\u00fcr Ihre Anwendung.<br \/><strong>Ihr Vorteil<\/strong>\u00a0Kundenspezifische Modifikationen stellen oft schon bei kleinen St\u00fcckzahlen eine geeignete L\u00f6sung dar, da die meisten Teile Standard sind.<\/p><h4>\u00a0<\/h4><\/td><td style=\"padding: 0 25px 0 0; border: none;\"><h4><strong>Kundenspezifisches Design<\/strong><\/h4><h4><strong><img decoding=\"async\" class=\"alignnone size-full wp-image-6759\" src=\"https:\/\/www.hvproducts.de\/wp-content\/uploads\/2021\/03\/ges-hv-connectors-high-voltage-customized-design.jpg\" alt=\"\" width=\"260\" height=\"200\" srcset=\"https:\/\/www.hvproducts.de\/wp-content\/uploads\/2021\/03\/ges-hv-connectors-high-voltage-customized-design.jpg 260w, https:\/\/www.hvproducts.de\/wp-content\/uploads\/2021\/03\/ges-hv-connectors-high-voltage-customized-design-16x12.jpg 16w\" sizes=\"(max-width: 260px) 100vw, 260px\" \/><\/strong><\/h4><p>Aufgrund hoher Komplexit\u00e4t, besonderer Umgebungsbedingungen oder anderer Gr\u00fcnde kann Ihre Anwendung die Konstruktion eines neuen Steckverbinders erfordern. Ma\u00dfgeschneiderte Designs garantieren die bestm\u00f6gliche Funktionalit\u00e4t und Kosteneffizienz.<strong><br \/>Ihr Vorteil<\/strong>\u00a0ein exklusives Design, das genau auf Ihre Anwendung zugeschnitten ist. Gemeinsam mit Ihnen erstellen wir die Spezifikationen, die Machbarkeit und die Vorkalkulation.<\/p><\/td><\/tr><tr><td style=\"padding: 0 25px 0 0; border: none;\"><h4><strong>3D-design in Solidworks<\/strong><\/h4><h4><strong><img decoding=\"async\" class=\"alignnone size-full wp-image-6761\" src=\"https:\/\/www.hvproducts.de\/wp-content\/uploads\/2021\/03\/ges-hv-connectors-high-voltage-solidworks.jpg\" alt=\"\" width=\"260\" height=\"200\" srcset=\"https:\/\/www.hvproducts.de\/wp-content\/uploads\/2021\/03\/ges-hv-connectors-high-voltage-solidworks.jpg 260w, https:\/\/www.hvproducts.de\/wp-content\/uploads\/2021\/03\/ges-hv-connectors-high-voltage-solidworks-16x12.jpg 16w\" sizes=\"(max-width: 260px) 100vw, 260px\" \/><\/strong><\/h4><p>Die 3D-CAD-Konstruktion ist der perfekte Ausgangspunkt f\u00fcr NC-Programmierung, Formenbau, Metallbearbeitung und Prototyping. Vor einigen Jahren sind wir von der 2D- auf die 3D-Konstruktion umgestiegen, da diese Vorteile wie eine deutlich verbesserte Visualisierung und Darstellung, eine bessere Konstruktions- und Kundenkommunikation, Interferenz- und Kollisionspr\u00fcfung, Assoziativit\u00e4t und Modifizierbarkeit, virtuelle Pr\u00fcfung und Optimierung sowie die einfache Erstellung von Explosionszeichnungen, technischen Illustrationen und Montageanleitungen bietet.<br \/><strong>Ihr Vorteil<\/strong>\u00a0Die 3D-CAD-Konstruktion erm\u00f6glicht deutlich schnellere Entwicklungszyklen und einen produktiveren Arbeitsablauf mit Kunden, Lieferanten, Auftragsfertigern und anderen Beteiligten.<\/p><h4>\u00a0<\/h4><\/td><td style=\"padding: 0 25px 0 0; border: none;\"><h4><strong>Schnelles Prototyping und 3D-Drucken<\/strong><\/h4><h4><strong><img loading=\"lazy\" decoding=\"async\" class=\"alignnone size-full wp-image-6758\" src=\"https:\/\/www.hvproducts.de\/wp-content\/uploads\/2021\/03\/ges-hv-connectors-high-voltage-3d-prototyping-agilista-3000.jpg\" alt=\"\" width=\"260\" height=\"200\" srcset=\"https:\/\/www.hvproducts.de\/wp-content\/uploads\/2021\/03\/ges-hv-connectors-high-voltage-3d-prototyping-agilista-3000.jpg 260w, https:\/\/www.hvproducts.de\/wp-content\/uploads\/2021\/03\/ges-hv-connectors-high-voltage-3d-prototyping-agilista-3000-16x12.jpg 16w\" sizes=\"(max-width: 260px) 100vw, 260px\" \/><\/strong><\/h4><p>Die Investition in modernes, hochaufl\u00f6sendes Prototyping durch 3D-Druck erfolgte auch in erster Linie, um wochenlange Wartezeiten auf STL-Teile zu vermeiden und den Designprozess f\u00fcr unsere Kunden deutlich zu beschleunigen. Die M\u00f6glichkeit, einen hochpr\u00e4zisen und funktionst\u00fcchtigen (!) Prototyp zu replizieren, dem Kunden zur Pr\u00fcfung zur Verf\u00fcgung zu stellen und einfach nachzubearbeiten, bedeutet eine enorme Zeitersparnis und Vereinfachung f\u00fcr alle Beteiligten.<br \/><strong>Ihr Vorteil<\/strong>\u00a0\u00c4nderungen am Design werden innerhalb von Stunden umgesetzt und k\u00f6nnen an einem funktionierenden Prototyp gepr\u00fcft und bewertet werden.<\/p><\/td><\/tr><\/tbody><\/table>\t\t\t\t\t\t\t\t<\/div>\n\t\t\t\t<\/div>\n\t\t\t\t\t<\/div>\n\t\t<\/div>\n\t\t\t\t\t<\/div>\n\t\t<\/section>\n\t\t\t\t<\/div>","protected":false},"excerpt":{"rendered":"<p>Home \/ Products \/ High Voltage \/ HV Passive Components \/ Connectors \/ Customized HV-Connectors How to get your own High Voltage Connector Even with our wide portfolio we cannot always satisfy all expectations and functions. Especially in the world of high voltage applications the uncommon is part of everyday life and often enough the [&hellip;]<\/p>\n","protected":false},"author":1,"featured_media":0,"parent":0,"menu_order":0,"comment_status":"closed","ping_status":"closed","template":"","meta":{"site-sidebar-layout":"no-sidebar","site-content-layout":"page-builder","ast-site-content-layout":"default","site-content-style":"default","site-sidebar-style":"default","ast-global-header-display":"","ast-banner-title-visibility":"","ast-main-header-display":"","ast-hfb-above-header-display":"","ast-hfb-below-header-display":"","ast-hfb-mobile-header-display":"","site-post-title":"disabled","ast-breadcrumbs-content":"","ast-featured-img":"disabled","footer-sml-layout":"","ast-disable-related-posts":"","theme-transparent-header-meta":"default","adv-header-id-meta":"","stick-header-meta":"","header-above-stick-meta":"","header-main-stick-meta":"","header-below-stick-meta":"","astra-migrate-meta-layouts":"default","ast-page-background-enabled":"default","ast-page-background-meta":{"desktop":{"background-color":"","background-image":"","background-repeat":"repeat","background-position":"center center","background-size":"auto","background-attachment":"scroll","background-type":"","background-media":"","overlay-type":"","overlay-color":"","overlay-opacity":"","overlay-gradient":""},"tablet":{"background-color":"","background-image":"","background-repeat":"repeat","background-position":"center center","background-size":"auto","background-attachment":"scroll","background-type":"","background-media":"","overlay-type":"","overlay-color":"","overlay-opacity":"","overlay-gradient":""},"mobile":{"background-color":"","background-image":"","background-repeat":"repeat","background-position":"center center","background-size":"auto","background-attachment":"scroll","background-type":"","background-media":"","overlay-type":"","overlay-color":"","overlay-opacity":"","overlay-gradient":""}},"ast-content-background-meta":{"desktop":{"background-color":"var(--ast-global-color-5)","background-image":"","background-repeat":"repeat","background-position":"center center","background-size":"auto","background-attachment":"scroll","background-type":"","background-media":"","overlay-type":"","overlay-color":"","overlay-opacity":"","overlay-gradient":""},"tablet":{"background-color":"var(--ast-global-color-5)","background-image":"","background-repeat":"repeat","background-position":"center center","background-size":"auto","background-attachment":"scroll","background-type":"","background-media":"","overlay-type":"","overlay-color":"","overlay-opacity":"","overlay-gradient":""},"mobile":{"background-color":"var(--ast-global-color-5)","background-image":"","background-repeat":"repeat","background-position":"center center","background-size":"auto","background-attachment":"scroll","background-type":"","background-media":"","overlay-type":"","overlay-color":"","overlay-opacity":"","overlay-gradient":""}},"footnotes":""},"class_list":["post-6756","page","type-page","status-publish","hentry"],"yoast_head":"<!-- This site is optimized with the Yoast SEO plugin v27.2 - https:\/\/yoast.com\/product\/yoast-seo-wordpress\/ -->\n<title>Customized HV-Connectors - HVP: High Voltage Products GmbH<\/title>\n<meta name=\"robots\" content=\"index, follow, max-snippet:-1, max-image-preview:large, max-video-preview:-1\" \/>\n<link rel=\"canonical\" href=\"https:\/\/www.hvproducts.de\/de\/customized_hv_connectors\/\" \/>\n<meta property=\"og:locale\" content=\"de_DE\" \/>\n<meta property=\"og:type\" content=\"article\" \/>\n<meta property=\"og:title\" content=\"Customized HV-Connectors - HVP: High Voltage Products GmbH\" \/>\n<meta property=\"og:description\" content=\"Home \/ Products \/ High Voltage \/ HV Passive Components \/ Connectors \/ Customized HV-Connectors How to get your own High Voltage Connector Even with our wide portfolio we cannot always satisfy all expectations and functions. Especially in the world of high voltage applications the uncommon is part of everyday life and often enough the [&hellip;]\" \/>\n<meta property=\"og:url\" content=\"https:\/\/www.hvproducts.de\/de\/customized_hv_connectors\/\" \/>\n<meta property=\"og:site_name\" content=\"HVP: High Voltage Products GmbH\" \/>\n<meta property=\"article:modified_time\" content=\"2021-03-27T14:57:11+00:00\" \/>\n<meta property=\"og:image\" content=\"https:\/\/www.hvproducts.de\/wp-content\/uploads\/2021\/03\/ges-hv-connectors-high-voltage-customized-variations.jpg\" \/>\n<meta name=\"twitter:card\" content=\"summary_large_image\" \/>\n<meta name=\"twitter:label1\" content=\"Gesch\u00e4tzte Lesezeit\" \/>\n\t<meta name=\"twitter:data1\" content=\"2\u00a0Minuten\" \/>\n<script type=\"application\/ld+json\" class=\"yoast-schema-graph\">{\"@context\":\"https:\/\/schema.org\",\"@graph\":[{\"@type\":\"WebPage\",\"@id\":\"https:\/\/www.hvproducts.de\/customized_hv_connectors\",\"url\":\"https:\/\/www.hvproducts.de\/customized_hv_connectors\",\"name\":\"Customized HV-Connectors - HVP: High Voltage Products GmbH\",\"isPartOf\":{\"@id\":\"https:\/\/hvproducts.de\/#website\"},\"primaryImageOfPage\":{\"@id\":\"https:\/\/www.hvproducts.de\/customized_hv_connectors#primaryimage\"},\"image\":{\"@id\":\"https:\/\/www.hvproducts.de\/customized_hv_connectors#primaryimage\"},\"thumbnailUrl\":\"https:\/\/www.hvproducts.de\/wp-content\/uploads\/2021\/03\/ges-hv-connectors-high-voltage-customized-variations.jpg\",\"datePublished\":\"2021-03-27T14:47:39+00:00\",\"dateModified\":\"2021-03-27T14:57:11+00:00\",\"breadcrumb\":{\"@id\":\"https:\/\/www.hvproducts.de\/customized_hv_connectors#breadcrumb\"},\"inLanguage\":\"de\",\"potentialAction\":[{\"@type\":\"ReadAction\",\"target\":[\"https:\/\/www.hvproducts.de\/customized_hv_connectors\"]}]},{\"@type\":\"ImageObject\",\"inLanguage\":\"de\",\"@id\":\"https:\/\/www.hvproducts.de\/customized_hv_connectors#primaryimage\",\"url\":\"https:\/\/www.hvproducts.de\/wp-content\/uploads\/2021\/03\/ges-hv-connectors-high-voltage-customized-variations.jpg\",\"contentUrl\":\"https:\/\/www.hvproducts.de\/wp-content\/uploads\/2021\/03\/ges-hv-connectors-high-voltage-customized-variations.jpg\"},{\"@type\":\"BreadcrumbList\",\"@id\":\"https:\/\/www.hvproducts.de\/customized_hv_connectors#breadcrumb\",\"itemListElement\":[{\"@type\":\"ListItem\",\"position\":1,\"name\":\"Home\",\"item\":\"https:\/\/www.hvproducts.de\/\"},{\"@type\":\"ListItem\",\"position\":2,\"name\":\"Customized HV-Connectors\"}]},{\"@type\":\"WebSite\",\"@id\":\"https:\/\/hvproducts.de\/#website\",\"url\":\"https:\/\/hvproducts.de\/\",\"name\":\"HVP: High Voltage Products GmbH\",\"description\":\"High Voltage Products GmbH\",\"publisher\":{\"@id\":\"https:\/\/hvproducts.de\/#organization\"},\"potentialAction\":[{\"@type\":\"SearchAction\",\"target\":{\"@type\":\"EntryPoint\",\"urlTemplate\":\"https:\/\/hvproducts.de\/?s={search_term_string}\"},\"query-input\":{\"@type\":\"PropertyValueSpecification\",\"valueRequired\":true,\"valueName\":\"search_term_string\"}}],\"inLanguage\":\"de\"},{\"@type\":\"Organization\",\"@id\":\"https:\/\/hvproducts.de\/#organization\",\"name\":\"HVP: High Voltage Products GmbH\",\"url\":\"https:\/\/hvproducts.de\/\",\"logo\":{\"@type\":\"ImageObject\",\"inLanguage\":\"de\",\"@id\":\"https:\/\/hvproducts.de\/#\/schema\/logo\/image\/\",\"url\":\"https:\/\/www.hvproducts.de\/wp-content\/uploads\/2021\/01\/cropped-iPhone-X-XS-11-Pro-\u2013-1@2x-2.png\",\"contentUrl\":\"https:\/\/www.hvproducts.de\/wp-content\/uploads\/2021\/01\/cropped-iPhone-X-XS-11-Pro-\u2013-1@2x-2.png\",\"width\":723,\"height\":224,\"caption\":\"HVP: High Voltage Products GmbH\"},\"image\":{\"@id\":\"https:\/\/hvproducts.de\/#\/schema\/logo\/image\/\"}}]}<\/script>\n<!-- \/ Yoast SEO plugin. -->","yoast_head_json":{"title":"Customized HV-Connectors - HVP: High Voltage Products GmbH","robots":{"index":"index","follow":"follow","max-snippet":"max-snippet:-1","max-image-preview":"max-image-preview:large","max-video-preview":"max-video-preview:-1"},"canonical":"https:\/\/www.hvproducts.de\/de\/customized_hv_connectors\/","og_locale":"de_DE","og_type":"article","og_title":"Customized HV-Connectors - HVP: High Voltage Products GmbH","og_description":"Home \/ Products \/ High Voltage \/ HV Passive Components \/ Connectors \/ Customized HV-Connectors How to get your own High Voltage Connector Even with our wide portfolio we cannot always satisfy all expectations and functions. Especially in the world of high voltage applications the uncommon is part of everyday life and often enough the [&hellip;]","og_url":"https:\/\/www.hvproducts.de\/de\/customized_hv_connectors\/","og_site_name":"HVP: High Voltage Products GmbH","article_modified_time":"2021-03-27T14:57:11+00:00","og_image":[{"url":"https:\/\/www.hvproducts.de\/wp-content\/uploads\/2021\/03\/ges-hv-connectors-high-voltage-customized-variations.jpg","type":"","width":"","height":""}],"twitter_card":"summary_large_image","twitter_misc":{"Gesch\u00e4tzte Lesezeit":"2\u00a0Minuten"},"schema":{"@context":"https:\/\/schema.org","@graph":[{"@type":"WebPage","@id":"https:\/\/www.hvproducts.de\/customized_hv_connectors","url":"https:\/\/www.hvproducts.de\/customized_hv_connectors","name":"Customized HV-Connectors - HVP: High Voltage Products GmbH","isPartOf":{"@id":"https:\/\/hvproducts.de\/#website"},"primaryImageOfPage":{"@id":"https:\/\/www.hvproducts.de\/customized_hv_connectors#primaryimage"},"image":{"@id":"https:\/\/www.hvproducts.de\/customized_hv_connectors#primaryimage"},"thumbnailUrl":"https:\/\/www.hvproducts.de\/wp-content\/uploads\/2021\/03\/ges-hv-connectors-high-voltage-customized-variations.jpg","datePublished":"2021-03-27T14:47:39+00:00","dateModified":"2021-03-27T14:57:11+00:00","breadcrumb":{"@id":"https:\/\/www.hvproducts.de\/customized_hv_connectors#breadcrumb"},"inLanguage":"de","potentialAction":[{"@type":"ReadAction","target":["https:\/\/www.hvproducts.de\/customized_hv_connectors"]}]},{"@type":"ImageObject","inLanguage":"de","@id":"https:\/\/www.hvproducts.de\/customized_hv_connectors#primaryimage","url":"https:\/\/www.hvproducts.de\/wp-content\/uploads\/2021\/03\/ges-hv-connectors-high-voltage-customized-variations.jpg","contentUrl":"https:\/\/www.hvproducts.de\/wp-content\/uploads\/2021\/03\/ges-hv-connectors-high-voltage-customized-variations.jpg"},{"@type":"BreadcrumbList","@id":"https:\/\/www.hvproducts.de\/customized_hv_connectors#breadcrumb","itemListElement":[{"@type":"ListItem","position":1,"name":"Home","item":"https:\/\/www.hvproducts.de\/"},{"@type":"ListItem","position":2,"name":"Customized HV-Connectors"}]},{"@type":"WebSite","@id":"https:\/\/hvproducts.de\/#website","url":"https:\/\/hvproducts.de\/","name":"HVP: High Voltage Products GmbH","description":"High Voltage Products GmbH","publisher":{"@id":"https:\/\/hvproducts.de\/#organization"},"potentialAction":[{"@type":"SearchAction","target":{"@type":"EntryPoint","urlTemplate":"https:\/\/hvproducts.de\/?s={search_term_string}"},"query-input":{"@type":"PropertyValueSpecification","valueRequired":true,"valueName":"search_term_string"}}],"inLanguage":"de"},{"@type":"Organization","@id":"https:\/\/hvproducts.de\/#organization","name":"HVP: High Voltage Products GmbH","url":"https:\/\/hvproducts.de\/","logo":{"@type":"ImageObject","inLanguage":"de","@id":"https:\/\/hvproducts.de\/#\/schema\/logo\/image\/","url":"https:\/\/www.hvproducts.de\/wp-content\/uploads\/2021\/01\/cropped-iPhone-X-XS-11-Pro-\u2013-1@2x-2.png","contentUrl":"https:\/\/www.hvproducts.de\/wp-content\/uploads\/2021\/01\/cropped-iPhone-X-XS-11-Pro-\u2013-1@2x-2.png","width":723,"height":224,"caption":"HVP: High Voltage Products GmbH"},"image":{"@id":"https:\/\/hvproducts.de\/#\/schema\/logo\/image\/"}}]}},"_links":{"self":[{"href":"https:\/\/www.hvproducts.de\/de\/wp-json\/wp\/v2\/pages\/6756","targetHints":{"allow":["GET"]}}],"collection":[{"href":"https:\/\/www.hvproducts.de\/de\/wp-json\/wp\/v2\/pages"}],"about":[{"href":"https:\/\/www.hvproducts.de\/de\/wp-json\/wp\/v2\/types\/page"}],"author":[{"embeddable":true,"href":"https:\/\/www.hvproducts.de\/de\/wp-json\/wp\/v2\/users\/1"}],"replies":[{"embeddable":true,"href":"https:\/\/www.hvproducts.de\/de\/wp-json\/wp\/v2\/comments?post=6756"}],"version-history":[{"count":10,"href":"https:\/\/www.hvproducts.de\/de\/wp-json\/wp\/v2\/pages\/6756\/revisions"}],"predecessor-version":[{"id":6770,"href":"https:\/\/www.hvproducts.de\/de\/wp-json\/wp\/v2\/pages\/6756\/revisions\/6770"}],"wp:attachment":[{"href":"https:\/\/www.hvproducts.de\/de\/wp-json\/wp\/v2\/media?parent=6756"}],"curies":[{"name":"wp","href":"https:\/\/api.w.org\/{rel}","templated":true}]}}