{"id":6746,"date":"2021-03-27T14:40:47","date_gmt":"2021-03-27T14:40:47","guid":{"rendered":"https:\/\/hvct.eu\/?page_id=6746"},"modified":"2021-04-05T17:07:09","modified_gmt":"2021-04-05T17:07:09","slug":"modular_hv_connectors","status":"publish","type":"page","link":"https:\/\/www.hvproducts.de\/de\/modular_hv_connectors","title":{"rendered":"Modulare HV-Steckverbinder"},"content":{"rendered":"<div data-elementor-type=\"wp-page\" data-elementor-id=\"6746\" class=\"elementor elementor-6746\">\n\t\t\t\t\t\t<section class=\"elementor-section elementor-top-section elementor-element elementor-element-9bc6fa7 elementor-section-boxed elementor-section-height-default elementor-section-height-default\" data-id=\"9bc6fa7\" data-element_type=\"section\" data-e-type=\"section\">\n\t\t\t\t\t\t<div class=\"elementor-container elementor-column-gap-default\">\n\t\t\t\t\t<div class=\"elementor-column elementor-col-100 elementor-top-column elementor-element elementor-element-b58caa1\" data-id=\"b58caa1\" data-element_type=\"column\" data-e-type=\"column\">\n\t\t\t<div class=\"elementor-widget-wrap elementor-element-populated\">\n\t\t\t\t\t\t<div class=\"elementor-element elementor-element-423ce7c elementor-widget elementor-widget-text-editor\" data-id=\"423ce7c\" data-element_type=\"widget\" data-e-type=\"widget\" data-widget_type=\"text-editor.default\">\n\t\t\t\t<div class=\"elementor-widget-container\">\n\t\t\t\t\t\t\t\t\t<p><a href=\"https:\/\/www.hvproducts.de\">Startseite<\/a> \/ Produkte \/ Hochspannung \/ Passive HV-Komponenten \/ Steckverbinder \/ <a href=\"https:\/\/www.hvproducts.de\/modular_hv_connectors\/\">Modulare HV-Steckverbinder<\/a><\/p>\t\t\t\t\t\t\t\t<\/div>\n\t\t\t\t<\/div>\n\t\t\t\t<div class=\"elementor-element elementor-element-14d6d47 elementor-widget elementor-widget-heading\" data-id=\"14d6d47\" data-element_type=\"widget\" data-e-type=\"widget\" data-widget_type=\"heading.default\">\n\t\t\t\t<div class=\"elementor-widget-container\">\n\t\t\t\t\t<h2 class=\"elementor-heading-title elementor-size-default\"><h1 style=\"margin-bottom: 0.5rem;font-weight: 500;font-size: 30px;, sans-serif;font-style: normal;white-space: normal\">Modulare Hochspannungssteckverbinder<\/h1><\/h2>\t\t\t\t<\/div>\n\t\t\t\t<\/div>\n\t\t\t\t<div class=\"elementor-element elementor-element-3cf3d05 elementor-widget elementor-widget-text-editor\" data-id=\"3cf3d05\" data-element_type=\"widget\" data-e-type=\"widget\" data-widget_type=\"text-editor.default\">\n\t\t\t\t<div class=\"elementor-widget-container\">\n\t\t\t\t\t\t\t\t\t<p>Der modulare Aufbau dieses hybriden Verbindungssystems erm\u00f6glicht nahezu jede Kombination von Hochspannungspneumatik, Signal- und Daten\u00fcbertragung. Konfigurieren Sie Ihr Verbindungssystem durch die Kombination zahlreicher Einsteckmodule und b\u00fcndeln Sie viele separate Verbindungen in einem einzigen wartungsfreundlichen, kompakten und IP65-gesch\u00fctzten Hybridsteckverbinder.<\/p>\t\t\t\t\t\t\t\t<\/div>\n\t\t\t\t<\/div>\n\t\t\t\t\t<\/div>\n\t\t<\/div>\n\t\t\t\t\t<\/div>\n\t\t<\/section>\n\t\t\t\t<section class=\"elementor-section elementor-top-section elementor-element elementor-element-7b61841 elementor-section-boxed elementor-section-height-default elementor-section-height-default\" data-id=\"7b61841\" data-element_type=\"section\" data-e-type=\"section\">\n\t\t\t\t\t\t<div class=\"elementor-container elementor-column-gap-default\">\n\t\t\t\t\t<div class=\"elementor-column elementor-col-100 elementor-top-column elementor-element elementor-element-7615234\" data-id=\"7615234\" data-element_type=\"column\" data-e-type=\"column\">\n\t\t\t<div class=\"elementor-widget-wrap elementor-element-populated\">\n\t\t\t\t\t\t<div class=\"elementor-element elementor-element-4137887 elementor-widget elementor-widget-spacer\" data-id=\"4137887\" data-element_type=\"widget\" data-e-type=\"widget\" data-widget_type=\"spacer.default\">\n\t\t\t\t<div class=\"elementor-widget-container\">\n\t\t\t\t\t\t\t<div class=\"elementor-spacer\">\n\t\t\t<div class=\"elementor-spacer-inner\"><\/div>\n\t\t<\/div>\n\t\t\t\t\t\t<\/div>\n\t\t\t\t<\/div>\n\t\t\t\t<div class=\"elementor-element elementor-element-427120c elementor-tabs-view-horizontal elementor-widget elementor-widget-tabs\" data-id=\"427120c\" data-element_type=\"widget\" data-e-type=\"widget\" data-widget_type=\"tabs.default\">\n\t\t\t\t<div class=\"elementor-widget-container\">\n\t\t\t\t\t\t\t<div class=\"elementor-tabs\">\n\t\t\t<div class=\"elementor-tabs-wrapper\" role=\"tablist\" >\n\t\t\t\t\t\t\t\t\t<div id=\"elementor-tab-title-6961\" class=\"elementor-tab-title elementor-tab-desktop-title\" aria-selected=\"true\" data-tab=\"1\" role=\"tab\" tabindex=\"0\" aria-controls=\"elementor-tab-content-6961\" aria-expanded=\"false\">Produkte<\/div>\n\t\t\t\t\t\t\t\t\t<div id=\"elementor-tab-title-6962\" class=\"elementor-tab-title elementor-tab-desktop-title\" aria-selected=\"false\" data-tab=\"2\" role=\"tab\" tabindex=\"-1\" aria-controls=\"elementor-tab-content-6962\" aria-expanded=\"false\">Datenbl\u00e4tter<\/div>\n\t\t\t\t\t\t\t<\/div>\n\t\t\t<div class=\"elementor-tabs-content-wrapper\" role=\"tablist\" aria-orientation=\"vertical\">\n\t\t\t\t\t\t\t\t\t<div class=\"elementor-tab-title elementor-tab-mobile-title\" aria-selected=\"true\" data-tab=\"1\" role=\"tab\" tabindex=\"0\" aria-controls=\"elementor-tab-content-6961\" aria-expanded=\"false\">Produkte<\/div>\n\t\t\t\t\t<div id=\"elementor-tab-content-6961\" class=\"elementor-tab-content elementor-clearfix\" data-tab=\"1\" role=\"tabpanel\" aria-labelledby=\"elementor-tab-title-6961\" tabindex=\"0\" hidden=\"false\"><table style=\"border: none; table-layout: fixed;\"><tbody><tr><td style=\"padding: 0 25px 0 0; border: none;\"><h4><strong>Serie MOD<\/strong><\/h4><h4><img fetchpriority=\"high\" decoding=\"async\" class=\"alignnone size-full wp-image-6748\" src=\"https:\/\/www.hvproducts.de\/wp-content\/uploads\/2021\/03\/ges-hv-connectors-high-voltage-12kv-series-mod.jpg\" alt=\"\" width=\"280\" height=\"235\" srcset=\"https:\/\/www.hvproducts.de\/wp-content\/uploads\/2021\/03\/ges-hv-connectors-high-voltage-12kv-series-mod.jpg 280w, https:\/\/www.hvproducts.de\/wp-content\/uploads\/2021\/03\/ges-hv-connectors-high-voltage-12kv-series-mod-14x12.jpg 14w\" sizes=\"(max-width: 280px) 100vw, 280px\" \/><\/h4><\/td><td style=\"padding: 0 25px 0 0; border: none;\"><p>Eigenschaften<\/p><ul><li>Betriebsspannung: 12 kV DC<\/li><li>Pr\u00fcfspannung: 18 kV DC<\/li><li>Nennstrom: 25 A<\/li><li>Anzahl der Stifte: 2 - 14<\/li><li>Anschlusstechnik: L\u00f6ten\/ Crimpen<\/li><li>Drahtgr\u00f6\u00dfe: AWG 20-12<\/li><li>Schutzklasse: IP 65<\/li><li>Entflammbarkeit: UL94 V-0<\/li><\/ul><\/td><td style=\"border: none;\"><p>Vorteile<\/p><ul><li>Robustes Geh\u00e4use<\/li><li>Praktischer Verriegelungsb\u00fcgel<\/li><li>High protection class<\/li><li>Kombinierbar mit anderen modularen Eins\u00e4tzen<\/li><li>Verschiedene Optionen f\u00fcr den Drahtdurchmesser<\/li><li>Versenkte Kontakte<\/li><li>Einfaches modulares System<\/li><li>Schnelle und einfache Montage<\/li><\/ul><\/td><\/tr><tr><td style=\"padding: 0 25px 0 0; border: none;\"><h4><strong>Serie MOD, Systemkomponenten<\/strong><\/h4><h4><img decoding=\"async\" class=\"alignnone size-full wp-image-6749\" src=\"https:\/\/www.hvproducts.de\/wp-content\/uploads\/2021\/03\/ges-hv-connectors-high-voltage-12kv-series-mod_components.jpg\" alt=\"\" width=\"280\" height=\"235\" srcset=\"https:\/\/www.hvproducts.de\/wp-content\/uploads\/2021\/03\/ges-hv-connectors-high-voltage-12kv-series-mod_components.jpg 280w, https:\/\/www.hvproducts.de\/wp-content\/uploads\/2021\/03\/ges-hv-connectors-high-voltage-12kv-series-mod_components-14x12.jpg 14w\" sizes=\"(max-width: 280px) 100vw, 280px\" \/><\/h4><\/td><td style=\"padding: 0 25px 0 0; border: none;\"><p>Module verf\u00fcgbar f\u00fcr:<\/p><ul><li>Hochspannung, 2 Pin pro Modul, bis zu 12 kVDC<\/li><li>Signal\u00fcbertragung, 3 - 20 Pin pro Modul, bis 630 V<\/li><li>Koaxial, 3-polig pro Modul, 250 V<\/li><li>Daten\u00fcbertragung, RJ45 CAT5e \/ USB Typ 2, 4 x 400 V Kontakte<\/li><li>Diverse Rahmen und Geh\u00e4use f\u00fcr bis zu 7 Module<\/li><\/ul><\/td><td style=\"border: none;\"><p>Vorteile<\/p><ul><li>Hohe Flexibilit\u00e4t auf kleinem Raum<\/li><li>Minimale Kabell\u00e4nge<\/li><li>Sehr service- und wartungsfreundlich<\/li><li>Verschiedene anwendungsspezifische Kombinationen<\/li><li>International standardisiert, weit verbreitet<\/li><li>Kompatibel mit: Amphenol Heavymate C 146M, Lapp EPIC MC, Weidm\u00fcller ConCept, Wieland revos Flex u.a.<\/li><\/ul><\/td><\/tr><tr><td style=\"padding: 0 25px 0 0; border: none;\">\u00a0<\/td><td style=\"padding: 0 25px 0 0; border: none;\">\u00a0<\/td><td style=\"border: none;\">\u00a0<\/td><\/tr><\/tbody><\/table><\/div>\n\t\t\t\t\t\t\t\t\t<div class=\"elementor-tab-title elementor-tab-mobile-title\" aria-selected=\"false\" data-tab=\"2\" role=\"tab\" tabindex=\"-1\" aria-controls=\"elementor-tab-content-6962\" aria-expanded=\"false\">Datenbl\u00e4tter<\/div>\n\t\t\t\t\t<div id=\"elementor-tab-content-6962\" class=\"elementor-tab-content elementor-clearfix\" data-tab=\"2\" role=\"tabpanel\" aria-labelledby=\"elementor-tab-title-6962\" tabindex=\"0\" hidden=\"hidden\"><table style=\"border: none; table-layout: fixed;\"><tbody><tr><td style=\"padding: 0 25px 0 0; border: none;\"><a href=\"https:\/\/www.hvproducts.de\/wp-content\/uploads\/2021\/04\/series-mod-hp-t.pdf\"><span class=\"text\" style=\"display: inline-flex;\"><img decoding=\"async\" class=\"\" style=\"padding-right: 15px; width: 57px; height: 55px;\" src=\"https:\/\/www.hvproducts.de\/wp-content\/uploads\/2021\/01\/download.png\" \/> Serie MOD Datasheet<\/span><\/a><\/td><td style=\"padding: 0 25px 0 0; border: none;\"><a href=\"https:\/\/www.hvproducts.de\/wp-content\/uploads\/2021\/04\/series-modsys.pdf\"><span class=\"text\" style=\"display: inline-flex;\"><img decoding=\"async\" class=\"\" style=\"padding-right: 15px; width: 57px; height: 55px;\" src=\"https:\/\/www.hvproducts.de\/wp-content\/uploads\/2021\/01\/download.png\" \/> Serie MOD Systems Komponenten Datenblatt <\/span><\/a><\/td><td style=\"border: none;\">\u00a0<\/td><\/tr><\/tbody><\/table><\/div>\n\t\t\t\t\t\t\t<\/div>\n\t\t<\/div>\n\t\t\t\t\t\t<\/div>\n\t\t\t\t<\/div>\n\t\t\t\t<div class=\"elementor-element elementor-element-f2d941f elementor-widget elementor-widget-spacer\" data-id=\"f2d941f\" data-element_type=\"widget\" data-e-type=\"widget\" data-widget_type=\"spacer.default\">\n\t\t\t\t<div class=\"elementor-widget-container\">\n\t\t\t\t\t\t\t<div class=\"elementor-spacer\">\n\t\t\t<div class=\"elementor-spacer-inner\"><\/div>\n\t\t<\/div>\n\t\t\t\t\t\t<\/div>\n\t\t\t\t<\/div>\n\t\t\t\t\t<\/div>\n\t\t<\/div>\n\t\t\t\t\t<\/div>\n\t\t<\/section>\n\t\t\t\t<\/div>","protected":false},"excerpt":{"rendered":"<p>Home \/ Products \/ High Voltage \/ HV Passive Components \/ Connectors \/ Modular HV-Connectors Modular High Voltage Connectors The modular design of this hybrid interconnection system allows almost any combination of high voltage pneumatic, signal and data transmission. Configure your interconnection system by combining numerous insertion modules and bundle lots of separate connections into [&hellip;]<\/p>\n","protected":false},"author":1,"featured_media":0,"parent":0,"menu_order":0,"comment_status":"closed","ping_status":"closed","template":"","meta":{"site-sidebar-layout":"no-sidebar","site-content-layout":"page-builder","ast-site-content-layout":"default","site-content-style":"default","site-sidebar-style":"default","ast-global-header-display":"","ast-banner-title-visibility":"","ast-main-header-display":"","ast-hfb-above-header-display":"","ast-hfb-below-header-display":"","ast-hfb-mobile-header-display":"","site-post-title":"disabled","ast-breadcrumbs-content":"","ast-featured-img":"disabled","footer-sml-layout":"","ast-disable-related-posts":"","theme-transparent-header-meta":"default","adv-header-id-meta":"","stick-header-meta":"","header-above-stick-meta":"","header-main-stick-meta":"","header-below-stick-meta":"","astra-migrate-meta-layouts":"default","ast-page-background-enabled":"default","ast-page-background-meta":{"desktop":{"background-color":"","background-image":"","background-repeat":"repeat","background-position":"center center","background-size":"auto","background-attachment":"scroll","background-type":"","background-media":"","overlay-type":"","overlay-color":"","overlay-opacity":"","overlay-gradient":""},"tablet":{"background-color":"","background-image":"","background-repeat":"repeat","background-position":"center center","background-size":"auto","background-attachment":"scroll","background-type":"","background-media":"","overlay-type":"","overlay-color":"","overlay-opacity":"","overlay-gradient":""},"mobile":{"background-color":"","background-image":"","background-repeat":"repeat","background-position":"center center","background-size":"auto","background-attachment":"scroll","background-type":"","background-media":"","overlay-type":"","overlay-color":"","overlay-opacity":"","overlay-gradient":""}},"ast-content-background-meta":{"desktop":{"background-color":"var(--ast-global-color-5)","background-image":"","background-repeat":"repeat","background-position":"center center","background-size":"auto","background-attachment":"scroll","background-type":"","background-media":"","overlay-type":"","overlay-color":"","overlay-opacity":"","overlay-gradient":""},"tablet":{"background-color":"var(--ast-global-color-5)","background-image":"","background-repeat":"repeat","background-position":"center center","background-size":"auto","background-attachment":"scroll","background-type":"","background-media":"","overlay-type":"","overlay-color":"","overlay-opacity":"","overlay-gradient":""},"mobile":{"background-color":"var(--ast-global-color-5)","background-image":"","background-repeat":"repeat","background-position":"center center","background-size":"auto","background-attachment":"scroll","background-type":"","background-media":"","overlay-type":"","overlay-color":"","overlay-opacity":"","overlay-gradient":""}},"footnotes":""},"class_list":["post-6746","page","type-page","status-publish","hentry"],"yoast_head":"<!-- This site is optimized with the Yoast SEO plugin v27.2 - https:\/\/yoast.com\/product\/yoast-seo-wordpress\/ -->\n<title>Modular HV-Connectors - HVP: High Voltage Products GmbH<\/title>\n<meta name=\"robots\" content=\"index, follow, max-snippet:-1, max-image-preview:large, max-video-preview:-1\" \/>\n<link rel=\"canonical\" href=\"https:\/\/www.hvproducts.de\/de\/modular_hv_connectors\/\" \/>\n<meta property=\"og:locale\" content=\"de_DE\" \/>\n<meta property=\"og:type\" content=\"article\" \/>\n<meta property=\"og:title\" content=\"Modular HV-Connectors - HVP: High Voltage Products GmbH\" \/>\n<meta property=\"og:description\" content=\"Home \/ Products \/ High Voltage \/ HV Passive Components \/ Connectors \/ Modular HV-Connectors Modular High Voltage Connectors The modular design of this hybrid interconnection system allows almost any combination of high voltage pneumatic, signal and data transmission. Configure your interconnection system by combining numerous insertion modules and bundle lots of separate connections into [&hellip;]\" \/>\n<meta property=\"og:url\" content=\"https:\/\/www.hvproducts.de\/de\/modular_hv_connectors\/\" \/>\n<meta property=\"og:site_name\" content=\"HVP: High Voltage Products GmbH\" \/>\n<meta property=\"article:modified_time\" content=\"2021-04-05T17:07:09+00:00\" \/>\n<meta property=\"og:image\" content=\"https:\/\/www.hvproducts.de\/wp-content\/uploads\/2021\/03\/ges-hv-connectors-high-voltage-12kv-series-mod.jpg\" \/>\n<meta name=\"twitter:card\" content=\"summary_large_image\" \/>\n<meta name=\"twitter:label1\" content=\"Gesch\u00e4tzte Lesezeit\" \/>\n\t<meta name=\"twitter:data1\" content=\"1\u00a0Minute\" \/>\n<script type=\"application\/ld+json\" class=\"yoast-schema-graph\">{\"@context\":\"https:\/\/schema.org\",\"@graph\":[{\"@type\":\"WebPage\",\"@id\":\"https:\/\/www.hvproducts.de\/modular_hv_connectors\",\"url\":\"https:\/\/www.hvproducts.de\/modular_hv_connectors\",\"name\":\"Modular HV-Connectors - HVP: High Voltage Products GmbH\",\"isPartOf\":{\"@id\":\"https:\/\/hvproducts.de\/#website\"},\"primaryImageOfPage\":{\"@id\":\"https:\/\/www.hvproducts.de\/modular_hv_connectors#primaryimage\"},\"image\":{\"@id\":\"https:\/\/www.hvproducts.de\/modular_hv_connectors#primaryimage\"},\"thumbnailUrl\":\"https:\/\/www.hvproducts.de\/wp-content\/uploads\/2021\/03\/ges-hv-connectors-high-voltage-12kv-series-mod.jpg\",\"datePublished\":\"2021-03-27T14:40:47+00:00\",\"dateModified\":\"2021-04-05T17:07:09+00:00\",\"breadcrumb\":{\"@id\":\"https:\/\/www.hvproducts.de\/modular_hv_connectors#breadcrumb\"},\"inLanguage\":\"de\",\"potentialAction\":[{\"@type\":\"ReadAction\",\"target\":[\"https:\/\/www.hvproducts.de\/modular_hv_connectors\"]}]},{\"@type\":\"ImageObject\",\"inLanguage\":\"de\",\"@id\":\"https:\/\/www.hvproducts.de\/modular_hv_connectors#primaryimage\",\"url\":\"https:\/\/www.hvproducts.de\/wp-content\/uploads\/2021\/03\/ges-hv-connectors-high-voltage-12kv-series-mod.jpg\",\"contentUrl\":\"https:\/\/www.hvproducts.de\/wp-content\/uploads\/2021\/03\/ges-hv-connectors-high-voltage-12kv-series-mod.jpg\"},{\"@type\":\"BreadcrumbList\",\"@id\":\"https:\/\/www.hvproducts.de\/modular_hv_connectors#breadcrumb\",\"itemListElement\":[{\"@type\":\"ListItem\",\"position\":1,\"name\":\"Home\",\"item\":\"https:\/\/www.hvproducts.de\/\"},{\"@type\":\"ListItem\",\"position\":2,\"name\":\"Modular HV-Connectors\"}]},{\"@type\":\"WebSite\",\"@id\":\"https:\/\/hvproducts.de\/#website\",\"url\":\"https:\/\/hvproducts.de\/\",\"name\":\"HVP: High Voltage Products GmbH\",\"description\":\"High Voltage Products GmbH\",\"publisher\":{\"@id\":\"https:\/\/hvproducts.de\/#organization\"},\"potentialAction\":[{\"@type\":\"SearchAction\",\"target\":{\"@type\":\"EntryPoint\",\"urlTemplate\":\"https:\/\/hvproducts.de\/?s={search_term_string}\"},\"query-input\":{\"@type\":\"PropertyValueSpecification\",\"valueRequired\":true,\"valueName\":\"search_term_string\"}}],\"inLanguage\":\"de\"},{\"@type\":\"Organization\",\"@id\":\"https:\/\/hvproducts.de\/#organization\",\"name\":\"HVP: High Voltage Products GmbH\",\"url\":\"https:\/\/hvproducts.de\/\",\"logo\":{\"@type\":\"ImageObject\",\"inLanguage\":\"de\",\"@id\":\"https:\/\/hvproducts.de\/#\/schema\/logo\/image\/\",\"url\":\"https:\/\/www.hvproducts.de\/wp-content\/uploads\/2021\/01\/cropped-iPhone-X-XS-11-Pro-\u2013-1@2x-2.png\",\"contentUrl\":\"https:\/\/www.hvproducts.de\/wp-content\/uploads\/2021\/01\/cropped-iPhone-X-XS-11-Pro-\u2013-1@2x-2.png\",\"width\":723,\"height\":224,\"caption\":\"HVP: High Voltage Products GmbH\"},\"image\":{\"@id\":\"https:\/\/hvproducts.de\/#\/schema\/logo\/image\/\"}}]}<\/script>\n<!-- \/ Yoast SEO plugin. -->","yoast_head_json":{"title":"Modular HV-Connectors - HVP: High Voltage Products GmbH","robots":{"index":"index","follow":"follow","max-snippet":"max-snippet:-1","max-image-preview":"max-image-preview:large","max-video-preview":"max-video-preview:-1"},"canonical":"https:\/\/www.hvproducts.de\/de\/modular_hv_connectors\/","og_locale":"de_DE","og_type":"article","og_title":"Modular HV-Connectors - HVP: High Voltage Products GmbH","og_description":"Home \/ Products \/ High Voltage \/ HV Passive Components \/ Connectors \/ Modular HV-Connectors Modular High Voltage Connectors The modular design of this hybrid interconnection system allows almost any combination of high voltage pneumatic, signal and data transmission. Configure your interconnection system by combining numerous insertion modules and bundle lots of separate connections into [&hellip;]","og_url":"https:\/\/www.hvproducts.de\/de\/modular_hv_connectors\/","og_site_name":"HVP: High Voltage Products GmbH","article_modified_time":"2021-04-05T17:07:09+00:00","og_image":[{"url":"https:\/\/www.hvproducts.de\/wp-content\/uploads\/2021\/03\/ges-hv-connectors-high-voltage-12kv-series-mod.jpg","type":"","width":"","height":""}],"twitter_card":"summary_large_image","twitter_misc":{"Gesch\u00e4tzte Lesezeit":"1\u00a0Minute"},"schema":{"@context":"https:\/\/schema.org","@graph":[{"@type":"WebPage","@id":"https:\/\/www.hvproducts.de\/modular_hv_connectors","url":"https:\/\/www.hvproducts.de\/modular_hv_connectors","name":"Modular HV-Connectors - HVP: High Voltage Products GmbH","isPartOf":{"@id":"https:\/\/hvproducts.de\/#website"},"primaryImageOfPage":{"@id":"https:\/\/www.hvproducts.de\/modular_hv_connectors#primaryimage"},"image":{"@id":"https:\/\/www.hvproducts.de\/modular_hv_connectors#primaryimage"},"thumbnailUrl":"https:\/\/www.hvproducts.de\/wp-content\/uploads\/2021\/03\/ges-hv-connectors-high-voltage-12kv-series-mod.jpg","datePublished":"2021-03-27T14:40:47+00:00","dateModified":"2021-04-05T17:07:09+00:00","breadcrumb":{"@id":"https:\/\/www.hvproducts.de\/modular_hv_connectors#breadcrumb"},"inLanguage":"de","potentialAction":[{"@type":"ReadAction","target":["https:\/\/www.hvproducts.de\/modular_hv_connectors"]}]},{"@type":"ImageObject","inLanguage":"de","@id":"https:\/\/www.hvproducts.de\/modular_hv_connectors#primaryimage","url":"https:\/\/www.hvproducts.de\/wp-content\/uploads\/2021\/03\/ges-hv-connectors-high-voltage-12kv-series-mod.jpg","contentUrl":"https:\/\/www.hvproducts.de\/wp-content\/uploads\/2021\/03\/ges-hv-connectors-high-voltage-12kv-series-mod.jpg"},{"@type":"BreadcrumbList","@id":"https:\/\/www.hvproducts.de\/modular_hv_connectors#breadcrumb","itemListElement":[{"@type":"ListItem","position":1,"name":"Home","item":"https:\/\/www.hvproducts.de\/"},{"@type":"ListItem","position":2,"name":"Modular HV-Connectors"}]},{"@type":"WebSite","@id":"https:\/\/hvproducts.de\/#website","url":"https:\/\/hvproducts.de\/","name":"HVP: High Voltage Products GmbH","description":"High Voltage Products GmbH","publisher":{"@id":"https:\/\/hvproducts.de\/#organization"},"potentialAction":[{"@type":"SearchAction","target":{"@type":"EntryPoint","urlTemplate":"https:\/\/hvproducts.de\/?s={search_term_string}"},"query-input":{"@type":"PropertyValueSpecification","valueRequired":true,"valueName":"search_term_string"}}],"inLanguage":"de"},{"@type":"Organization","@id":"https:\/\/hvproducts.de\/#organization","name":"HVP: High Voltage Products GmbH","url":"https:\/\/hvproducts.de\/","logo":{"@type":"ImageObject","inLanguage":"de","@id":"https:\/\/hvproducts.de\/#\/schema\/logo\/image\/","url":"https:\/\/www.hvproducts.de\/wp-content\/uploads\/2021\/01\/cropped-iPhone-X-XS-11-Pro-\u2013-1@2x-2.png","contentUrl":"https:\/\/www.hvproducts.de\/wp-content\/uploads\/2021\/01\/cropped-iPhone-X-XS-11-Pro-\u2013-1@2x-2.png","width":723,"height":224,"caption":"HVP: High Voltage Products GmbH"},"image":{"@id":"https:\/\/hvproducts.de\/#\/schema\/logo\/image\/"}}]}},"_links":{"self":[{"href":"https:\/\/www.hvproducts.de\/de\/wp-json\/wp\/v2\/pages\/6746","targetHints":{"allow":["GET"]}}],"collection":[{"href":"https:\/\/www.hvproducts.de\/de\/wp-json\/wp\/v2\/pages"}],"about":[{"href":"https:\/\/www.hvproducts.de\/de\/wp-json\/wp\/v2\/types\/page"}],"author":[{"embeddable":true,"href":"https:\/\/www.hvproducts.de\/de\/wp-json\/wp\/v2\/users\/1"}],"replies":[{"embeddable":true,"href":"https:\/\/www.hvproducts.de\/de\/wp-json\/wp\/v2\/comments?post=6746"}],"version-history":[{"count":10,"href":"https:\/\/www.hvproducts.de\/de\/wp-json\/wp\/v2\/pages\/6746\/revisions"}],"predecessor-version":[{"id":10004,"href":"https:\/\/www.hvproducts.de\/de\/wp-json\/wp\/v2\/pages\/6746\/revisions\/10004"}],"wp:attachment":[{"href":"https:\/\/www.hvproducts.de\/de\/wp-json\/wp\/v2\/media?parent=6746"}],"curies":[{"name":"wp","href":"https:\/\/api.w.org\/{rel}","templated":true}]}}