{"id":6709,"date":"2021-03-27T14:06:56","date_gmt":"2021-03-27T14:06:56","guid":{"rendered":"https:\/\/hvct.eu\/?page_id=6709"},"modified":"2023-08-13T16:34:23","modified_gmt":"2023-08-13T16:34:23","slug":"single-pin-hv-connectors","status":"publish","type":"page","link":"https:\/\/www.hvproducts.de\/de\/single-pin-hv-connectors","title":{"rendered":"Single-pin HV -Connectors"},"content":{"rendered":"<div data-elementor-type=\"wp-page\" data-elementor-id=\"6709\" class=\"elementor elementor-6709\">\n\t\t\t\t\t\t<section class=\"elementor-section elementor-top-section elementor-element elementor-element-9bc6fa7 elementor-section-boxed elementor-section-height-default elementor-section-height-default\" data-id=\"9bc6fa7\" data-element_type=\"section\" data-e-type=\"section\">\n\t\t\t\t\t\t<div class=\"elementor-container elementor-column-gap-default\">\n\t\t\t\t\t<div class=\"elementor-column elementor-col-100 elementor-top-column elementor-element elementor-element-b58caa1\" data-id=\"b58caa1\" data-element_type=\"column\" data-e-type=\"column\">\n\t\t\t<div class=\"elementor-widget-wrap elementor-element-populated\">\n\t\t\t\t\t\t<div class=\"elementor-element elementor-element-423ce7c elementor-widget elementor-widget-text-editor\" data-id=\"423ce7c\" data-element_type=\"widget\" data-e-type=\"widget\" data-widget_type=\"text-editor.default\">\n\t\t\t\t<div class=\"elementor-widget-container\">\n\t\t\t\t\t\t\t\t\t<p><a href=\"https:\/\/www.hvproducts.de\">Startseite<\/a> \/ Produkte \/ Hochspannung \/ <a href=\"https:\/\/www.hvproducts.de\/hv_passive_components\/\">HV-Passive Komponenten<\/a> \/ Steckverbinder \/ <a href=\"https:\/\/www.hvproducts.de\/single-pin-hv-connectors\/\">Einpolige HV-Steckverbinder<\/a><\/p>\t\t\t\t\t\t\t\t<\/div>\n\t\t\t\t<\/div>\n\t\t\t\t<div class=\"elementor-element elementor-element-14d6d47 elementor-widget elementor-widget-heading\" data-id=\"14d6d47\" data-element_type=\"widget\" data-e-type=\"widget\" data-widget_type=\"heading.default\">\n\t\t\t\t<div class=\"elementor-widget-container\">\n\t\t\t\t\t<h2 class=\"elementor-heading-title elementor-size-default\"><h1 style=\"margin-bottom: 0.5rem;font-weight: 500;font-size: 30px;, sans-serif;font-style: normal;white-space: normal\">Einpolige Hochspannungssteckverbinder<\/h1><\/h2>\t\t\t\t<\/div>\n\t\t\t\t<\/div>\n\t\t\t\t<div class=\"elementor-element elementor-element-3cf3d05 elementor-widget elementor-widget-text-editor\" data-id=\"3cf3d05\" data-element_type=\"widget\" data-e-type=\"widget\" data-widget_type=\"text-editor.default\">\n\t\t\t\t<div class=\"elementor-widget-container\">\n\t\t\t\t\t\t\t\t\t<p>Die einpoligen Hochspannungssteckverbinder eignen sich f\u00fcr Anwendungen mit einer Betriebsspannung von bis zu 100 kVDC und sind mit einer Reihe von Halterungen und Dichtungen f\u00fcr jedes Systemdesign erh\u00e4ltlich. Erh\u00e4ltlich mit hochleistungsf\u00e4higem PTFE-Isoliermaterial und Steckzyklen bis zu 100k.<\/p>\t\t\t\t\t\t\t\t<\/div>\n\t\t\t\t<\/div>\n\t\t\t\t\t<\/div>\n\t\t<\/div>\n\t\t\t\t\t<\/div>\n\t\t<\/section>\n\t\t\t\t<section class=\"elementor-section elementor-top-section elementor-element elementor-element-7b61841 elementor-section-boxed elementor-section-height-default elementor-section-height-default\" data-id=\"7b61841\" data-element_type=\"section\" data-e-type=\"section\">\n\t\t\t\t\t\t<div class=\"elementor-container elementor-column-gap-default\">\n\t\t\t\t\t<div class=\"elementor-column elementor-col-100 elementor-top-column elementor-element elementor-element-7615234\" data-id=\"7615234\" data-element_type=\"column\" data-e-type=\"column\">\n\t\t\t<div class=\"elementor-widget-wrap elementor-element-populated\">\n\t\t\t\t\t\t<div class=\"elementor-element elementor-element-4137887 elementor-widget elementor-widget-spacer\" data-id=\"4137887\" data-element_type=\"widget\" data-e-type=\"widget\" data-widget_type=\"spacer.default\">\n\t\t\t\t<div class=\"elementor-widget-container\">\n\t\t\t\t\t\t\t<div class=\"elementor-spacer\">\n\t\t\t<div class=\"elementor-spacer-inner\"><\/div>\n\t\t<\/div>\n\t\t\t\t\t\t<\/div>\n\t\t\t\t<\/div>\n\t\t\t\t<div class=\"elementor-element elementor-element-427120c elementor-tabs-view-horizontal elementor-widget elementor-widget-tabs\" data-id=\"427120c\" data-element_type=\"widget\" data-e-type=\"widget\" data-widget_type=\"tabs.default\">\n\t\t\t\t<div class=\"elementor-widget-container\">\n\t\t\t\t\t\t\t<div class=\"elementor-tabs\">\n\t\t\t<div class=\"elementor-tabs-wrapper\" role=\"tablist\" >\n\t\t\t\t\t\t\t\t\t<div id=\"elementor-tab-title-6961\" class=\"elementor-tab-title elementor-tab-desktop-title\" aria-selected=\"true\" data-tab=\"1\" role=\"tab\" tabindex=\"0\" aria-controls=\"elementor-tab-content-6961\" aria-expanded=\"false\">Produkte<\/div>\n\t\t\t\t\t\t\t\t\t<div id=\"elementor-tab-title-6962\" class=\"elementor-tab-title elementor-tab-desktop-title\" aria-selected=\"false\" data-tab=\"2\" role=\"tab\" tabindex=\"-1\" aria-controls=\"elementor-tab-content-6962\" aria-expanded=\"false\">Datenbl\u00e4tter<\/div>\n\t\t\t\t\t\t\t<\/div>\n\t\t\t<div class=\"elementor-tabs-content-wrapper\" role=\"tablist\" aria-orientation=\"vertical\">\n\t\t\t\t\t\t\t\t\t<div class=\"elementor-tab-title elementor-tab-mobile-title\" aria-selected=\"true\" data-tab=\"1\" role=\"tab\" tabindex=\"0\" aria-controls=\"elementor-tab-content-6961\" aria-expanded=\"false\">Produkte<\/div>\n\t\t\t\t\t<div id=\"elementor-tab-content-6961\" class=\"elementor-tab-content elementor-clearfix\" data-tab=\"1\" role=\"tabpanel\" aria-labelledby=\"elementor-tab-title-6961\" tabindex=\"0\" hidden=\"false\"><table style=\"border: none; table-layout: fixed;\">\n<tbody>\n<tr>\n<td style=\"padding: 0 25px 0 0; border: none;\">Serie S<img fetchpriority=\"high\" decoding=\"async\" class=\"alignnone size-full wp-image-5089\" src=\"https:\/\/www.hvproducts.de\/wp-content\/uploads\/2021\/03\/ges-hv-connectors-high-voltage-40kv-series-s.jpg\" alt=\"\" width=\"280\" height=\"235\" srcset=\"https:\/\/www.hvproducts.de\/wp-content\/uploads\/2021\/03\/ges-hv-connectors-high-voltage-40kv-series-s.jpg 280w, https:\/\/www.hvproducts.de\/wp-content\/uploads\/2021\/03\/ges-hv-connectors-high-voltage-40kv-series-s-14x12.jpg 14w\" sizes=\"(max-width: 280px) 100vw, 280px\" \/><\/td>\n<td style=\"padding: 0 25px 0 0; border: none;\">Eigenschaften\n<ul>\n \t<li>Betriebsspannung: 10 - 40 kV DC<\/li>\n \t<li>Pr\u00fcfspannung: 15 - 60 kV DC<\/li>\n \t<li>Nennstrom: 30 A<\/li>\n \t<li>Anzahl der Nadeln: 1<\/li>\n \t<li>Anschluss: L\u00f6ten oder Schrauben<\/li>\n \t<li>Drahtgr\u00f6\u00dfe: AWG 14<\/li>\n \t<li>Schutzklasse: IP 50<\/li>\n \t<li>Entflammbarkeit: UL94 V-0 oder HB<\/li>\n<\/ul>\n<\/td>\n<td style=\"border: none;\">Vorteile\n<ul>\n \t<li>Auch mit quadratischem Flansch erh\u00e4ltlich<\/li>\n \t<li>Auch als Kabelkonfektion erh\u00e4ltlich<\/li>\n \t<li>Schutzschild m\u00f6glich<\/li>\n \t<li>Robustes Geh\u00e4use<\/li>\n \t<li>Hochwertiges Isoliermaterial<\/li>\n \t<li>Hochwertige Kontakte f\u00fcr bis zu 100 tsd. Steckzyklen, Silber oder Gold<\/li>\n<\/ul>\n<\/td>\n<\/tr>\n<tr>\n<td style=\"padding: 0 25px 0 0; border: none;\">Serie 100<img decoding=\"async\" class=\"alignnone size-full wp-image-6719\" src=\"https:\/\/www.hvproducts.de\/wp-content\/uploads\/2021\/03\/ges-hv-connectors-high-voltage-100kv-series-100.jpg\" alt=\"\" width=\"280\" height=\"235\" srcset=\"https:\/\/www.hvproducts.de\/wp-content\/uploads\/2021\/03\/ges-hv-connectors-high-voltage-100kv-series-100.jpg 280w, https:\/\/www.hvproducts.de\/wp-content\/uploads\/2021\/03\/ges-hv-connectors-high-voltage-100kv-series-100-14x12.jpg 14w\" sizes=\"(max-width: 280px) 100vw, 280px\" \/><a href=\"https:\/\/www.hvproducts.de\/media\/30a-40a_series.pdf\"><span class=\"text\" style=\"display: inline-flex;\">\n<\/span><\/a><\/td>\n<td style=\"padding: 0 25px 0 0; border: none;\">Eigenschaften\n<ul>\n \t<li>Betriebsspannung: 10 - 100 kV DC<\/li>\n \t<li>Pr\u00fcfspannung: 15 - 150 kV DC<\/li>\n \t<li>Nennstrom: 30 - 80 A<\/li>\n \t<li>Anzahl der Nadeln: 1<\/li>\n \t<li>Anschluss: L\u00f6ten oder Schrauben<\/li>\n \t<li>Drahtgr\u00f6\u00dfe: AWG 14<\/li>\n \t<li>Schutzklasse: IP 50<\/li>\n \t<li>Entflammbarkeit: UL94 V-0 oder HB<\/li>\n<\/ul>\n<\/td>\n<td style=\"border: none;\">Vorteile\n<ul>\n \t<li>Geeignet f\u00fcr sehr hohe Spannungen und hohe Str\u00f6me<\/li>\n \t<li>\u00d6ldichte Steckdosen verf\u00fcgbar<\/li>\n \t<li>Robustes Geh\u00e4use<\/li>\n \t<li>Hochwertiges Isoliermaterial<\/li>\n \t<li>Hochwertige Kontakte f\u00fcr bis zu 100 tsd. Steckzyklen<\/li>\n<\/ul>\n<\/td>\n<\/tr>\n<\/tbody>\n<\/table><\/div>\n\t\t\t\t\t\t\t\t\t<div class=\"elementor-tab-title elementor-tab-mobile-title\" aria-selected=\"false\" data-tab=\"2\" role=\"tab\" tabindex=\"-1\" aria-controls=\"elementor-tab-content-6962\" aria-expanded=\"false\">Datenbl\u00e4tter<\/div>\n\t\t\t\t\t<div id=\"elementor-tab-content-6962\" class=\"elementor-tab-content elementor-clearfix\" data-tab=\"2\" role=\"tabpanel\" aria-labelledby=\"elementor-tab-title-6962\" tabindex=\"0\" hidden=\"hidden\"><table style=\"border: none; table-layout: fixed;\"><tbody><tr><td style=\"padding: 0 25px 0 0; border: none;\"><a href=\"https:\/\/www.hvproducts.de\/wp-content\/uploads\/2021\/04\/s_series.pdf\"><span class=\"text\" style=\"display: inline-flex;\"><img decoding=\"async\" class=\"\" style=\"padding-right: 15px; width: 57px; height: 55px;\" src=\"https:\/\/www.hvproducts.de\/wp-content\/uploads\/2021\/01\/download.png\" \/> Serie S Datenblatt<\/span><\/a><\/td><td style=\"padding: 0 25px 0 0; border: none;\"><a href=\"https:\/\/www.hvproducts.de\/wp-content\/uploads\/2021\/04\/series-100.pdf\"><span class=\"text\" style=\"display: inline-flex;\"><img decoding=\"async\" class=\"\" style=\"padding-right: 15px; width: 57px; height: 55px;\" src=\"https:\/\/www.hvproducts.de\/wp-content\/uploads\/2021\/01\/download.png\" \/> Serie 100 Datenblatt<\/span><\/a><\/td><td style=\"border: none;\">\u00a0<\/td><\/tr><\/tbody><\/table><\/div>\n\t\t\t\t\t\t\t<\/div>\n\t\t<\/div>\n\t\t\t\t\t\t<\/div>\n\t\t\t\t<\/div>\n\t\t\t\t<div class=\"elementor-element elementor-element-f2d941f elementor-widget elementor-widget-spacer\" data-id=\"f2d941f\" data-element_type=\"widget\" data-e-type=\"widget\" data-widget_type=\"spacer.default\">\n\t\t\t\t<div class=\"elementor-widget-container\">\n\t\t\t\t\t\t\t<div class=\"elementor-spacer\">\n\t\t\t<div class=\"elementor-spacer-inner\"><\/div>\n\t\t<\/div>\n\t\t\t\t\t\t<\/div>\n\t\t\t\t<\/div>\n\t\t\t\t\t<\/div>\n\t\t<\/div>\n\t\t\t\t\t<\/div>\n\t\t<\/section>\n\t\t\t\t<\/div>","protected":false},"excerpt":{"rendered":"<p>Home \/ Products \/ High Voltage \/ HV Passive Components \/ Connectors\u00a0\/ Single-pin HV-Connectors Single-pin High Voltage Connectors The single pin high voltage connectors are suitable for applications with operating voltage up to 100kVDC with a range of mountings and gaskets for any system design. Available with high performance PTFE insulation material and mating cycles [&hellip;]<\/p>\n","protected":false},"author":1,"featured_media":0,"parent":0,"menu_order":0,"comment_status":"closed","ping_status":"closed","template":"","meta":{"site-sidebar-layout":"no-sidebar","site-content-layout":"page-builder","ast-site-content-layout":"default","site-content-style":"default","site-sidebar-style":"default","ast-global-header-display":"","ast-banner-title-visibility":"","ast-main-header-display":"","ast-hfb-above-header-display":"","ast-hfb-below-header-display":"","ast-hfb-mobile-header-display":"","site-post-title":"disabled","ast-breadcrumbs-content":"","ast-featured-img":"disabled","footer-sml-layout":"","ast-disable-related-posts":"","theme-transparent-header-meta":"default","adv-header-id-meta":"","stick-header-meta":"","header-above-stick-meta":"","header-main-stick-meta":"","header-below-stick-meta":"","astra-migrate-meta-layouts":"default","ast-page-background-enabled":"default","ast-page-background-meta":{"desktop":{"background-color":"","background-image":"","background-repeat":"repeat","background-position":"center center","background-size":"auto","background-attachment":"scroll","background-type":"","background-media":"","overlay-type":"","overlay-color":"","overlay-opacity":"","overlay-gradient":""},"tablet":{"background-color":"","background-image":"","background-repeat":"repeat","background-position":"center center","background-size":"auto","background-attachment":"scroll","background-type":"","background-media":"","overlay-type":"","overlay-color":"","overlay-opacity":"","overlay-gradient":""},"mobile":{"background-color":"","background-image":"","background-repeat":"repeat","background-position":"center center","background-size":"auto","background-attachment":"scroll","background-type":"","background-media":"","overlay-type":"","overlay-color":"","overlay-opacity":"","overlay-gradient":""}},"ast-content-background-meta":{"desktop":{"background-color":"var(--ast-global-color-5)","background-image":"","background-repeat":"repeat","background-position":"center center","background-size":"auto","background-attachment":"scroll","background-type":"","background-media":"","overlay-type":"","overlay-color":"","overlay-opacity":"","overlay-gradient":""},"tablet":{"background-color":"var(--ast-global-color-5)","background-image":"","background-repeat":"repeat","background-position":"center center","background-size":"auto","background-attachment":"scroll","background-type":"","background-media":"","overlay-type":"","overlay-color":"","overlay-opacity":"","overlay-gradient":""},"mobile":{"background-color":"var(--ast-global-color-5)","background-image":"","background-repeat":"repeat","background-position":"center center","background-size":"auto","background-attachment":"scroll","background-type":"","background-media":"","overlay-type":"","overlay-color":"","overlay-opacity":"","overlay-gradient":""}},"footnotes":""},"class_list":["post-6709","page","type-page","status-publish","hentry"],"yoast_head":"<!-- This site is optimized with the Yoast SEO plugin v27.2 - https:\/\/yoast.com\/product\/yoast-seo-wordpress\/ -->\n<title>Single-pin HV -Connectors - HVP: High Voltage Products GmbH<\/title>\n<meta name=\"robots\" content=\"index, follow, max-snippet:-1, max-image-preview:large, max-video-preview:-1\" \/>\n<link rel=\"canonical\" href=\"https:\/\/www.hvproducts.de\/de\/single-pin-hv-connectors\/\" \/>\n<meta property=\"og:locale\" content=\"de_DE\" \/>\n<meta property=\"og:type\" content=\"article\" \/>\n<meta property=\"og:title\" content=\"Single-pin HV -Connectors - HVP: High Voltage Products GmbH\" \/>\n<meta property=\"og:description\" content=\"Home \/ Products \/ High Voltage \/ HV Passive Components \/ Connectors\u00a0\/ Single-pin HV-Connectors Single-pin High Voltage Connectors The single pin high voltage connectors are suitable for applications with operating voltage up to 100kVDC with a range of mountings and gaskets for any system design. Available with high performance PTFE insulation material and mating cycles [&hellip;]\" \/>\n<meta property=\"og:url\" content=\"https:\/\/www.hvproducts.de\/de\/single-pin-hv-connectors\/\" \/>\n<meta property=\"og:site_name\" content=\"HVP: High Voltage Products GmbH\" \/>\n<meta property=\"article:modified_time\" content=\"2023-08-13T16:34:23+00:00\" \/>\n<meta property=\"og:image\" content=\"https:\/\/www.hvproducts.de\/wp-content\/uploads\/2021\/03\/ges-hv-connectors-high-voltage-40kv-series-s.jpg\" \/>\n<meta name=\"twitter:card\" content=\"summary_large_image\" \/>\n<meta name=\"twitter:label1\" content=\"Gesch\u00e4tzte Lesezeit\" \/>\n\t<meta name=\"twitter:data1\" content=\"2\u00a0Minuten\" \/>\n<script type=\"application\/ld+json\" class=\"yoast-schema-graph\">{\"@context\":\"https:\/\/schema.org\",\"@graph\":[{\"@type\":\"WebPage\",\"@id\":\"https:\/\/www.hvproducts.de\/single-pin-hv-connectors\",\"url\":\"https:\/\/www.hvproducts.de\/single-pin-hv-connectors\",\"name\":\"Single-pin HV -Connectors - HVP: High Voltage Products GmbH\",\"isPartOf\":{\"@id\":\"https:\/\/hvproducts.de\/#website\"},\"primaryImageOfPage\":{\"@id\":\"https:\/\/www.hvproducts.de\/single-pin-hv-connectors#primaryimage\"},\"image\":{\"@id\":\"https:\/\/www.hvproducts.de\/single-pin-hv-connectors#primaryimage\"},\"thumbnailUrl\":\"https:\/\/www.hvproducts.de\/wp-content\/uploads\/2021\/03\/ges-hv-connectors-high-voltage-40kv-series-s.jpg\",\"datePublished\":\"2021-03-27T14:06:56+00:00\",\"dateModified\":\"2023-08-13T16:34:23+00:00\",\"breadcrumb\":{\"@id\":\"https:\/\/www.hvproducts.de\/single-pin-hv-connectors#breadcrumb\"},\"inLanguage\":\"de\",\"potentialAction\":[{\"@type\":\"ReadAction\",\"target\":[\"https:\/\/www.hvproducts.de\/single-pin-hv-connectors\"]}]},{\"@type\":\"ImageObject\",\"inLanguage\":\"de\",\"@id\":\"https:\/\/www.hvproducts.de\/single-pin-hv-connectors#primaryimage\",\"url\":\"https:\/\/www.hvproducts.de\/wp-content\/uploads\/2021\/03\/ges-hv-connectors-high-voltage-40kv-series-s.jpg\",\"contentUrl\":\"https:\/\/www.hvproducts.de\/wp-content\/uploads\/2021\/03\/ges-hv-connectors-high-voltage-40kv-series-s.jpg\"},{\"@type\":\"BreadcrumbList\",\"@id\":\"https:\/\/www.hvproducts.de\/single-pin-hv-connectors#breadcrumb\",\"itemListElement\":[{\"@type\":\"ListItem\",\"position\":1,\"name\":\"Home\",\"item\":\"https:\/\/www.hvproducts.de\/\"},{\"@type\":\"ListItem\",\"position\":2,\"name\":\"Single-pin HV -Connectors\"}]},{\"@type\":\"WebSite\",\"@id\":\"https:\/\/hvproducts.de\/#website\",\"url\":\"https:\/\/hvproducts.de\/\",\"name\":\"HVP: High Voltage Products GmbH\",\"description\":\"High Voltage Products GmbH\",\"publisher\":{\"@id\":\"https:\/\/hvproducts.de\/#organization\"},\"potentialAction\":[{\"@type\":\"SearchAction\",\"target\":{\"@type\":\"EntryPoint\",\"urlTemplate\":\"https:\/\/hvproducts.de\/?s={search_term_string}\"},\"query-input\":{\"@type\":\"PropertyValueSpecification\",\"valueRequired\":true,\"valueName\":\"search_term_string\"}}],\"inLanguage\":\"de\"},{\"@type\":\"Organization\",\"@id\":\"https:\/\/hvproducts.de\/#organization\",\"name\":\"HVP: High Voltage Products GmbH\",\"url\":\"https:\/\/hvproducts.de\/\",\"logo\":{\"@type\":\"ImageObject\",\"inLanguage\":\"de\",\"@id\":\"https:\/\/hvproducts.de\/#\/schema\/logo\/image\/\",\"url\":\"https:\/\/www.hvproducts.de\/wp-content\/uploads\/2021\/01\/cropped-iPhone-X-XS-11-Pro-\u2013-1@2x-2.png\",\"contentUrl\":\"https:\/\/www.hvproducts.de\/wp-content\/uploads\/2021\/01\/cropped-iPhone-X-XS-11-Pro-\u2013-1@2x-2.png\",\"width\":723,\"height\":224,\"caption\":\"HVP: High Voltage Products GmbH\"},\"image\":{\"@id\":\"https:\/\/hvproducts.de\/#\/schema\/logo\/image\/\"}}]}<\/script>\n<!-- \/ Yoast SEO plugin. -->","yoast_head_json":{"title":"Single-pin HV -Connectors - HVP: High Voltage Products GmbH","robots":{"index":"index","follow":"follow","max-snippet":"max-snippet:-1","max-image-preview":"max-image-preview:large","max-video-preview":"max-video-preview:-1"},"canonical":"https:\/\/www.hvproducts.de\/de\/single-pin-hv-connectors\/","og_locale":"de_DE","og_type":"article","og_title":"Single-pin HV -Connectors - HVP: High Voltage Products GmbH","og_description":"Home \/ Products \/ High Voltage \/ HV Passive Components \/ Connectors\u00a0\/ Single-pin HV-Connectors Single-pin High Voltage Connectors The single pin high voltage connectors are suitable for applications with operating voltage up to 100kVDC with a range of mountings and gaskets for any system design. Available with high performance PTFE insulation material and mating cycles [&hellip;]","og_url":"https:\/\/www.hvproducts.de\/de\/single-pin-hv-connectors\/","og_site_name":"HVP: High Voltage Products GmbH","article_modified_time":"2023-08-13T16:34:23+00:00","og_image":[{"url":"https:\/\/www.hvproducts.de\/wp-content\/uploads\/2021\/03\/ges-hv-connectors-high-voltage-40kv-series-s.jpg","type":"","width":"","height":""}],"twitter_card":"summary_large_image","twitter_misc":{"Gesch\u00e4tzte Lesezeit":"2\u00a0Minuten"},"schema":{"@context":"https:\/\/schema.org","@graph":[{"@type":"WebPage","@id":"https:\/\/www.hvproducts.de\/single-pin-hv-connectors","url":"https:\/\/www.hvproducts.de\/single-pin-hv-connectors","name":"Single-pin HV -Connectors - HVP: High Voltage Products GmbH","isPartOf":{"@id":"https:\/\/hvproducts.de\/#website"},"primaryImageOfPage":{"@id":"https:\/\/www.hvproducts.de\/single-pin-hv-connectors#primaryimage"},"image":{"@id":"https:\/\/www.hvproducts.de\/single-pin-hv-connectors#primaryimage"},"thumbnailUrl":"https:\/\/www.hvproducts.de\/wp-content\/uploads\/2021\/03\/ges-hv-connectors-high-voltage-40kv-series-s.jpg","datePublished":"2021-03-27T14:06:56+00:00","dateModified":"2023-08-13T16:34:23+00:00","breadcrumb":{"@id":"https:\/\/www.hvproducts.de\/single-pin-hv-connectors#breadcrumb"},"inLanguage":"de","potentialAction":[{"@type":"ReadAction","target":["https:\/\/www.hvproducts.de\/single-pin-hv-connectors"]}]},{"@type":"ImageObject","inLanguage":"de","@id":"https:\/\/www.hvproducts.de\/single-pin-hv-connectors#primaryimage","url":"https:\/\/www.hvproducts.de\/wp-content\/uploads\/2021\/03\/ges-hv-connectors-high-voltage-40kv-series-s.jpg","contentUrl":"https:\/\/www.hvproducts.de\/wp-content\/uploads\/2021\/03\/ges-hv-connectors-high-voltage-40kv-series-s.jpg"},{"@type":"BreadcrumbList","@id":"https:\/\/www.hvproducts.de\/single-pin-hv-connectors#breadcrumb","itemListElement":[{"@type":"ListItem","position":1,"name":"Home","item":"https:\/\/www.hvproducts.de\/"},{"@type":"ListItem","position":2,"name":"Single-pin HV -Connectors"}]},{"@type":"WebSite","@id":"https:\/\/hvproducts.de\/#website","url":"https:\/\/hvproducts.de\/","name":"HVP: High Voltage Products GmbH","description":"High Voltage Products GmbH","publisher":{"@id":"https:\/\/hvproducts.de\/#organization"},"potentialAction":[{"@type":"SearchAction","target":{"@type":"EntryPoint","urlTemplate":"https:\/\/hvproducts.de\/?s={search_term_string}"},"query-input":{"@type":"PropertyValueSpecification","valueRequired":true,"valueName":"search_term_string"}}],"inLanguage":"de"},{"@type":"Organization","@id":"https:\/\/hvproducts.de\/#organization","name":"HVP: High Voltage Products GmbH","url":"https:\/\/hvproducts.de\/","logo":{"@type":"ImageObject","inLanguage":"de","@id":"https:\/\/hvproducts.de\/#\/schema\/logo\/image\/","url":"https:\/\/www.hvproducts.de\/wp-content\/uploads\/2021\/01\/cropped-iPhone-X-XS-11-Pro-\u2013-1@2x-2.png","contentUrl":"https:\/\/www.hvproducts.de\/wp-content\/uploads\/2021\/01\/cropped-iPhone-X-XS-11-Pro-\u2013-1@2x-2.png","width":723,"height":224,"caption":"HVP: High Voltage Products GmbH"},"image":{"@id":"https:\/\/hvproducts.de\/#\/schema\/logo\/image\/"}}]}},"_links":{"self":[{"href":"https:\/\/www.hvproducts.de\/de\/wp-json\/wp\/v2\/pages\/6709","targetHints":{"allow":["GET"]}}],"collection":[{"href":"https:\/\/www.hvproducts.de\/de\/wp-json\/wp\/v2\/pages"}],"about":[{"href":"https:\/\/www.hvproducts.de\/de\/wp-json\/wp\/v2\/types\/page"}],"author":[{"embeddable":true,"href":"https:\/\/www.hvproducts.de\/de\/wp-json\/wp\/v2\/users\/1"}],"replies":[{"embeddable":true,"href":"https:\/\/www.hvproducts.de\/de\/wp-json\/wp\/v2\/comments?post=6709"}],"version-history":[{"count":19,"href":"https:\/\/www.hvproducts.de\/de\/wp-json\/wp\/v2\/pages\/6709\/revisions"}],"predecessor-version":[{"id":13917,"href":"https:\/\/www.hvproducts.de\/de\/wp-json\/wp\/v2\/pages\/6709\/revisions\/13917"}],"wp:attachment":[{"href":"https:\/\/www.hvproducts.de\/de\/wp-json\/wp\/v2\/media?parent=6709"}],"curies":[{"name":"wp","href":"https:\/\/api.w.org\/{rel}","templated":true}]}}