{"id":6681,"date":"2021-03-22T16:24:42","date_gmt":"2021-03-22T16:24:42","guid":{"rendered":"https:\/\/hvct.eu\/?page_id=6681"},"modified":"2021-03-22T16:48:42","modified_gmt":"2021-03-22T16:48:42","slug":"custom_electromagnets_and_coils","status":"publish","type":"page","link":"https:\/\/www.hvproducts.de\/de\/custom_electromagnets_and_coils","title":{"rendered":"Kundenspezifische Elektromagnete und Spulen"},"content":{"rendered":"<div data-elementor-type=\"wp-page\" data-elementor-id=\"6681\" class=\"elementor elementor-6681\">\n\t\t\t\t\t\t<section class=\"elementor-section elementor-top-section elementor-element elementor-element-9bc6fa7 elementor-section-boxed elementor-section-height-default elementor-section-height-default\" data-id=\"9bc6fa7\" data-element_type=\"section\" data-e-type=\"section\">\n\t\t\t\t\t\t\t<div class=\"elementor-background-overlay\"><\/div>\n\t\t\t\t\t\t\t<div class=\"elementor-container elementor-column-gap-default\">\n\t\t\t\t\t<div class=\"elementor-column elementor-col-100 elementor-top-column elementor-element elementor-element-b58caa1\" data-id=\"b58caa1\" data-element_type=\"column\" data-e-type=\"column\">\n\t\t\t<div class=\"elementor-widget-wrap elementor-element-populated\">\n\t\t\t\t\t\t<div class=\"elementor-element elementor-element-423ce7c elementor-widget elementor-widget-text-editor\" data-id=\"423ce7c\" data-element_type=\"widget\" data-e-type=\"widget\" data-widget_type=\"text-editor.default\">\n\t\t\t\t<div class=\"elementor-widget-container\">\n\t\t\t\t\t\t\t\t\t<p><a href=\"https:\/\/www.hvproducts.de\">Startseite<\/a> \/ Produkte \/ Hochspannung \/ <a href=\"https:\/\/www.hvproducts.de\/hv_passive_components\/\">HV-Passive Komponenten<\/a> \/ <a href=\"https:\/\/www.hvproducts.de\/magnetic_components\/\">Magnetische Komponenten<\/a> \/ Electro Magnets<\/p>\t\t\t\t\t\t\t\t<\/div>\n\t\t\t\t<\/div>\n\t\t\t\t<div class=\"elementor-element elementor-element-14d6d47 elementor-widget elementor-widget-heading\" data-id=\"14d6d47\" data-element_type=\"widget\" data-e-type=\"widget\" data-widget_type=\"heading.default\">\n\t\t\t\t<div class=\"elementor-widget-container\">\n\t\t\t\t\t<h2 class=\"elementor-heading-title elementor-size-default\"><h1 style=\"margin-bottom: 0.5rem;font-weight: 500;font-size: 30px;, sans-serif;font-style: normal;white-space: normal\">Kundenspezifische Elektromagnete und Spulen<\/h1><\/h2>\t\t\t\t<\/div>\n\t\t\t\t<\/div>\n\t\t\t\t\t<\/div>\n\t\t<\/div>\n\t\t\t\t\t<\/div>\n\t\t<\/section>\n\t\t\t\t<section class=\"elementor-section elementor-top-section elementor-element elementor-element-0d6dbb8 elementor-section-boxed elementor-section-height-default elementor-section-height-default\" data-id=\"0d6dbb8\" data-element_type=\"section\" data-e-type=\"section\">\n\t\t\t\t\t\t<div class=\"elementor-container elementor-column-gap-default\">\n\t\t\t\t\t<div class=\"elementor-column elementor-col-50 elementor-top-column elementor-element elementor-element-092b14d\" data-id=\"092b14d\" data-element_type=\"column\" data-e-type=\"column\">\n\t\t\t<div class=\"elementor-widget-wrap elementor-element-populated\">\n\t\t\t\t\t\t<div class=\"elementor-element elementor-element-1cea8af elementor-widget elementor-widget-text-editor\" data-id=\"1cea8af\" data-element_type=\"widget\" data-e-type=\"widget\" data-widget_type=\"text-editor.default\">\n\t\t\t\t<div class=\"elementor-widget-container\">\n\t\t\t\t\t\t\t\t\t<p><span style=\"font-size: 15px;\">Wir sind in der Lage, eine Vielzahl von Spulen und Elektromagneten zu entwerfen, herzustellen und zu analysieren, die von pr\u00e4zisen Gleichstrom-Fokussierungsmagneten bis hin zu gepulsten Spulen reichen, die mit 300 kA arbeiten und Felder von bis zu 40 Tesla erzeugen. Wir stellen eine Vielzahl von elektromagnetischen Produkten her, um die zahlreichen Anwendungsanforderungen unserer Kunden zu erf\u00fcllen, darunter drahtgewickelte Elektromagnete, foliengewickelte Elektromagnete und Hohlrohr-Elektromagnete. Alle drei Arten von Elektromagneten k\u00f6nnen entweder mit Kupfer- oder Aluminiumwicklungen hergestellt werden, was eine Vielzahl von Gewichts-\/Leistungsverh\u00e4ltnissen erm\u00f6glicht.<\/span><\/p><p>Unsere drahtgewickelten Elektromagnete lassen sich in geringen St\u00fcckzahlen kosteng\u00fcnstig herstellen und erm\u00f6glichen ein erschwingliches Prototyping f\u00fcr experimentelle Anwendungen. Unsere foliengewickelten Elektromagnete hingegen lassen sich in gr\u00f6\u00dferen St\u00fcckzahlen wirtschaftlich herstellen und bieten eine extrem hohe Wickelpr\u00e4zision. Und im Gegensatz zu drahtgewickelten Spulen k\u00f6nnen Folienspulen so geformt werden, dass sie den meisten speziellen Montage- oder Zugangsanforderungen gerecht werden.<\/p>\t\t\t\t\t\t\t\t<\/div>\n\t\t\t\t<\/div>\n\t\t\t\t\t<\/div>\n\t\t<\/div>\n\t\t\t\t<div class=\"elementor-column elementor-col-50 elementor-top-column elementor-element elementor-element-6cd2a4d\" data-id=\"6cd2a4d\" data-element_type=\"column\" data-e-type=\"column\">\n\t\t\t<div class=\"elementor-widget-wrap elementor-element-populated\">\n\t\t\t\t\t\t<div class=\"elementor-element elementor-element-1b0008d elementor-widget elementor-widget-image\" data-id=\"1b0008d\" data-element_type=\"widget\" data-e-type=\"widget\" data-widget_type=\"image.default\">\n\t\t\t\t<div class=\"elementor-widget-container\">\n\t\t\t\t\t\t\t\t\t\t\t\t\t\t\t<img fetchpriority=\"high\" decoding=\"async\" width=\"580\" height=\"430\" src=\"https:\/\/www.hvproducts.de\/wp-content\/uploads\/2021\/03\/elec-removebg-preview.png\" class=\"attachment-large size-large wp-image-6693\" alt=\"\" srcset=\"https:\/\/www.hvproducts.de\/wp-content\/uploads\/2021\/03\/elec-removebg-preview.png 580w, https:\/\/www.hvproducts.de\/wp-content\/uploads\/2021\/03\/elec-removebg-preview-300x222.png 300w, https:\/\/www.hvproducts.de\/wp-content\/uploads\/2021\/03\/elec-removebg-preview-16x12.png 16w\" sizes=\"(max-width: 580px) 100vw, 580px\" \/>\t\t\t\t\t\t\t\t\t\t\t\t\t\t\t<\/div>\n\t\t\t\t<\/div>\n\t\t\t\t\t<\/div>\n\t\t<\/div>\n\t\t\t\t\t<\/div>\n\t\t<\/section>\n\t\t\t\t<section class=\"elementor-section elementor-top-section elementor-element elementor-element-9420806 elementor-section-boxed elementor-section-height-default elementor-section-height-default\" data-id=\"9420806\" data-element_type=\"section\" data-e-type=\"section\">\n\t\t\t\t\t\t<div class=\"elementor-container elementor-column-gap-default\">\n\t\t\t\t\t<div class=\"elementor-column elementor-col-100 elementor-top-column elementor-element elementor-element-6392273\" data-id=\"6392273\" data-element_type=\"column\" data-e-type=\"column\">\n\t\t\t<div class=\"elementor-widget-wrap elementor-element-populated\">\n\t\t\t\t\t\t<div class=\"elementor-element elementor-element-6cf0d60 elementor-widget elementor-widget-text-editor\" data-id=\"6cf0d60\" data-element_type=\"widget\" data-e-type=\"widget\" data-widget_type=\"text-editor.default\">\n\t\t\t\t<div class=\"elementor-widget-container\">\n\t\t\t\t\t\t\t\t\t<div class=\"wrapper text layout1\">\n<div class=\"container\">\n<div class=\"row\">\n<div class=\"col-sm-12\">\n<div class=\"wysiwyg\">\n<div class=\"wrapper text layout1\">\n<div class=\"container\">\n<div class=\"row\">\n<div class=\"col-sm-12\">\n<div class=\"wysiwyg\">\n<div class=\"wrapper text layout1\">\n<div class=\"container\">\n<div class=\"row\">\n<div class=\"col-sm-12\">\n<div class=\"wysiwyg\">\n<div class=\"wrapper text layout1\">\n<div class=\"container\">\n<div class=\"row\">\n<div class=\"col-sm-12\">\n<p>Unsere Hohlrohr-Elektromagnete bieten die h\u00f6chste W\u00e4rmeleitf\u00e4higkeit f\u00fcr maximale W\u00e4rmeableitung, sind extrem formbar und eignen sich am besten f\u00fcr Anwendungen, die eine hohe Leistung (20 kGauss und mehr) erfordern. Au\u00dferdem k\u00f6nnen alle unsere ISO-konformen Elektromagnete in unbegrenzten Formen und Gr\u00f6\u00dfen hergestellt werden, um Ihren spezifischen Projektanforderungen gerecht zu werden. Wenn Sie weitere Informationen \u00fcber unsere Premium-Elektromagneten w\u00fcnschen, kontaktieren Sie uns noch heute!<\/p>\n<\/div>\n<\/div>\n<\/div>\n<\/div>\n<div class=\"wrapper text layout1\">\n<div class=\"container\">\n<div class=\"row\">\n<div class=\"col-sm-12\">\n<div class=\"wysiwyg\">\n<p class=\"middle\"><strong><u>Industrie-Normen<br><\/u><\/strong><\/p>\n<p class=\"small\">ISO-9001-2015<br>Internationale Organisation f\u00fcr Normung (ISO)<u><\/u><\/p>\n<hr>\n<p><strong><u>Allgemeine Informationen<\/u><\/strong><\/p>\n<p class=\"small\">We can design, fabricate, and test a wide variety of coils and electromagnets, from precision low current DC focusing magnets to pulsed coils operating at 300 kA generating fields as high as 40 Tesla.<\/p>\n<ul>\n<li>Dipol-, Vierfach-, Sextupel-, Korrektor-, Biege- und Solenoid-Elektromagneten<\/li>\n<li>Draht-, Hohlleiter- und Folienleiter aus Kupfer und Aluminium<\/li>\n<li>Paper, film, fiberglass, b-stage, varnish, and vacuum epoxy casting insulation<\/li>\n<li>Luftk\u00fchlung und\/oder Fl\u00fcssigkeitsk\u00fchlung mit Wasser oder \u00d6l durch Hohlleiter, K\u00fchlschleifen oder K\u00fchlplatten, die Stromdichten von bis zu 15 A\/mm2 erm\u00f6glichen<\/li>\n<li>2D- und 3D-Feldmodellierung, thermische, mechanische Spannungs- und Str\u00f6mungsanalysefunktionen<\/li>\n<li>Axiale und transversale Magnetfeld-, Hi-Pot-, Ring-, Turns-ratio-, Druck- und Durchflusspr\u00fcfm\u00f6glichkeiten<\/li>\n<\/ul>\n<hr>\n<p><strong><u>Drahtgewickelte Elektromagnete<\/u><\/strong><\/p>\n<ul class=\"middle\">\n<li>Wirtschaftlich zu bauen in geringen Mengen<\/li>\n<li>K\u00fcrzeste Lieferzeit f\u00fcr die erste Einheit<\/li>\n<li>Built from standard materials, utilizing standard tooling<\/li>\n<li>Erm\u00f6glicht kosteng\u00fcnstiges Prototyping f\u00fcr experimentelle Anwendungen<\/li>\n<li>Successfully serves a broad range of applications<\/li>\n<li>Flexible Optionen f\u00fcr die W\u00e4rmeableitung<\/li>\n<\/ul>\n<p class=\"small\">Copper or optional aluminum windings enable a variety of weight to power output ratios.<\/p>\n<p class=\"small\">In die Spule sind hohle Rohre eingebaut, die eine fl\u00fcssige K\u00fchlschicht bilden. Je nach Leistungsaufnahme und Arbeitszyklus kann die K\u00fchlung \u00fcberfl\u00fcssig sein oder durch Zwangsluft erg\u00e4nzt werden.<\/p>\n<p class=\"small\">Quadratische oder rechteckige Kabel erm\u00f6glichen einen geringeren Stromverbrauch als runde Kabel.<\/p>\n<hr>\n<p><strong><u>Foliengewickelte Elektromagnete<\/u><\/strong><\/p>\n<ul class=\"middle\">\n<li>Extrem hohe Wickelpr\u00e4zision<\/li>\n<li>H\u00f6chste Feldgenauigkeit bei geringstem Querfeld<\/li>\n<li>H\u00f6chster F\u00fcll- und Packfaktor, der das beste Verh\u00e4ltnis von Feld zu Gewicht ergibt<\/li>\n<li>Wirtschaftlich in gr\u00f6\u00dferen Mengen zu bauen<\/li>\n<li>Kompaktestes Gewicht und platzsparende Konfiguration<\/li>\n<li>Die flexibelste Konfiguration in Form und Gr\u00f6\u00dfe<\/li>\n<li>\"Modellierbar\" f\u00fcr Schlitze und L\u00f6cher<\/li>\n<li>Deutlich verbesserte W\u00e4rmeableitung<\/li>\n<\/ul>\n<p class=\"small\">Eine hauchd\u00fcnne Isolierschicht zwischen den Folienwicklungen erm\u00f6glicht F\u00fcllfaktoren (Kompaktheit), die bei Draht- oder Hohlrohrwicklungen nicht gegeben sind. Au\u00dferdem verteilt die Folie den Strom gleichm\u00e4\u00dfiger \u00fcber jede Spule.<\/p>\n<p class=\"small\">Im Gegensatz zu drahtgewickelten Spulen k\u00f6nnen Folienspulen geschnitten oder geformt werden, um speziellen Montage- oder Zugangsanforderungen gerecht zu werden. Der Strompfad ist weitgehend ungest\u00f6rt, und die Auswirkungen auf das Magnetfeld sind minimal.<\/p>\n<p class=\"small\">Der Aufbau in \"Spulens\u00e4tzen\" (anstelle einer einzelnen gro\u00dfen Spule) senkt die Baukosten und verbessert die Feldgenauigkeit und Vorhersagbarkeit.<\/p>\n<p class=\"small\">Kupfer-, Aluminium- oder Kombinationswicklungen erm\u00f6glichen kundenspezifische Spulengr\u00f6\u00dfen und Leistungs-Gewichts-Verh\u00e4ltnisse.<\/p>\n<p class=\"small\">Die Folienkonstruktion hat eine hohe W\u00e4rmeleitf\u00e4higkeit, so dass die K\u00fchlung in den Schichten zwischen den Wicklungen erfolgt.<\/p>\n<hr>\n<p class=\"middle\"><strong><u>Hohlrohr-Elektromagnete<\/u><br><\/strong><\/p>\n<ul>\n<li>Am besten geeignet f\u00fcr \"brachiale\" Anwendungen, die eine hohe Leistung erfordern (20 kGauss und mehr)<\/li>\n<li>Koaxialer K\u00fchlmittelweg in direktem Kontakt mit der gesamten Spulenl\u00e4nge<\/li>\n<li>H\u00f6chste W\u00e4rmeleitf\u00e4higkeit f\u00fcr maximale W\u00e4rmeableitung<\/li>\n<li>\u00c4u\u00dferst formbar zu komplexen oder ungew\u00f6hnlichen Formen<\/li>\n<\/ul>\n<p class=\"small\">Fl\u00fcssiges K\u00fchlmittel flie\u00dft durch die gesamte Spulenl\u00e4nge innerhalb der hohlen Rohrmitten. Dies erm\u00f6glicht eine gr\u00f6\u00dfere W\u00e4rme\u00fcbertragung der Wicklung als jede andere Konstruktionsmethode und damit h\u00f6chste Feldst\u00e4rken bei extrem niedrigem Temperaturanstieg.<\/p>\n<p class=\"small\">Nichtleitende Schl\u00e4uche (hier aus Kunststoff) leiten das K\u00fchlmittel, ohne das Magnetfeldmuster zu beeinflussen.<\/p>\n<p class=\"small\">Stangenes Konstruktion leitet die K\u00fchlfl\u00fcssigkeit parallel, obwohl der Spulenstrom in Reihe flie\u00dfen muss. Jeder Spulensatz erh\u00e4lt frisches K\u00fchlmittel mit der gleichen Temperatur.<\/p>\n<p class=\"small\">Die positive Isolierung der Windungen verhindert Kurzschl\u00fcsse und sorgt f\u00fcr geringe AC-Verluste.<\/p>\n<p class=\"small\">Die extreme Flexibilit\u00e4t und Formbarkeit erm\u00f6glicht Elektromagnete in nahezu jeder Form, einschlie\u00dflich Rennbahn, d\u00fcnner Pfannkuchen, offenes Joch und vieles mehr.<\/p><\/div><\/div><\/div><\/div><\/div><\/div><\/div><\/div><\/div><\/div>\n<\/div>\n<\/div>\n<\/div>\n<\/div>\n<\/div>\n<\/div>\n<\/div>\n<\/div>\n<\/div>\n<\/div>\t\t\t\t\t\t\t\t<\/div>\n\t\t\t\t<\/div>\n\t\t\t\t\t<\/div>\n\t\t<\/div>\n\t\t\t\t\t<\/div>\n\t\t<\/section>\n\t\t\t\t<\/div>","protected":false},"excerpt":{"rendered":"<p>Home \/ Products \/ High Voltage \/ HV Passive Components \/ Magnetic Components \/ Electro Magnets Custom Electromagnets and Coils We can design, manufacture, and analyze a broad variety of coils and electromagnets, ranging from precision low current DC focusing magnets to pulsed coils operating at 300 kA, generating fields as high as 40 Tesla. [&hellip;]<\/p>\n","protected":false},"author":1,"featured_media":0,"parent":0,"menu_order":0,"comment_status":"closed","ping_status":"closed","template":"","meta":{"site-sidebar-layout":"no-sidebar","site-content-layout":"page-builder","ast-site-content-layout":"default","site-content-style":"default","site-sidebar-style":"default","ast-global-header-display":"","ast-banner-title-visibility":"","ast-main-header-display":"","ast-hfb-above-header-display":"","ast-hfb-below-header-display":"","ast-hfb-mobile-header-display":"","site-post-title":"disabled","ast-breadcrumbs-content":"","ast-featured-img":"disabled","footer-sml-layout":"","ast-disable-related-posts":"","theme-transparent-header-meta":"default","adv-header-id-meta":"","stick-header-meta":"","header-above-stick-meta":"","header-main-stick-meta":"","header-below-stick-meta":"","astra-migrate-meta-layouts":"default","ast-page-background-enabled":"default","ast-page-background-meta":{"desktop":{"background-color":"","background-image":"","background-repeat":"repeat","background-position":"center center","background-size":"auto","background-attachment":"scroll","background-type":"","background-media":"","overlay-type":"","overlay-color":"","overlay-opacity":"","overlay-gradient":""},"tablet":{"background-color":"","background-image":"","background-repeat":"repeat","background-position":"center center","background-size":"auto","background-attachment":"scroll","background-type":"","background-media":"","overlay-type":"","overlay-color":"","overlay-opacity":"","overlay-gradient":""},"mobile":{"background-color":"","background-image":"","background-repeat":"repeat","background-position":"center center","background-size":"auto","background-attachment":"scroll","background-type":"","background-media":"","overlay-type":"","overlay-color":"","overlay-opacity":"","overlay-gradient":""}},"ast-content-background-meta":{"desktop":{"background-color":"var(--ast-global-color-5)","background-image":"","background-repeat":"repeat","background-position":"center center","background-size":"auto","background-attachment":"scroll","background-type":"","background-media":"","overlay-type":"","overlay-color":"","overlay-opacity":"","overlay-gradient":""},"tablet":{"background-color":"var(--ast-global-color-5)","background-image":"","background-repeat":"repeat","background-position":"center center","background-size":"auto","background-attachment":"scroll","background-type":"","background-media":"","overlay-type":"","overlay-color":"","overlay-opacity":"","overlay-gradient":""},"mobile":{"background-color":"var(--ast-global-color-5)","background-image":"","background-repeat":"repeat","background-position":"center center","background-size":"auto","background-attachment":"scroll","background-type":"","background-media":"","overlay-type":"","overlay-color":"","overlay-opacity":"","overlay-gradient":""}},"footnotes":""},"class_list":["post-6681","page","type-page","status-publish","hentry"],"yoast_head":"<!-- This site is optimized with the Yoast SEO plugin v27.2 - https:\/\/yoast.com\/product\/yoast-seo-wordpress\/ -->\n<title>Custom Electromagnets and Coils - HVP: High Voltage Products GmbH<\/title>\n<meta name=\"robots\" content=\"index, follow, max-snippet:-1, max-image-preview:large, max-video-preview:-1\" \/>\n<link rel=\"canonical\" href=\"https:\/\/www.hvproducts.de\/de\/custom_electromagnets_and_coils\/\" \/>\n<meta property=\"og:locale\" content=\"de_DE\" \/>\n<meta property=\"og:type\" content=\"article\" \/>\n<meta property=\"og:title\" content=\"Custom Electromagnets and Coils - HVP: High Voltage Products GmbH\" \/>\n<meta property=\"og:description\" content=\"Home \/ Products \/ High Voltage \/ HV Passive Components \/ Magnetic Components \/ Electro Magnets Custom Electromagnets and Coils We can design, manufacture, and analyze a broad variety of coils and electromagnets, ranging from precision low current DC focusing magnets to pulsed coils operating at 300 kA, generating fields as high as 40 Tesla. [&hellip;]\" \/>\n<meta property=\"og:url\" content=\"https:\/\/www.hvproducts.de\/de\/custom_electromagnets_and_coils\/\" \/>\n<meta property=\"og:site_name\" content=\"HVP: High Voltage Products GmbH\" \/>\n<meta property=\"article:modified_time\" content=\"2021-03-22T16:48:42+00:00\" \/>\n<meta property=\"og:image\" content=\"https:\/\/www.hvproducts.de\/wp-content\/uploads\/2021\/03\/elec-removebg-preview.png\" \/>\n<meta name=\"twitter:card\" content=\"summary_large_image\" \/>\n<meta name=\"twitter:label1\" content=\"Gesch\u00e4tzte Lesezeit\" \/>\n\t<meta name=\"twitter:data1\" content=\"4\u00a0Minuten\" \/>\n<script type=\"application\/ld+json\" class=\"yoast-schema-graph\">{\"@context\":\"https:\/\/schema.org\",\"@graph\":[{\"@type\":\"WebPage\",\"@id\":\"https:\/\/www.hvproducts.de\/custom_electromagnets_and_coils\",\"url\":\"https:\/\/www.hvproducts.de\/custom_electromagnets_and_coils\",\"name\":\"Custom Electromagnets and Coils - HVP: High Voltage Products GmbH\",\"isPartOf\":{\"@id\":\"https:\/\/hvproducts.de\/#website\"},\"primaryImageOfPage\":{\"@id\":\"https:\/\/www.hvproducts.de\/custom_electromagnets_and_coils#primaryimage\"},\"image\":{\"@id\":\"https:\/\/www.hvproducts.de\/custom_electromagnets_and_coils#primaryimage\"},\"thumbnailUrl\":\"https:\/\/www.hvproducts.de\/wp-content\/uploads\/2021\/03\/elec-removebg-preview.png\",\"datePublished\":\"2021-03-22T16:24:42+00:00\",\"dateModified\":\"2021-03-22T16:48:42+00:00\",\"breadcrumb\":{\"@id\":\"https:\/\/www.hvproducts.de\/custom_electromagnets_and_coils#breadcrumb\"},\"inLanguage\":\"de\",\"potentialAction\":[{\"@type\":\"ReadAction\",\"target\":[\"https:\/\/www.hvproducts.de\/custom_electromagnets_and_coils\"]}]},{\"@type\":\"ImageObject\",\"inLanguage\":\"de\",\"@id\":\"https:\/\/www.hvproducts.de\/custom_electromagnets_and_coils#primaryimage\",\"url\":\"https:\/\/www.hvproducts.de\/wp-content\/uploads\/2021\/03\/elec-removebg-preview.png\",\"contentUrl\":\"https:\/\/www.hvproducts.de\/wp-content\/uploads\/2021\/03\/elec-removebg-preview.png\"},{\"@type\":\"BreadcrumbList\",\"@id\":\"https:\/\/www.hvproducts.de\/custom_electromagnets_and_coils#breadcrumb\",\"itemListElement\":[{\"@type\":\"ListItem\",\"position\":1,\"name\":\"Home\",\"item\":\"https:\/\/www.hvproducts.de\/\"},{\"@type\":\"ListItem\",\"position\":2,\"name\":\"Custom Electromagnets and Coils\"}]},{\"@type\":\"WebSite\",\"@id\":\"https:\/\/hvproducts.de\/#website\",\"url\":\"https:\/\/hvproducts.de\/\",\"name\":\"HVP: High Voltage Products GmbH\",\"description\":\"High Voltage Products GmbH\",\"publisher\":{\"@id\":\"https:\/\/hvproducts.de\/#organization\"},\"potentialAction\":[{\"@type\":\"SearchAction\",\"target\":{\"@type\":\"EntryPoint\",\"urlTemplate\":\"https:\/\/hvproducts.de\/?s={search_term_string}\"},\"query-input\":{\"@type\":\"PropertyValueSpecification\",\"valueRequired\":true,\"valueName\":\"search_term_string\"}}],\"inLanguage\":\"de\"},{\"@type\":\"Organization\",\"@id\":\"https:\/\/hvproducts.de\/#organization\",\"name\":\"HVP: High Voltage Products GmbH\",\"url\":\"https:\/\/hvproducts.de\/\",\"logo\":{\"@type\":\"ImageObject\",\"inLanguage\":\"de\",\"@id\":\"https:\/\/hvproducts.de\/#\/schema\/logo\/image\/\",\"url\":\"https:\/\/www.hvproducts.de\/wp-content\/uploads\/2021\/01\/cropped-iPhone-X-XS-11-Pro-\u2013-1@2x-2.png\",\"contentUrl\":\"https:\/\/www.hvproducts.de\/wp-content\/uploads\/2021\/01\/cropped-iPhone-X-XS-11-Pro-\u2013-1@2x-2.png\",\"width\":723,\"height\":224,\"caption\":\"HVP: High Voltage Products GmbH\"},\"image\":{\"@id\":\"https:\/\/hvproducts.de\/#\/schema\/logo\/image\/\"}}]}<\/script>\n<!-- \/ Yoast SEO plugin. -->","yoast_head_json":{"title":"Custom Electromagnets and Coils - HVP: High Voltage Products GmbH","robots":{"index":"index","follow":"follow","max-snippet":"max-snippet:-1","max-image-preview":"max-image-preview:large","max-video-preview":"max-video-preview:-1"},"canonical":"https:\/\/www.hvproducts.de\/de\/custom_electromagnets_and_coils\/","og_locale":"de_DE","og_type":"article","og_title":"Custom Electromagnets and Coils - HVP: High Voltage Products GmbH","og_description":"Home \/ Products \/ High Voltage \/ HV Passive Components \/ Magnetic Components \/ Electro Magnets Custom Electromagnets and Coils We can design, manufacture, and analyze a broad variety of coils and electromagnets, ranging from precision low current DC focusing magnets to pulsed coils operating at 300 kA, generating fields as high as 40 Tesla. [&hellip;]","og_url":"https:\/\/www.hvproducts.de\/de\/custom_electromagnets_and_coils\/","og_site_name":"HVP: High Voltage Products GmbH","article_modified_time":"2021-03-22T16:48:42+00:00","og_image":[{"url":"https:\/\/www.hvproducts.de\/wp-content\/uploads\/2021\/03\/elec-removebg-preview.png","type":"","width":"","height":""}],"twitter_card":"summary_large_image","twitter_misc":{"Gesch\u00e4tzte Lesezeit":"4\u00a0Minuten"},"schema":{"@context":"https:\/\/schema.org","@graph":[{"@type":"WebPage","@id":"https:\/\/www.hvproducts.de\/custom_electromagnets_and_coils","url":"https:\/\/www.hvproducts.de\/custom_electromagnets_and_coils","name":"Custom Electromagnets and Coils - HVP: High Voltage Products GmbH","isPartOf":{"@id":"https:\/\/hvproducts.de\/#website"},"primaryImageOfPage":{"@id":"https:\/\/www.hvproducts.de\/custom_electromagnets_and_coils#primaryimage"},"image":{"@id":"https:\/\/www.hvproducts.de\/custom_electromagnets_and_coils#primaryimage"},"thumbnailUrl":"https:\/\/www.hvproducts.de\/wp-content\/uploads\/2021\/03\/elec-removebg-preview.png","datePublished":"2021-03-22T16:24:42+00:00","dateModified":"2021-03-22T16:48:42+00:00","breadcrumb":{"@id":"https:\/\/www.hvproducts.de\/custom_electromagnets_and_coils#breadcrumb"},"inLanguage":"de","potentialAction":[{"@type":"ReadAction","target":["https:\/\/www.hvproducts.de\/custom_electromagnets_and_coils"]}]},{"@type":"ImageObject","inLanguage":"de","@id":"https:\/\/www.hvproducts.de\/custom_electromagnets_and_coils#primaryimage","url":"https:\/\/www.hvproducts.de\/wp-content\/uploads\/2021\/03\/elec-removebg-preview.png","contentUrl":"https:\/\/www.hvproducts.de\/wp-content\/uploads\/2021\/03\/elec-removebg-preview.png"},{"@type":"BreadcrumbList","@id":"https:\/\/www.hvproducts.de\/custom_electromagnets_and_coils#breadcrumb","itemListElement":[{"@type":"ListItem","position":1,"name":"Home","item":"https:\/\/www.hvproducts.de\/"},{"@type":"ListItem","position":2,"name":"Custom Electromagnets and Coils"}]},{"@type":"WebSite","@id":"https:\/\/hvproducts.de\/#website","url":"https:\/\/hvproducts.de\/","name":"HVP: High Voltage Products GmbH","description":"High Voltage Products GmbH","publisher":{"@id":"https:\/\/hvproducts.de\/#organization"},"potentialAction":[{"@type":"SearchAction","target":{"@type":"EntryPoint","urlTemplate":"https:\/\/hvproducts.de\/?s={search_term_string}"},"query-input":{"@type":"PropertyValueSpecification","valueRequired":true,"valueName":"search_term_string"}}],"inLanguage":"de"},{"@type":"Organization","@id":"https:\/\/hvproducts.de\/#organization","name":"HVP: High Voltage Products GmbH","url":"https:\/\/hvproducts.de\/","logo":{"@type":"ImageObject","inLanguage":"de","@id":"https:\/\/hvproducts.de\/#\/schema\/logo\/image\/","url":"https:\/\/www.hvproducts.de\/wp-content\/uploads\/2021\/01\/cropped-iPhone-X-XS-11-Pro-\u2013-1@2x-2.png","contentUrl":"https:\/\/www.hvproducts.de\/wp-content\/uploads\/2021\/01\/cropped-iPhone-X-XS-11-Pro-\u2013-1@2x-2.png","width":723,"height":224,"caption":"HVP: High Voltage Products GmbH"},"image":{"@id":"https:\/\/hvproducts.de\/#\/schema\/logo\/image\/"}}]}},"_links":{"self":[{"href":"https:\/\/www.hvproducts.de\/de\/wp-json\/wp\/v2\/pages\/6681","targetHints":{"allow":["GET"]}}],"collection":[{"href":"https:\/\/www.hvproducts.de\/de\/wp-json\/wp\/v2\/pages"}],"about":[{"href":"https:\/\/www.hvproducts.de\/de\/wp-json\/wp\/v2\/types\/page"}],"author":[{"embeddable":true,"href":"https:\/\/www.hvproducts.de\/de\/wp-json\/wp\/v2\/users\/1"}],"replies":[{"embeddable":true,"href":"https:\/\/www.hvproducts.de\/de\/wp-json\/wp\/v2\/comments?post=6681"}],"version-history":[{"count":19,"href":"https:\/\/www.hvproducts.de\/de\/wp-json\/wp\/v2\/pages\/6681\/revisions"}],"predecessor-version":[{"id":6707,"href":"https:\/\/www.hvproducts.de\/de\/wp-json\/wp\/v2\/pages\/6681\/revisions\/6707"}],"wp:attachment":[{"href":"https:\/\/www.hvproducts.de\/de\/wp-json\/wp\/v2\/media?parent=6681"}],"curies":[{"name":"wp","href":"https:\/\/api.w.org\/{rel}","templated":true}]}}