{"id":6175,"date":"2021-03-19T18:13:28","date_gmt":"2021-03-19T18:13:28","guid":{"rendered":"\/?page_id=6175"},"modified":"2021-04-25T12:29:23","modified_gmt":"2021-04-25T12:29:23","slug":"direct_liquid_cooling","status":"publish","type":"page","link":"https:\/\/www.hvproducts.de\/de\/direct_liquid_cooling","title":{"rendered":"Direkte Fl\u00fcssigkeitsk\u00fchlung"},"content":{"rendered":"<div data-elementor-type=\"wp-page\" data-elementor-id=\"6175\" class=\"elementor elementor-6175\">\n\t\t\t\t\t\t<section class=\"elementor-section elementor-top-section elementor-element elementor-element-9bc6fa7 elementor-section-boxed elementor-section-height-default elementor-section-height-default\" data-id=\"9bc6fa7\" data-element_type=\"section\" data-e-type=\"section\">\n\t\t\t\t\t\t<div class=\"elementor-container elementor-column-gap-default\">\n\t\t\t\t\t<div class=\"elementor-column elementor-col-100 elementor-top-column elementor-element elementor-element-b58caa1\" data-id=\"b58caa1\" data-element_type=\"column\" data-e-type=\"column\">\n\t\t\t<div class=\"elementor-widget-wrap elementor-element-populated\">\n\t\t\t\t\t\t<div class=\"elementor-element elementor-element-423ce7c elementor-widget elementor-widget-text-editor\" data-id=\"423ce7c\" data-element_type=\"widget\" data-e-type=\"widget\" data-widget_type=\"text-editor.default\">\n\t\t\t\t<div class=\"elementor-widget-container\">\n\t\t\t\t\t\t\t\t\t<p><a href=\"https:\/\/www.hvproducts.de\">Startseite<\/a> \/ Produkte \/ Hochspannung \/ <a href=\"https:\/\/www.hvproducts.de\/hv_active_components\/\">HV Aktiv-Komponenten<\/a> \/ <a href=\"https:\/\/www.hvproducts.de\/solid_state_switches\/\">Halbleiterschalter<\/a> \/ A Stromabh\u00e4ngige Einschaltdauer, Thyristor \/ SCR<\/p>\t\t\t\t\t\t\t\t<\/div>\n\t\t\t\t<\/div>\n\t\t\t\t<div class=\"elementor-element elementor-element-14d6d47 elementor-widget elementor-widget-heading\" data-id=\"14d6d47\" data-element_type=\"widget\" data-e-type=\"widget\" data-widget_type=\"heading.default\">\n\t\t\t\t<div class=\"elementor-widget-container\">\n\t\t\t\t\t<h2 class=\"elementor-heading-title elementor-size-default\"><h1 style=\"margin-bottom: 0.5rem;font-weight: 500;font-size: 30px;, sans-serif;font-style: normal;white-space: normal\">DLC - Direkte Fl\u00fcssigkeitsk\u00fchlung mit nichtleitenden K\u00fchlmitteln<\/h1><\/h2>\t\t\t\t<\/div>\n\t\t\t\t<\/div>\n\t\t\t\t<div class=\"elementor-element elementor-element-3cf3d05 elementor-widget elementor-widget-text-editor\" data-id=\"3cf3d05\" data-element_type=\"widget\" data-e-type=\"widget\" data-widget_type=\"text-editor.default\">\n\t\t\t\t<div class=\"elementor-widget-container\">\n\t\t\t\t\t\t\t\t\t<div class=\"wrapper text layout1\"><div class=\"container\"><div class=\"row\"><div class=\"col-sm-12\"><div class=\"wysiwyg\"><div class=\"wrapper text layout1\"><div class=\"container\"><div class=\"row\"><div class=\"col-sm-12\"><div class=\"wysiwyg\"><div class=\"wrapper text layout1\"><div class=\"container\"><div class=\"row\"><div class=\"col-sm-12\"><div class=\"wysiwyg\"><p><span class=\"auto-style24\">Beste K\u00fchlleistung aller bekannten K\u00fchlmethoden\u00a0\u00a0<\/span><span class=\"auto-style24\">\u25cf<\/span><span class=\"auto-style18\">\u00a0Erm\u00f6glicht ein extrem kompaktes Hochspannungsschalterdesign in Verbindung mit hervorragenden Pd(max)-Spezifikationen\u00a0\u00a0<span class=\"auto-style24\">\u25cf Das Fehlen von geerdeten K\u00fchlk\u00f6rpern minimiert die\u00a0<\/span>die Streukapazit\u00e4t mit dem Ergebnis einer schnelleren elektrischen Anstiegszeit und geringerer\u00a0<\/span><span class=\"auto-style24\">Leistungsverluste bei hohen Betriebsfrequenzen \u25cf Das DLC-Prinzip erm\u00f6glicht eine sehr homogene K\u00fchlung der gesamten Elektronik des Schaltmoduls und reduziert die thermische Belastung bei zyklischem Lastwechsel erheblich.<br \/><br \/><\/span><span class=\"auto-style582\"><strong>Technische Anmerkung<\/strong><\/span><span class=\"auto-style578\"><span class=\"auto-style581\">:\u00a0<\/span>Behlke DLC-K\u00fchlsysteme k\u00f6nnen mit GALDEN oder jeder anderen vergleichbaren PFPE \/ PFC \/ HFE-W\u00e4rmetr\u00e4gerfl\u00fcssigkeit betrieben werden. Eine kosteng\u00fcnstige Alternative zu den PFPE \/ PFC \/ HFE-K\u00fchlmitteln ist das niedrigviskose Silicon\u00f6l WACKER AK 10 (chemisch vertr\u00e4glich mit allen Materialien der BEHLKE DLC-Schalter)<\/span><span class=\"auto-style578\">. Mineralische Transformatoren\u00f6le\u00a0<span class=\"auto-style75\">sind teilweise nicht<\/span>\u00a0mit BEHLKE DLC-Systemen kompatibel. Bitte wenden Sie sich an BEHLKE, um weitere Informationen zu den Einschr\u00e4nkungen f\u00fcr Transformatoren\u00f6le zu erhalten. \u00a0\u00a0<\/span><\/p><\/div><\/div><\/div><\/div><\/div><\/div><\/div><\/div><\/div><\/div><\/div><\/div><\/div><\/div><\/div>\t\t\t\t\t\t\t\t<\/div>\n\t\t\t\t<\/div>\n\t\t\t\t<section class=\"elementor-section elementor-inner-section elementor-element elementor-element-25f6d89 elementor-section-boxed elementor-section-height-default elementor-section-height-default\" data-id=\"25f6d89\" data-element_type=\"section\" data-e-type=\"section\">\n\t\t\t\t\t\t<div class=\"elementor-container elementor-column-gap-default\">\n\t\t\t\t\t<div class=\"elementor-column elementor-col-50 elementor-inner-column elementor-element elementor-element-4a4e503\" data-id=\"4a4e503\" data-element_type=\"column\" data-e-type=\"column\">\n\t\t\t<div class=\"elementor-widget-wrap elementor-element-populated\">\n\t\t\t\t\t\t<div class=\"elementor-element elementor-element-a00a9ee elementor-widget elementor-widget-image\" data-id=\"a00a9ee\" data-element_type=\"widget\" data-e-type=\"widget\" data-widget_type=\"image.default\">\n\t\t\t\t<div class=\"elementor-widget-container\">\n\t\t\t\t\t\t\t\t\t\t\t\t\t\t\t<img fetchpriority=\"high\" decoding=\"async\" width=\"731\" height=\"341\" src=\"https:\/\/www.hvproducts.de\/wp-content\/uploads\/2021\/03\/f-removebg-preview.png\" class=\"attachment-large size-large wp-image-6317\" alt=\"\" srcset=\"https:\/\/www.hvproducts.de\/wp-content\/uploads\/2021\/03\/f-removebg-preview.png 731w, https:\/\/www.hvproducts.de\/wp-content\/uploads\/2021\/03\/f-removebg-preview-300x140.png 300w, https:\/\/www.hvproducts.de\/wp-content\/uploads\/2021\/03\/f-removebg-preview-18x8.png 18w\" sizes=\"(max-width: 731px) 100vw, 731px\" \/>\t\t\t\t\t\t\t\t\t\t\t\t\t\t\t<\/div>\n\t\t\t\t<\/div>\n\t\t\t\t\t<\/div>\n\t\t<\/div>\n\t\t\t\t<div class=\"elementor-column elementor-col-50 elementor-inner-column elementor-element elementor-element-9ab155e\" data-id=\"9ab155e\" data-element_type=\"column\" data-e-type=\"column\">\n\t\t\t<div class=\"elementor-widget-wrap elementor-element-populated\">\n\t\t\t\t\t\t<div class=\"elementor-element elementor-element-7098450 elementor-widget elementor-widget-text-editor\" data-id=\"7098450\" data-element_type=\"widget\" data-e-type=\"widget\" data-widget_type=\"text-editor.default\">\n\t\t\t\t<div class=\"elementor-widget-container\">\n\t\t\t\t\t\t\t\t\t<div class=\"headline\"><div class=\"headline\"><div class=\"headline\"><div class=\"headline\"><div class=\"headline\"><div class=\"headline\"><div class=\"headline\"><div>\u00a0<\/div><div>\u00a0<\/div><div class=\"headline\">Einfaches K\u00fchlsystem mit einem kleinen Aktivradiator f\u00fcr eine maximale Verlustleistung von 800 Watt. Aktive Radiatoren mit 120x120mm\u00b2-L\u00fcftern sind in verschiedenen Gr\u00f6\u00dfen f\u00fcr eine maximale Verlustleistung von 0,5 bis 9 kW erh\u00e4ltlich.<\/div><\/div><\/div><\/div><\/div><\/div><\/div><\/div>\t\t\t\t\t\t\t\t<\/div>\n\t\t\t\t<\/div>\n\t\t\t\t\t<\/div>\n\t\t<\/div>\n\t\t\t\t\t<\/div>\n\t\t<\/section>\n\t\t\t\t<div class=\"elementor-element elementor-element-697d4ae elementor-widget elementor-widget-text-editor\" data-id=\"697d4ae\" data-element_type=\"widget\" data-e-type=\"widget\" data-widget_type=\"text-editor.default\">\n\t\t\t\t<div class=\"elementor-widget-container\">\n\t\t\t\t\t\t\t\t\t<div class=\"wrapper text layout1\"><div class=\"container\"><div class=\"row\"><div class=\"col-sm-12\"><div class=\"wysiwyg\"><div class=\"wrapper text layout1\"><div class=\"container\"><div class=\"row\"><div class=\"col-sm-12\"><div class=\"wysiwyg\"><div class=\"wrapper text layout1\"><div class=\"container\"><div class=\"row\"><div class=\"col-sm-12\"><div class=\"wysiwyg\"><div class=\"wrapper text layout1\"><div class=\"container\"><div class=\"row\"><div class=\"col-sm-12\"><div class=\"wysiwyg\"><p><a href=\"https:\/\/www.hvproducts.de\/wp-content\/uploads\/2021\/04\/active_radiator.pdf\"><strong>Aktivk\u00fchler, Fl\u00fcssigkeitsk\u00fchler, Passivk\u00fchler, W\u00e4rmetauscher, Thermometer und Sensoren, Durchflusssensoren und -anzeiger, Armaturens\u00e4tze, Schl\u00e4uche, K\u00fchlmittel\u00fcbersicht<\/strong><\/a><strong><br \/><\/strong><\/p><\/div><\/div><\/div><\/div><\/div><div class=\"wrapper text layout1\"><div class=\"container\"><div class=\"row\"><div class=\"col-sm-12\"><div class=\"wysiwyg\"><p><span class=\"auto-style36\"><strong><u><a href=\"https:\/\/www.hvproducts.de\/wp-content\/uploads\/2021\/04\/pu-2.pdf\">Pumpeneinheiten<\/a><\/u><\/strong><br \/>Intelligente Pumpeneinheit mit K\u00fchlmittelbeh\u00e4lter und eingebauter Steuerelektronik f\u00fcr den Pumpenmotor und m\u00f6gliche externe K\u00fchlerl\u00fcfter. \u00c4u\u00dferst zuverl\u00e4ssige Konstruktion f\u00fcr den professionellen Einsatz. Das Pumpengeh\u00e4use \/ Reservoir ist aus einem Aluminiumblock gefr\u00e4st und erm\u00f6glicht einen absolut leckagefreien Betrieb auch bei hohen Temperaturen und hohem Druck. An der Vorderseite des Ger\u00e4tes, das \u00fcblicherweise hinter der Frontplatte eines Systemgeh\u00e4uses (z.B. einer 19-Zoll-Geh\u00e4useeinheit) montiert wird, befindet sich ein mit O-Ringen abgedichtetes Sichtfenster f\u00fcr das eingebaute Str\u00f6mungsturbinenrad. Das Durchflussturbinenrad dient gleichzeitig als optische Durchflussanzeige und als digitaler Durchflusssensor. Eine doppelte Kugellagerung in Verbindung mit einer optischen Abtastung garantiert eine MTBF von mehreren hunderttausend Stunden f\u00fcr diese sicherheitsrelevante Bauteilkomponente.<\/span><\/p><\/div><\/div><\/div><\/div><\/div><div class=\"wrapper text layout1\"><div class=\"container\"><div class=\"row\"><div class=\"col-sm-12\"><div class=\"wysiwyg\"><p><strong><u><\/u><a href=\"https:\/\/www.hvproducts.de\/wp-content\/uploads\/2021\/04\/dlc_cooling_boxes_standard_program-1.pdf\"><u>DLC-K\u00fchlboxen<\/u><\/a><\/strong><br \/>Druckfeste K\u00fchlboxen f\u00fcr die Integration von Nicht-DLC-Komponenten, wie z.B. klassische Leistungselektronik-Komponenten und Peripherie-Leiterplatten, in ein DLC-K\u00fchlsystem. Das Standard-K\u00fchlboxenprogramm basiert auf einem 40 mm Raster. Jede x-y-Vergr\u00f6\u00dferung kann in 40 mm Schritten bis zur maximal verf\u00fcgbaren L\u00e4nge (Innenma\u00df 944 mm, Au\u00dfenma\u00df 974 mm, siehe Datenblatt) realisiert werden. Kundenspezifische DLC-K\u00fchlboxen in beliebigen Abmessungen bis zu 1000 x 750 x 120 mm\u00b3 mit beliebigen elektrischen Einspeisungen in beliebiger Lage sind m\u00f6glich. Bitte kontaktieren Sie uns f\u00fcr weitere Informationen. Die K\u00fchlboxen haben eine Innenh\u00f6he von 25 mm (1\") und sind ideal f\u00fcr Leiterplatten. Die Innenh\u00f6he kann wahlweise vergr\u00f6\u00dfert oder verkleinert werden. Die Geh\u00e4use haben mindestens 3 Gewindebohrungen G1\/4 auf jeder Seite (nur 2 auf der Vorder-\/R\u00fcckseite bei Gr\u00f6\u00dfe A...). Die G1\/4-Gewinde werden f\u00fcr die Schlauchanschl\u00fcsse und f\u00fcr die elektrischen Standardzuf\u00fchrungen verwendet. Zwei Schlauchanschl\u00fcsse und Schraubkappen sind im Lieferumfang enthalten. Elektrische Zuleitungen m\u00fcssen separat bestellt werden. Die Standardgeh\u00e4use sind aus Delrin und Makrolon gefertigt. PEEK, PVC und Aluminium sind optional erh\u00e4ltlich.\u00a0<\/p><\/div><\/div><\/div><\/div><\/div><\/div><\/div><\/div><\/div><\/div><\/div><\/div><\/div><\/div><\/div><\/div><\/div><\/div><\/div><\/div>\t\t\t\t\t\t\t\t<\/div>\n\t\t\t\t<\/div>\n\t\t\t\t\t<\/div>\n\t\t<\/div>\n\t\t\t\t\t<\/div>\n\t\t<\/section>\n\t\t\t\t<\/div>","protected":false},"excerpt":{"rendered":"<p>Home \/ Products \/ High Voltage \/ HV\u00a0 Active Components \/ Solid-State Switches \/ A Current depending on-time, Thyristor \/ SCR DLC &#8211; Direct Liquid Cooling with non-conductive coolants Best cooling efficiency of all known cooling methods\u00a0\u00a0\u25cf\u00a0Allows an extremely compact high voltage switch design in connection with excellent Pd(max) specifications\u00a0\u00a0\u25cf The absence of grounded heatsinks [&hellip;]<\/p>\n","protected":false},"author":1,"featured_media":0,"parent":0,"menu_order":0,"comment_status":"closed","ping_status":"closed","template":"","meta":{"site-sidebar-layout":"no-sidebar","site-content-layout":"page-builder","ast-site-content-layout":"default","site-content-style":"default","site-sidebar-style":"default","ast-global-header-display":"","ast-banner-title-visibility":"","ast-main-header-display":"","ast-hfb-above-header-display":"","ast-hfb-below-header-display":"","ast-hfb-mobile-header-display":"","site-post-title":"disabled","ast-breadcrumbs-content":"","ast-featured-img":"disabled","footer-sml-layout":"","ast-disable-related-posts":"","theme-transparent-header-meta":"default","adv-header-id-meta":"","stick-header-meta":"","header-above-stick-meta":"","header-main-stick-meta":"","header-below-stick-meta":"","astra-migrate-meta-layouts":"default","ast-page-background-enabled":"default","ast-page-background-meta":{"desktop":{"background-color":"","background-image":"","background-repeat":"repeat","background-position":"center center","background-size":"auto","background-attachment":"scroll","background-type":"","background-media":"","overlay-type":"","overlay-color":"","overlay-opacity":"","overlay-gradient":""},"tablet":{"background-color":"","background-image":"","background-repeat":"repeat","background-position":"center center","background-size":"auto","background-attachment":"scroll","background-type":"","background-media":"","overlay-type":"","overlay-color":"","overlay-opacity":"","overlay-gradient":""},"mobile":{"background-color":"","background-image":"","background-repeat":"repeat","background-position":"center center","background-size":"auto","background-attachment":"scroll","background-type":"","background-media":"","overlay-type":"","overlay-color":"","overlay-opacity":"","overlay-gradient":""}},"ast-content-background-meta":{"desktop":{"background-color":"var(--ast-global-color-5)","background-image":"","background-repeat":"repeat","background-position":"center center","background-size":"auto","background-attachment":"scroll","background-type":"","background-media":"","overlay-type":"","overlay-color":"","overlay-opacity":"","overlay-gradient":""},"tablet":{"background-color":"var(--ast-global-color-5)","background-image":"","background-repeat":"repeat","background-position":"center center","background-size":"auto","background-attachment":"scroll","background-type":"","background-media":"","overlay-type":"","overlay-color":"","overlay-opacity":"","overlay-gradient":""},"mobile":{"background-color":"var(--ast-global-color-5)","background-image":"","background-repeat":"repeat","background-position":"center center","background-size":"auto","background-attachment":"scroll","background-type":"","background-media":"","overlay-type":"","overlay-color":"","overlay-opacity":"","overlay-gradient":""}},"footnotes":""},"class_list":["post-6175","page","type-page","status-publish","hentry"],"yoast_head":"<!-- This site is optimized with the Yoast SEO plugin v27.2 - https:\/\/yoast.com\/product\/yoast-seo-wordpress\/ -->\n<title>Direct Liquid Cooling - HVP: High Voltage Products GmbH<\/title>\n<meta name=\"robots\" content=\"index, follow, max-snippet:-1, max-image-preview:large, max-video-preview:-1\" \/>\n<link rel=\"canonical\" href=\"https:\/\/www.hvproducts.de\/de\/direct_liquid_cooling\/\" \/>\n<meta property=\"og:locale\" content=\"de_DE\" \/>\n<meta property=\"og:type\" content=\"article\" \/>\n<meta property=\"og:title\" content=\"Direct Liquid Cooling - HVP: High Voltage Products GmbH\" \/>\n<meta property=\"og:description\" content=\"Home \/ Products \/ High Voltage \/ HV\u00a0 Active Components \/ Solid-State Switches \/ A Current depending on-time, Thyristor \/ SCR DLC &#8211; Direct Liquid Cooling with non-conductive coolants Best cooling efficiency of all known cooling methods\u00a0\u00a0\u25cf\u00a0Allows an extremely compact high voltage switch design in connection with excellent Pd(max) specifications\u00a0\u00a0\u25cf The absence of grounded heatsinks [&hellip;]\" \/>\n<meta property=\"og:url\" content=\"https:\/\/www.hvproducts.de\/de\/direct_liquid_cooling\/\" \/>\n<meta property=\"og:site_name\" content=\"HVP: High Voltage Products GmbH\" \/>\n<meta property=\"article:modified_time\" content=\"2021-04-25T12:29:23+00:00\" \/>\n<meta property=\"og:image\" content=\"https:\/\/www.hvproducts.de\/wp-content\/uploads\/2021\/03\/f-removebg-preview.png\" \/>\n<meta name=\"twitter:card\" content=\"summary_large_image\" \/>\n<meta name=\"twitter:label1\" content=\"Gesch\u00e4tzte Lesezeit\" \/>\n\t<meta name=\"twitter:data1\" content=\"3\u00a0Minuten\" \/>\n<script type=\"application\/ld+json\" class=\"yoast-schema-graph\">{\"@context\":\"https:\/\/schema.org\",\"@graph\":[{\"@type\":\"WebPage\",\"@id\":\"https:\/\/www.hvproducts.de\/direct_liquid_cooling\",\"url\":\"https:\/\/www.hvproducts.de\/direct_liquid_cooling\",\"name\":\"Direct Liquid Cooling - HVP: High Voltage Products GmbH\",\"isPartOf\":{\"@id\":\"https:\/\/hvproducts.de\/#website\"},\"primaryImageOfPage\":{\"@id\":\"https:\/\/www.hvproducts.de\/direct_liquid_cooling#primaryimage\"},\"image\":{\"@id\":\"https:\/\/www.hvproducts.de\/direct_liquid_cooling#primaryimage\"},\"thumbnailUrl\":\"https:\/\/www.hvproducts.de\/wp-content\/uploads\/2021\/03\/f-removebg-preview.png\",\"datePublished\":\"2021-03-19T18:13:28+00:00\",\"dateModified\":\"2021-04-25T12:29:23+00:00\",\"breadcrumb\":{\"@id\":\"https:\/\/www.hvproducts.de\/direct_liquid_cooling#breadcrumb\"},\"inLanguage\":\"de\",\"potentialAction\":[{\"@type\":\"ReadAction\",\"target\":[\"https:\/\/www.hvproducts.de\/direct_liquid_cooling\"]}]},{\"@type\":\"ImageObject\",\"inLanguage\":\"de\",\"@id\":\"https:\/\/www.hvproducts.de\/direct_liquid_cooling#primaryimage\",\"url\":\"https:\/\/www.hvproducts.de\/wp-content\/uploads\/2021\/03\/f-removebg-preview.png\",\"contentUrl\":\"https:\/\/www.hvproducts.de\/wp-content\/uploads\/2021\/03\/f-removebg-preview.png\"},{\"@type\":\"BreadcrumbList\",\"@id\":\"https:\/\/www.hvproducts.de\/direct_liquid_cooling#breadcrumb\",\"itemListElement\":[{\"@type\":\"ListItem\",\"position\":1,\"name\":\"Home\",\"item\":\"https:\/\/www.hvproducts.de\/\"},{\"@type\":\"ListItem\",\"position\":2,\"name\":\"Direct Liquid Cooling\"}]},{\"@type\":\"WebSite\",\"@id\":\"https:\/\/hvproducts.de\/#website\",\"url\":\"https:\/\/hvproducts.de\/\",\"name\":\"HVP: High Voltage Products GmbH\",\"description\":\"High Voltage Products GmbH\",\"publisher\":{\"@id\":\"https:\/\/hvproducts.de\/#organization\"},\"potentialAction\":[{\"@type\":\"SearchAction\",\"target\":{\"@type\":\"EntryPoint\",\"urlTemplate\":\"https:\/\/hvproducts.de\/?s={search_term_string}\"},\"query-input\":{\"@type\":\"PropertyValueSpecification\",\"valueRequired\":true,\"valueName\":\"search_term_string\"}}],\"inLanguage\":\"de\"},{\"@type\":\"Organization\",\"@id\":\"https:\/\/hvproducts.de\/#organization\",\"name\":\"HVP: High Voltage Products GmbH\",\"url\":\"https:\/\/hvproducts.de\/\",\"logo\":{\"@type\":\"ImageObject\",\"inLanguage\":\"de\",\"@id\":\"https:\/\/hvproducts.de\/#\/schema\/logo\/image\/\",\"url\":\"https:\/\/www.hvproducts.de\/wp-content\/uploads\/2021\/01\/cropped-iPhone-X-XS-11-Pro-\u2013-1@2x-2.png\",\"contentUrl\":\"https:\/\/www.hvproducts.de\/wp-content\/uploads\/2021\/01\/cropped-iPhone-X-XS-11-Pro-\u2013-1@2x-2.png\",\"width\":723,\"height\":224,\"caption\":\"HVP: High Voltage Products GmbH\"},\"image\":{\"@id\":\"https:\/\/hvproducts.de\/#\/schema\/logo\/image\/\"}}]}<\/script>\n<!-- \/ Yoast SEO plugin. -->","yoast_head_json":{"title":"Direct Liquid Cooling - HVP: High Voltage Products GmbH","robots":{"index":"index","follow":"follow","max-snippet":"max-snippet:-1","max-image-preview":"max-image-preview:large","max-video-preview":"max-video-preview:-1"},"canonical":"https:\/\/www.hvproducts.de\/de\/direct_liquid_cooling\/","og_locale":"de_DE","og_type":"article","og_title":"Direct Liquid Cooling - HVP: High Voltage Products GmbH","og_description":"Home \/ Products \/ High Voltage \/ HV\u00a0 Active Components \/ Solid-State Switches \/ A Current depending on-time, Thyristor \/ SCR DLC &#8211; Direct Liquid Cooling with non-conductive coolants Best cooling efficiency of all known cooling methods\u00a0\u00a0\u25cf\u00a0Allows an extremely compact high voltage switch design in connection with excellent Pd(max) specifications\u00a0\u00a0\u25cf The absence of grounded heatsinks [&hellip;]","og_url":"https:\/\/www.hvproducts.de\/de\/direct_liquid_cooling\/","og_site_name":"HVP: High Voltage Products GmbH","article_modified_time":"2021-04-25T12:29:23+00:00","og_image":[{"url":"https:\/\/www.hvproducts.de\/wp-content\/uploads\/2021\/03\/f-removebg-preview.png","type":"","width":"","height":""}],"twitter_card":"summary_large_image","twitter_misc":{"Gesch\u00e4tzte Lesezeit":"3\u00a0Minuten"},"schema":{"@context":"https:\/\/schema.org","@graph":[{"@type":"WebPage","@id":"https:\/\/www.hvproducts.de\/direct_liquid_cooling","url":"https:\/\/www.hvproducts.de\/direct_liquid_cooling","name":"Direct Liquid Cooling - HVP: High Voltage Products GmbH","isPartOf":{"@id":"https:\/\/hvproducts.de\/#website"},"primaryImageOfPage":{"@id":"https:\/\/www.hvproducts.de\/direct_liquid_cooling#primaryimage"},"image":{"@id":"https:\/\/www.hvproducts.de\/direct_liquid_cooling#primaryimage"},"thumbnailUrl":"https:\/\/www.hvproducts.de\/wp-content\/uploads\/2021\/03\/f-removebg-preview.png","datePublished":"2021-03-19T18:13:28+00:00","dateModified":"2021-04-25T12:29:23+00:00","breadcrumb":{"@id":"https:\/\/www.hvproducts.de\/direct_liquid_cooling#breadcrumb"},"inLanguage":"de","potentialAction":[{"@type":"ReadAction","target":["https:\/\/www.hvproducts.de\/direct_liquid_cooling"]}]},{"@type":"ImageObject","inLanguage":"de","@id":"https:\/\/www.hvproducts.de\/direct_liquid_cooling#primaryimage","url":"https:\/\/www.hvproducts.de\/wp-content\/uploads\/2021\/03\/f-removebg-preview.png","contentUrl":"https:\/\/www.hvproducts.de\/wp-content\/uploads\/2021\/03\/f-removebg-preview.png"},{"@type":"BreadcrumbList","@id":"https:\/\/www.hvproducts.de\/direct_liquid_cooling#breadcrumb","itemListElement":[{"@type":"ListItem","position":1,"name":"Home","item":"https:\/\/www.hvproducts.de\/"},{"@type":"ListItem","position":2,"name":"Direct Liquid Cooling"}]},{"@type":"WebSite","@id":"https:\/\/hvproducts.de\/#website","url":"https:\/\/hvproducts.de\/","name":"HVP: High Voltage Products GmbH","description":"High Voltage Products GmbH","publisher":{"@id":"https:\/\/hvproducts.de\/#organization"},"potentialAction":[{"@type":"SearchAction","target":{"@type":"EntryPoint","urlTemplate":"https:\/\/hvproducts.de\/?s={search_term_string}"},"query-input":{"@type":"PropertyValueSpecification","valueRequired":true,"valueName":"search_term_string"}}],"inLanguage":"de"},{"@type":"Organization","@id":"https:\/\/hvproducts.de\/#organization","name":"HVP: High Voltage Products GmbH","url":"https:\/\/hvproducts.de\/","logo":{"@type":"ImageObject","inLanguage":"de","@id":"https:\/\/hvproducts.de\/#\/schema\/logo\/image\/","url":"https:\/\/www.hvproducts.de\/wp-content\/uploads\/2021\/01\/cropped-iPhone-X-XS-11-Pro-\u2013-1@2x-2.png","contentUrl":"https:\/\/www.hvproducts.de\/wp-content\/uploads\/2021\/01\/cropped-iPhone-X-XS-11-Pro-\u2013-1@2x-2.png","width":723,"height":224,"caption":"HVP: High Voltage Products GmbH"},"image":{"@id":"https:\/\/hvproducts.de\/#\/schema\/logo\/image\/"}}]}},"_links":{"self":[{"href":"https:\/\/www.hvproducts.de\/de\/wp-json\/wp\/v2\/pages\/6175","targetHints":{"allow":["GET"]}}],"collection":[{"href":"https:\/\/www.hvproducts.de\/de\/wp-json\/wp\/v2\/pages"}],"about":[{"href":"https:\/\/www.hvproducts.de\/de\/wp-json\/wp\/v2\/types\/page"}],"author":[{"embeddable":true,"href":"https:\/\/www.hvproducts.de\/de\/wp-json\/wp\/v2\/users\/1"}],"replies":[{"embeddable":true,"href":"https:\/\/www.hvproducts.de\/de\/wp-json\/wp\/v2\/comments?post=6175"}],"version-history":[{"count":13,"href":"https:\/\/www.hvproducts.de\/de\/wp-json\/wp\/v2\/pages\/6175\/revisions"}],"predecessor-version":[{"id":11224,"href":"https:\/\/www.hvproducts.de\/de\/wp-json\/wp\/v2\/pages\/6175\/revisions\/11224"}],"wp:attachment":[{"href":"https:\/\/www.hvproducts.de\/de\/wp-json\/wp\/v2\/media?parent=6175"}],"curies":[{"name":"wp","href":"https:\/\/api.w.org\/{rel}","templated":true}]}}