{"id":5189,"date":"2021-03-09T12:33:49","date_gmt":"2021-03-09T12:33:49","guid":{"rendered":"\/?page_id=5189"},"modified":"2021-03-10T22:27:30","modified_gmt":"2021-03-10T22:27:30","slug":"partial_discharge_test","status":"publish","type":"page","link":"https:\/\/www.hvproducts.de\/de\/partial_discharge_test","title":{"rendered":"Teilentladungspr\u00fcfung"},"content":{"rendered":"<div data-elementor-type=\"wp-page\" data-elementor-id=\"5189\" class=\"elementor elementor-5189\">\n\t\t\t\t\t\t<section class=\"elementor-section elementor-top-section elementor-element elementor-element-9bc6fa7 elementor-section-boxed elementor-section-height-default elementor-section-height-default\" data-id=\"9bc6fa7\" data-element_type=\"section\" data-e-type=\"section\">\n\t\t\t\t\t\t\t<div class=\"elementor-background-overlay\"><\/div>\n\t\t\t\t\t\t\t<div class=\"elementor-container elementor-column-gap-default\">\n\t\t\t\t\t<div class=\"elementor-column elementor-col-100 elementor-top-column elementor-element elementor-element-b58caa1\" data-id=\"b58caa1\" data-element_type=\"column\" data-e-type=\"column\">\n\t\t\t<div class=\"elementor-widget-wrap elementor-element-populated\">\n\t\t\t\t\t\t<div class=\"elementor-element elementor-element-423ce7c elementor-widget elementor-widget-text-editor\" data-id=\"423ce7c\" data-element_type=\"widget\" data-e-type=\"widget\" data-widget_type=\"text-editor.default\">\n\t\t\t\t<div class=\"elementor-widget-container\">\n\t\t\t\t\t\t\t\t\t<p><a href=\"https:\/\/www.hvproducts.de\">Startseite<\/a> \/ Produkte \/ Hochspannung \/ <a href=\"https:\/\/www.hvproducts.de\/hv_test_and_measurements\/\">HV-Pr\u00fcfung und -Messung<\/a> \/ <a href=\"https:\/\/www.hvproducts.de\/partial_discharge_test\/\">Teilentladungspr\u00fcfung<\/a><\/p>\t\t\t\t\t\t\t\t<\/div>\n\t\t\t\t<\/div>\n\t\t\t\t<div class=\"elementor-element elementor-element-14d6d47 elementor-widget elementor-widget-heading\" data-id=\"14d6d47\" data-element_type=\"widget\" data-e-type=\"widget\" data-widget_type=\"heading.default\">\n\t\t\t\t<div class=\"elementor-widget-container\">\n\t\t\t\t\t<h2 class=\"elementor-heading-title elementor-size-default\"><h1 style=\"margin-bottom: 0.5rem;font-weight: 500;font-size: 30px;, sans-serif;font-style: normal;white-space: normal\">Teilentladungspr\u00fcfung<\/h1><\/h2>\t\t\t\t<\/div>\n\t\t\t\t<\/div>\n\t\t\t\t\t<\/div>\n\t\t<\/div>\n\t\t\t\t\t<\/div>\n\t\t<\/section>\n\t\t\t\t<section class=\"elementor-section elementor-top-section elementor-element elementor-element-28516df elementor-section-boxed elementor-section-height-default elementor-section-height-default\" data-id=\"28516df\" data-element_type=\"section\" data-e-type=\"section\">\n\t\t\t\t\t\t<div class=\"elementor-container elementor-column-gap-default\">\n\t\t\t\t\t<div class=\"elementor-column elementor-col-100 elementor-top-column elementor-element elementor-element-c6065c2\" data-id=\"c6065c2\" data-element_type=\"column\" data-e-type=\"column\">\n\t\t\t<div class=\"elementor-widget-wrap elementor-element-populated\">\n\t\t\t\t\t\t<div class=\"elementor-element elementor-element-5581ef7 elementor-widget elementor-widget-image\" data-id=\"5581ef7\" data-element_type=\"widget\" data-e-type=\"widget\" data-widget_type=\"image.default\">\n\t\t\t\t<div class=\"elementor-widget-container\">\n\t\t\t\t\t\t\t\t\t\t\t\t\t\t\t<img fetchpriority=\"high\" decoding=\"async\" width=\"768\" height=\"373\" src=\"https:\/\/www.hvproducts.de\/wp-content\/uploads\/2021\/03\/partial_discharge-3-768x373.jpg\" class=\"attachment-medium_large size-medium_large wp-image-5455\" alt=\"Partial Discharge Test\" srcset=\"https:\/\/www.hvproducts.de\/wp-content\/uploads\/2021\/03\/partial_discharge-3-768x373.jpg 768w, https:\/\/www.hvproducts.de\/wp-content\/uploads\/2021\/03\/partial_discharge-3-300x146.jpg 300w, https:\/\/www.hvproducts.de\/wp-content\/uploads\/2021\/03\/partial_discharge-3-1024x497.jpg 1024w, https:\/\/www.hvproducts.de\/wp-content\/uploads\/2021\/03\/partial_discharge-3-1536x746.jpg 1536w, https:\/\/www.hvproducts.de\/wp-content\/uploads\/2021\/03\/partial_discharge-3-scaled.jpg 2048w, https:\/\/www.hvproducts.de\/wp-content\/uploads\/2021\/03\/partial_discharge-3-600x291.jpg 600w\" sizes=\"(max-width: 768px) 100vw, 768px\" \/>\t\t\t\t\t\t\t\t\t\t\t\t\t\t\t<\/div>\n\t\t\t\t<\/div>\n\t\t\t\t\t<\/div>\n\t\t<\/div>\n\t\t\t\t\t<\/div>\n\t\t<\/section>\n\t\t\t\t<section class=\"elementor-section elementor-top-section elementor-element elementor-element-d94fb04 elementor-section-boxed elementor-section-height-default elementor-section-height-default\" data-id=\"d94fb04\" data-element_type=\"section\" data-e-type=\"section\">\n\t\t\t\t\t\t<div class=\"elementor-container elementor-column-gap-default\">\n\t\t\t\t\t<div class=\"elementor-column elementor-col-100 elementor-top-column elementor-element elementor-element-f691274\" data-id=\"f691274\" data-element_type=\"column\" data-e-type=\"column\">\n\t\t\t<div class=\"elementor-widget-wrap elementor-element-populated\">\n\t\t\t\t\t\t<div class=\"elementor-element elementor-element-65f8dc9 elementor-widget elementor-widget-text-editor\" data-id=\"65f8dc9\" data-element_type=\"widget\" data-e-type=\"widget\" data-widget_type=\"text-editor.default\">\n\t\t\t\t<div class=\"elementor-widget-container\">\n\t\t\t\t\t\t\t\t\t<p>Alle Standardtests im Bereich der analogen Elektronik sowie spezielle Hochspannungspr\u00fcfungen<br \/>und Induktionstests durchgef\u00fchrt werden. Diese finden mit kalibrierter Ausr\u00fcstung statt<br \/>in unserem Hochspannungs-gesch\u00fctzten Bereich statt. Insbesondere die Teilentladungsmessung<br \/>ist das R\u00fcckgrat, um Erkenntnisse \u00fcber die Zuverl\u00e4ssigkeit von Hochspannungselektronik zu gewinnen,<br \/>die beispielsweise f\u00fcr kritische Anwendungen wie Hochspannung auf Flexlayern erforderlich ist.<\/p><p>Wir bieten auch Optionen f\u00fcr die Gestaltung von Hilfsstromkreisen, die Durchf\u00fchrung von Umwelt<br \/>durchzuf\u00fchren und Produktspezifikationen in Absprache mit unseren Kunden zu erstellen.<br \/>In unserer Pr\u00fcfanlage k\u00f6nnen Hochspannungspr\u00fcfungen bis zu 100 kV durchgef\u00fchrt werden.<\/p><p>Zu den verschiedenen Tests, die wir anbieten, geh\u00f6ren:<br \/>\u2022 Teilentladungspr\u00fcfungen<br \/>\u2022 LCR-Meter \/ Drehverh\u00e4ltnis<br \/>\u2022 Impuls-\/Funktionsgeneratoren<br \/>\u2022 Oszilloskope<br \/>\u2022 MegOhm \/ Hochspannungsdurchschlagspr\u00fcfung<br \/>\u2022 Multimeter<br \/>\u2022 400Hz-Tests<br \/><br \/>Bei Fragen wenden Sie sich bitte an uns.<\/p>\t\t\t\t\t\t\t\t<\/div>\n\t\t\t\t<\/div>\n\t\t\t\t\t<\/div>\n\t\t<\/div>\n\t\t\t\t\t<\/div>\n\t\t<\/section>\n\t\t\t\t<\/div>","protected":false},"excerpt":{"rendered":"<p>Home \/ Products \/ High Voltage \/ HV Test and Measurement \/ Partial Discharge Test Partial Discharge Test All standard tests relating to analog electronics as well as specific high-voltageand inductive tests can be performed. These take place using calibrated equipmentin our high-voltage secured area. In particular, the Partial Discharge measurementis the backbone for obtaining [&hellip;]<\/p>\n","protected":false},"author":1,"featured_media":0,"parent":0,"menu_order":0,"comment_status":"closed","ping_status":"closed","template":"","meta":{"site-sidebar-layout":"no-sidebar","site-content-layout":"page-builder","ast-site-content-layout":"default","site-content-style":"default","site-sidebar-style":"default","ast-global-header-display":"","ast-banner-title-visibility":"","ast-main-header-display":"","ast-hfb-above-header-display":"","ast-hfb-below-header-display":"","ast-hfb-mobile-header-display":"","site-post-title":"disabled","ast-breadcrumbs-content":"","ast-featured-img":"disabled","footer-sml-layout":"","ast-disable-related-posts":"","theme-transparent-header-meta":"default","adv-header-id-meta":"","stick-header-meta":"","header-above-stick-meta":"","header-main-stick-meta":"","header-below-stick-meta":"","astra-migrate-meta-layouts":"default","ast-page-background-enabled":"default","ast-page-background-meta":{"desktop":{"background-color":"","background-image":"","background-repeat":"repeat","background-position":"center center","background-size":"auto","background-attachment":"scroll","background-type":"","background-media":"","overlay-type":"","overlay-color":"","overlay-opacity":"","overlay-gradient":""},"tablet":{"background-color":"","background-image":"","background-repeat":"repeat","background-position":"center center","background-size":"auto","background-attachment":"scroll","background-type":"","background-media":"","overlay-type":"","overlay-color":"","overlay-opacity":"","overlay-gradient":""},"mobile":{"background-color":"","background-image":"","background-repeat":"repeat","background-position":"center center","background-size":"auto","background-attachment":"scroll","background-type":"","background-media":"","overlay-type":"","overlay-color":"","overlay-opacity":"","overlay-gradient":""}},"ast-content-background-meta":{"desktop":{"background-color":"var(--ast-global-color-5)","background-image":"","background-repeat":"repeat","background-position":"center center","background-size":"auto","background-attachment":"scroll","background-type":"","background-media":"","overlay-type":"","overlay-color":"","overlay-opacity":"","overlay-gradient":""},"tablet":{"background-color":"var(--ast-global-color-5)","background-image":"","background-repeat":"repeat","background-position":"center center","background-size":"auto","background-attachment":"scroll","background-type":"","background-media":"","overlay-type":"","overlay-color":"","overlay-opacity":"","overlay-gradient":""},"mobile":{"background-color":"var(--ast-global-color-5)","background-image":"","background-repeat":"repeat","background-position":"center center","background-size":"auto","background-attachment":"scroll","background-type":"","background-media":"","overlay-type":"","overlay-color":"","overlay-opacity":"","overlay-gradient":""}},"footnotes":""},"class_list":["post-5189","page","type-page","status-publish","hentry"],"yoast_head":"<!-- This site is optimized with the Yoast SEO plugin v27.2 - https:\/\/yoast.com\/product\/yoast-seo-wordpress\/ -->\n<title>Partial Discharge Test - HVP: High Voltage Products GmbH<\/title>\n<meta name=\"robots\" content=\"index, follow, max-snippet:-1, max-image-preview:large, max-video-preview:-1\" \/>\n<link rel=\"canonical\" href=\"https:\/\/hvproducts.de\/partial_discharge_test\" \/>\n<meta property=\"og:locale\" content=\"de_DE\" \/>\n<meta property=\"og:type\" content=\"article\" \/>\n<meta property=\"og:title\" content=\"Partial Discharge Test - HVP: High Voltage Products GmbH\" \/>\n<meta property=\"og:description\" content=\"Home \/ Products \/ High Voltage \/ HV Test and Measurement \/ Partial Discharge Test Partial Discharge Test All standard tests relating to analog electronics as well as specific high-voltageand inductive tests can be performed. These take place using calibrated equipmentin our high-voltage secured area. In particular, the Partial Discharge measurementis the backbone for obtaining [&hellip;]\" \/>\n<meta property=\"og:url\" content=\"https:\/\/hvproducts.de\/partial_discharge_test\" \/>\n<meta property=\"og:site_name\" content=\"HVP: High Voltage Products GmbH\" \/>\n<meta property=\"article:modified_time\" content=\"2021-03-10T22:27:30+00:00\" \/>\n<meta name=\"twitter:card\" content=\"summary_large_image\" \/>\n<meta name=\"twitter:label1\" content=\"Gesch\u00e4tzte Lesezeit\" \/>\n\t<meta name=\"twitter:data1\" content=\"1\u00a0Minute\" \/>\n<script type=\"application\/ld+json\" class=\"yoast-schema-graph\">{\"@context\":\"https:\/\/schema.org\",\"@graph\":[{\"@type\":\"WebPage\",\"@id\":\"https:\/\/hvproducts.de\/partial_discharge_test\",\"url\":\"https:\/\/hvproducts.de\/partial_discharge_test\",\"name\":\"Partial Discharge Test - HVP: High Voltage Products GmbH\",\"isPartOf\":{\"@id\":\"https:\/\/hvproducts.de\/#website\"},\"datePublished\":\"2021-03-09T12:33:49+00:00\",\"dateModified\":\"2021-03-10T22:27:30+00:00\",\"breadcrumb\":{\"@id\":\"https:\/\/hvproducts.de\/partial_discharge_test#breadcrumb\"},\"inLanguage\":\"de\",\"potentialAction\":[{\"@type\":\"ReadAction\",\"target\":[\"https:\/\/hvproducts.de\/partial_discharge_test\"]}]},{\"@type\":\"BreadcrumbList\",\"@id\":\"https:\/\/hvproducts.de\/partial_discharge_test#breadcrumb\",\"itemListElement\":[{\"@type\":\"ListItem\",\"position\":1,\"name\":\"Home\",\"item\":\"https:\/\/www.hvproducts.de\/\"},{\"@type\":\"ListItem\",\"position\":2,\"name\":\"Partial Discharge Test\"}]},{\"@type\":\"WebSite\",\"@id\":\"https:\/\/hvproducts.de\/#website\",\"url\":\"https:\/\/hvproducts.de\/\",\"name\":\"HVP: High Voltage Products GmbH\",\"description\":\"High Voltage Products GmbH\",\"publisher\":{\"@id\":\"https:\/\/hvproducts.de\/#organization\"},\"potentialAction\":[{\"@type\":\"SearchAction\",\"target\":{\"@type\":\"EntryPoint\",\"urlTemplate\":\"https:\/\/hvproducts.de\/?s={search_term_string}\"},\"query-input\":{\"@type\":\"PropertyValueSpecification\",\"valueRequired\":true,\"valueName\":\"search_term_string\"}}],\"inLanguage\":\"de\"},{\"@type\":\"Organization\",\"@id\":\"https:\/\/hvproducts.de\/#organization\",\"name\":\"HVP: High Voltage Products GmbH\",\"url\":\"https:\/\/hvproducts.de\/\",\"logo\":{\"@type\":\"ImageObject\",\"inLanguage\":\"de\",\"@id\":\"https:\/\/hvproducts.de\/#\/schema\/logo\/image\/\",\"url\":\"https:\/\/www.hvproducts.de\/wp-content\/uploads\/2021\/01\/cropped-iPhone-X-XS-11-Pro-\u2013-1@2x-2.png\",\"contentUrl\":\"https:\/\/www.hvproducts.de\/wp-content\/uploads\/2021\/01\/cropped-iPhone-X-XS-11-Pro-\u2013-1@2x-2.png\",\"width\":723,\"height\":224,\"caption\":\"HVP: High Voltage Products GmbH\"},\"image\":{\"@id\":\"https:\/\/hvproducts.de\/#\/schema\/logo\/image\/\"}}]}<\/script>\n<!-- \/ Yoast SEO plugin. -->","yoast_head_json":{"title":"Partial Discharge Test - HVP: High Voltage Products GmbH","robots":{"index":"index","follow":"follow","max-snippet":"max-snippet:-1","max-image-preview":"max-image-preview:large","max-video-preview":"max-video-preview:-1"},"canonical":"https:\/\/hvproducts.de\/partial_discharge_test","og_locale":"de_DE","og_type":"article","og_title":"Partial Discharge Test - HVP: High Voltage Products GmbH","og_description":"Home \/ Products \/ High Voltage \/ HV Test and Measurement \/ Partial Discharge Test Partial Discharge Test All standard tests relating to analog electronics as well as specific high-voltageand inductive tests can be performed. These take place using calibrated equipmentin our high-voltage secured area. In particular, the Partial Discharge measurementis the backbone for obtaining [&hellip;]","og_url":"https:\/\/hvproducts.de\/partial_discharge_test","og_site_name":"HVP: High Voltage Products GmbH","article_modified_time":"2021-03-10T22:27:30+00:00","twitter_card":"summary_large_image","twitter_misc":{"Gesch\u00e4tzte Lesezeit":"1\u00a0Minute"},"schema":{"@context":"https:\/\/schema.org","@graph":[{"@type":"WebPage","@id":"https:\/\/hvproducts.de\/partial_discharge_test","url":"https:\/\/hvproducts.de\/partial_discharge_test","name":"Partial Discharge Test - HVP: High Voltage Products GmbH","isPartOf":{"@id":"https:\/\/hvproducts.de\/#website"},"datePublished":"2021-03-09T12:33:49+00:00","dateModified":"2021-03-10T22:27:30+00:00","breadcrumb":{"@id":"https:\/\/hvproducts.de\/partial_discharge_test#breadcrumb"},"inLanguage":"de","potentialAction":[{"@type":"ReadAction","target":["https:\/\/hvproducts.de\/partial_discharge_test"]}]},{"@type":"BreadcrumbList","@id":"https:\/\/hvproducts.de\/partial_discharge_test#breadcrumb","itemListElement":[{"@type":"ListItem","position":1,"name":"Home","item":"https:\/\/www.hvproducts.de\/"},{"@type":"ListItem","position":2,"name":"Partial Discharge Test"}]},{"@type":"WebSite","@id":"https:\/\/hvproducts.de\/#website","url":"https:\/\/hvproducts.de\/","name":"HVP: High Voltage Products GmbH","description":"High Voltage Products GmbH","publisher":{"@id":"https:\/\/hvproducts.de\/#organization"},"potentialAction":[{"@type":"SearchAction","target":{"@type":"EntryPoint","urlTemplate":"https:\/\/hvproducts.de\/?s={search_term_string}"},"query-input":{"@type":"PropertyValueSpecification","valueRequired":true,"valueName":"search_term_string"}}],"inLanguage":"de"},{"@type":"Organization","@id":"https:\/\/hvproducts.de\/#organization","name":"HVP: High Voltage Products GmbH","url":"https:\/\/hvproducts.de\/","logo":{"@type":"ImageObject","inLanguage":"de","@id":"https:\/\/hvproducts.de\/#\/schema\/logo\/image\/","url":"https:\/\/www.hvproducts.de\/wp-content\/uploads\/2021\/01\/cropped-iPhone-X-XS-11-Pro-\u2013-1@2x-2.png","contentUrl":"https:\/\/www.hvproducts.de\/wp-content\/uploads\/2021\/01\/cropped-iPhone-X-XS-11-Pro-\u2013-1@2x-2.png","width":723,"height":224,"caption":"HVP: High Voltage Products GmbH"},"image":{"@id":"https:\/\/hvproducts.de\/#\/schema\/logo\/image\/"}}]}},"_links":{"self":[{"href":"https:\/\/www.hvproducts.de\/de\/wp-json\/wp\/v2\/pages\/5189","targetHints":{"allow":["GET"]}}],"collection":[{"href":"https:\/\/www.hvproducts.de\/de\/wp-json\/wp\/v2\/pages"}],"about":[{"href":"https:\/\/www.hvproducts.de\/de\/wp-json\/wp\/v2\/types\/page"}],"author":[{"embeddable":true,"href":"https:\/\/www.hvproducts.de\/de\/wp-json\/wp\/v2\/users\/1"}],"replies":[{"embeddable":true,"href":"https:\/\/www.hvproducts.de\/de\/wp-json\/wp\/v2\/comments?post=5189"}],"version-history":[{"count":13,"href":"https:\/\/www.hvproducts.de\/de\/wp-json\/wp\/v2\/pages\/5189\/revisions"}],"predecessor-version":[{"id":5461,"href":"https:\/\/www.hvproducts.de\/de\/wp-json\/wp\/v2\/pages\/5189\/revisions\/5461"}],"wp:attachment":[{"href":"https:\/\/www.hvproducts.de\/de\/wp-json\/wp\/v2\/media?parent=5189"}],"curies":[{"name":"wp","href":"https:\/\/api.w.org\/{rel}","templated":true}]}}