{"id":5185,"date":"2021-03-09T12:33:04","date_gmt":"2021-03-09T12:33:04","guid":{"rendered":"\/?page_id=5185"},"modified":"2021-08-09T05:15:54","modified_gmt":"2021-08-09T05:15:54","slug":"dc_voltmeter","status":"publish","type":"page","link":"https:\/\/www.hvproducts.de\/de\/dc_voltmeter","title":{"rendered":"DC Spannungsmessger\u00e4te"},"content":{"rendered":"<div data-elementor-type=\"wp-page\" data-elementor-id=\"5185\" class=\"elementor elementor-5185\">\n\t\t\t\t\t\t<section class=\"elementor-section elementor-top-section elementor-element elementor-element-9bc6fa7 elementor-section-boxed elementor-section-height-default elementor-section-height-default\" data-id=\"9bc6fa7\" data-element_type=\"section\" data-e-type=\"section\">\n\t\t\t\t\t\t\t<div class=\"elementor-background-overlay\"><\/div>\n\t\t\t\t\t\t\t<div class=\"elementor-container elementor-column-gap-default\">\n\t\t\t\t\t<div class=\"elementor-column elementor-col-100 elementor-top-column elementor-element elementor-element-b58caa1\" data-id=\"b58caa1\" data-element_type=\"column\" data-e-type=\"column\">\n\t\t\t<div class=\"elementor-widget-wrap elementor-element-populated\">\n\t\t\t\t\t\t<div class=\"elementor-element elementor-element-423ce7c elementor-widget elementor-widget-text-editor\" data-id=\"423ce7c\" data-element_type=\"widget\" data-e-type=\"widget\" data-widget_type=\"text-editor.default\">\n\t\t\t\t<div class=\"elementor-widget-container\">\n\t\t\t\t\t\t\t\t\t<p><a href=\"https:\/\/www.hvproducts.de\">Startseite<\/a> \/ Produkte \/ Hochspannung \/ <a href=\"https:\/\/www.hvproducts.de\/hv_test_and_measurements\/\">HV-Pr\u00fcfung und -Messung<\/a> \/ <a href=\"https:\/\/www.hvproducts.de\/dc_voltmeter\/\">DC Spannungsmessger\u00e4te\u00a0<\/a><\/p>\t\t\t\t\t\t\t\t<\/div>\n\t\t\t\t<\/div>\n\t\t\t\t<div class=\"elementor-element elementor-element-14d6d47 elementor-widget elementor-widget-heading\" data-id=\"14d6d47\" data-element_type=\"widget\" data-e-type=\"widget\" data-widget_type=\"heading.default\">\n\t\t\t\t<div class=\"elementor-widget-container\">\n\t\t\t\t\t<h2 class=\"elementor-heading-title elementor-size-default\"><h1 style=\"margin-bottom: 0.5rem;font-weight: 500;font-size: 30px;, sans-serif;font-style: normal;white-space: normal\">HVM Serie - Digitales Hochspannungsmessger\u00e4t<\/h1><\/h2>\t\t\t\t<\/div>\n\t\t\t\t<\/div>\n\t\t\t\t<div class=\"elementor-element elementor-element-3cf3d05 elementor-widget elementor-widget-text-editor\" data-id=\"3cf3d05\" data-element_type=\"widget\" data-e-type=\"widget\" data-widget_type=\"text-editor.default\">\n\t\t\t\t<div class=\"elementor-widget-container\">\n\t\t\t\t\t\t\t\t\t<p>Ausstattung:<\/p><ul><li style=\"list-style-type: none;\"><ul><li>Misst 500 bis 40.000 Volt DC<\/li><li>Gro\u00df\u00a0<span class=\"caps\">LED<\/span>\u00a0Anzeige<\/li><li>Fortschrittliches Solid-State-Design<\/li><li>Der Doppelbereichsschalter bietet eine h\u00f6here Aufl\u00f6sung f\u00fcr die Messung von Spannungen unter 20 Kilovolt<\/li><li>Extrem hohe Eingangsimpedanz (10 Giga-Ohm) minimiert die Belastung des Schaltkreises<\/li><li>Einziehbare Klappf\u00fc\u00dfe (Standard)<\/li><li>Versenkbarer Kippgriff (optional)<\/li><\/ul><\/li><\/ul>\t\t\t\t\t\t\t\t<\/div>\n\t\t\t\t<\/div>\n\t\t\t\t\t<\/div>\n\t\t<\/div>\n\t\t\t\t\t<\/div>\n\t\t<\/section>\n\t\t\t\t<section class=\"elementor-section elementor-top-section elementor-element elementor-element-3d96149 elementor-section-boxed elementor-section-height-default elementor-section-height-default\" data-id=\"3d96149\" data-element_type=\"section\" data-e-type=\"section\">\n\t\t\t\t\t\t<div class=\"elementor-container elementor-column-gap-default\">\n\t\t\t\t\t<div class=\"elementor-column elementor-col-100 elementor-top-column elementor-element elementor-element-576b7fe\" data-id=\"576b7fe\" data-element_type=\"column\" data-e-type=\"column\">\n\t\t\t<div class=\"elementor-widget-wrap elementor-element-populated\">\n\t\t\t\t\t\t<section class=\"elementor-section elementor-inner-section elementor-element elementor-element-e9bb55d elementor-section-boxed elementor-section-height-default elementor-section-height-default\" data-id=\"e9bb55d\" data-element_type=\"section\" data-e-type=\"section\">\n\t\t\t\t\t\t<div class=\"elementor-container elementor-column-gap-default\">\n\t\t\t\t\t<div class=\"elementor-column elementor-col-50 elementor-inner-column elementor-element elementor-element-a60b323\" data-id=\"a60b323\" data-element_type=\"column\" data-e-type=\"column\">\n\t\t\t<div class=\"elementor-widget-wrap elementor-element-populated\">\n\t\t\t\t\t\t<div class=\"elementor-element elementor-element-47fef01 elementor-widget elementor-widget-image\" data-id=\"47fef01\" data-element_type=\"widget\" data-e-type=\"widget\" data-widget_type=\"image.default\">\n\t\t\t\t<div class=\"elementor-widget-container\">\n\t\t\t\t\t\t\t\t\t\t\t\t\t\t\t<img fetchpriority=\"high\" decoding=\"async\" width=\"731\" height=\"341\" src=\"https:\/\/www.hvproducts.de\/wp-content\/uploads\/2021\/04\/hvm40b-1-removebg-preview.png\" class=\"attachment-large size-large wp-image-10265\" alt=\"Digital HV Meter\" srcset=\"https:\/\/www.hvproducts.de\/wp-content\/uploads\/2021\/04\/hvm40b-1-removebg-preview.png 731w, https:\/\/www.hvproducts.de\/wp-content\/uploads\/2021\/04\/hvm40b-1-removebg-preview-300x140.png 300w, https:\/\/www.hvproducts.de\/wp-content\/uploads\/2021\/04\/hvm40b-1-removebg-preview-18x8.png 18w\" sizes=\"(max-width: 731px) 100vw, 731px\" \/>\t\t\t\t\t\t\t\t\t\t\t\t\t\t\t<\/div>\n\t\t\t\t<\/div>\n\t\t\t\t\t<\/div>\n\t\t<\/div>\n\t\t\t\t<div class=\"elementor-column elementor-col-50 elementor-inner-column elementor-element elementor-element-a07f648\" data-id=\"a07f648\" data-element_type=\"column\" data-e-type=\"column\">\n\t\t\t<div class=\"elementor-widget-wrap elementor-element-populated\">\n\t\t\t\t\t\t<div class=\"elementor-element elementor-element-5eb2737 elementor-widget elementor-widget-text-editor\" data-id=\"5eb2737\" data-element_type=\"widget\" data-e-type=\"widget\" data-widget_type=\"text-editor.default\">\n\t\t\t\t<div class=\"elementor-widget-container\">\n\t\t\t\t\t\t\t\t\t<div class=\"headline\">\u00a0<\/div><p><span style=\"text-decoration: underline;\">Typische Anwendungen:<\/span><\/p><ul><li>Labormessungen<\/li><li>Fehlersuche in Hochspannungsschaltungen<\/li><li>Elektrostatischer Luftreiniger Service - Wartung<\/li><li>Statische Stromversorgungs\u00fcberwachung<\/li><\/ul>\t\t\t\t\t\t\t\t<\/div>\n\t\t\t\t<\/div>\n\t\t\t\t\t<\/div>\n\t\t<\/div>\n\t\t\t\t\t<\/div>\n\t\t<\/section>\n\t\t\t\t\t<\/div>\n\t\t<\/div>\n\t\t\t\t\t<\/div>\n\t\t<\/section>\n\t\t\t\t<section class=\"elementor-section elementor-top-section elementor-element elementor-element-2a33b7f elementor-section-boxed elementor-section-height-default elementor-section-height-default\" data-id=\"2a33b7f\" data-element_type=\"section\" data-e-type=\"section\">\n\t\t\t\t\t\t<div class=\"elementor-container elementor-column-gap-default\">\n\t\t\t\t\t<div class=\"elementor-column elementor-col-100 elementor-top-column elementor-element elementor-element-8089c7f\" data-id=\"8089c7f\" data-element_type=\"column\" data-e-type=\"column\">\n\t\t\t<div class=\"elementor-widget-wrap elementor-element-populated\">\n\t\t\t\t\t\t<div class=\"elementor-element elementor-element-d7b4fab elementor-widget elementor-widget-spacer\" data-id=\"d7b4fab\" data-element_type=\"widget\" data-e-type=\"widget\" data-widget_type=\"spacer.default\">\n\t\t\t\t<div class=\"elementor-widget-container\">\n\t\t\t\t\t\t\t<div class=\"elementor-spacer\">\n\t\t\t<div class=\"elementor-spacer-inner\"><\/div>\n\t\t<\/div>\n\t\t\t\t\t\t<\/div>\n\t\t\t\t<\/div>\n\t\t\t\t\t<\/div>\n\t\t<\/div>\n\t\t\t\t\t<\/div>\n\t\t<\/section>\n\t\t\t\t<section class=\"elementor-section elementor-top-section elementor-element elementor-element-d93fc9f elementor-section-boxed elementor-section-height-default elementor-section-height-default\" data-id=\"d93fc9f\" data-element_type=\"section\" data-e-type=\"section\">\n\t\t\t\t\t\t<div class=\"elementor-container elementor-column-gap-default\">\n\t\t\t\t\t<div class=\"elementor-column elementor-col-100 elementor-top-column elementor-element elementor-element-cccbe13\" data-id=\"cccbe13\" data-element_type=\"column\" data-e-type=\"column\">\n\t\t\t<div class=\"elementor-widget-wrap elementor-element-populated\">\n\t\t\t\t\t\t<div class=\"elementor-element elementor-element-6ac696f elementor-widget elementor-widget-text-editor\" data-id=\"6ac696f\" data-element_type=\"widget\" data-e-type=\"widget\" data-widget_type=\"text-editor.default\">\n\t\t\t\t<div class=\"elementor-widget-container\">\n\t\t\t\t\t\t\t\t\t<table style=\"border: none; table-layout: fixed;\"><tbody><tr><td style=\"padding: 0 25px 0 0; border: none;\"><table style=\"border: none; table-layout: fixed;\"><tbody><tr><td style=\"padding: 0 25px 0 0; border: none;\"><span class=\"text\" style=\"display: inline-flex;\"><a href=\"https:\/\/www.hvproducts.de\/media\/d-hvm40b_rev3.0.pdf\"><img decoding=\"async\" class=\"aligncenter\" style=\"padding-right: 15px; width: 57px; height: 55px;\" src=\"https:\/\/www.hvproducts.de\/wp-content\/uploads\/2021\/01\/download.png\" \/><\/a><a href=\"https:\/\/www.hvproducts.de\/wp-content\/uploads\/2021\/04\/d-hvm40b_rev3.0.pdf\">Datenblatt HV-Z\u00e4hler<\/a><\/span><\/td><\/tr><\/tbody><\/table><\/td><\/tr><\/tbody><\/table>\t\t\t\t\t\t\t\t<\/div>\n\t\t\t\t<\/div>\n\t\t\t\t\t<\/div>\n\t\t<\/div>\n\t\t\t\t\t<\/div>\n\t\t<\/section>\n\t\t\t\t<\/div>","protected":false},"excerpt":{"rendered":"<p>Home \/ Products \/ High Voltage \/ HV Test and Measurement \/ DC Voltmeter&nbsp; HVM Series &#8211; Digital High Voltage Meter Features: Measures 500 to 40,000 Volts DC Large&nbsp;LED&nbsp;display Advanced solid-state design Dual range switch provides increased resolution for measuring voltages below 20 kilovolts Extremely high input impedance (10 giga-ohms) minimizes circuit loading Retractable Flip [&hellip;]<\/p>\n","protected":false},"author":1,"featured_media":0,"parent":0,"menu_order":0,"comment_status":"closed","ping_status":"closed","template":"","meta":{"site-sidebar-layout":"no-sidebar","site-content-layout":"page-builder","ast-site-content-layout":"default","site-content-style":"default","site-sidebar-style":"default","ast-global-header-display":"","ast-banner-title-visibility":"","ast-main-header-display":"","ast-hfb-above-header-display":"","ast-hfb-below-header-display":"","ast-hfb-mobile-header-display":"","site-post-title":"disabled","ast-breadcrumbs-content":"","ast-featured-img":"disabled","footer-sml-layout":"","ast-disable-related-posts":"","theme-transparent-header-meta":"default","adv-header-id-meta":"","stick-header-meta":"","header-above-stick-meta":"","header-main-stick-meta":"","header-below-stick-meta":"","astra-migrate-meta-layouts":"default","ast-page-background-enabled":"default","ast-page-background-meta":{"desktop":{"background-color":"","background-image":"","background-repeat":"repeat","background-position":"center center","background-size":"auto","background-attachment":"scroll","background-type":"","background-media":"","overlay-type":"","overlay-color":"","overlay-opacity":"","overlay-gradient":""},"tablet":{"background-color":"","background-image":"","background-repeat":"repeat","background-position":"center center","background-size":"auto","background-attachment":"scroll","background-type":"","background-media":"","overlay-type":"","overlay-color":"","overlay-opacity":"","overlay-gradient":""},"mobile":{"background-color":"","background-image":"","background-repeat":"repeat","background-position":"center center","background-size":"auto","background-attachment":"scroll","background-type":"","background-media":"","overlay-type":"","overlay-color":"","overlay-opacity":"","overlay-gradient":""}},"ast-content-background-meta":{"desktop":{"background-color":"var(--ast-global-color-5)","background-image":"","background-repeat":"repeat","background-position":"center center","background-size":"auto","background-attachment":"scroll","background-type":"","background-media":"","overlay-type":"","overlay-color":"","overlay-opacity":"","overlay-gradient":""},"tablet":{"background-color":"var(--ast-global-color-5)","background-image":"","background-repeat":"repeat","background-position":"center center","background-size":"auto","background-attachment":"scroll","background-type":"","background-media":"","overlay-type":"","overlay-color":"","overlay-opacity":"","overlay-gradient":""},"mobile":{"background-color":"var(--ast-global-color-5)","background-image":"","background-repeat":"repeat","background-position":"center center","background-size":"auto","background-attachment":"scroll","background-type":"","background-media":"","overlay-type":"","overlay-color":"","overlay-opacity":"","overlay-gradient":""}},"footnotes":""},"class_list":["post-5185","page","type-page","status-publish","hentry"],"yoast_head":"<!-- This site is optimized with the Yoast SEO plugin v27.2 - https:\/\/yoast.com\/product\/yoast-seo-wordpress\/ -->\n<title>HVM Series - Digital High Voltage Meter | HV Test &amp; Measurements<\/title>\n<meta name=\"description\" content=\"We provide high voltage DC Voltmeter. Laboratory Measurements, Troubleshooting High Voltage Circuits, Maintenance Static Power Supply Monitoring in applications.\" \/>\n<meta name=\"robots\" content=\"index, follow, max-snippet:-1, max-image-preview:large, max-video-preview:-1\" \/>\n<link rel=\"canonical\" href=\"https:\/\/www.hvproducts.de\/de\/dc_voltmeter\/\" \/>\n<meta property=\"og:locale\" content=\"de_DE\" \/>\n<meta property=\"og:type\" content=\"article\" \/>\n<meta property=\"og:title\" content=\"HVM Series - Digital High Voltage Meter | HV Test &amp; Measurements\" \/>\n<meta property=\"og:description\" content=\"We provide high voltage DC Voltmeter. Laboratory Measurements, Troubleshooting High Voltage Circuits, Maintenance Static Power Supply Monitoring in applications.\" \/>\n<meta property=\"og:url\" content=\"https:\/\/www.hvproducts.de\/de\/dc_voltmeter\/\" \/>\n<meta property=\"og:site_name\" content=\"HVP: High Voltage Products GmbH\" \/>\n<meta property=\"article:modified_time\" content=\"2021-08-09T05:15:54+00:00\" \/>\n<meta property=\"og:image\" content=\"https:\/\/www.hvproducts.de\/wp-content\/uploads\/2021\/04\/hvm40b-1-removebg-preview.png\" \/>\n<meta name=\"twitter:card\" content=\"summary_large_image\" \/>\n<meta name=\"twitter:label1\" content=\"Gesch\u00e4tzte Lesezeit\" \/>\n\t<meta name=\"twitter:data1\" content=\"1\u00a0Minute\" \/>\n<script type=\"application\/ld+json\" class=\"yoast-schema-graph\">{\"@context\":\"https:\/\/schema.org\",\"@graph\":[{\"@type\":\"WebPage\",\"@id\":\"https:\/\/www.hvproducts.de\/dc_voltmeter\",\"url\":\"https:\/\/www.hvproducts.de\/dc_voltmeter\",\"name\":\"HVM Series - Digital High Voltage Meter | HV Test & Measurements\",\"isPartOf\":{\"@id\":\"https:\/\/hvproducts.de\/#website\"},\"primaryImageOfPage\":{\"@id\":\"https:\/\/www.hvproducts.de\/dc_voltmeter#primaryimage\"},\"image\":{\"@id\":\"https:\/\/www.hvproducts.de\/dc_voltmeter#primaryimage\"},\"thumbnailUrl\":\"https:\/\/www.hvproducts.de\/wp-content\/uploads\/2021\/04\/hvm40b-1-removebg-preview.png\",\"datePublished\":\"2021-03-09T12:33:04+00:00\",\"dateModified\":\"2021-08-09T05:15:54+00:00\",\"description\":\"We provide high voltage DC Voltmeter. Laboratory Measurements, Troubleshooting High Voltage Circuits, Maintenance Static Power Supply Monitoring in applications.\",\"breadcrumb\":{\"@id\":\"https:\/\/www.hvproducts.de\/dc_voltmeter#breadcrumb\"},\"inLanguage\":\"de\",\"potentialAction\":[{\"@type\":\"ReadAction\",\"target\":[\"https:\/\/www.hvproducts.de\/dc_voltmeter\"]}]},{\"@type\":\"ImageObject\",\"inLanguage\":\"de\",\"@id\":\"https:\/\/www.hvproducts.de\/dc_voltmeter#primaryimage\",\"url\":\"https:\/\/www.hvproducts.de\/wp-content\/uploads\/2021\/04\/hvm40b-1-removebg-preview.png\",\"contentUrl\":\"https:\/\/www.hvproducts.de\/wp-content\/uploads\/2021\/04\/hvm40b-1-removebg-preview.png\"},{\"@type\":\"BreadcrumbList\",\"@id\":\"https:\/\/www.hvproducts.de\/dc_voltmeter#breadcrumb\",\"itemListElement\":[{\"@type\":\"ListItem\",\"position\":1,\"name\":\"Home\",\"item\":\"https:\/\/www.hvproducts.de\/\"},{\"@type\":\"ListItem\",\"position\":2,\"name\":\"DC Voltmeter\"}]},{\"@type\":\"WebSite\",\"@id\":\"https:\/\/hvproducts.de\/#website\",\"url\":\"https:\/\/hvproducts.de\/\",\"name\":\"HVP: High Voltage Products GmbH\",\"description\":\"High Voltage Products GmbH\",\"publisher\":{\"@id\":\"https:\/\/hvproducts.de\/#organization\"},\"potentialAction\":[{\"@type\":\"SearchAction\",\"target\":{\"@type\":\"EntryPoint\",\"urlTemplate\":\"https:\/\/hvproducts.de\/?s={search_term_string}\"},\"query-input\":{\"@type\":\"PropertyValueSpecification\",\"valueRequired\":true,\"valueName\":\"search_term_string\"}}],\"inLanguage\":\"de\"},{\"@type\":\"Organization\",\"@id\":\"https:\/\/hvproducts.de\/#organization\",\"name\":\"HVP: High Voltage Products GmbH\",\"url\":\"https:\/\/hvproducts.de\/\",\"logo\":{\"@type\":\"ImageObject\",\"inLanguage\":\"de\",\"@id\":\"https:\/\/hvproducts.de\/#\/schema\/logo\/image\/\",\"url\":\"https:\/\/www.hvproducts.de\/wp-content\/uploads\/2021\/01\/cropped-iPhone-X-XS-11-Pro-\u2013-1@2x-2.png\",\"contentUrl\":\"https:\/\/www.hvproducts.de\/wp-content\/uploads\/2021\/01\/cropped-iPhone-X-XS-11-Pro-\u2013-1@2x-2.png\",\"width\":723,\"height\":224,\"caption\":\"HVP: High Voltage Products GmbH\"},\"image\":{\"@id\":\"https:\/\/hvproducts.de\/#\/schema\/logo\/image\/\"}}]}<\/script>\n<!-- \/ Yoast SEO plugin. -->","yoast_head_json":{"title":"HVM Series - Digital High Voltage Meter | HV Test & Measurements","description":"We provide high voltage DC Voltmeter. Laboratory Measurements, Troubleshooting High Voltage Circuits, Maintenance Static Power Supply Monitoring in applications.","robots":{"index":"index","follow":"follow","max-snippet":"max-snippet:-1","max-image-preview":"max-image-preview:large","max-video-preview":"max-video-preview:-1"},"canonical":"https:\/\/www.hvproducts.de\/de\/dc_voltmeter\/","og_locale":"de_DE","og_type":"article","og_title":"HVM Series - Digital High Voltage Meter | HV Test & Measurements","og_description":"We provide high voltage DC Voltmeter. Laboratory Measurements, Troubleshooting High Voltage Circuits, Maintenance Static Power Supply Monitoring in applications.","og_url":"https:\/\/www.hvproducts.de\/de\/dc_voltmeter\/","og_site_name":"HVP: High Voltage Products GmbH","article_modified_time":"2021-08-09T05:15:54+00:00","og_image":[{"url":"https:\/\/www.hvproducts.de\/wp-content\/uploads\/2021\/04\/hvm40b-1-removebg-preview.png","type":"","width":"","height":""}],"twitter_card":"summary_large_image","twitter_misc":{"Gesch\u00e4tzte Lesezeit":"1\u00a0Minute"},"schema":{"@context":"https:\/\/schema.org","@graph":[{"@type":"WebPage","@id":"https:\/\/www.hvproducts.de\/dc_voltmeter","url":"https:\/\/www.hvproducts.de\/dc_voltmeter","name":"HVM Series - Digital High Voltage Meter | HV Test & Measurements","isPartOf":{"@id":"https:\/\/hvproducts.de\/#website"},"primaryImageOfPage":{"@id":"https:\/\/www.hvproducts.de\/dc_voltmeter#primaryimage"},"image":{"@id":"https:\/\/www.hvproducts.de\/dc_voltmeter#primaryimage"},"thumbnailUrl":"https:\/\/www.hvproducts.de\/wp-content\/uploads\/2021\/04\/hvm40b-1-removebg-preview.png","datePublished":"2021-03-09T12:33:04+00:00","dateModified":"2021-08-09T05:15:54+00:00","description":"We provide high voltage DC Voltmeter. Laboratory Measurements, Troubleshooting High Voltage Circuits, Maintenance Static Power Supply Monitoring in applications.","breadcrumb":{"@id":"https:\/\/www.hvproducts.de\/dc_voltmeter#breadcrumb"},"inLanguage":"de","potentialAction":[{"@type":"ReadAction","target":["https:\/\/www.hvproducts.de\/dc_voltmeter"]}]},{"@type":"ImageObject","inLanguage":"de","@id":"https:\/\/www.hvproducts.de\/dc_voltmeter#primaryimage","url":"https:\/\/www.hvproducts.de\/wp-content\/uploads\/2021\/04\/hvm40b-1-removebg-preview.png","contentUrl":"https:\/\/www.hvproducts.de\/wp-content\/uploads\/2021\/04\/hvm40b-1-removebg-preview.png"},{"@type":"BreadcrumbList","@id":"https:\/\/www.hvproducts.de\/dc_voltmeter#breadcrumb","itemListElement":[{"@type":"ListItem","position":1,"name":"Home","item":"https:\/\/www.hvproducts.de\/"},{"@type":"ListItem","position":2,"name":"DC Voltmeter"}]},{"@type":"WebSite","@id":"https:\/\/hvproducts.de\/#website","url":"https:\/\/hvproducts.de\/","name":"HVP: High Voltage Products GmbH","description":"High Voltage Products GmbH","publisher":{"@id":"https:\/\/hvproducts.de\/#organization"},"potentialAction":[{"@type":"SearchAction","target":{"@type":"EntryPoint","urlTemplate":"https:\/\/hvproducts.de\/?s={search_term_string}"},"query-input":{"@type":"PropertyValueSpecification","valueRequired":true,"valueName":"search_term_string"}}],"inLanguage":"de"},{"@type":"Organization","@id":"https:\/\/hvproducts.de\/#organization","name":"HVP: High Voltage Products GmbH","url":"https:\/\/hvproducts.de\/","logo":{"@type":"ImageObject","inLanguage":"de","@id":"https:\/\/hvproducts.de\/#\/schema\/logo\/image\/","url":"https:\/\/www.hvproducts.de\/wp-content\/uploads\/2021\/01\/cropped-iPhone-X-XS-11-Pro-\u2013-1@2x-2.png","contentUrl":"https:\/\/www.hvproducts.de\/wp-content\/uploads\/2021\/01\/cropped-iPhone-X-XS-11-Pro-\u2013-1@2x-2.png","width":723,"height":224,"caption":"HVP: High Voltage Products GmbH"},"image":{"@id":"https:\/\/hvproducts.de\/#\/schema\/logo\/image\/"}}]}},"_links":{"self":[{"href":"https:\/\/www.hvproducts.de\/de\/wp-json\/wp\/v2\/pages\/5185","targetHints":{"allow":["GET"]}}],"collection":[{"href":"https:\/\/www.hvproducts.de\/de\/wp-json\/wp\/v2\/pages"}],"about":[{"href":"https:\/\/www.hvproducts.de\/de\/wp-json\/wp\/v2\/types\/page"}],"author":[{"embeddable":true,"href":"https:\/\/www.hvproducts.de\/de\/wp-json\/wp\/v2\/users\/1"}],"replies":[{"embeddable":true,"href":"https:\/\/www.hvproducts.de\/de\/wp-json\/wp\/v2\/comments?post=5185"}],"version-history":[{"count":32,"href":"https:\/\/www.hvproducts.de\/de\/wp-json\/wp\/v2\/pages\/5185\/revisions"}],"predecessor-version":[{"id":11882,"href":"https:\/\/www.hvproducts.de\/de\/wp-json\/wp\/v2\/pages\/5185\/revisions\/11882"}],"wp:attachment":[{"href":"https:\/\/www.hvproducts.de\/de\/wp-json\/wp\/v2\/media?parent=5185"}],"curies":[{"name":"wp","href":"https:\/\/api.w.org\/{rel}","templated":true}]}}