{"id":4513,"date":"2021-03-01T22:35:36","date_gmt":"2021-03-01T22:35:36","guid":{"rendered":"\/?page_id=4513"},"modified":"2021-08-09T05:12:06","modified_gmt":"2021-08-09T05:12:06","slug":"transformers","status":"publish","type":"page","link":"https:\/\/www.hvproducts.de\/de\/transformers","title":{"rendered":"Transformatoren"},"content":{"rendered":"<div data-elementor-type=\"wp-page\" data-elementor-id=\"4513\" class=\"elementor elementor-4513\">\n\t\t\t\t\t\t<section class=\"elementor-section elementor-top-section elementor-element elementor-element-9bc6fa7 elementor-section-boxed elementor-section-height-default elementor-section-height-default\" data-id=\"9bc6fa7\" data-element_type=\"section\" data-e-type=\"section\">\n\t\t\t\t\t\t\t<div class=\"elementor-background-overlay\"><\/div>\n\t\t\t\t\t\t\t<div class=\"elementor-container elementor-column-gap-default\">\n\t\t\t\t\t<div class=\"elementor-column elementor-col-100 elementor-top-column elementor-element elementor-element-b58caa1\" data-id=\"b58caa1\" data-element_type=\"column\" data-e-type=\"column\">\n\t\t\t<div class=\"elementor-widget-wrap elementor-element-populated\">\n\t\t\t\t\t\t<div class=\"elementor-element elementor-element-423ce7c elementor-widget elementor-widget-text-editor\" data-id=\"423ce7c\" data-element_type=\"widget\" data-e-type=\"widget\" data-widget_type=\"text-editor.default\">\n\t\t\t\t<div class=\"elementor-widget-container\">\n\t\t\t\t\t\t\t\t\t<p><a href=\"https:\/\/www.hvproducts.de\">Startseite<\/a> \/ Produkte \/ Hochspannung \/ Passive HV-Komponenten \/ <a href=\"https:\/\/www.hvproducts.de\/transformers\/\">Transformatoren<\/a><\/p>\t\t\t\t\t\t\t\t<\/div>\n\t\t\t\t<\/div>\n\t\t\t\t<div class=\"elementor-element elementor-element-14d6d47 elementor-widget elementor-widget-heading\" data-id=\"14d6d47\" data-element_type=\"widget\" data-e-type=\"widget\" data-widget_type=\"heading.default\">\n\t\t\t\t<div class=\"elementor-widget-container\">\n\t\t\t\t\t<h2 class=\"elementor-heading-title elementor-size-default\"><h1 style=\"margin-bottom: 0.5rem;font-weight: 500;font-size: 30px;, sans-serif;font-style: normal;white-space: normal\">Transformatoren<\/h1><\/h2>\t\t\t\t<\/div>\n\t\t\t\t<\/div>\n\t\t\t\t<div class=\"elementor-element elementor-element-3cf3d05 elementor-widget elementor-widget-text-editor\" data-id=\"3cf3d05\" data-element_type=\"widget\" data-e-type=\"widget\" data-widget_type=\"text-editor.default\">\n\t\t\t\t<div class=\"elementor-widget-container\">\n\t\t\t\t\t\t\t\t\t<p>Mit einer nahezu unendlichen Auswahl an konfigurierbaren kundenspezifischen Transformatoren k\u00f6nnen wir Ihre Anforderungen f\u00fcr Ger\u00e4te erf\u00fcllen, die elektrische \u00dcbertragung, Stromkreisschutz und Leistungsisolierung erfordern. Zus\u00e4tzlich zu unseren kundenspezifischen Transformatoren bieten wir auch eine Reihe von Standardkonstruktionen an, von denen einige Details unten aufgef\u00fchrt sind. Wir verf\u00fcgen \u00fcber eine Reihe von Fachkenntnissen im Bau von Transformatoren mit unterschiedlichen Anforderungen an die Prim\u00e4r- und Sekund\u00e4rspannung, die Trennspannung, die KVA-Leistung, die Isolierstoffe sowie verschiedene Gr\u00f6\u00dfen und Gewichte, damit sie zu Ihrer Einrichtung passen.<\/p>\t\t\t\t\t\t\t\t<\/div>\n\t\t\t\t<\/div>\n\t\t\t\t\t<\/div>\n\t\t<\/div>\n\t\t\t\t\t<\/div>\n\t\t<\/section>\n\t\t\t\t<section class=\"elementor-section elementor-top-section elementor-element elementor-element-e91b148 elementor-section-boxed elementor-section-height-default elementor-section-height-default\" data-id=\"e91b148\" data-element_type=\"section\" data-e-type=\"section\">\n\t\t\t\t\t\t<div class=\"elementor-container elementor-column-gap-default\">\n\t\t\t\t\t<div class=\"elementor-column elementor-col-100 elementor-top-column elementor-element elementor-element-26b238f\" data-id=\"26b238f\" data-element_type=\"column\" data-e-type=\"column\">\n\t\t\t<div class=\"elementor-widget-wrap elementor-element-populated\">\n\t\t\t\t\t\t<div class=\"elementor-element elementor-element-fe80f51 elementor-widget-divider--view-line elementor-widget elementor-widget-divider\" data-id=\"fe80f51\" data-element_type=\"widget\" data-e-type=\"widget\" data-widget_type=\"divider.default\">\n\t\t\t\t<div class=\"elementor-widget-container\">\n\t\t\t\t\t\t\t<div class=\"elementor-divider\">\n\t\t\t<span class=\"elementor-divider-separator\">\n\t\t\t\t\t\t<\/span>\n\t\t<\/div>\n\t\t\t\t\t\t<\/div>\n\t\t\t\t<\/div>\n\t\t\t\t<div class=\"elementor-element elementor-element-af42251 elementor-widget elementor-widget-image-gallery\" data-id=\"af42251\" data-element_type=\"widget\" data-e-type=\"widget\" data-widget_type=\"image-gallery.default\">\n\t\t\t\t<div class=\"elementor-widget-container\">\n\t\t\t\t\t\t\t<div class=\"elementor-image-gallery\">\n\t\t\t<div id='gallery-1' class='gallery galleryid-4513 gallery-columns-3 gallery-size-thumbnail'><figure class='gallery-item'>\n\t\t\t<div class='gallery-icon landscape'>\n\t\t\t\t<a  href='https:\/\/www.hvproducts.de\/de\/isoltaion_transformer-removebg-preview-1-2-2'><img decoding=\"async\" width=\"150\" height=\"150\" src=\"https:\/\/www.hvproducts.de\/wp-content\/uploads\/2021\/06\/isoltaion_transformer-removebg-preview-1.2-1-150x150.png\" class=\"attachment-thumbnail size-thumbnail\" alt=\"Isolation Transformers\" aria-describedby=\"gallery-1-11768\" srcset=\"https:\/\/www.hvproducts.de\/wp-content\/uploads\/2021\/06\/isoltaion_transformer-removebg-preview-1.2-1-150x150.png 150w, https:\/\/www.hvproducts.de\/wp-content\/uploads\/2021\/06\/isoltaion_transformer-removebg-preview-1.2-1-13x12.png 13w\" sizes=\"(max-width: 150px) 100vw, 150px\" \/><\/a>\n\t\t\t<\/div>\n\t\t\t\t<figcaption class='wp-caption-text gallery-caption' id='gallery-1-11768'>\n\t\t\t\tTrenntransformatoren\n\t\t\t\t<\/figcaption><\/figure><figure class='gallery-item'>\n\t\t\t<div class='gallery-icon landscape'>\n\t\t\t\t<a  href='https:\/\/www.hvproducts.de\/de\/pulse_transformer_336-224-removebg-preview-2'><img decoding=\"async\" width=\"150\" height=\"150\" src=\"https:\/\/www.hvproducts.de\/wp-content\/uploads\/2021\/03\/pulse_transformer_336-224-removebg-preview-150x150.png\" class=\"attachment-thumbnail size-thumbnail\" alt=\"HV Custom Pulse Transformers - HV Products\" aria-describedby=\"gallery-1-4659\" \/><\/a>\n\t\t\t<\/div>\n\t\t\t\t<figcaption class='wp-caption-text gallery-caption' id='gallery-1-4659'>\n\t\t\t\tKundenspezifische Impulstransformatoren\n\t\t\t\t<\/figcaption><\/figure><figure class='gallery-item'>\n\t\t\t<div class='gallery-icon portrait'>\n\t\t\t\t<a  href='https:\/\/www.hvproducts.de\/de\/general-transformer-big-removebg-preview-2'><img decoding=\"async\" width=\"150\" height=\"150\" src=\"https:\/\/www.hvproducts.de\/wp-content\/uploads\/2021\/03\/general-transformer-big-removebg-preview-150x150.png\" class=\"attachment-thumbnail size-thumbnail\" alt=\"HV Custom General Transformers &amp; Inductors\" aria-describedby=\"gallery-1-4658\" srcset=\"https:\/\/www.hvproducts.de\/wp-content\/uploads\/2021\/03\/general-transformer-big-removebg-preview-150x150.png 150w, https:\/\/www.hvproducts.de\/wp-content\/uploads\/2021\/03\/general-transformer-big-removebg-preview-300x300.png 300w, https:\/\/www.hvproducts.de\/wp-content\/uploads\/2021\/03\/general-transformer-big-removebg-preview-12x12.png 12w, https:\/\/www.hvproducts.de\/wp-content\/uploads\/2021\/03\/general-transformer-big-removebg-preview.png 499w\" sizes=\"(max-width: 150px) 100vw, 150px\" \/><\/a>\n\t\t\t<\/div>\n\t\t\t\t<figcaption class='wp-caption-text gallery-caption' id='gallery-1-4658'>\n\t\t\t\tKundenspezifische allgemeine Transformatoren und Induktivit\u00e4ten\n\n\t\t\t\t<\/figcaption><\/figure>\n\t\t<\/div>\n\t\t<\/div>\n\t\t\t\t\t\t<\/div>\n\t\t\t\t<\/div>\n\t\t\t\t\t<\/div>\n\t\t<\/div>\n\t\t\t\t\t<\/div>\n\t\t<\/section>\n\t\t\t\t<\/div>","protected":false},"excerpt":{"rendered":"<p>Home \/ Products \/ High Voltage \/ HV Passive Components \/ Transformers Transformers Offering a nearly endless range of configurable custom transformers, we can meet your needs for devices which require electrical transfer, circuit protection and power isolation. In addition to our custom transformers, we also feature a number of standard constructions, with some details [&hellip;]<\/p>\n","protected":false},"author":1,"featured_media":0,"parent":0,"menu_order":0,"comment_status":"closed","ping_status":"closed","template":"","meta":{"site-sidebar-layout":"no-sidebar","site-content-layout":"page-builder","ast-site-content-layout":"default","site-content-style":"default","site-sidebar-style":"default","ast-global-header-display":"","ast-banner-title-visibility":"","ast-main-header-display":"","ast-hfb-above-header-display":"","ast-hfb-below-header-display":"","ast-hfb-mobile-header-display":"","site-post-title":"disabled","ast-breadcrumbs-content":"","ast-featured-img":"disabled","footer-sml-layout":"","ast-disable-related-posts":"","theme-transparent-header-meta":"default","adv-header-id-meta":"","stick-header-meta":"","header-above-stick-meta":"","header-main-stick-meta":"","header-below-stick-meta":"","astra-migrate-meta-layouts":"default","ast-page-background-enabled":"default","ast-page-background-meta":{"desktop":{"background-color":"","background-image":"","background-repeat":"repeat","background-position":"center center","background-size":"auto","background-attachment":"scroll","background-type":"","background-media":"","overlay-type":"","overlay-color":"","overlay-opacity":"","overlay-gradient":""},"tablet":{"background-color":"","background-image":"","background-repeat":"repeat","background-position":"center center","background-size":"auto","background-attachment":"scroll","background-type":"","background-media":"","overlay-type":"","overlay-color":"","overlay-opacity":"","overlay-gradient":""},"mobile":{"background-color":"","background-image":"","background-repeat":"repeat","background-position":"center center","background-size":"auto","background-attachment":"scroll","background-type":"","background-media":"","overlay-type":"","overlay-color":"","overlay-opacity":"","overlay-gradient":""}},"ast-content-background-meta":{"desktop":{"background-color":"var(--ast-global-color-5)","background-image":"","background-repeat":"repeat","background-position":"center center","background-size":"auto","background-attachment":"scroll","background-type":"","background-media":"","overlay-type":"","overlay-color":"","overlay-opacity":"","overlay-gradient":""},"tablet":{"background-color":"var(--ast-global-color-5)","background-image":"","background-repeat":"repeat","background-position":"center center","background-size":"auto","background-attachment":"scroll","background-type":"","background-media":"","overlay-type":"","overlay-color":"","overlay-opacity":"","overlay-gradient":""},"mobile":{"background-color":"var(--ast-global-color-5)","background-image":"","background-repeat":"repeat","background-position":"center center","background-size":"auto","background-attachment":"scroll","background-type":"","background-media":"","overlay-type":"","overlay-color":"","overlay-opacity":"","overlay-gradient":""}},"footnotes":""},"class_list":["post-4513","page","type-page","status-publish","hentry"],"yoast_head":"<!-- This site is optimized with the Yoast SEO plugin v27.2 - https:\/\/yoast.com\/product\/yoast-seo-wordpress\/ -->\n<title>Isolation Transformers | Custom Pulse Transformers - HV Products<\/title>\n<meta name=\"description\" content=\"HV Products offers the world&#039;s best-in-class isolation &amp; custom pulse transformers. They can easily transfer electrical energy by means of a changing magnetic field.\" \/>\n<meta name=\"robots\" content=\"index, follow, max-snippet:-1, max-image-preview:large, max-video-preview:-1\" \/>\n<link rel=\"canonical\" href=\"https:\/\/www.hvproducts.de\/de\/transformers\/\" \/>\n<meta property=\"og:locale\" content=\"de_DE\" \/>\n<meta property=\"og:type\" content=\"article\" \/>\n<meta property=\"og:title\" content=\"Isolation Transformers | Custom Pulse Transformers - HV Products\" \/>\n<meta property=\"og:description\" content=\"HV Products offers the world&#039;s best-in-class isolation &amp; custom pulse transformers. They can easily transfer electrical energy by means of a changing magnetic field.\" \/>\n<meta property=\"og:url\" content=\"https:\/\/www.hvproducts.de\/de\/transformers\/\" \/>\n<meta property=\"og:site_name\" content=\"HVP: High Voltage Products GmbH\" \/>\n<meta property=\"article:modified_time\" content=\"2021-08-09T05:12:06+00:00\" \/>\n<meta property=\"og:image\" content=\"https:\/\/www.hvproducts.de\/wp-content\/uploads\/2021\/06\/isoltaion_transformer-removebg-preview-1.2-1-150x150.png\" \/>\n<meta name=\"twitter:card\" content=\"summary_large_image\" \/>\n<meta name=\"twitter:label1\" content=\"Gesch\u00e4tzte Lesezeit\" \/>\n\t<meta name=\"twitter:data1\" content=\"2\u00a0Minuten\" \/>\n<script type=\"application\/ld+json\" class=\"yoast-schema-graph\">{\"@context\":\"https:\/\/schema.org\",\"@graph\":[{\"@type\":\"WebPage\",\"@id\":\"https:\/\/www.hvproducts.de\/transformers\",\"url\":\"https:\/\/www.hvproducts.de\/transformers\",\"name\":\"Isolation Transformers | Custom Pulse Transformers - HV Products\",\"isPartOf\":{\"@id\":\"https:\/\/hvproducts.de\/#website\"},\"primaryImageOfPage\":{\"@id\":\"https:\/\/www.hvproducts.de\/transformers#primaryimage\"},\"image\":{\"@id\":\"https:\/\/www.hvproducts.de\/transformers#primaryimage\"},\"thumbnailUrl\":\"https:\/\/www.hvproducts.de\/wp-content\/uploads\/2021\/06\/isoltaion_transformer-removebg-preview-1.2-1-150x150.png\",\"datePublished\":\"2021-03-01T22:35:36+00:00\",\"dateModified\":\"2021-08-09T05:12:06+00:00\",\"description\":\"HV Products offers the world's best-in-class isolation & custom pulse transformers. They can easily transfer electrical energy by means of a changing magnetic field.\",\"breadcrumb\":{\"@id\":\"https:\/\/www.hvproducts.de\/transformers#breadcrumb\"},\"inLanguage\":\"de\",\"potentialAction\":[{\"@type\":\"ReadAction\",\"target\":[\"https:\/\/www.hvproducts.de\/transformers\"]}]},{\"@type\":\"ImageObject\",\"inLanguage\":\"de\",\"@id\":\"https:\/\/www.hvproducts.de\/transformers#primaryimage\",\"url\":\"https:\/\/www.hvproducts.de\/wp-content\/uploads\/2021\/06\/isoltaion_transformer-removebg-preview-1.2-1-150x150.png\",\"contentUrl\":\"https:\/\/www.hvproducts.de\/wp-content\/uploads\/2021\/06\/isoltaion_transformer-removebg-preview-1.2-1-150x150.png\"},{\"@type\":\"BreadcrumbList\",\"@id\":\"https:\/\/www.hvproducts.de\/transformers#breadcrumb\",\"itemListElement\":[{\"@type\":\"ListItem\",\"position\":1,\"name\":\"Home\",\"item\":\"https:\/\/www.hvproducts.de\/\"},{\"@type\":\"ListItem\",\"position\":2,\"name\":\"Transformers\"}]},{\"@type\":\"WebSite\",\"@id\":\"https:\/\/hvproducts.de\/#website\",\"url\":\"https:\/\/hvproducts.de\/\",\"name\":\"HVP: High Voltage Products GmbH\",\"description\":\"High Voltage Products GmbH\",\"publisher\":{\"@id\":\"https:\/\/hvproducts.de\/#organization\"},\"potentialAction\":[{\"@type\":\"SearchAction\",\"target\":{\"@type\":\"EntryPoint\",\"urlTemplate\":\"https:\/\/hvproducts.de\/?s={search_term_string}\"},\"query-input\":{\"@type\":\"PropertyValueSpecification\",\"valueRequired\":true,\"valueName\":\"search_term_string\"}}],\"inLanguage\":\"de\"},{\"@type\":\"Organization\",\"@id\":\"https:\/\/hvproducts.de\/#organization\",\"name\":\"HVP: High Voltage Products GmbH\",\"url\":\"https:\/\/hvproducts.de\/\",\"logo\":{\"@type\":\"ImageObject\",\"inLanguage\":\"de\",\"@id\":\"https:\/\/hvproducts.de\/#\/schema\/logo\/image\/\",\"url\":\"https:\/\/www.hvproducts.de\/wp-content\/uploads\/2021\/01\/cropped-iPhone-X-XS-11-Pro-\u2013-1@2x-2.png\",\"contentUrl\":\"https:\/\/www.hvproducts.de\/wp-content\/uploads\/2021\/01\/cropped-iPhone-X-XS-11-Pro-\u2013-1@2x-2.png\",\"width\":723,\"height\":224,\"caption\":\"HVP: High Voltage Products GmbH\"},\"image\":{\"@id\":\"https:\/\/hvproducts.de\/#\/schema\/logo\/image\/\"}}]}<\/script>\n<!-- \/ Yoast SEO plugin. -->","yoast_head_json":{"title":"Isolation Transformers | Custom Pulse Transformers - HV Products","description":"HV Products offers the world's best-in-class isolation & custom pulse transformers. They can easily transfer electrical energy by means of a changing magnetic field.","robots":{"index":"index","follow":"follow","max-snippet":"max-snippet:-1","max-image-preview":"max-image-preview:large","max-video-preview":"max-video-preview:-1"},"canonical":"https:\/\/www.hvproducts.de\/de\/transformers\/","og_locale":"de_DE","og_type":"article","og_title":"Isolation Transformers | Custom Pulse Transformers - HV Products","og_description":"HV Products offers the world's best-in-class isolation & custom pulse transformers. They can easily transfer electrical energy by means of a changing magnetic field.","og_url":"https:\/\/www.hvproducts.de\/de\/transformers\/","og_site_name":"HVP: High Voltage Products GmbH","article_modified_time":"2021-08-09T05:12:06+00:00","og_image":[{"url":"https:\/\/www.hvproducts.de\/wp-content\/uploads\/2021\/06\/isoltaion_transformer-removebg-preview-1.2-1-150x150.png","type":"","width":"","height":""}],"twitter_card":"summary_large_image","twitter_misc":{"Gesch\u00e4tzte Lesezeit":"2\u00a0Minuten"},"schema":{"@context":"https:\/\/schema.org","@graph":[{"@type":"WebPage","@id":"https:\/\/www.hvproducts.de\/transformers","url":"https:\/\/www.hvproducts.de\/transformers","name":"Isolation Transformers | Custom Pulse Transformers - HV Products","isPartOf":{"@id":"https:\/\/hvproducts.de\/#website"},"primaryImageOfPage":{"@id":"https:\/\/www.hvproducts.de\/transformers#primaryimage"},"image":{"@id":"https:\/\/www.hvproducts.de\/transformers#primaryimage"},"thumbnailUrl":"https:\/\/www.hvproducts.de\/wp-content\/uploads\/2021\/06\/isoltaion_transformer-removebg-preview-1.2-1-150x150.png","datePublished":"2021-03-01T22:35:36+00:00","dateModified":"2021-08-09T05:12:06+00:00","description":"HV Products offers the world's best-in-class isolation & custom pulse transformers. They can easily transfer electrical energy by means of a changing magnetic field.","breadcrumb":{"@id":"https:\/\/www.hvproducts.de\/transformers#breadcrumb"},"inLanguage":"de","potentialAction":[{"@type":"ReadAction","target":["https:\/\/www.hvproducts.de\/transformers"]}]},{"@type":"ImageObject","inLanguage":"de","@id":"https:\/\/www.hvproducts.de\/transformers#primaryimage","url":"https:\/\/www.hvproducts.de\/wp-content\/uploads\/2021\/06\/isoltaion_transformer-removebg-preview-1.2-1-150x150.png","contentUrl":"https:\/\/www.hvproducts.de\/wp-content\/uploads\/2021\/06\/isoltaion_transformer-removebg-preview-1.2-1-150x150.png"},{"@type":"BreadcrumbList","@id":"https:\/\/www.hvproducts.de\/transformers#breadcrumb","itemListElement":[{"@type":"ListItem","position":1,"name":"Home","item":"https:\/\/www.hvproducts.de\/"},{"@type":"ListItem","position":2,"name":"Transformers"}]},{"@type":"WebSite","@id":"https:\/\/hvproducts.de\/#website","url":"https:\/\/hvproducts.de\/","name":"HVP: High Voltage Products GmbH","description":"High Voltage Products GmbH","publisher":{"@id":"https:\/\/hvproducts.de\/#organization"},"potentialAction":[{"@type":"SearchAction","target":{"@type":"EntryPoint","urlTemplate":"https:\/\/hvproducts.de\/?s={search_term_string}"},"query-input":{"@type":"PropertyValueSpecification","valueRequired":true,"valueName":"search_term_string"}}],"inLanguage":"de"},{"@type":"Organization","@id":"https:\/\/hvproducts.de\/#organization","name":"HVP: High Voltage Products GmbH","url":"https:\/\/hvproducts.de\/","logo":{"@type":"ImageObject","inLanguage":"de","@id":"https:\/\/hvproducts.de\/#\/schema\/logo\/image\/","url":"https:\/\/www.hvproducts.de\/wp-content\/uploads\/2021\/01\/cropped-iPhone-X-XS-11-Pro-\u2013-1@2x-2.png","contentUrl":"https:\/\/www.hvproducts.de\/wp-content\/uploads\/2021\/01\/cropped-iPhone-X-XS-11-Pro-\u2013-1@2x-2.png","width":723,"height":224,"caption":"HVP: High Voltage Products GmbH"},"image":{"@id":"https:\/\/hvproducts.de\/#\/schema\/logo\/image\/"}}]}},"_links":{"self":[{"href":"https:\/\/www.hvproducts.de\/de\/wp-json\/wp\/v2\/pages\/4513","targetHints":{"allow":["GET"]}}],"collection":[{"href":"https:\/\/www.hvproducts.de\/de\/wp-json\/wp\/v2\/pages"}],"about":[{"href":"https:\/\/www.hvproducts.de\/de\/wp-json\/wp\/v2\/types\/page"}],"author":[{"embeddable":true,"href":"https:\/\/www.hvproducts.de\/de\/wp-json\/wp\/v2\/users\/1"}],"replies":[{"embeddable":true,"href":"https:\/\/www.hvproducts.de\/de\/wp-json\/wp\/v2\/comments?post=4513"}],"version-history":[{"count":38,"href":"https:\/\/www.hvproducts.de\/de\/wp-json\/wp\/v2\/pages\/4513\/revisions"}],"predecessor-version":[{"id":11879,"href":"https:\/\/www.hvproducts.de\/de\/wp-json\/wp\/v2\/pages\/4513\/revisions\/11879"}],"wp:attachment":[{"href":"https:\/\/www.hvproducts.de\/de\/wp-json\/wp\/v2\/media?parent=4513"}],"curies":[{"name":"wp","href":"https:\/\/api.w.org\/{rel}","templated":true}]}}