{"id":4511,"date":"2021-03-01T22:35:23","date_gmt":"2021-03-01T22:35:23","guid":{"rendered":"\/?page_id=4511"},"modified":"2022-08-03T17:44:15","modified_gmt":"2022-08-03T17:44:15","slug":"cables_and_assemblies","status":"publish","type":"page","link":"https:\/\/www.hvproducts.de\/de\/cables_and_assemblies","title":{"rendered":"Kabel &amp; Baugruppen"},"content":{"rendered":"<div data-elementor-type=\"wp-page\" data-elementor-id=\"4511\" class=\"elementor elementor-4511\">\n\t\t\t\t\t\t<section class=\"elementor-section elementor-top-section elementor-element elementor-element-9bc6fa7 elementor-section-boxed elementor-section-height-default elementor-section-height-default\" data-id=\"9bc6fa7\" data-element_type=\"section\" data-e-type=\"section\">\n\t\t\t\t\t\t\t<div class=\"elementor-background-overlay\"><\/div>\n\t\t\t\t\t\t\t<div class=\"elementor-container elementor-column-gap-default\">\n\t\t\t\t\t<div class=\"elementor-column elementor-col-100 elementor-top-column elementor-element elementor-element-b58caa1\" data-id=\"b58caa1\" data-element_type=\"column\" data-e-type=\"column\">\n\t\t\t<div class=\"elementor-widget-wrap elementor-element-populated\">\n\t\t\t\t\t\t<div class=\"elementor-element elementor-element-423ce7c elementor-widget elementor-widget-text-editor\" data-id=\"423ce7c\" data-element_type=\"widget\" data-e-type=\"widget\" data-widget_type=\"text-editor.default\">\n\t\t\t\t<div class=\"elementor-widget-container\">\n\t\t\t\t\t\t\t\t\t<p><a href=\"https:\/\/www.hvproducts.de\">Startseite<\/a> \/ Produkte \/ Hochspannung \/ <a href=\"https:\/\/www.hvproducts.de\/hv_passive_components\/\">HV-Passive Komponenten<\/a> \/ <a href=\"https:\/\/www.hvproducts.de\/cables_and_assemblies\/\">Kabel und Baugruppen<\/a><\/p>\t\t\t\t\t\t\t\t<\/div>\n\t\t\t\t<\/div>\n\t\t\t\t<div class=\"elementor-element elementor-element-39098ed elementor-widget elementor-widget-heading\" data-id=\"39098ed\" data-element_type=\"widget\" data-e-type=\"widget\" data-widget_type=\"heading.default\">\n\t\t\t\t<div class=\"elementor-widget-container\">\n\t\t\t\t\t<h2 class=\"elementor-heading-title elementor-size-default\"><h1 style=\"margin-bottom: 0.5rem;font-weight: 500;font-size: 30px;, sans-serif;font-style: normal;white-space: normal\">DC\/DC-Hochspannungsstromversorgungen<\/h1><\/h2>\t\t\t\t<\/div>\n\t\t\t\t<\/div>\n\t\t\t\t<div class=\"elementor-element elementor-element-3c1b9ed elementor-widget elementor-widget-image\" data-id=\"3c1b9ed\" data-element_type=\"widget\" data-e-type=\"widget\" data-widget_type=\"image.default\">\n\t\t\t\t<div class=\"elementor-widget-container\">\n\t\t\t\t\t\t\t\t\t\t\t\t\t\t\t<img fetchpriority=\"high\" decoding=\"async\" width=\"1024\" height=\"164\" src=\"https:\/\/www.hvproducts.de\/wp-content\/uploads\/2021\/04\/high_voltage_cable-1024x164.jpg\" class=\"attachment-large size-large wp-image-9109\" alt=\"high voltage cable\" srcset=\"https:\/\/www.hvproducts.de\/wp-content\/uploads\/2021\/04\/high_voltage_cable-1024x164.jpg 1024w, https:\/\/www.hvproducts.de\/wp-content\/uploads\/2021\/04\/high_voltage_cable-300x48.jpg 300w, https:\/\/www.hvproducts.de\/wp-content\/uploads\/2021\/04\/high_voltage_cable-768x123.jpg 768w, https:\/\/www.hvproducts.de\/wp-content\/uploads\/2021\/04\/high_voltage_cable-1536x246.jpg 1536w, https:\/\/www.hvproducts.de\/wp-content\/uploads\/2021\/04\/high_voltage_cable-18x3.jpg 18w, https:\/\/www.hvproducts.de\/wp-content\/uploads\/2021\/04\/high_voltage_cable.jpg 1998w\" sizes=\"(max-width: 1024px) 100vw, 1024px\" \/>\t\t\t\t\t\t\t\t\t\t\t\t\t\t\t<\/div>\n\t\t\t\t<\/div>\n\t\t\t\t<div class=\"elementor-element elementor-element-3cf3d05 elementor-widget elementor-widget-text-editor\" data-id=\"3cf3d05\" data-element_type=\"widget\" data-e-type=\"widget\" data-widget_type=\"text-editor.default\">\n\t\t\t\t<div class=\"elementor-widget-container\">\n\t\t\t\t\t\t\t\t\t<p>Das HVP-Sortiment an abgeschirmten Hochspannungskabeln, ungeschirmten Hochspannungskabeln und mehradrigen Hochspannungskabeln wird in medizinischen Anwendungen sowie in wissenschaftlichen Forschungsprojekten eingesetzt, bei denen hohe Spannungen und niedrige Str\u00f6me erforderlich sind. Unsere Hochspannungskabel eignen sich f\u00fcr den Einsatz in R\u00f6ntgenger\u00e4ten f\u00fcr medizinische, industrielle, Forschungs- und Kontrollanwendungen. Sie bieten eine st\u00f6rungsfreie Leistung, wenn impulsartige Hochspannungen erforderlich sind, und versorgen in erster Linie industrielle CT- und R\u00f6ntgenbildgebungstechnologien.<\/p><p><strong><span class=\"titlesm\">R\u00f6ntgenkabel -\u00a0<\/span><\/strong>Hochwertige, rauscharme, 3- und 4-adrige Kabel f\u00fcr medizinische und industrielle R\u00f6ntgensysteme. Es sind Kabelgr\u00f6\u00dfen f\u00fcr bis zu 250 kVdc erh\u00e4ltlich. Die Kabel haben ein EPR-Dielektrikum, eine halbleitende, geflochtene Abschirmung und strapazierf\u00e4hige Au\u00dfenm\u00e4ntel aus verschiedenen Materialien.<br \/><strong><span class=\"titlesm\">Geschirmte und ungeschirmte Kabel -\u00a0<\/span><\/strong>Eine breite Palette an koaxialen, triaxialen geschirmten und ungeschirmten Kabeln ist f\u00fcr Spannungen bis zu 1 Megavolt Gleichstrom erh\u00e4ltlich. Die Kabel sind mit EPR, Silikon, Polyethylen und speziellen Dielektrika erh\u00e4ltlich.<br \/><strong><span class=\"titlesm\">HV-Steckverbinder und Steckdosen -\u00a0<\/span><\/strong>Bei Bedarf k\u00f6nnen die Kabel mit HV-Steckern konfektioniert werden. F\u00fcr Spannungen bis zu 300 kV sind auch Steckh\u00fclsen erh\u00e4ltlich.<br \/><strong><span class=\"titlesm\">Kundenspezifische Kabel -\u00a0<\/span><\/strong>Wir verf\u00fcgen \u00fcber das Fachwissen, um kundenspezifische Kabel f\u00fcr Anwendungen zu entwerfen und herzustellen, bei denen spezielle Kabel erforderlich sind.<\/p>\t\t\t\t\t\t\t\t<\/div>\n\t\t\t\t<\/div>\n\t\t\t\t\t<\/div>\n\t\t<\/div>\n\t\t\t\t\t<\/div>\n\t\t<\/section>\n\t\t\t\t<section class=\"elementor-section elementor-top-section elementor-element elementor-element-e91b148 elementor-section-boxed elementor-section-height-default elementor-section-height-default\" data-id=\"e91b148\" data-element_type=\"section\" data-e-type=\"section\">\n\t\t\t\t\t\t<div class=\"elementor-container elementor-column-gap-default\">\n\t\t\t\t\t<div class=\"elementor-column elementor-col-100 elementor-top-column elementor-element elementor-element-26b238f\" data-id=\"26b238f\" data-element_type=\"column\" data-e-type=\"column\">\n\t\t\t<div class=\"elementor-widget-wrap elementor-element-populated\">\n\t\t\t\t\t\t<div class=\"elementor-element elementor-element-fe80f51 elementor-widget-divider--view-line elementor-widget elementor-widget-divider\" data-id=\"fe80f51\" data-element_type=\"widget\" data-e-type=\"widget\" data-widget_type=\"divider.default\">\n\t\t\t\t<div class=\"elementor-widget-container\">\n\t\t\t\t\t\t\t<div class=\"elementor-divider\">\n\t\t\t<span class=\"elementor-divider-separator\">\n\t\t\t\t\t\t<\/span>\n\t\t<\/div>\n\t\t\t\t\t\t<\/div>\n\t\t\t\t<\/div>\n\t\t\t\t<div class=\"elementor-element elementor-element-af42251 elementor-widget elementor-widget-image-gallery\" data-id=\"af42251\" data-element_type=\"widget\" data-e-type=\"widget\" data-widget_type=\"image-gallery.default\">\n\t\t\t\t<div class=\"elementor-widget-container\">\n\t\t\t\t\t\t\t<div class=\"elementor-image-gallery\">\n\t\t\t<div id='gallery-1' class='gallery galleryid-4511 gallery-columns-6 gallery-size-thumbnail'><figure class='gallery-item'>\n\t\t\t<div class='gallery-icon landscape'>\n\t\t\t\t<a  href='https:\/\/www.hvproducts.de\/de\/unshielded_cable-removebg-preview-1'><img decoding=\"async\" width=\"150\" height=\"150\" src=\"https:\/\/www.hvproducts.de\/wp-content\/uploads\/2021\/03\/unshielded_cable-removebg-preview-1-150x150.png\" class=\"attachment-thumbnail size-thumbnail\" alt=\"HV Unshielded Cable\" aria-describedby=\"gallery-1-4643\" \/><\/a>\n\t\t\t<\/div>\n\t\t\t\t<figcaption class='wp-caption-text gallery-caption' id='gallery-1-4643'>\n\t\t\t\tUngeschirmtes Kabel bis zu 150kVDC \/ 45kVAC\n\t\t\t\t<\/figcaption><\/figure><figure class='gallery-item'>\n\t\t\t<div class='gallery-icon landscape'>\n\t\t\t\t<a  href='https:\/\/www.hvproducts.de\/de\/shielded_hv_cables-removebg-preview-2'><img decoding=\"async\" width=\"150\" height=\"150\" src=\"https:\/\/www.hvproducts.de\/wp-content\/uploads\/2021\/03\/shielded_hv_cables-removebg-preview-2-150x150.png\" class=\"attachment-thumbnail size-thumbnail\" alt=\"High Voltage Shielded Cables\" aria-describedby=\"gallery-1-4648\" \/><\/a>\n\t\t\t<\/div>\n\t\t\t\t<figcaption class='wp-caption-text gallery-caption' id='gallery-1-4648'>\n\t\t\t\tAbgeschirmtes Kabel bis zu 300kVDC \/ 100kVAC\n\t\t\t\t<\/figcaption><\/figure><figure class='gallery-item'>\n\t\t\t<div class='gallery-icon landscape'>\n\t\t\t\t<a  href='https:\/\/www.hvproducts.de\/de\/x-ray-1'><img loading=\"lazy\" decoding=\"async\" width=\"150\" height=\"150\" src=\"https:\/\/www.hvproducts.de\/wp-content\/uploads\/2021\/03\/x-ray-1-150x150.png\" class=\"attachment-thumbnail size-thumbnail\" alt=\"EPR X-Ray High Voltage Cable\" aria-describedby=\"gallery-1-4644\" \/><\/a>\n\t\t\t<\/div>\n\t\t\t\t<figcaption class='wp-caption-text gallery-caption' id='gallery-1-4644'>\n\t\t\t\tEPR-R\u00f6ntgenkabel bis zu 320kVDC \/ 115kVAC\n\t\t\t\t<\/figcaption><\/figure><figure class='gallery-item'>\n\t\t\t<div class='gallery-icon landscape'>\n\t\t\t\t<a  href='https:\/\/www.hvproducts.de\/de\/special_cable-removebg-preview-2-1'><img loading=\"lazy\" decoding=\"async\" width=\"150\" height=\"150\" src=\"https:\/\/www.hvproducts.de\/wp-content\/uploads\/2021\/03\/special_cable-removebg-preview-2-1-150x150.png\" class=\"attachment-thumbnail size-thumbnail\" alt=\"High Voltage Multi-Conductor Cable - Germany\" aria-describedby=\"gallery-1-4645\" \/><\/a>\n\t\t\t<\/div>\n\t\t\t\t<figcaption class='wp-caption-text gallery-caption' id='gallery-1-4645'>\n\t\t\t\tTriaxialkabel bis zu 350kVDC \/ 50kVAC\n\t\t\t\t<\/figcaption><\/figure><figure class='gallery-item'>\n\t\t\t<div class='gallery-icon landscape'>\n\t\t\t\t<a  href='https:\/\/www.hvproducts.de\/de\/cable_assemblies-removebg-preview-2'><img loading=\"lazy\" decoding=\"async\" width=\"150\" height=\"150\" src=\"https:\/\/www.hvproducts.de\/wp-content\/uploads\/2021\/03\/cable_assemblies-removebg-preview-2-150x150.png\" class=\"attachment-thumbnail size-thumbnail\" alt=\"High Voltage Cable &amp; Assemblies Suppliers in Germany\" aria-describedby=\"gallery-1-4646\" srcset=\"https:\/\/www.hvproducts.de\/wp-content\/uploads\/2021\/03\/cable_assemblies-removebg-preview-2-150x150.png 150w, https:\/\/www.hvproducts.de\/wp-content\/uploads\/2021\/03\/cable_assemblies-removebg-preview-2-300x300.png 300w, https:\/\/www.hvproducts.de\/wp-content\/uploads\/2021\/03\/cable_assemblies-removebg-preview-2-100x100.png 100w\" sizes=\"(max-width: 150px) 100vw, 150px\" \/><\/a>\n\t\t\t<\/div>\n\t\t\t\t<figcaption class='wp-caption-text gallery-caption' id='gallery-1-4646'>\n\t\t\t\tKabelbaugruppen bis zu 320kVDC\n\t\t\t\t<\/figcaption><\/figure><figure class='gallery-item'>\n\t\t\t<div class='gallery-icon landscape'>\n\t\t\t\t<a  href='https:\/\/www.hvproducts.de\/de\/special_cable-removebg-preview-2'><img loading=\"lazy\" decoding=\"async\" width=\"150\" height=\"150\" src=\"https:\/\/www.hvproducts.de\/wp-content\/uploads\/2021\/03\/special_cable-removebg-preview-2-150x150.png\" class=\"attachment-thumbnail size-thumbnail\" alt=\"High Voltage Multi-Conductor Cable up to 300kVDC\" aria-describedby=\"gallery-1-4647\" \/><\/a>\n\t\t\t<\/div>\n\t\t\t\t<figcaption class='wp-caption-text gallery-caption' id='gallery-1-4647'>\n\t\t\t\tMehrleiterkabel bis zu 300kVDC\n\t\t\t\t<\/figcaption><\/figure>\n\t\t<\/div>\n\t\t<\/div>\n\t\t\t\t\t\t<\/div>\n\t\t\t\t<\/div>\n\t\t\t\t\t<\/div>\n\t\t<\/div>\n\t\t\t\t\t<\/div>\n\t\t<\/section>\n\t\t\t\t<\/div>","protected":false},"excerpt":{"rendered":"<p>Home \/ Products \/ High Voltage \/ HV Passive Components \/ Cables &amp; Assemblies DC\/DC High Voltage Power Supplies HVP\u2019s range of high voltage shielded cable, high voltage unshielded cable and multi-conductor high voltage cables are used in medical applications, as well as scientific research projects where high voltage, low current is required.\u00a0Our high voltage [&hellip;]<\/p>\n","protected":false},"author":1,"featured_media":0,"parent":0,"menu_order":0,"comment_status":"closed","ping_status":"closed","template":"","meta":{"site-sidebar-layout":"no-sidebar","site-content-layout":"page-builder","ast-site-content-layout":"default","site-content-style":"default","site-sidebar-style":"default","ast-global-header-display":"","ast-banner-title-visibility":"","ast-main-header-display":"","ast-hfb-above-header-display":"","ast-hfb-below-header-display":"","ast-hfb-mobile-header-display":"","site-post-title":"disabled","ast-breadcrumbs-content":"","ast-featured-img":"disabled","footer-sml-layout":"","ast-disable-related-posts":"","theme-transparent-header-meta":"default","adv-header-id-meta":"","stick-header-meta":"","header-above-stick-meta":"","header-main-stick-meta":"","header-below-stick-meta":"","astra-migrate-meta-layouts":"default","ast-page-background-enabled":"default","ast-page-background-meta":{"desktop":{"background-color":"","background-image":"","background-repeat":"repeat","background-position":"center center","background-size":"auto","background-attachment":"scroll","background-type":"","background-media":"","overlay-type":"","overlay-color":"","overlay-opacity":"","overlay-gradient":""},"tablet":{"background-color":"","background-image":"","background-repeat":"repeat","background-position":"center center","background-size":"auto","background-attachment":"scroll","background-type":"","background-media":"","overlay-type":"","overlay-color":"","overlay-opacity":"","overlay-gradient":""},"mobile":{"background-color":"","background-image":"","background-repeat":"repeat","background-position":"center center","background-size":"auto","background-attachment":"scroll","background-type":"","background-media":"","overlay-type":"","overlay-color":"","overlay-opacity":"","overlay-gradient":""}},"ast-content-background-meta":{"desktop":{"background-color":"var(--ast-global-color-5)","background-image":"","background-repeat":"repeat","background-position":"center center","background-size":"auto","background-attachment":"scroll","background-type":"","background-media":"","overlay-type":"","overlay-color":"","overlay-opacity":"","overlay-gradient":""},"tablet":{"background-color":"var(--ast-global-color-5)","background-image":"","background-repeat":"repeat","background-position":"center center","background-size":"auto","background-attachment":"scroll","background-type":"","background-media":"","overlay-type":"","overlay-color":"","overlay-opacity":"","overlay-gradient":""},"mobile":{"background-color":"var(--ast-global-color-5)","background-image":"","background-repeat":"repeat","background-position":"center center","background-size":"auto","background-attachment":"scroll","background-type":"","background-media":"","overlay-type":"","overlay-color":"","overlay-opacity":"","overlay-gradient":""}},"footnotes":""},"class_list":["post-4511","page","type-page","status-publish","hentry"],"yoast_head":"<!-- This site is optimized with the Yoast SEO plugin v27.2 - https:\/\/yoast.com\/product\/yoast-seo-wordpress\/ -->\n<title>Cables &amp; Assemblies: Shielded &amp; Unshielded Cable, EPR X-Ray Cable, Triaxial Cable<\/title>\n<meta name=\"description\" content=\"High voltage shielded, unshielded cables, and multi-conductor cables are used in medical applications where high voltage, low current is required.\" \/>\n<meta name=\"robots\" content=\"index, follow, max-snippet:-1, max-image-preview:large, max-video-preview:-1\" \/>\n<link rel=\"canonical\" href=\"https:\/\/www.hvproducts.de\/de\/cables_and_assemblies\/\" \/>\n<meta property=\"og:locale\" content=\"de_DE\" \/>\n<meta property=\"og:type\" content=\"article\" \/>\n<meta property=\"og:title\" content=\"Cables &amp; Assemblies: Shielded &amp; Unshielded Cable, EPR X-Ray Cable, Triaxial Cable\" \/>\n<meta property=\"og:description\" content=\"High voltage shielded, unshielded cables, and multi-conductor cables are used in medical applications where high voltage, low current is required.\" \/>\n<meta property=\"og:url\" content=\"https:\/\/www.hvproducts.de\/de\/cables_and_assemblies\/\" \/>\n<meta property=\"og:site_name\" content=\"HVP: High Voltage Products GmbH\" \/>\n<meta property=\"article:modified_time\" content=\"2022-08-03T17:44:15+00:00\" \/>\n<meta property=\"og:image\" content=\"https:\/\/www.hvproducts.de\/wp-content\/uploads\/2021\/04\/high_voltage_cable-1024x164.jpg\" \/>\n<meta name=\"twitter:card\" content=\"summary_large_image\" \/>\n<meta name=\"twitter:label1\" content=\"Gesch\u00e4tzte Lesezeit\" \/>\n\t<meta name=\"twitter:data1\" content=\"3\u00a0Minuten\" \/>\n<script type=\"application\/ld+json\" class=\"yoast-schema-graph\">{\"@context\":\"https:\/\/schema.org\",\"@graph\":[{\"@type\":\"WebPage\",\"@id\":\"https:\/\/www.hvproducts.de\/cables_and_assemblies\",\"url\":\"https:\/\/www.hvproducts.de\/cables_and_assemblies\",\"name\":\"Cables & Assemblies: Shielded & Unshielded Cable, EPR X-Ray Cable, Triaxial Cable\",\"isPartOf\":{\"@id\":\"https:\/\/hvproducts.de\/#website\"},\"primaryImageOfPage\":{\"@id\":\"https:\/\/www.hvproducts.de\/cables_and_assemblies#primaryimage\"},\"image\":{\"@id\":\"https:\/\/www.hvproducts.de\/cables_and_assemblies#primaryimage\"},\"thumbnailUrl\":\"https:\/\/www.hvproducts.de\/wp-content\/uploads\/2021\/04\/high_voltage_cable-1024x164.jpg\",\"datePublished\":\"2021-03-01T22:35:23+00:00\",\"dateModified\":\"2022-08-03T17:44:15+00:00\",\"description\":\"High voltage shielded, unshielded cables, and multi-conductor cables are used in medical applications where high voltage, low current is required.\",\"breadcrumb\":{\"@id\":\"https:\/\/www.hvproducts.de\/cables_and_assemblies#breadcrumb\"},\"inLanguage\":\"de\",\"potentialAction\":[{\"@type\":\"ReadAction\",\"target\":[\"https:\/\/www.hvproducts.de\/cables_and_assemblies\"]}]},{\"@type\":\"ImageObject\",\"inLanguage\":\"de\",\"@id\":\"https:\/\/www.hvproducts.de\/cables_and_assemblies#primaryimage\",\"url\":\"https:\/\/www.hvproducts.de\/wp-content\/uploads\/2021\/04\/high_voltage_cable-1024x164.jpg\",\"contentUrl\":\"https:\/\/www.hvproducts.de\/wp-content\/uploads\/2021\/04\/high_voltage_cable-1024x164.jpg\"},{\"@type\":\"BreadcrumbList\",\"@id\":\"https:\/\/www.hvproducts.de\/cables_and_assemblies#breadcrumb\",\"itemListElement\":[{\"@type\":\"ListItem\",\"position\":1,\"name\":\"Home\",\"item\":\"https:\/\/www.hvproducts.de\/\"},{\"@type\":\"ListItem\",\"position\":2,\"name\":\"Cables &#038; Assemblies\"}]},{\"@type\":\"WebSite\",\"@id\":\"https:\/\/hvproducts.de\/#website\",\"url\":\"https:\/\/hvproducts.de\/\",\"name\":\"HVP: High Voltage Products GmbH\",\"description\":\"High Voltage Products GmbH\",\"publisher\":{\"@id\":\"https:\/\/hvproducts.de\/#organization\"},\"potentialAction\":[{\"@type\":\"SearchAction\",\"target\":{\"@type\":\"EntryPoint\",\"urlTemplate\":\"https:\/\/hvproducts.de\/?s={search_term_string}\"},\"query-input\":{\"@type\":\"PropertyValueSpecification\",\"valueRequired\":true,\"valueName\":\"search_term_string\"}}],\"inLanguage\":\"de\"},{\"@type\":\"Organization\",\"@id\":\"https:\/\/hvproducts.de\/#organization\",\"name\":\"HVP: High Voltage Products GmbH\",\"url\":\"https:\/\/hvproducts.de\/\",\"logo\":{\"@type\":\"ImageObject\",\"inLanguage\":\"de\",\"@id\":\"https:\/\/hvproducts.de\/#\/schema\/logo\/image\/\",\"url\":\"https:\/\/www.hvproducts.de\/wp-content\/uploads\/2021\/01\/cropped-iPhone-X-XS-11-Pro-\u2013-1@2x-2.png\",\"contentUrl\":\"https:\/\/www.hvproducts.de\/wp-content\/uploads\/2021\/01\/cropped-iPhone-X-XS-11-Pro-\u2013-1@2x-2.png\",\"width\":723,\"height\":224,\"caption\":\"HVP: High Voltage Products GmbH\"},\"image\":{\"@id\":\"https:\/\/hvproducts.de\/#\/schema\/logo\/image\/\"}}]}<\/script>\n<!-- \/ Yoast SEO plugin. -->","yoast_head_json":{"title":"Cables & Assemblies: Shielded & Unshielded Cable, EPR X-Ray Cable, Triaxial Cable","description":"High voltage shielded, unshielded cables, and multi-conductor cables are used in medical applications where high voltage, low current is required.","robots":{"index":"index","follow":"follow","max-snippet":"max-snippet:-1","max-image-preview":"max-image-preview:large","max-video-preview":"max-video-preview:-1"},"canonical":"https:\/\/www.hvproducts.de\/de\/cables_and_assemblies\/","og_locale":"de_DE","og_type":"article","og_title":"Cables & Assemblies: Shielded & Unshielded Cable, EPR X-Ray Cable, Triaxial Cable","og_description":"High voltage shielded, unshielded cables, and multi-conductor cables are used in medical applications where high voltage, low current is required.","og_url":"https:\/\/www.hvproducts.de\/de\/cables_and_assemblies\/","og_site_name":"HVP: High Voltage Products GmbH","article_modified_time":"2022-08-03T17:44:15+00:00","og_image":[{"url":"https:\/\/www.hvproducts.de\/wp-content\/uploads\/2021\/04\/high_voltage_cable-1024x164.jpg","type":"","width":"","height":""}],"twitter_card":"summary_large_image","twitter_misc":{"Gesch\u00e4tzte Lesezeit":"3\u00a0Minuten"},"schema":{"@context":"https:\/\/schema.org","@graph":[{"@type":"WebPage","@id":"https:\/\/www.hvproducts.de\/cables_and_assemblies","url":"https:\/\/www.hvproducts.de\/cables_and_assemblies","name":"Cables & Assemblies: Shielded & Unshielded Cable, EPR X-Ray Cable, Triaxial Cable","isPartOf":{"@id":"https:\/\/hvproducts.de\/#website"},"primaryImageOfPage":{"@id":"https:\/\/www.hvproducts.de\/cables_and_assemblies#primaryimage"},"image":{"@id":"https:\/\/www.hvproducts.de\/cables_and_assemblies#primaryimage"},"thumbnailUrl":"https:\/\/www.hvproducts.de\/wp-content\/uploads\/2021\/04\/high_voltage_cable-1024x164.jpg","datePublished":"2021-03-01T22:35:23+00:00","dateModified":"2022-08-03T17:44:15+00:00","description":"High voltage shielded, unshielded cables, and multi-conductor cables are used in medical applications where high voltage, low current is required.","breadcrumb":{"@id":"https:\/\/www.hvproducts.de\/cables_and_assemblies#breadcrumb"},"inLanguage":"de","potentialAction":[{"@type":"ReadAction","target":["https:\/\/www.hvproducts.de\/cables_and_assemblies"]}]},{"@type":"ImageObject","inLanguage":"de","@id":"https:\/\/www.hvproducts.de\/cables_and_assemblies#primaryimage","url":"https:\/\/www.hvproducts.de\/wp-content\/uploads\/2021\/04\/high_voltage_cable-1024x164.jpg","contentUrl":"https:\/\/www.hvproducts.de\/wp-content\/uploads\/2021\/04\/high_voltage_cable-1024x164.jpg"},{"@type":"BreadcrumbList","@id":"https:\/\/www.hvproducts.de\/cables_and_assemblies#breadcrumb","itemListElement":[{"@type":"ListItem","position":1,"name":"Home","item":"https:\/\/www.hvproducts.de\/"},{"@type":"ListItem","position":2,"name":"Cables &#038; Assemblies"}]},{"@type":"WebSite","@id":"https:\/\/hvproducts.de\/#website","url":"https:\/\/hvproducts.de\/","name":"HVP: High Voltage Products GmbH","description":"High Voltage Products GmbH","publisher":{"@id":"https:\/\/hvproducts.de\/#organization"},"potentialAction":[{"@type":"SearchAction","target":{"@type":"EntryPoint","urlTemplate":"https:\/\/hvproducts.de\/?s={search_term_string}"},"query-input":{"@type":"PropertyValueSpecification","valueRequired":true,"valueName":"search_term_string"}}],"inLanguage":"de"},{"@type":"Organization","@id":"https:\/\/hvproducts.de\/#organization","name":"HVP: High Voltage Products GmbH","url":"https:\/\/hvproducts.de\/","logo":{"@type":"ImageObject","inLanguage":"de","@id":"https:\/\/hvproducts.de\/#\/schema\/logo\/image\/","url":"https:\/\/www.hvproducts.de\/wp-content\/uploads\/2021\/01\/cropped-iPhone-X-XS-11-Pro-\u2013-1@2x-2.png","contentUrl":"https:\/\/www.hvproducts.de\/wp-content\/uploads\/2021\/01\/cropped-iPhone-X-XS-11-Pro-\u2013-1@2x-2.png","width":723,"height":224,"caption":"HVP: High Voltage Products GmbH"},"image":{"@id":"https:\/\/hvproducts.de\/#\/schema\/logo\/image\/"}}]}},"_links":{"self":[{"href":"https:\/\/www.hvproducts.de\/de\/wp-json\/wp\/v2\/pages\/4511","targetHints":{"allow":["GET"]}}],"collection":[{"href":"https:\/\/www.hvproducts.de\/de\/wp-json\/wp\/v2\/pages"}],"about":[{"href":"https:\/\/www.hvproducts.de\/de\/wp-json\/wp\/v2\/types\/page"}],"author":[{"embeddable":true,"href":"https:\/\/www.hvproducts.de\/de\/wp-json\/wp\/v2\/users\/1"}],"replies":[{"embeddable":true,"href":"https:\/\/www.hvproducts.de\/de\/wp-json\/wp\/v2\/comments?post=4511"}],"version-history":[{"count":32,"href":"https:\/\/www.hvproducts.de\/de\/wp-json\/wp\/v2\/pages\/4511\/revisions"}],"predecessor-version":[{"id":13307,"href":"https:\/\/www.hvproducts.de\/de\/wp-json\/wp\/v2\/pages\/4511\/revisions\/13307"}],"wp:attachment":[{"href":"https:\/\/www.hvproducts.de\/de\/wp-json\/wp\/v2\/media?parent=4511"}],"curies":[{"name":"wp","href":"https:\/\/api.w.org\/{rel}","templated":true}]}}