{"id":3587,"date":"2021-02-14T21:57:13","date_gmt":"2021-02-14T21:57:13","guid":{"rendered":"\/?page_id=3587"},"modified":"2024-04-30T17:32:52","modified_gmt":"2024-04-30T17:32:52","slug":"acrx_series","status":"publish","type":"page","link":"https:\/\/www.hvproducts.de\/de\/acrx_series","title":{"rendered":"ACRX Serie"},"content":{"rendered":"<div data-elementor-type=\"wp-page\" data-elementor-id=\"3587\" class=\"elementor elementor-3587\">\n\t\t\t\t\t\t<section class=\"elementor-section elementor-top-section elementor-element elementor-element-9bc6fa7 elementor-section-boxed elementor-section-height-default elementor-section-height-default\" data-id=\"9bc6fa7\" data-element_type=\"section\" data-e-type=\"section\">\n\t\t\t\t\t\t<div class=\"elementor-container elementor-column-gap-default\">\n\t\t\t\t\t<div class=\"elementor-column elementor-col-100 elementor-top-column elementor-element elementor-element-b58caa1\" data-id=\"b58caa1\" data-element_type=\"column\" data-e-type=\"column\">\n\t\t\t<div class=\"elementor-widget-wrap elementor-element-populated\">\n\t\t\t\t\t\t<div class=\"elementor-element elementor-element-423ce7c elementor-widget elementor-widget-text-editor\" data-id=\"423ce7c\" data-element_type=\"widget\" data-e-type=\"widget\" data-widget_type=\"text-editor.default\">\n\t\t\t\t<div class=\"elementor-widget-container\">\n\t\t\t\t\t\t\t\t\t<p><a href=\"https:\/\/www.hvproducts.de\">Startseite<\/a> \/ Produkte \/ Hochspannung \/ HV-Stromversorgungen \/\u00a0<a href=\"https:\/\/www.hvproducts.de\/capacitor_charging_psu\/\">Kondensatorladeger\u00e4t<\/a> \/ <a href=\"https:\/\/www.hvproducts.de\/acrx_series\/\">ACRX Serie<\/a><\/p>\t\t\t\t\t\t\t\t<\/div>\n\t\t\t\t<\/div>\n\t\t\t\t<div class=\"elementor-element elementor-element-14d6d47 elementor-widget elementor-widget-heading\" data-id=\"14d6d47\" data-element_type=\"widget\" data-e-type=\"widget\" data-widget_type=\"heading.default\">\n\t\t\t\t<div class=\"elementor-widget-container\">\n\t\t\t\t\t<h2 class=\"elementor-heading-title elementor-size-default\"><h1 style=\"margin-bottom: 0.5rem;font-weight: 500;font-size: 30px;, sans-serif;font-style: normal;white-space: normal\">ACRX Serie - Hochspannungskondensator-Ladenetzteil<\/h1><\/h2>\t\t\t\t<\/div>\n\t\t\t\t<\/div>\n\t\t\t\t<div class=\"elementor-element elementor-element-3cf3d05 elementor-widget elementor-widget-text-editor\" data-id=\"3cf3d05\" data-element_type=\"widget\" data-e-type=\"widget\" data-widget_type=\"text-editor.default\">\n\t\t\t\t<div class=\"elementor-widget-container\">\n\t\t\t\t\t\t\t\t\t<p>Die Netzteile k\u00f6nnen im Remote-Modus betrieben werden (0-10V-Programmierung und \u00dcberwachung). Die analoge Programmierung, analoge \u00dcberwachung, Fehler und Kontrollen sind \u00fcber den 25-poligen Sub-D-Stecker verf\u00fcgbar. Auf der Vorderseite befinden sich Leuchten, die den Status der Stromversorgungen anzeigen.<\/p>\t\t\t\t\t\t\t\t<\/div>\n\t\t\t\t<\/div>\n\t\t\t\t<section class=\"elementor-section elementor-inner-section elementor-element elementor-element-25f6d89 elementor-section-boxed elementor-section-height-default elementor-section-height-default\" data-id=\"25f6d89\" data-element_type=\"section\" data-e-type=\"section\">\n\t\t\t\t\t\t<div class=\"elementor-container elementor-column-gap-default\">\n\t\t\t\t\t<div class=\"elementor-column elementor-col-50 elementor-inner-column elementor-element elementor-element-4a4e503\" data-id=\"4a4e503\" data-element_type=\"column\" data-e-type=\"column\">\n\t\t\t<div class=\"elementor-widget-wrap elementor-element-populated\">\n\t\t\t\t\t\t<div class=\"elementor-element elementor-element-a00a9ee elementor-widget elementor-widget-image\" data-id=\"a00a9ee\" data-element_type=\"widget\" data-e-type=\"widget\" data-widget_type=\"image.default\">\n\t\t\t\t<div class=\"elementor-widget-container\">\n\t\t\t\t\t\t\t\t\t\t\t\t\t\t\t<img fetchpriority=\"high\" decoding=\"async\" width=\"1024\" height=\"613\" src=\"https:\/\/www.hvproducts.de\/wp-content\/uploads\/2021\/02\/basis-gedreht_1-1024x613.png\" class=\"attachment-large size-large wp-image-2593\" alt=\"High Voltage Capacitor Chargers - Germany\" srcset=\"https:\/\/www.hvproducts.de\/wp-content\/uploads\/2021\/02\/basis-gedreht_1-1024x613.png 1024w, https:\/\/www.hvproducts.de\/wp-content\/uploads\/2021\/02\/basis-gedreht_1-300x180.png 300w, https:\/\/www.hvproducts.de\/wp-content\/uploads\/2021\/02\/basis-gedreht_1-768x460.png 768w, https:\/\/www.hvproducts.de\/wp-content\/uploads\/2021\/02\/basis-gedreht_1-1536x919.png 1536w, https:\/\/www.hvproducts.de\/wp-content\/uploads\/2021\/02\/basis-gedreht_1-18x12.png 18w, https:\/\/www.hvproducts.de\/wp-content\/uploads\/2021\/02\/basis-gedreht_1.png 2000w\" sizes=\"(max-width: 1024px) 100vw, 1024px\" \/>\t\t\t\t\t\t\t\t\t\t\t\t\t\t\t<\/div>\n\t\t\t\t<\/div>\n\t\t\t\t\t<\/div>\n\t\t<\/div>\n\t\t\t\t<div class=\"elementor-column elementor-col-50 elementor-inner-column elementor-element elementor-element-9ab155e\" data-id=\"9ab155e\" data-element_type=\"column\" data-e-type=\"column\">\n\t\t\t<div class=\"elementor-widget-wrap elementor-element-populated\">\n\t\t\t\t\t\t<div class=\"elementor-element elementor-element-7098450 elementor-widget elementor-widget-text-editor\" data-id=\"7098450\" data-element_type=\"widget\" data-e-type=\"widget\" data-widget_type=\"text-editor.default\">\n\t\t\t\t<div class=\"elementor-widget-container\">\n\t\t\t\t\t\t\t\t\t<p><u>Typische Anwendungen<\/u><\/p><ul><li>Space<\/li><li>Aeronautik<\/li><li>Milit\u00e4r<\/li><li>Medizinische<\/li><\/ul>\t\t\t\t\t\t\t\t<\/div>\n\t\t\t\t<\/div>\n\t\t\t\t\t<\/div>\n\t\t<\/div>\n\t\t\t\t\t<\/div>\n\t\t<\/section>\n\t\t\t\t\t<\/div>\n\t\t<\/div>\n\t\t\t\t\t<\/div>\n\t\t<\/section>\n\t\t\t\t<section class=\"elementor-section elementor-top-section elementor-element elementor-element-7b61841 elementor-section-boxed elementor-section-height-default elementor-section-height-default\" data-id=\"7b61841\" data-element_type=\"section\" data-e-type=\"section\">\n\t\t\t\t\t\t<div class=\"elementor-container elementor-column-gap-default\">\n\t\t\t\t\t<div class=\"elementor-column elementor-col-100 elementor-top-column elementor-element elementor-element-7615234\" data-id=\"7615234\" data-element_type=\"column\" data-e-type=\"column\">\n\t\t\t<div class=\"elementor-widget-wrap elementor-element-populated\">\n\t\t\t\t\t\t<div class=\"elementor-element elementor-element-4137887 elementor-widget elementor-widget-spacer\" data-id=\"4137887\" data-element_type=\"widget\" data-e-type=\"widget\" data-widget_type=\"spacer.default\">\n\t\t\t\t<div class=\"elementor-widget-container\">\n\t\t\t\t\t\t\t<div class=\"elementor-spacer\">\n\t\t\t<div class=\"elementor-spacer-inner\"><\/div>\n\t\t<\/div>\n\t\t\t\t\t\t<\/div>\n\t\t\t\t<\/div>\n\t\t\t\t<div class=\"elementor-element elementor-element-427120c elementor-tabs-view-horizontal elementor-widget elementor-widget-tabs\" data-id=\"427120c\" data-element_type=\"widget\" data-e-type=\"widget\" data-widget_type=\"tabs.default\">\n\t\t\t\t<div class=\"elementor-widget-container\">\n\t\t\t\t\t\t\t<div class=\"elementor-tabs\">\n\t\t\t<div class=\"elementor-tabs-wrapper\" role=\"tablist\" >\n\t\t\t\t\t\t\t\t\t<div id=\"elementor-tab-title-6961\" class=\"elementor-tab-title elementor-tab-desktop-title\" aria-selected=\"true\" data-tab=\"1\" role=\"tab\" tabindex=\"0\" aria-controls=\"elementor-tab-content-6961\" aria-expanded=\"false\">Datenbl\u00e4tter<\/div>\n\t\t\t\t\t\t\t\t\t<div id=\"elementor-tab-title-6962\" class=\"elementor-tab-title elementor-tab-desktop-title\" aria-selected=\"false\" data-tab=\"2\" role=\"tab\" tabindex=\"-1\" aria-controls=\"elementor-tab-content-6962\" aria-expanded=\"false\">Technische Informationen<\/div>\n\t\t\t\t\t\t\t<\/div>\n\t\t\t<div class=\"elementor-tabs-content-wrapper\" role=\"tablist\" aria-orientation=\"vertical\">\n\t\t\t\t\t\t\t\t\t<div class=\"elementor-tab-title elementor-tab-mobile-title\" aria-selected=\"true\" data-tab=\"1\" role=\"tab\" tabindex=\"0\" aria-controls=\"elementor-tab-content-6961\" aria-expanded=\"false\">Datenbl\u00e4tter<\/div>\n\t\t\t\t\t<div id=\"elementor-tab-content-6961\" class=\"elementor-tab-content elementor-clearfix\" data-tab=\"1\" role=\"tabpanel\" aria-labelledby=\"elementor-tab-title-6961\" tabindex=\"0\" hidden=\"false\"><table style=\"border: none; table-layout: fixed;\"><tbody><tr><td style=\"padding: 0 25px 0 0; border: none;\"><a href=\"https:\/\/www.hvproducts.de\/wp-content\/uploads\/2021\/04\/acrx-series.pdf\"><span class=\"text\" style=\"display: inline-flex;\"><img decoding=\"async\" class=\"\" style=\"padding-right: 15px; width: 57px; height: 55px;\" src=\"https:\/\/www.hvproducts.de\/wp-content\/uploads\/2021\/01\/download.png\" \/> ACRX Serie\u00a0<\/span><\/a><\/td><td style=\"padding: 0 25px 0 0; border: none;\">\u00a0<\/td><td style=\"border: none;\">\u00a0<\/td><\/tr><tr><td style=\"padding: 0 25px 0 0; border: none;\">\u00a0<\/td><td style=\"padding: 0 25px 0 0; border: none;\">\u00a0<\/td><td style=\"border: none;\">\u00a0<\/td><\/tr><tr><td style=\"padding: 0 25px 0 0; border: none;\">\u00a0<\/td><td style=\"padding: 0 25px 0 0; border: none;\">\u00a0<\/td><td style=\"border: none;\">\u00a0<\/td><\/tr><\/tbody><\/table><\/div>\n\t\t\t\t\t\t\t\t\t<div class=\"elementor-tab-title elementor-tab-mobile-title\" aria-selected=\"false\" data-tab=\"2\" role=\"tab\" tabindex=\"-1\" aria-controls=\"elementor-tab-content-6962\" aria-expanded=\"false\">Technische Informationen<\/div>\n\t\t\t\t\t<div id=\"elementor-tab-content-6962\" class=\"elementor-tab-content elementor-clearfix\" data-tab=\"2\" role=\"tabpanel\" aria-labelledby=\"elementor-tab-title-6962\" tabindex=\"0\" hidden=\"hidden\"><p>\u00a0<\/p><table style=\"border: none; table-layout: fixed;\"><tbody><tr><td style=\"padding: 0 25px 0 0; border: none;\"><span style=\"text-shadow: 1px 0 #000000; letter-spacing: 1px; font-weight: bold;\">Eingangsspannung<\/span><br \/>400 VAC oder 480 VAC, 3 Phasen<br \/><br \/><span style=\"text-shadow: 1px 0 #000000; letter-spacing: 1px; font-weight: bold;\">Ausgangsspannung<\/span><br \/>von 0-10kVDC bis 0-50kVDC<br \/><br \/><span style=\"text-shadow: 1px 0 #000000; letter-spacing: 1px; font-weight: bold;\">Ausgangsleistung<\/span><br \/>von 6 kJ\/s bis zu 15 kJ\/s<\/td><td style=\"padding: 0 25px 0 0; border: none;\"><span style=\"text-shadow: 1px 0 #000000; letter-spacing: 1px; font-weight: bold;\">Polarit\u00e4t<\/span><br \/>Verf\u00fcgbar als positiv, negativ oder schwebend<br \/><br \/><span style=\"text-shadow: 1px 0 #000000; letter-spacing: 1px; font-weight: bold;\">Betriebstemperatur<\/span><br \/>+10 Grad C bis +35 Grad C<br \/><br \/><span style=\"text-shadow: 1px 0 #000000; letter-spacing: 1px; font-weight: bold;\">Effizienz<\/span><br \/>&gt; 85%<\/td><td style=\"border: none;\"><span style=\"text-shadow: 1px 0 #000000; letter-spacing: 1px; font-weight: bold;\">Programmierung<\/span><br \/>RS232 \/ Ethernet \/ Optische Schnittstelle<br \/><br \/><span style=\"text-shadow: 1px 0 #000000; letter-spacing: 1px; font-weight: bold;\">Standards<\/span><br \/>Sicherheitsanforderungen: EN 61010-1 : 2001<br \/>EMC-Emission: EN 61000-6-4 : 2001<br \/>EMV-St\u00f6rfestigkeit: EN 61000-6-2 : 2001<\/td><\/tr><\/tbody><\/table><\/div>\n\t\t\t\t\t\t\t<\/div>\n\t\t<\/div>\n\t\t\t\t\t\t<\/div>\n\t\t\t\t<\/div>\n\t\t\t\t<div class=\"elementor-element elementor-element-f2d941f elementor-widget elementor-widget-spacer\" data-id=\"f2d941f\" data-element_type=\"widget\" data-e-type=\"widget\" data-widget_type=\"spacer.default\">\n\t\t\t\t<div class=\"elementor-widget-container\">\n\t\t\t\t\t\t\t<div class=\"elementor-spacer\">\n\t\t\t<div class=\"elementor-spacer-inner\"><\/div>\n\t\t<\/div>\n\t\t\t\t\t\t<\/div>\n\t\t\t\t<\/div>\n\t\t\t\t\t<\/div>\n\t\t<\/div>\n\t\t\t\t\t<\/div>\n\t\t<\/section>\n\t\t\t\t<\/div>","protected":false},"excerpt":{"rendered":"<p>Home \/ Products \/ High Voltage\u00a0\/\u00a0HV Power Supplies\u00a0\/\u00a0Capacitor Charging PSU \/ ACRX Series ACRX Series &#8211; High Voltage Capacitor Charging Power Supply The power supplies can be operated in remote mode (0-10V program and monitor). The analog programming, analog monitoring, faults and controls are available on the 25 pins Sub-D connector. On the front panel, [&hellip;]<\/p>\n","protected":false},"author":1,"featured_media":0,"parent":0,"menu_order":0,"comment_status":"closed","ping_status":"closed","template":"","meta":{"site-sidebar-layout":"no-sidebar","site-content-layout":"page-builder","ast-site-content-layout":"full-width-container","site-content-style":"unboxed","site-sidebar-style":"unboxed","ast-global-header-display":"","ast-banner-title-visibility":"","ast-main-header-display":"","ast-hfb-above-header-display":"","ast-hfb-below-header-display":"","ast-hfb-mobile-header-display":"","site-post-title":"disabled","ast-breadcrumbs-content":"","ast-featured-img":"disabled","footer-sml-layout":"","ast-disable-related-posts":"","theme-transparent-header-meta":"default","adv-header-id-meta":"","stick-header-meta":"","header-above-stick-meta":"","header-main-stick-meta":"","header-below-stick-meta":"","astra-migrate-meta-layouts":"set","ast-page-background-enabled":"default","ast-page-background-meta":{"desktop":{"background-color":"","background-image":"","background-repeat":"repeat","background-position":"center center","background-size":"auto","background-attachment":"scroll","background-type":"","background-media":"","overlay-type":"","overlay-color":"","overlay-opacity":"","overlay-gradient":""},"tablet":{"background-color":"","background-image":"","background-repeat":"repeat","background-position":"center center","background-size":"auto","background-attachment":"scroll","background-type":"","background-media":"","overlay-type":"","overlay-color":"","overlay-opacity":"","overlay-gradient":""},"mobile":{"background-color":"","background-image":"","background-repeat":"repeat","background-position":"center center","background-size":"auto","background-attachment":"scroll","background-type":"","background-media":"","overlay-type":"","overlay-color":"","overlay-opacity":"","overlay-gradient":""}},"ast-content-background-meta":{"desktop":{"background-color":"var(--ast-global-color-5)","background-image":"","background-repeat":"repeat","background-position":"center center","background-size":"auto","background-attachment":"scroll","background-type":"","background-media":"","overlay-type":"","overlay-color":"","overlay-opacity":"","overlay-gradient":""},"tablet":{"background-color":"var(--ast-global-color-5)","background-image":"","background-repeat":"repeat","background-position":"center center","background-size":"auto","background-attachment":"scroll","background-type":"","background-media":"","overlay-type":"","overlay-color":"","overlay-opacity":"","overlay-gradient":""},"mobile":{"background-color":"var(--ast-global-color-5)","background-image":"","background-repeat":"repeat","background-position":"center center","background-size":"auto","background-attachment":"scroll","background-type":"","background-media":"","overlay-type":"","overlay-color":"","overlay-opacity":"","overlay-gradient":""}},"footnotes":""},"class_list":["post-3587","page","type-page","status-publish","hentry"],"yoast_head":"<!-- This site is optimized with the Yoast SEO plugin v27.2 - https:\/\/yoast.com\/product\/yoast-seo-wordpress\/ -->\n<title>ACRX Series - High Voltage Capacitor<\/title>\n<meta name=\"description\" content=\"Capacitor charging power supply can drive traditional pulse-forming networks and reservoir partial discharge circuits.\" \/>\n<meta name=\"robots\" content=\"index, follow, max-snippet:-1, max-image-preview:large, max-video-preview:-1\" \/>\n<link rel=\"canonical\" href=\"https:\/\/www.hvproducts.de\/de\/acrx_series\/\" \/>\n<meta property=\"og:locale\" content=\"de_DE\" \/>\n<meta property=\"og:type\" content=\"article\" \/>\n<meta property=\"og:title\" content=\"ACRX Series - High Voltage Capacitor\" \/>\n<meta property=\"og:description\" content=\"Capacitor charging power supply can drive traditional pulse-forming networks and reservoir partial discharge circuits.\" \/>\n<meta property=\"og:url\" content=\"https:\/\/www.hvproducts.de\/de\/acrx_series\/\" \/>\n<meta property=\"og:site_name\" content=\"HVP: High Voltage Products GmbH\" \/>\n<meta property=\"article:modified_time\" content=\"2024-04-30T17:32:52+00:00\" \/>\n<meta property=\"og:image\" content=\"https:\/\/www.hvproducts.de\/wp-content\/uploads\/2021\/02\/basis-gedreht_1-1024x613.png\" \/>\n<meta name=\"twitter:card\" content=\"summary_large_image\" \/>\n<meta name=\"twitter:label1\" content=\"Gesch\u00e4tzte Lesezeit\" \/>\n\t<meta name=\"twitter:data1\" content=\"2\u00a0Minuten\" \/>\n<script type=\"application\/ld+json\" class=\"yoast-schema-graph\">{\"@context\":\"https:\/\/schema.org\",\"@graph\":[{\"@type\":\"WebPage\",\"@id\":\"https:\/\/www.hvproducts.de\/acrx_series\",\"url\":\"https:\/\/www.hvproducts.de\/acrx_series\",\"name\":\"ACRX Series - High Voltage Capacitor\",\"isPartOf\":{\"@id\":\"https:\/\/hvproducts.de\/#website\"},\"primaryImageOfPage\":{\"@id\":\"https:\/\/www.hvproducts.de\/acrx_series#primaryimage\"},\"image\":{\"@id\":\"https:\/\/www.hvproducts.de\/acrx_series#primaryimage\"},\"thumbnailUrl\":\"https:\/\/www.hvproducts.de\/wp-content\/uploads\/2021\/02\/basis-gedreht_1-1024x613.png\",\"datePublished\":\"2021-02-14T21:57:13+00:00\",\"dateModified\":\"2024-04-30T17:32:52+00:00\",\"description\":\"Capacitor charging power supply can drive traditional pulse-forming networks and reservoir partial discharge circuits.\",\"breadcrumb\":{\"@id\":\"https:\/\/www.hvproducts.de\/acrx_series#breadcrumb\"},\"inLanguage\":\"de\",\"potentialAction\":[{\"@type\":\"ReadAction\",\"target\":[\"https:\/\/www.hvproducts.de\/acrx_series\"]}]},{\"@type\":\"ImageObject\",\"inLanguage\":\"de\",\"@id\":\"https:\/\/www.hvproducts.de\/acrx_series#primaryimage\",\"url\":\"https:\/\/www.hvproducts.de\/wp-content\/uploads\/2021\/02\/basis-gedreht_1-1024x613.png\",\"contentUrl\":\"https:\/\/www.hvproducts.de\/wp-content\/uploads\/2021\/02\/basis-gedreht_1-1024x613.png\"},{\"@type\":\"BreadcrumbList\",\"@id\":\"https:\/\/www.hvproducts.de\/acrx_series#breadcrumb\",\"itemListElement\":[{\"@type\":\"ListItem\",\"position\":1,\"name\":\"Home\",\"item\":\"https:\/\/www.hvproducts.de\/\"},{\"@type\":\"ListItem\",\"position\":2,\"name\":\"ACRX Series\"}]},{\"@type\":\"WebSite\",\"@id\":\"https:\/\/hvproducts.de\/#website\",\"url\":\"https:\/\/hvproducts.de\/\",\"name\":\"HVP: High Voltage Products GmbH\",\"description\":\"High Voltage Products GmbH\",\"publisher\":{\"@id\":\"https:\/\/hvproducts.de\/#organization\"},\"potentialAction\":[{\"@type\":\"SearchAction\",\"target\":{\"@type\":\"EntryPoint\",\"urlTemplate\":\"https:\/\/hvproducts.de\/?s={search_term_string}\"},\"query-input\":{\"@type\":\"PropertyValueSpecification\",\"valueRequired\":true,\"valueName\":\"search_term_string\"}}],\"inLanguage\":\"de\"},{\"@type\":\"Organization\",\"@id\":\"https:\/\/hvproducts.de\/#organization\",\"name\":\"HVP: High Voltage Products GmbH\",\"url\":\"https:\/\/hvproducts.de\/\",\"logo\":{\"@type\":\"ImageObject\",\"inLanguage\":\"de\",\"@id\":\"https:\/\/hvproducts.de\/#\/schema\/logo\/image\/\",\"url\":\"https:\/\/www.hvproducts.de\/wp-content\/uploads\/2021\/01\/cropped-iPhone-X-XS-11-Pro-\u2013-1@2x-2.png\",\"contentUrl\":\"https:\/\/www.hvproducts.de\/wp-content\/uploads\/2021\/01\/cropped-iPhone-X-XS-11-Pro-\u2013-1@2x-2.png\",\"width\":723,\"height\":224,\"caption\":\"HVP: High Voltage Products GmbH\"},\"image\":{\"@id\":\"https:\/\/hvproducts.de\/#\/schema\/logo\/image\/\"}}]}<\/script>\n<!-- \/ Yoast SEO plugin. -->","yoast_head_json":{"title":"ACRX Series - High Voltage Capacitor","description":"Capacitor charging power supply can drive traditional pulse-forming networks and reservoir partial discharge circuits.","robots":{"index":"index","follow":"follow","max-snippet":"max-snippet:-1","max-image-preview":"max-image-preview:large","max-video-preview":"max-video-preview:-1"},"canonical":"https:\/\/www.hvproducts.de\/de\/acrx_series\/","og_locale":"de_DE","og_type":"article","og_title":"ACRX Series - High Voltage Capacitor","og_description":"Capacitor charging power supply can drive traditional pulse-forming networks and reservoir partial discharge circuits.","og_url":"https:\/\/www.hvproducts.de\/de\/acrx_series\/","og_site_name":"HVP: High Voltage Products GmbH","article_modified_time":"2024-04-30T17:32:52+00:00","og_image":[{"url":"https:\/\/www.hvproducts.de\/wp-content\/uploads\/2021\/02\/basis-gedreht_1-1024x613.png","type":"","width":"","height":""}],"twitter_card":"summary_large_image","twitter_misc":{"Gesch\u00e4tzte Lesezeit":"2\u00a0Minuten"},"schema":{"@context":"https:\/\/schema.org","@graph":[{"@type":"WebPage","@id":"https:\/\/www.hvproducts.de\/acrx_series","url":"https:\/\/www.hvproducts.de\/acrx_series","name":"ACRX Series - High Voltage Capacitor","isPartOf":{"@id":"https:\/\/hvproducts.de\/#website"},"primaryImageOfPage":{"@id":"https:\/\/www.hvproducts.de\/acrx_series#primaryimage"},"image":{"@id":"https:\/\/www.hvproducts.de\/acrx_series#primaryimage"},"thumbnailUrl":"https:\/\/www.hvproducts.de\/wp-content\/uploads\/2021\/02\/basis-gedreht_1-1024x613.png","datePublished":"2021-02-14T21:57:13+00:00","dateModified":"2024-04-30T17:32:52+00:00","description":"Capacitor charging power supply can drive traditional pulse-forming networks and reservoir partial discharge circuits.","breadcrumb":{"@id":"https:\/\/www.hvproducts.de\/acrx_series#breadcrumb"},"inLanguage":"de","potentialAction":[{"@type":"ReadAction","target":["https:\/\/www.hvproducts.de\/acrx_series"]}]},{"@type":"ImageObject","inLanguage":"de","@id":"https:\/\/www.hvproducts.de\/acrx_series#primaryimage","url":"https:\/\/www.hvproducts.de\/wp-content\/uploads\/2021\/02\/basis-gedreht_1-1024x613.png","contentUrl":"https:\/\/www.hvproducts.de\/wp-content\/uploads\/2021\/02\/basis-gedreht_1-1024x613.png"},{"@type":"BreadcrumbList","@id":"https:\/\/www.hvproducts.de\/acrx_series#breadcrumb","itemListElement":[{"@type":"ListItem","position":1,"name":"Home","item":"https:\/\/www.hvproducts.de\/"},{"@type":"ListItem","position":2,"name":"ACRX Series"}]},{"@type":"WebSite","@id":"https:\/\/hvproducts.de\/#website","url":"https:\/\/hvproducts.de\/","name":"HVP: High Voltage Products GmbH","description":"High Voltage Products GmbH","publisher":{"@id":"https:\/\/hvproducts.de\/#organization"},"potentialAction":[{"@type":"SearchAction","target":{"@type":"EntryPoint","urlTemplate":"https:\/\/hvproducts.de\/?s={search_term_string}"},"query-input":{"@type":"PropertyValueSpecification","valueRequired":true,"valueName":"search_term_string"}}],"inLanguage":"de"},{"@type":"Organization","@id":"https:\/\/hvproducts.de\/#organization","name":"HVP: High Voltage Products GmbH","url":"https:\/\/hvproducts.de\/","logo":{"@type":"ImageObject","inLanguage":"de","@id":"https:\/\/hvproducts.de\/#\/schema\/logo\/image\/","url":"https:\/\/www.hvproducts.de\/wp-content\/uploads\/2021\/01\/cropped-iPhone-X-XS-11-Pro-\u2013-1@2x-2.png","contentUrl":"https:\/\/www.hvproducts.de\/wp-content\/uploads\/2021\/01\/cropped-iPhone-X-XS-11-Pro-\u2013-1@2x-2.png","width":723,"height":224,"caption":"HVP: High Voltage Products GmbH"},"image":{"@id":"https:\/\/hvproducts.de\/#\/schema\/logo\/image\/"}}]}},"_links":{"self":[{"href":"https:\/\/www.hvproducts.de\/de\/wp-json\/wp\/v2\/pages\/3587","targetHints":{"allow":["GET"]}}],"collection":[{"href":"https:\/\/www.hvproducts.de\/de\/wp-json\/wp\/v2\/pages"}],"about":[{"href":"https:\/\/www.hvproducts.de\/de\/wp-json\/wp\/v2\/types\/page"}],"author":[{"embeddable":true,"href":"https:\/\/www.hvproducts.de\/de\/wp-json\/wp\/v2\/users\/1"}],"replies":[{"embeddable":true,"href":"https:\/\/www.hvproducts.de\/de\/wp-json\/wp\/v2\/comments?post=3587"}],"version-history":[{"count":26,"href":"https:\/\/www.hvproducts.de\/de\/wp-json\/wp\/v2\/pages\/3587\/revisions"}],"predecessor-version":[{"id":14228,"href":"https:\/\/www.hvproducts.de\/de\/wp-json\/wp\/v2\/pages\/3587\/revisions\/14228"}],"wp:attachment":[{"href":"https:\/\/www.hvproducts.de\/de\/wp-json\/wp\/v2\/media?parent=3587"}],"curies":[{"name":"wp","href":"https:\/\/api.w.org\/{rel}","templated":true}]}}