{"id":3553,"date":"2021-02-14T21:31:52","date_gmt":"2021-02-14T21:31:52","guid":{"rendered":"\/?page_id=3553"},"modified":"2021-04-05T13:46:12","modified_gmt":"2021-04-05T13:46:12","slug":"eg_353_series","status":"publish","type":"page","link":"https:\/\/www.hvproducts.de\/de\/eg_353_series","title":{"rendered":"EG 353 Serie"},"content":{"rendered":"<div data-elementor-type=\"wp-page\" data-elementor-id=\"3553\" class=\"elementor elementor-3553\">\n\t\t\t\t\t\t<section class=\"elementor-section elementor-top-section elementor-element elementor-element-9bc6fa7 elementor-section-boxed elementor-section-height-default elementor-section-height-default\" data-id=\"9bc6fa7\" data-element_type=\"section\" data-e-type=\"section\">\n\t\t\t\t\t\t<div class=\"elementor-container elementor-column-gap-default\">\n\t\t\t\t\t<div class=\"elementor-column elementor-col-100 elementor-top-column elementor-element elementor-element-b58caa1\" data-id=\"b58caa1\" data-element_type=\"column\" data-e-type=\"column\">\n\t\t\t<div class=\"elementor-widget-wrap elementor-element-populated\">\n\t\t\t\t\t\t<div class=\"elementor-element elementor-element-423ce7c elementor-widget elementor-widget-text-editor\" data-id=\"423ce7c\" data-element_type=\"widget\" data-e-type=\"widget\" data-widget_type=\"text-editor.default\">\n\t\t\t\t<div class=\"elementor-widget-container\">\n\t\t\t\t\t\t\t\t\t<p><a href=\"https:\/\/www.hvproducts.de\">Startseite<\/a> \/ Produkte \/ Hochspannung \/ HV-Stromversorgungen \/\u00a0<a href=\"https:\/\/www.hvproducts.de\/ac_dc_power_supplies\/\">AC\/DC-Stromversorgungen<\/a> \/\u00a0<a class=\"level-1\" href=\"https:\/\/www.hvproducts.de\/eg_353_series\/\">EG 353 Serie<\/a><\/p>\t\t\t\t\t\t\t\t<\/div>\n\t\t\t\t<\/div>\n\t\t\t\t<div class=\"elementor-element elementor-element-14d6d47 elementor-widget elementor-widget-heading\" data-id=\"14d6d47\" data-element_type=\"widget\" data-e-type=\"widget\" data-widget_type=\"heading.default\">\n\t\t\t\t<div class=\"elementor-widget-container\">\n\t\t\t\t\t<h2 class=\"elementor-heading-title elementor-size-default\"><h1 style=\"margin-bottom: 0.5rem;font-weight: 500;font-size: 30px;, sans-serif;font-style: normal;white-space: normal\">35 kV Hochspannungsnetzteil f\u00fcr Rasterelektronenmikroskope<\/h1><\/h2>\t\t\t\t<\/div>\n\t\t\t\t<\/div>\n\t\t\t\t<div class=\"elementor-element elementor-element-3cf3d05 elementor-widget elementor-widget-text-editor\" data-id=\"3cf3d05\" data-element_type=\"widget\" data-e-type=\"widget\" data-widget_type=\"text-editor.default\">\n\t\t\t\t<div class=\"elementor-widget-container\">\n\t\t\t\t\t\t\t\t\t<p>Die EG353-Serie bietet zuverl\u00e4ssige, hochstabile Stromversorgungen f\u00fcr Rasterelektronenmikroskope (SEM) mit eingebauter Flexibilit\u00e4t, um verschiedene Schottky-Emissions-Elektronenkanonen-Konfigurationen aufzunehmen. Die EG353-Serie umfasst Direct Drive Digital Control (D3C), das eine kleinere Stellfl\u00e4che erm\u00f6glicht und die MTBF und Zuverl\u00e4ssigkeit verbessert. Durch das bew\u00e4hrte Design und die Leistungsumwandlungstechnologien k\u00f6nnen die EG353-Netzteile zur Maximierung der Bildqualit\u00e4t und Wiederholbarkeit beitragen.<\/p>\t\t\t\t\t\t\t\t<\/div>\n\t\t\t\t<\/div>\n\t\t\t\t<section class=\"elementor-section elementor-inner-section elementor-element elementor-element-25f6d89 elementor-section-boxed elementor-section-height-default elementor-section-height-default\" data-id=\"25f6d89\" data-element_type=\"section\" data-e-type=\"section\">\n\t\t\t\t\t\t<div class=\"elementor-container elementor-column-gap-default\">\n\t\t\t\t\t<div class=\"elementor-column elementor-col-50 elementor-inner-column elementor-element elementor-element-4a4e503\" data-id=\"4a4e503\" data-element_type=\"column\" data-e-type=\"column\">\n\t\t\t<div class=\"elementor-widget-wrap elementor-element-populated\">\n\t\t\t\t\t\t<div class=\"elementor-element elementor-element-a00a9ee elementor-widget elementor-widget-image\" data-id=\"a00a9ee\" data-element_type=\"widget\" data-e-type=\"widget\" data-widget_type=\"image.default\">\n\t\t\t\t<div class=\"elementor-widget-container\">\n\t\t\t\t\t\t\t\t\t\t\t\t\t\t\t<img fetchpriority=\"high\" decoding=\"async\" width=\"540\" height=\"252\" src=\"https:\/\/www.hvproducts.de\/wp-content\/uploads\/2021\/02\/eg_353.jpg\" class=\"attachment-large size-large wp-image-3579\" alt=\"\" srcset=\"https:\/\/www.hvproducts.de\/wp-content\/uploads\/2021\/02\/eg_353.jpg 540w, https:\/\/www.hvproducts.de\/wp-content\/uploads\/2021\/02\/eg_353-300x140.jpg 300w, https:\/\/www.hvproducts.de\/wp-content\/uploads\/2021\/02\/eg_353-18x8.jpg 18w\" sizes=\"(max-width: 540px) 100vw, 540px\" \/>\t\t\t\t\t\t\t\t\t\t\t\t\t\t\t<\/div>\n\t\t\t\t<\/div>\n\t\t\t\t\t<\/div>\n\t\t<\/div>\n\t\t\t\t<div class=\"elementor-column elementor-col-50 elementor-inner-column elementor-element elementor-element-9ab155e\" data-id=\"9ab155e\" data-element_type=\"column\" data-e-type=\"column\">\n\t\t\t<div class=\"elementor-widget-wrap elementor-element-populated\">\n\t\t\t\t\t\t<div class=\"elementor-element elementor-element-7098450 elementor-widget elementor-widget-text-editor\" data-id=\"7098450\" data-element_type=\"widget\" data-e-type=\"widget\" data-widget_type=\"text-editor.default\">\n\t\t\t\t<div class=\"elementor-widget-container\">\n\t\t\t\t\t\t\t\t\t<p><u>Typische Anwendungen<\/u><\/p><ul><li>Rasterelektronenmikroskope<\/li><li>Inspektion<\/li><li>Material- und Biowissenschaften<\/li><li>Forensik<\/li><\/ul>\t\t\t\t\t\t\t\t<\/div>\n\t\t\t\t<\/div>\n\t\t\t\t\t<\/div>\n\t\t<\/div>\n\t\t\t\t\t<\/div>\n\t\t<\/section>\n\t\t\t\t\t<\/div>\n\t\t<\/div>\n\t\t\t\t\t<\/div>\n\t\t<\/section>\n\t\t\t\t<section class=\"elementor-section elementor-top-section elementor-element elementor-element-7b61841 elementor-section-boxed elementor-section-height-default elementor-section-height-default\" data-id=\"7b61841\" data-element_type=\"section\" data-e-type=\"section\">\n\t\t\t\t\t\t<div class=\"elementor-container elementor-column-gap-default\">\n\t\t\t\t\t<div class=\"elementor-column elementor-col-100 elementor-top-column elementor-element elementor-element-7615234\" data-id=\"7615234\" data-element_type=\"column\" data-e-type=\"column\">\n\t\t\t<div class=\"elementor-widget-wrap elementor-element-populated\">\n\t\t\t\t\t\t<div class=\"elementor-element elementor-element-4137887 elementor-widget elementor-widget-spacer\" data-id=\"4137887\" data-element_type=\"widget\" data-e-type=\"widget\" data-widget_type=\"spacer.default\">\n\t\t\t\t<div class=\"elementor-widget-container\">\n\t\t\t\t\t\t\t<div class=\"elementor-spacer\">\n\t\t\t<div class=\"elementor-spacer-inner\"><\/div>\n\t\t<\/div>\n\t\t\t\t\t\t<\/div>\n\t\t\t\t<\/div>\n\t\t\t\t<div class=\"elementor-element elementor-element-427120c elementor-tabs-view-horizontal elementor-widget elementor-widget-tabs\" data-id=\"427120c\" data-element_type=\"widget\" data-e-type=\"widget\" data-widget_type=\"tabs.default\">\n\t\t\t\t<div class=\"elementor-widget-container\">\n\t\t\t\t\t\t\t<div class=\"elementor-tabs\">\n\t\t\t<div class=\"elementor-tabs-wrapper\" role=\"tablist\" >\n\t\t\t\t\t\t\t\t\t<div id=\"elementor-tab-title-6961\" class=\"elementor-tab-title elementor-tab-desktop-title\" aria-selected=\"true\" data-tab=\"1\" role=\"tab\" tabindex=\"0\" aria-controls=\"elementor-tab-content-6961\" aria-expanded=\"false\">Datenbl\u00e4tter<\/div>\n\t\t\t\t\t\t\t\t\t<div id=\"elementor-tab-title-6962\" class=\"elementor-tab-title elementor-tab-desktop-title\" aria-selected=\"false\" data-tab=\"2\" role=\"tab\" tabindex=\"-1\" aria-controls=\"elementor-tab-content-6962\" aria-expanded=\"false\">Technische Informationen<\/div>\n\t\t\t\t\t\t\t<\/div>\n\t\t\t<div class=\"elementor-tabs-content-wrapper\" role=\"tablist\" aria-orientation=\"vertical\">\n\t\t\t\t\t\t\t\t\t<div class=\"elementor-tab-title elementor-tab-mobile-title\" aria-selected=\"true\" data-tab=\"1\" role=\"tab\" tabindex=\"0\" aria-controls=\"elementor-tab-content-6961\" aria-expanded=\"false\">Datenbl\u00e4tter<\/div>\n\t\t\t\t\t<div id=\"elementor-tab-content-6961\" class=\"elementor-tab-content elementor-clearfix\" data-tab=\"1\" role=\"tabpanel\" aria-labelledby=\"elementor-tab-title-6961\" tabindex=\"0\" hidden=\"false\"><table style=\"border: none; table-layout: fixed;\"><tbody><tr><td style=\"padding: 0 25px 0 0; border: none;\"><a href=\"https:\/\/www.hvproducts.de\/wp-content\/uploads\/2021\/04\/eg353_series-1.pdf\"><span class=\"text\" style=\"display: inline-flex;\"><img decoding=\"async\" class=\"\" style=\"padding-right: 15px; width: 57px; height: 55px;\" src=\"https:\/\/www.hvproducts.de\/wp-content\/uploads\/2021\/01\/download.png\" \/>EG 353 Serie<\/span><\/a><\/td><td style=\"padding: 0 25px 0 0; border: none;\">\u00a0<\/td><td style=\"border: none;\">\u00a0<\/td><\/tr><tr><td style=\"padding: 0 25px 0 0; border: none;\">\u00a0<\/td><td style=\"padding: 0 25px 0 0; border: none;\">\u00a0<\/td><td style=\"border: none;\">\u00a0<\/td><\/tr><tr><td style=\"padding: 0 25px 0 0; border: none;\">\u00a0<\/td><td style=\"padding: 0 25px 0 0; border: none;\">\u00a0<\/td><td style=\"border: none;\">\u00a0<\/td><\/tr><\/tbody><\/table><\/div>\n\t\t\t\t\t\t\t\t\t<div class=\"elementor-tab-title elementor-tab-mobile-title\" aria-selected=\"false\" data-tab=\"2\" role=\"tab\" tabindex=\"-1\" aria-controls=\"elementor-tab-content-6962\" aria-expanded=\"false\">Technische Informationen<\/div>\n\t\t\t\t\t<div id=\"elementor-tab-content-6962\" class=\"elementor-tab-content elementor-clearfix\" data-tab=\"2\" role=\"tabpanel\" aria-labelledby=\"elementor-tab-title-6962\" tabindex=\"0\" hidden=\"hidden\"><p>\u00a0<\/p><table style=\"border: none; table-layout: fixed;\"><tbody><tr><td style=\"padding: 0 25px 0 0; border: none;\"><span style=\"text-shadow: 1px 0 #000000; letter-spacing: 1px; font-weight: bold;\">Eingangsspannung<\/span><br \/>23 bis 25 VDC, 2,3 ADC max.<br \/><br \/><span style=\"text-shadow: 1px 0 #000000; letter-spacing: 1px; font-weight: bold;\">Ausgangsspannung<\/span><br \/>Beschleuniger -30 kV, 200 \u03bcA (-35 kV f\u00fcr Konditionierung)<br \/>Extraktor +10 kV, 400 \u03bcA<br \/>Entst\u00f6rglied -1 kV, 100 \u03bcA<br \/>Heizger\u00e4t +5 V, 3 A<br \/><br \/><span style=\"text-shadow: 1px 0 #000000; letter-spacing: 1px; font-weight: bold;\">Ausgangsleistung<\/span><br \/>Beschleuniger: 6 W<br \/>Extraktor: 4 W<br \/>Unterdr\u00fccker: 0,1 W<br \/>Heizger\u00e4t: 15 W<\/td><td style=\"padding: 0 25px 0 0; border: none;\"><span style=\"text-shadow: 1px 0 #000000; letter-spacing: 1px; font-weight: bold;\">Temperatur-Koeffizient<\/span><br \/>Beschleuniger: &lt; 25 ppm\/\u00b0C<br \/>Extraktor: &lt; 25 ppm\/\u00b0C<br \/>Unterdr\u00fccker: &lt; 20 ppm\/\u00b0C<br \/>Heizung: &lt; 100 ppm\/\u00b0C<br \/><br \/><span style=\"text-shadow: 1px 0 #000000; letter-spacing: 1px; font-weight: bold;\">Steuerschnittstelle<\/span><br \/>RS-232; Versorgung \u00fcber vollst\u00e4ndig isolierte Lichtwellenleiter (9-polige D-Buchse)<br \/><br \/><span style=\"text-shadow: 1px 0 #000000; letter-spacing: 1px; font-weight: bold;\">Einbauart<\/span><br \/>Kompaktes Modul oder 19-Rack-Montage<\/td><td style=\"border: none;\"><p><span style=\"text-shadow: 1px 0 #000000; letter-spacing: 1px; font-weight: bold;\">Betriebstemperatur<\/span><br \/>+10 bis +45\u00b0C<br \/><br \/><span style=\"text-shadow: 1px 0 #000000; letter-spacing: 1px; font-weight: bold;\">Wellenl\u00e4nge<\/span><br \/>Beschleuniger: &lt; 2 ppm (50 mVpp)<br \/>Extraktor: &lt; 2 ppm (20 mVpp)<br \/>Unterdr\u00fccker: &lt; 30 ppm (30 mVpp)<br \/>Heizen: LF &lt; 1 mA pp, HF &lt; 5 mVpp mit einer 1 \u03a9 Last<\/p><p><span style=\"text-shadow: 1px 0 #000000; letter-spacing: 1px; font-weight: bold;\">Standards<\/span><br \/>RoHS-konform gem\u00e4\u00df EU-Richtlinie 2011\/65\/EU<br \/>CE-Kennzeichnung f\u00fcr EU-NV-Richtlinie 2006\/95\/EG<\/p><\/td><\/tr><\/tbody><\/table><\/div>\n\t\t\t\t\t\t\t<\/div>\n\t\t<\/div>\n\t\t\t\t\t\t<\/div>\n\t\t\t\t<\/div>\n\t\t\t\t<div class=\"elementor-element elementor-element-f2d941f elementor-widget elementor-widget-spacer\" data-id=\"f2d941f\" data-element_type=\"widget\" data-e-type=\"widget\" data-widget_type=\"spacer.default\">\n\t\t\t\t<div class=\"elementor-widget-container\">\n\t\t\t\t\t\t\t<div class=\"elementor-spacer\">\n\t\t\t<div class=\"elementor-spacer-inner\"><\/div>\n\t\t<\/div>\n\t\t\t\t\t\t<\/div>\n\t\t\t\t<\/div>\n\t\t\t\t\t<\/div>\n\t\t<\/div>\n\t\t\t\t\t<\/div>\n\t\t<\/section>\n\t\t\t\t<\/div>","protected":false},"excerpt":{"rendered":"<p>Home \/ Products \/ High Voltage \/ HV Power Supplies \/\u00a0AC \/ DC Power Supplies \/\u00a0EG 353 Series 35 kV High Voltage Power Supply for Scanning Electron Microscopes The EG353 series offers dependable, high-stability power supplies for scanning electron microscopes (SEM) with built-in flexibility to accommodate various Schottky emission electron gun configurations. The EG353 series [&hellip;]<\/p>\n","protected":false},"author":1,"featured_media":0,"parent":0,"menu_order":0,"comment_status":"closed","ping_status":"closed","template":"","meta":{"site-sidebar-layout":"no-sidebar","site-content-layout":"page-builder","ast-site-content-layout":"default","site-content-style":"default","site-sidebar-style":"default","ast-global-header-display":"","ast-banner-title-visibility":"","ast-main-header-display":"","ast-hfb-above-header-display":"","ast-hfb-below-header-display":"","ast-hfb-mobile-header-display":"","site-post-title":"disabled","ast-breadcrumbs-content":"","ast-featured-img":"disabled","footer-sml-layout":"","ast-disable-related-posts":"","theme-transparent-header-meta":"default","adv-header-id-meta":"","stick-header-meta":"","header-above-stick-meta":"","header-main-stick-meta":"","header-below-stick-meta":"","astra-migrate-meta-layouts":"default","ast-page-background-enabled":"default","ast-page-background-meta":{"desktop":{"background-color":"","background-image":"","background-repeat":"repeat","background-position":"center center","background-size":"auto","background-attachment":"scroll","background-type":"","background-media":"","overlay-type":"","overlay-color":"","overlay-opacity":"","overlay-gradient":""},"tablet":{"background-color":"","background-image":"","background-repeat":"repeat","background-position":"center center","background-size":"auto","background-attachment":"scroll","background-type":"","background-media":"","overlay-type":"","overlay-color":"","overlay-opacity":"","overlay-gradient":""},"mobile":{"background-color":"","background-image":"","background-repeat":"repeat","background-position":"center center","background-size":"auto","background-attachment":"scroll","background-type":"","background-media":"","overlay-type":"","overlay-color":"","overlay-opacity":"","overlay-gradient":""}},"ast-content-background-meta":{"desktop":{"background-color":"var(--ast-global-color-5)","background-image":"","background-repeat":"repeat","background-position":"center center","background-size":"auto","background-attachment":"scroll","background-type":"","background-media":"","overlay-type":"","overlay-color":"","overlay-opacity":"","overlay-gradient":""},"tablet":{"background-color":"var(--ast-global-color-5)","background-image":"","background-repeat":"repeat","background-position":"center center","background-size":"auto","background-attachment":"scroll","background-type":"","background-media":"","overlay-type":"","overlay-color":"","overlay-opacity":"","overlay-gradient":""},"mobile":{"background-color":"var(--ast-global-color-5)","background-image":"","background-repeat":"repeat","background-position":"center center","background-size":"auto","background-attachment":"scroll","background-type":"","background-media":"","overlay-type":"","overlay-color":"","overlay-opacity":"","overlay-gradient":""}},"footnotes":""},"class_list":["post-3553","page","type-page","status-publish","hentry"],"yoast_head":"<!-- This site is optimized with the Yoast SEO plugin v27.2 - https:\/\/yoast.com\/product\/yoast-seo-wordpress\/ -->\n<title>EG 353 Series - HVP: High Voltage Products GmbH<\/title>\n<meta name=\"robots\" content=\"index, follow, max-snippet:-1, max-image-preview:large, max-video-preview:-1\" \/>\n<link rel=\"canonical\" href=\"https:\/\/www.hvproducts.de\/de\/eg_353_series\/\" \/>\n<meta property=\"og:locale\" content=\"de_DE\" \/>\n<meta property=\"og:type\" content=\"article\" \/>\n<meta property=\"og:title\" content=\"EG 353 Series - HVP: High Voltage Products GmbH\" \/>\n<meta property=\"og:description\" content=\"Home \/ Products \/ High Voltage \/ HV Power Supplies \/\u00a0AC \/ DC Power Supplies \/\u00a0EG 353 Series 35 kV High Voltage Power Supply for Scanning Electron Microscopes The EG353 series offers dependable, high-stability power supplies for scanning electron microscopes (SEM) with built-in flexibility to accommodate various Schottky emission electron gun configurations. The EG353 series [&hellip;]\" \/>\n<meta property=\"og:url\" content=\"https:\/\/www.hvproducts.de\/de\/eg_353_series\/\" \/>\n<meta property=\"og:site_name\" content=\"HVP: High Voltage Products GmbH\" \/>\n<meta property=\"article:modified_time\" content=\"2021-04-05T13:46:12+00:00\" \/>\n<meta property=\"og:image\" content=\"https:\/\/www.hvproducts.de\/wp-content\/uploads\/2021\/02\/eg_353.jpg\" \/>\n<meta name=\"twitter:card\" content=\"summary_large_image\" \/>\n<meta name=\"twitter:label1\" content=\"Gesch\u00e4tzte Lesezeit\" \/>\n\t<meta name=\"twitter:data1\" content=\"1\u00a0Minute\" \/>\n<script type=\"application\/ld+json\" class=\"yoast-schema-graph\">{\"@context\":\"https:\/\/schema.org\",\"@graph\":[{\"@type\":\"WebPage\",\"@id\":\"https:\/\/www.hvproducts.de\/eg_353_series\",\"url\":\"https:\/\/www.hvproducts.de\/eg_353_series\",\"name\":\"EG 353 Series - HVP: High Voltage Products GmbH\",\"isPartOf\":{\"@id\":\"https:\/\/hvproducts.de\/#website\"},\"primaryImageOfPage\":{\"@id\":\"https:\/\/www.hvproducts.de\/eg_353_series#primaryimage\"},\"image\":{\"@id\":\"https:\/\/www.hvproducts.de\/eg_353_series#primaryimage\"},\"thumbnailUrl\":\"https:\/\/www.hvproducts.de\/wp-content\/uploads\/2021\/02\/eg_353.jpg\",\"datePublished\":\"2021-02-14T21:31:52+00:00\",\"dateModified\":\"2021-04-05T13:46:12+00:00\",\"breadcrumb\":{\"@id\":\"https:\/\/www.hvproducts.de\/eg_353_series#breadcrumb\"},\"inLanguage\":\"de\",\"potentialAction\":[{\"@type\":\"ReadAction\",\"target\":[\"https:\/\/www.hvproducts.de\/eg_353_series\"]}]},{\"@type\":\"ImageObject\",\"inLanguage\":\"de\",\"@id\":\"https:\/\/www.hvproducts.de\/eg_353_series#primaryimage\",\"url\":\"https:\/\/www.hvproducts.de\/wp-content\/uploads\/2021\/02\/eg_353.jpg\",\"contentUrl\":\"https:\/\/www.hvproducts.de\/wp-content\/uploads\/2021\/02\/eg_353.jpg\"},{\"@type\":\"BreadcrumbList\",\"@id\":\"https:\/\/www.hvproducts.de\/eg_353_series#breadcrumb\",\"itemListElement\":[{\"@type\":\"ListItem\",\"position\":1,\"name\":\"Home\",\"item\":\"https:\/\/www.hvproducts.de\/\"},{\"@type\":\"ListItem\",\"position\":2,\"name\":\"EG 353 Series\"}]},{\"@type\":\"WebSite\",\"@id\":\"https:\/\/hvproducts.de\/#website\",\"url\":\"https:\/\/hvproducts.de\/\",\"name\":\"HVP: High Voltage Products GmbH\",\"description\":\"High Voltage Products GmbH\",\"publisher\":{\"@id\":\"https:\/\/hvproducts.de\/#organization\"},\"potentialAction\":[{\"@type\":\"SearchAction\",\"target\":{\"@type\":\"EntryPoint\",\"urlTemplate\":\"https:\/\/hvproducts.de\/?s={search_term_string}\"},\"query-input\":{\"@type\":\"PropertyValueSpecification\",\"valueRequired\":true,\"valueName\":\"search_term_string\"}}],\"inLanguage\":\"de\"},{\"@type\":\"Organization\",\"@id\":\"https:\/\/hvproducts.de\/#organization\",\"name\":\"HVP: High Voltage Products GmbH\",\"url\":\"https:\/\/hvproducts.de\/\",\"logo\":{\"@type\":\"ImageObject\",\"inLanguage\":\"de\",\"@id\":\"https:\/\/hvproducts.de\/#\/schema\/logo\/image\/\",\"url\":\"https:\/\/www.hvproducts.de\/wp-content\/uploads\/2021\/01\/cropped-iPhone-X-XS-11-Pro-\u2013-1@2x-2.png\",\"contentUrl\":\"https:\/\/www.hvproducts.de\/wp-content\/uploads\/2021\/01\/cropped-iPhone-X-XS-11-Pro-\u2013-1@2x-2.png\",\"width\":723,\"height\":224,\"caption\":\"HVP: High Voltage Products GmbH\"},\"image\":{\"@id\":\"https:\/\/hvproducts.de\/#\/schema\/logo\/image\/\"}}]}<\/script>\n<!-- \/ Yoast SEO plugin. -->","yoast_head_json":{"title":"EG 353 Series - HVP: High Voltage Products GmbH","robots":{"index":"index","follow":"follow","max-snippet":"max-snippet:-1","max-image-preview":"max-image-preview:large","max-video-preview":"max-video-preview:-1"},"canonical":"https:\/\/www.hvproducts.de\/de\/eg_353_series\/","og_locale":"de_DE","og_type":"article","og_title":"EG 353 Series - HVP: High Voltage Products GmbH","og_description":"Home \/ Products \/ High Voltage \/ HV Power Supplies \/\u00a0AC \/ DC Power Supplies \/\u00a0EG 353 Series 35 kV High Voltage Power Supply for Scanning Electron Microscopes The EG353 series offers dependable, high-stability power supplies for scanning electron microscopes (SEM) with built-in flexibility to accommodate various Schottky emission electron gun configurations. The EG353 series [&hellip;]","og_url":"https:\/\/www.hvproducts.de\/de\/eg_353_series\/","og_site_name":"HVP: High Voltage Products GmbH","article_modified_time":"2021-04-05T13:46:12+00:00","og_image":[{"url":"https:\/\/www.hvproducts.de\/wp-content\/uploads\/2021\/02\/eg_353.jpg","type":"","width":"","height":""}],"twitter_card":"summary_large_image","twitter_misc":{"Gesch\u00e4tzte Lesezeit":"1\u00a0Minute"},"schema":{"@context":"https:\/\/schema.org","@graph":[{"@type":"WebPage","@id":"https:\/\/www.hvproducts.de\/eg_353_series","url":"https:\/\/www.hvproducts.de\/eg_353_series","name":"EG 353 Series - HVP: High Voltage Products GmbH","isPartOf":{"@id":"https:\/\/hvproducts.de\/#website"},"primaryImageOfPage":{"@id":"https:\/\/www.hvproducts.de\/eg_353_series#primaryimage"},"image":{"@id":"https:\/\/www.hvproducts.de\/eg_353_series#primaryimage"},"thumbnailUrl":"https:\/\/www.hvproducts.de\/wp-content\/uploads\/2021\/02\/eg_353.jpg","datePublished":"2021-02-14T21:31:52+00:00","dateModified":"2021-04-05T13:46:12+00:00","breadcrumb":{"@id":"https:\/\/www.hvproducts.de\/eg_353_series#breadcrumb"},"inLanguage":"de","potentialAction":[{"@type":"ReadAction","target":["https:\/\/www.hvproducts.de\/eg_353_series"]}]},{"@type":"ImageObject","inLanguage":"de","@id":"https:\/\/www.hvproducts.de\/eg_353_series#primaryimage","url":"https:\/\/www.hvproducts.de\/wp-content\/uploads\/2021\/02\/eg_353.jpg","contentUrl":"https:\/\/www.hvproducts.de\/wp-content\/uploads\/2021\/02\/eg_353.jpg"},{"@type":"BreadcrumbList","@id":"https:\/\/www.hvproducts.de\/eg_353_series#breadcrumb","itemListElement":[{"@type":"ListItem","position":1,"name":"Home","item":"https:\/\/www.hvproducts.de\/"},{"@type":"ListItem","position":2,"name":"EG 353 Series"}]},{"@type":"WebSite","@id":"https:\/\/hvproducts.de\/#website","url":"https:\/\/hvproducts.de\/","name":"HVP: High Voltage Products GmbH","description":"High Voltage Products GmbH","publisher":{"@id":"https:\/\/hvproducts.de\/#organization"},"potentialAction":[{"@type":"SearchAction","target":{"@type":"EntryPoint","urlTemplate":"https:\/\/hvproducts.de\/?s={search_term_string}"},"query-input":{"@type":"PropertyValueSpecification","valueRequired":true,"valueName":"search_term_string"}}],"inLanguage":"de"},{"@type":"Organization","@id":"https:\/\/hvproducts.de\/#organization","name":"HVP: High Voltage Products GmbH","url":"https:\/\/hvproducts.de\/","logo":{"@type":"ImageObject","inLanguage":"de","@id":"https:\/\/hvproducts.de\/#\/schema\/logo\/image\/","url":"https:\/\/www.hvproducts.de\/wp-content\/uploads\/2021\/01\/cropped-iPhone-X-XS-11-Pro-\u2013-1@2x-2.png","contentUrl":"https:\/\/www.hvproducts.de\/wp-content\/uploads\/2021\/01\/cropped-iPhone-X-XS-11-Pro-\u2013-1@2x-2.png","width":723,"height":224,"caption":"HVP: High Voltage Products GmbH"},"image":{"@id":"https:\/\/hvproducts.de\/#\/schema\/logo\/image\/"}}]}},"_links":{"self":[{"href":"https:\/\/www.hvproducts.de\/de\/wp-json\/wp\/v2\/pages\/3553","targetHints":{"allow":["GET"]}}],"collection":[{"href":"https:\/\/www.hvproducts.de\/de\/wp-json\/wp\/v2\/pages"}],"about":[{"href":"https:\/\/www.hvproducts.de\/de\/wp-json\/wp\/v2\/types\/page"}],"author":[{"embeddable":true,"href":"https:\/\/www.hvproducts.de\/de\/wp-json\/wp\/v2\/users\/1"}],"replies":[{"embeddable":true,"href":"https:\/\/www.hvproducts.de\/de\/wp-json\/wp\/v2\/comments?post=3553"}],"version-history":[{"count":19,"href":"https:\/\/www.hvproducts.de\/de\/wp-json\/wp\/v2\/pages\/3553\/revisions"}],"predecessor-version":[{"id":9524,"href":"https:\/\/www.hvproducts.de\/de\/wp-json\/wp\/v2\/pages\/3553\/revisions\/9524"}],"wp:attachment":[{"href":"https:\/\/www.hvproducts.de\/de\/wp-json\/wp\/v2\/media?parent=3553"}],"curies":[{"name":"wp","href":"https:\/\/api.w.org\/{rel}","templated":true}]}}