{"id":2553,"date":"2021-02-03T15:13:25","date_gmt":"2021-02-03T15:13:25","guid":{"rendered":"\/?page_id=2553"},"modified":"2024-03-07T17:47:55","modified_gmt":"2024-03-07T17:47:55","slug":"pulse_modulators","status":"publish","type":"page","link":"https:\/\/www.hvproducts.de\/de\/pulse_modulators","title":{"rendered":"Puls-Modulatoren"},"content":{"rendered":"<div data-elementor-type=\"wp-page\" data-elementor-id=\"2553\" class=\"elementor elementor-2553\">\n\t\t\t\t\t\t<section class=\"elementor-section elementor-top-section elementor-element elementor-element-9bc6fa7 elementor-section-boxed elementor-section-height-default elementor-section-height-default\" data-id=\"9bc6fa7\" data-element_type=\"section\" data-e-type=\"section\">\n\t\t\t\t\t\t\t<div class=\"elementor-background-overlay\"><\/div>\n\t\t\t\t\t\t\t<div class=\"elementor-container elementor-column-gap-default\">\n\t\t\t\t\t<div class=\"elementor-column elementor-col-100 elementor-top-column elementor-element elementor-element-b58caa1\" data-id=\"b58caa1\" data-element_type=\"column\" data-e-type=\"column\">\n\t\t\t<div class=\"elementor-widget-wrap elementor-element-populated\">\n\t\t\t\t\t\t<div class=\"elementor-element elementor-element-423ce7c elementor-widget elementor-widget-text-editor\" data-id=\"423ce7c\" data-element_type=\"widget\" data-e-type=\"widget\" data-widget_type=\"text-editor.default\">\n\t\t\t\t<div class=\"elementor-widget-container\">\n\t\t\t\t\t\t\t\t\t<p><a href=\"https:\/\/www.hvproducts.de\">Startseite<\/a> \/ Produkte \/ Hochspannung \/ <a href=\"https:\/\/www.hvproducts.de\/high_voltage_power_supplies\/\">HV-Stromversorgungen<\/a> \/ <a href=\"https:\/\/www.hvproducts.de\/pulse_modulators\/\">Puls-Modulatoren<\/a><\/p>\t\t\t\t\t\t\t\t<\/div>\n\t\t\t\t<\/div>\n\t\t\t\t<div class=\"elementor-element elementor-element-14d6d47 elementor-widget elementor-widget-heading\" data-id=\"14d6d47\" data-element_type=\"widget\" data-e-type=\"widget\" data-widget_type=\"heading.default\">\n\t\t\t\t<div class=\"elementor-widget-container\">\n\t\t\t\t\t<h2 class=\"elementor-heading-title elementor-size-default\"><h1 style=\"margin-bottom: 0.5rem;font-weight: 500;font-size: 30px;, sans-serif;font-style: normal;white-space: normal\">Hochspannungsimpulsmodulatoren<\/h1><\/h2>\t\t\t\t<\/div>\n\t\t\t\t<\/div>\n\t\t\t\t<div class=\"elementor-element elementor-element-3cf3d05 elementor-widget elementor-widget-text-editor\" data-id=\"3cf3d05\" data-element_type=\"widget\" data-e-type=\"widget\" data-widget_type=\"text-editor.default\">\n\t\t\t\t<div class=\"elementor-widget-container\">\n\t\t\t\t\t\t\t\t\t<p>Unabh\u00e4ngig vom Verwendungszweck unserer Hochspannungspulsmodulatoren, Pulsgeneratoren oder RF-Systeme stehen Vielseitigkeit, Zuverl\u00e4ssigkeit und Qualit\u00e4t des Produkts im Vordergrund. Daher kann unsere bahnbrechende Festk\u00f6rpertechnologie f\u00fcr eine breite Palette unterschiedlicher Marktzwecke eingesetzt werden - einschlie\u00dflich der Bereiche Wissenschaft, Medizintechnik und Industrie.<br \/>Klystron-HF-Einheiten f\u00fcr die Hochenergiephysik bis hin zu kleineren Magnetron-Pulsmodulatoren und E-Gun-Modulatoren f\u00fcr die Strahlentherapie sowie Pulsgeneratoren f\u00fcr PEF-L\u00f6sungen - so erhalten Sie einen \u00dcberblick \u00fcber die gesamte Bandbreite. ScandiNova ist in der Lage, einen reinen Hochspannungspulsmodulator bis hin zu einer schl\u00fcsselfertigen RF-Leistungseinheit zu liefern, einschlie\u00dflich kompletter Low-Level-RF, Diagnostik und allem dazwischen<strong>.<\/strong><\/p>\t\t\t\t\t\t\t\t<\/div>\n\t\t\t\t<\/div>\n\t\t\t\t\t<\/div>\n\t\t<\/div>\n\t\t\t\t\t<\/div>\n\t\t<\/section>\n\t\t\t\t<section class=\"elementor-section elementor-top-section elementor-element elementor-element-e91b148 elementor-section-boxed elementor-section-height-default elementor-section-height-default\" data-id=\"e91b148\" data-element_type=\"section\" data-e-type=\"section\">\n\t\t\t\t\t\t<div class=\"elementor-container elementor-column-gap-default\">\n\t\t\t\t\t<div class=\"elementor-column elementor-col-100 elementor-top-column elementor-element elementor-element-26b238f\" data-id=\"26b238f\" data-element_type=\"column\" data-e-type=\"column\">\n\t\t\t<div class=\"elementor-widget-wrap elementor-element-populated\">\n\t\t\t\t\t\t<div class=\"elementor-element elementor-element-af42251 elementor-widget elementor-widget-image-gallery\" data-id=\"af42251\" data-element_type=\"widget\" data-e-type=\"widget\" data-widget_type=\"image-gallery.default\">\n\t\t\t\t<div class=\"elementor-widget-container\">\n\t\t\t\t\t\t\t<div class=\"elementor-image-gallery\">\n\t\t\t<div id='gallery-1' class='gallery galleryid-2553 gallery-columns-3 gallery-size-medium_large'><figure class='gallery-item'>\n\t\t\t<div class='gallery-icon landscape'>\n\t\t\t\t<a  href='https:\/\/www.hvproducts.de\/de\/1-8'><img fetchpriority=\"high\" decoding=\"async\" width=\"666\" height=\"375\" src=\"https:\/\/www.hvproducts.de\/wp-content\/uploads\/2021\/03\/1-1.png\" class=\"attachment-medium_large size-medium_large\" alt=\"High Voltage Pulse Klystron Modulators - Germany\" aria-describedby=\"gallery-1-5346\" srcset=\"https:\/\/www.hvproducts.de\/wp-content\/uploads\/2021\/03\/1-1.png 666w, https:\/\/www.hvproducts.de\/wp-content\/uploads\/2021\/03\/1-1-300x169.png 300w, https:\/\/www.hvproducts.de\/wp-content\/uploads\/2021\/03\/1-1-18x10.png 18w\" sizes=\"(max-width: 666px) 100vw, 666px\" \/><\/a>\n\t\t\t<\/div>\n\t\t\t\t<figcaption class='wp-caption-text gallery-caption' id='gallery-1-5346'>\n\t\t\t\tKlystron-Modulatoren\n\t\t\t\t<\/figcaption><\/figure><figure class='gallery-item'>\n\t\t\t<div class='gallery-icon landscape'>\n\t\t\t\t<a  href='https:\/\/www.hvproducts.de\/de\/2-15'><img decoding=\"async\" width=\"666\" height=\"375\" src=\"https:\/\/www.hvproducts.de\/wp-content\/uploads\/2021\/03\/2-1.png\" class=\"attachment-medium_large size-medium_large\" alt=\"High Voltage Magnetron Modulators - HV Products\" aria-describedby=\"gallery-1-5347\" srcset=\"https:\/\/www.hvproducts.de\/wp-content\/uploads\/2021\/03\/2-1.png 666w, https:\/\/www.hvproducts.de\/wp-content\/uploads\/2021\/03\/2-1-300x169.png 300w, https:\/\/www.hvproducts.de\/wp-content\/uploads\/2021\/03\/2-1-18x10.png 18w\" sizes=\"(max-width: 666px) 100vw, 666px\" \/><\/a>\n\t\t\t<\/div>\n\t\t\t\t<figcaption class='wp-caption-text gallery-caption' id='gallery-1-5347'>\n\t\t\t\tMagnetron-Modulatoren\n\t\t\t\t<\/figcaption><\/figure><figure class='gallery-item'>\n\t\t\t<div class='gallery-icon landscape'>\n\t\t\t\t<a  href='https:\/\/www.hvproducts.de\/de\/3-12'><img decoding=\"async\" width=\"666\" height=\"375\" src=\"https:\/\/www.hvproducts.de\/wp-content\/uploads\/2021\/03\/3-1.png\" class=\"attachment-medium_large size-medium_large\" alt=\"High Voltage Pulse Modulators\" aria-describedby=\"gallery-1-5348\" srcset=\"https:\/\/www.hvproducts.de\/wp-content\/uploads\/2021\/03\/3-1.png 666w, https:\/\/www.hvproducts.de\/wp-content\/uploads\/2021\/03\/3-1-300x169.png 300w, https:\/\/www.hvproducts.de\/wp-content\/uploads\/2021\/03\/3-1-18x10.png 18w\" sizes=\"(max-width: 666px) 100vw, 666px\" \/><\/a>\n\t\t\t<\/div>\n\t\t\t\t<figcaption class='wp-caption-text gallery-caption' id='gallery-1-5348'>\n\t\t\t\tPuls-Modulatoren\n\t\t\t\t<\/figcaption><\/figure><figure class='gallery-item'>\n\t\t\t<div class='gallery-icon landscape'>\n\t\t\t\t<a  href='https:\/\/www.hvproducts.de\/de\/4-11'><img loading=\"lazy\" decoding=\"async\" width=\"666\" height=\"375\" src=\"https:\/\/www.hvproducts.de\/wp-content\/uploads\/2021\/03\/4-1.png\" class=\"attachment-medium_large size-medium_large\" alt=\"High Voltage Pulse E-Gun Modulators Suppliers in Germany\" aria-describedby=\"gallery-1-5349\" srcset=\"https:\/\/www.hvproducts.de\/wp-content\/uploads\/2021\/03\/4-1.png 666w, https:\/\/www.hvproducts.de\/wp-content\/uploads\/2021\/03\/4-1-300x169.png 300w, https:\/\/www.hvproducts.de\/wp-content\/uploads\/2021\/03\/4-1-18x10.png 18w\" sizes=\"(max-width: 666px) 100vw, 666px\" \/><\/a>\n\t\t\t<\/div>\n\t\t\t\t<figcaption class='wp-caption-text gallery-caption' id='gallery-1-5349'>\n\t\t\t\tE-Gun Modulatoren\n\t\t\t\t<\/figcaption><\/figure>\n\t\t<\/div>\n\t\t<\/div>\n\t\t\t\t\t\t<\/div>\n\t\t\t\t<\/div>\n\t\t\t\t\t<\/div>\n\t\t<\/div>\n\t\t\t\t\t<\/div>\n\t\t<\/section>\n\t\t\t\t<\/div>","protected":false},"excerpt":{"rendered":"<p>Home \/ Products \/ High Voltage \/ HV Power Supplies \/ Pulse Modulators High Voltage Pulse Modulators Regardless of the end use purpose for our high voltage pulse modulators, pulse generators or RF systems, we always, prioritize the versatility, reliability and quality of the product. Therefore, our pioneering solid-state technology can be used for a [&hellip;]<\/p>\n","protected":false},"author":1,"featured_media":0,"parent":0,"menu_order":0,"comment_status":"closed","ping_status":"closed","template":"","meta":{"site-sidebar-layout":"no-sidebar","site-content-layout":"page-builder","ast-site-content-layout":"default","site-content-style":"default","site-sidebar-style":"default","ast-global-header-display":"","ast-banner-title-visibility":"","ast-main-header-display":"","ast-hfb-above-header-display":"","ast-hfb-below-header-display":"","ast-hfb-mobile-header-display":"","site-post-title":"disabled","ast-breadcrumbs-content":"","ast-featured-img":"disabled","footer-sml-layout":"","ast-disable-related-posts":"","theme-transparent-header-meta":"default","adv-header-id-meta":"","stick-header-meta":"","header-above-stick-meta":"","header-main-stick-meta":"","header-below-stick-meta":"","astra-migrate-meta-layouts":"default","ast-page-background-enabled":"default","ast-page-background-meta":{"desktop":{"background-color":"","background-image":"","background-repeat":"repeat","background-position":"center center","background-size":"auto","background-attachment":"scroll","background-type":"","background-media":"","overlay-type":"","overlay-color":"","overlay-opacity":"","overlay-gradient":""},"tablet":{"background-color":"","background-image":"","background-repeat":"repeat","background-position":"center center","background-size":"auto","background-attachment":"scroll","background-type":"","background-media":"","overlay-type":"","overlay-color":"","overlay-opacity":"","overlay-gradient":""},"mobile":{"background-color":"","background-image":"","background-repeat":"repeat","background-position":"center center","background-size":"auto","background-attachment":"scroll","background-type":"","background-media":"","overlay-type":"","overlay-color":"","overlay-opacity":"","overlay-gradient":""}},"ast-content-background-meta":{"desktop":{"background-color":"var(--ast-global-color-5)","background-image":"","background-repeat":"repeat","background-position":"center center","background-size":"auto","background-attachment":"scroll","background-type":"","background-media":"","overlay-type":"","overlay-color":"","overlay-opacity":"","overlay-gradient":""},"tablet":{"background-color":"var(--ast-global-color-5)","background-image":"","background-repeat":"repeat","background-position":"center center","background-size":"auto","background-attachment":"scroll","background-type":"","background-media":"","overlay-type":"","overlay-color":"","overlay-opacity":"","overlay-gradient":""},"mobile":{"background-color":"var(--ast-global-color-5)","background-image":"","background-repeat":"repeat","background-position":"center center","background-size":"auto","background-attachment":"scroll","background-type":"","background-media":"","overlay-type":"","overlay-color":"","overlay-opacity":"","overlay-gradient":""}},"footnotes":""},"class_list":["post-2553","page","type-page","status-publish","hentry"],"yoast_head":"<!-- This site is optimized with the Yoast SEO plugin v27.2 - https:\/\/yoast.com\/product\/yoast-seo-wordpress\/ -->\n<title>Best High Voltage Pulse Modulators, Germany \u2013 HV Products<\/title>\n<meta name=\"description\" content=\"We offer reliable high voltage pulse modulators. It suffices different market purposes. Get best quality of Klystron, magnetron, and e-gun modulators. Order Now\" \/>\n<meta name=\"robots\" content=\"index, follow, max-snippet:-1, max-image-preview:large, max-video-preview:-1\" \/>\n<link rel=\"canonical\" href=\"https:\/\/www.hvproducts.de\/de\/pulse_modulators\/\" \/>\n<meta property=\"og:locale\" content=\"de_DE\" \/>\n<meta property=\"og:type\" content=\"article\" \/>\n<meta property=\"og:title\" content=\"Best High Voltage Pulse Modulators, Germany \u2013 HV Products\" \/>\n<meta property=\"og:description\" content=\"We offer reliable high voltage pulse modulators. It suffices different market purposes. Get best quality of Klystron, magnetron, and e-gun modulators. Order Now\" \/>\n<meta property=\"og:url\" content=\"https:\/\/www.hvproducts.de\/de\/pulse_modulators\/\" \/>\n<meta property=\"og:site_name\" content=\"HVP: High Voltage Products GmbH\" \/>\n<meta property=\"article:modified_time\" content=\"2024-03-07T17:47:55+00:00\" \/>\n<meta property=\"og:image\" content=\"https:\/\/www.hvproducts.de\/wp-content\/uploads\/2021\/03\/1-1.png\" \/>\n<meta name=\"twitter:card\" content=\"summary_large_image\" \/>\n<meta name=\"twitter:label1\" content=\"Gesch\u00e4tzte Lesezeit\" \/>\n\t<meta name=\"twitter:data1\" content=\"2\u00a0Minuten\" \/>\n<script type=\"application\/ld+json\" class=\"yoast-schema-graph\">{\"@context\":\"https:\/\/schema.org\",\"@graph\":[{\"@type\":\"WebPage\",\"@id\":\"https:\/\/www.hvproducts.de\/pulse_modulators\",\"url\":\"https:\/\/www.hvproducts.de\/pulse_modulators\",\"name\":\"Best High Voltage Pulse Modulators, Germany \u2013 HV Products\",\"isPartOf\":{\"@id\":\"https:\/\/hvproducts.de\/#website\"},\"primaryImageOfPage\":{\"@id\":\"https:\/\/www.hvproducts.de\/pulse_modulators#primaryimage\"},\"image\":{\"@id\":\"https:\/\/www.hvproducts.de\/pulse_modulators#primaryimage\"},\"thumbnailUrl\":\"https:\/\/www.hvproducts.de\/wp-content\/uploads\/2021\/03\/1-1.png\",\"datePublished\":\"2021-02-03T15:13:25+00:00\",\"dateModified\":\"2024-03-07T17:47:55+00:00\",\"description\":\"We offer reliable high voltage pulse modulators. It suffices different market purposes. Get best quality of Klystron, magnetron, and e-gun modulators. Order Now\",\"breadcrumb\":{\"@id\":\"https:\/\/www.hvproducts.de\/pulse_modulators#breadcrumb\"},\"inLanguage\":\"de\",\"potentialAction\":[{\"@type\":\"ReadAction\",\"target\":[\"https:\/\/www.hvproducts.de\/pulse_modulators\"]}]},{\"@type\":\"ImageObject\",\"inLanguage\":\"de\",\"@id\":\"https:\/\/www.hvproducts.de\/pulse_modulators#primaryimage\",\"url\":\"https:\/\/www.hvproducts.de\/wp-content\/uploads\/2021\/03\/1-1.png\",\"contentUrl\":\"https:\/\/www.hvproducts.de\/wp-content\/uploads\/2021\/03\/1-1.png\"},{\"@type\":\"BreadcrumbList\",\"@id\":\"https:\/\/www.hvproducts.de\/pulse_modulators#breadcrumb\",\"itemListElement\":[{\"@type\":\"ListItem\",\"position\":1,\"name\":\"Home\",\"item\":\"https:\/\/www.hvproducts.de\/\"},{\"@type\":\"ListItem\",\"position\":2,\"name\":\"Pulse Modulators\"}]},{\"@type\":\"WebSite\",\"@id\":\"https:\/\/hvproducts.de\/#website\",\"url\":\"https:\/\/hvproducts.de\/\",\"name\":\"HVP: High Voltage Products GmbH\",\"description\":\"High Voltage Products GmbH\",\"publisher\":{\"@id\":\"https:\/\/hvproducts.de\/#organization\"},\"potentialAction\":[{\"@type\":\"SearchAction\",\"target\":{\"@type\":\"EntryPoint\",\"urlTemplate\":\"https:\/\/hvproducts.de\/?s={search_term_string}\"},\"query-input\":{\"@type\":\"PropertyValueSpecification\",\"valueRequired\":true,\"valueName\":\"search_term_string\"}}],\"inLanguage\":\"de\"},{\"@type\":\"Organization\",\"@id\":\"https:\/\/hvproducts.de\/#organization\",\"name\":\"HVP: High Voltage Products GmbH\",\"url\":\"https:\/\/hvproducts.de\/\",\"logo\":{\"@type\":\"ImageObject\",\"inLanguage\":\"de\",\"@id\":\"https:\/\/hvproducts.de\/#\/schema\/logo\/image\/\",\"url\":\"https:\/\/www.hvproducts.de\/wp-content\/uploads\/2021\/01\/cropped-iPhone-X-XS-11-Pro-\u2013-1@2x-2.png\",\"contentUrl\":\"https:\/\/www.hvproducts.de\/wp-content\/uploads\/2021\/01\/cropped-iPhone-X-XS-11-Pro-\u2013-1@2x-2.png\",\"width\":723,\"height\":224,\"caption\":\"HVP: High Voltage Products GmbH\"},\"image\":{\"@id\":\"https:\/\/hvproducts.de\/#\/schema\/logo\/image\/\"}}]}<\/script>\n<!-- \/ Yoast SEO plugin. -->","yoast_head_json":{"title":"Best High Voltage Pulse Modulators, Germany \u2013 HV Products","description":"We offer reliable high voltage pulse modulators. It suffices different market purposes. Get best quality of Klystron, magnetron, and e-gun modulators. Order Now","robots":{"index":"index","follow":"follow","max-snippet":"max-snippet:-1","max-image-preview":"max-image-preview:large","max-video-preview":"max-video-preview:-1"},"canonical":"https:\/\/www.hvproducts.de\/de\/pulse_modulators\/","og_locale":"de_DE","og_type":"article","og_title":"Best High Voltage Pulse Modulators, Germany \u2013 HV Products","og_description":"We offer reliable high voltage pulse modulators. It suffices different market purposes. Get best quality of Klystron, magnetron, and e-gun modulators. Order Now","og_url":"https:\/\/www.hvproducts.de\/de\/pulse_modulators\/","og_site_name":"HVP: High Voltage Products GmbH","article_modified_time":"2024-03-07T17:47:55+00:00","og_image":[{"url":"https:\/\/www.hvproducts.de\/wp-content\/uploads\/2021\/03\/1-1.png","type":"","width":"","height":""}],"twitter_card":"summary_large_image","twitter_misc":{"Gesch\u00e4tzte Lesezeit":"2\u00a0Minuten"},"schema":{"@context":"https:\/\/schema.org","@graph":[{"@type":"WebPage","@id":"https:\/\/www.hvproducts.de\/pulse_modulators","url":"https:\/\/www.hvproducts.de\/pulse_modulators","name":"Best High Voltage Pulse Modulators, Germany \u2013 HV Products","isPartOf":{"@id":"https:\/\/hvproducts.de\/#website"},"primaryImageOfPage":{"@id":"https:\/\/www.hvproducts.de\/pulse_modulators#primaryimage"},"image":{"@id":"https:\/\/www.hvproducts.de\/pulse_modulators#primaryimage"},"thumbnailUrl":"https:\/\/www.hvproducts.de\/wp-content\/uploads\/2021\/03\/1-1.png","datePublished":"2021-02-03T15:13:25+00:00","dateModified":"2024-03-07T17:47:55+00:00","description":"We offer reliable high voltage pulse modulators. It suffices different market purposes. Get best quality of Klystron, magnetron, and e-gun modulators. Order Now","breadcrumb":{"@id":"https:\/\/www.hvproducts.de\/pulse_modulators#breadcrumb"},"inLanguage":"de","potentialAction":[{"@type":"ReadAction","target":["https:\/\/www.hvproducts.de\/pulse_modulators"]}]},{"@type":"ImageObject","inLanguage":"de","@id":"https:\/\/www.hvproducts.de\/pulse_modulators#primaryimage","url":"https:\/\/www.hvproducts.de\/wp-content\/uploads\/2021\/03\/1-1.png","contentUrl":"https:\/\/www.hvproducts.de\/wp-content\/uploads\/2021\/03\/1-1.png"},{"@type":"BreadcrumbList","@id":"https:\/\/www.hvproducts.de\/pulse_modulators#breadcrumb","itemListElement":[{"@type":"ListItem","position":1,"name":"Home","item":"https:\/\/www.hvproducts.de\/"},{"@type":"ListItem","position":2,"name":"Pulse Modulators"}]},{"@type":"WebSite","@id":"https:\/\/hvproducts.de\/#website","url":"https:\/\/hvproducts.de\/","name":"HVP: High Voltage Products GmbH","description":"High Voltage Products GmbH","publisher":{"@id":"https:\/\/hvproducts.de\/#organization"},"potentialAction":[{"@type":"SearchAction","target":{"@type":"EntryPoint","urlTemplate":"https:\/\/hvproducts.de\/?s={search_term_string}"},"query-input":{"@type":"PropertyValueSpecification","valueRequired":true,"valueName":"search_term_string"}}],"inLanguage":"de"},{"@type":"Organization","@id":"https:\/\/hvproducts.de\/#organization","name":"HVP: High Voltage Products GmbH","url":"https:\/\/hvproducts.de\/","logo":{"@type":"ImageObject","inLanguage":"de","@id":"https:\/\/hvproducts.de\/#\/schema\/logo\/image\/","url":"https:\/\/www.hvproducts.de\/wp-content\/uploads\/2021\/01\/cropped-iPhone-X-XS-11-Pro-\u2013-1@2x-2.png","contentUrl":"https:\/\/www.hvproducts.de\/wp-content\/uploads\/2021\/01\/cropped-iPhone-X-XS-11-Pro-\u2013-1@2x-2.png","width":723,"height":224,"caption":"HVP: High Voltage Products GmbH"},"image":{"@id":"https:\/\/hvproducts.de\/#\/schema\/logo\/image\/"}}]}},"_links":{"self":[{"href":"https:\/\/www.hvproducts.de\/de\/wp-json\/wp\/v2\/pages\/2553","targetHints":{"allow":["GET"]}}],"collection":[{"href":"https:\/\/www.hvproducts.de\/de\/wp-json\/wp\/v2\/pages"}],"about":[{"href":"https:\/\/www.hvproducts.de\/de\/wp-json\/wp\/v2\/types\/page"}],"author":[{"embeddable":true,"href":"https:\/\/www.hvproducts.de\/de\/wp-json\/wp\/v2\/users\/1"}],"replies":[{"embeddable":true,"href":"https:\/\/www.hvproducts.de\/de\/wp-json\/wp\/v2\/comments?post=2553"}],"version-history":[{"count":41,"href":"https:\/\/www.hvproducts.de\/de\/wp-json\/wp\/v2\/pages\/2553\/revisions"}],"predecessor-version":[{"id":14162,"href":"https:\/\/www.hvproducts.de\/de\/wp-json\/wp\/v2\/pages\/2553\/revisions\/14162"}],"wp:attachment":[{"href":"https:\/\/www.hvproducts.de\/de\/wp-json\/wp\/v2\/media?parent=2553"}],"curies":[{"name":"wp","href":"https:\/\/api.w.org\/{rel}","templated":true}]}}