{"id":13590,"date":"2023-02-18T16:06:32","date_gmt":"2023-02-18T16:06:32","guid":{"rendered":"https:\/\/www.hvproducts.de\/?page_id=13590"},"modified":"2024-08-30T06:56:10","modified_gmt":"2024-08-30T06:56:10","slug":"smd-high-voltage-capacitor-class-i","status":"publish","type":"page","link":"https:\/\/www.hvproducts.de\/de\/smd-high-voltage-capacitor-class-i","title":{"rendered":"SMD-Hochspannungskondensator Klasse I"},"content":{"rendered":"<div data-elementor-type=\"wp-page\" data-elementor-id=\"13590\" class=\"elementor elementor-13590\">\n\t\t\t\t\t\t<section class=\"elementor-section elementor-top-section elementor-element elementor-element-9bc6fa7 elementor-section-boxed elementor-section-height-default elementor-section-height-default\" data-id=\"9bc6fa7\" data-element_type=\"section\" data-e-type=\"section\">\n\t\t\t\t\t\t\t<div class=\"elementor-background-overlay\"><\/div>\n\t\t\t\t\t\t\t<div class=\"elementor-container elementor-column-gap-default\">\n\t\t\t\t\t<div class=\"elementor-column elementor-col-100 elementor-top-column elementor-element elementor-element-b58caa1\" data-id=\"b58caa1\" data-element_type=\"column\" data-e-type=\"column\">\n\t\t\t<div class=\"elementor-widget-wrap elementor-element-populated\">\n\t\t\t\t\t\t<div class=\"elementor-element elementor-element-423ce7c elementor-widget elementor-widget-text-editor\" data-id=\"423ce7c\" data-element_type=\"widget\" data-e-type=\"widget\" data-widget_type=\"text-editor.default\">\n\t\t\t\t<div class=\"elementor-widget-container\">\n\t\t\t\t\t\t\t\t\t<p><a href=\"https:\/\/www.hvproducts.de\">Startseite<\/a> \/ Produkte \/ Hochspannung \/ <a href=\"https:\/\/www.hvproducts.de\/hv_passive_components\/\">HV-Passive Komponenten<\/a> \/ <a href=\"https:\/\/www.hvproducts.de\/capacitors\">Kondensatoren<\/a> \/ SMD-Hochspannungskondensator Klasse I<\/p>\t\t\t\t\t\t\t\t<\/div>\n\t\t\t\t<\/div>\n\t\t\t\t<div class=\"elementor-element elementor-element-14d6d47 elementor-widget elementor-widget-heading\" data-id=\"14d6d47\" data-element_type=\"widget\" data-e-type=\"widget\" data-widget_type=\"heading.default\">\n\t\t\t\t<div class=\"elementor-widget-container\">\n\t\t\t\t\t<h2 class=\"elementor-heading-title elementor-size-default\"><h1 style=\"margin-bottom: 0.5rem;font-weight: 500;font-size: 30px;, sans-serif;font-style: normal;white-space: normal\">SMD-Hochspannungskondensator Klasse I<\/h1><\/h2>\t\t\t\t<\/div>\n\t\t\t\t<\/div>\n\t\t\t\t<div class=\"elementor-element elementor-element-e7b0b3b elementor-widget elementor-widget-spacer\" data-id=\"e7b0b3b\" data-element_type=\"widget\" data-e-type=\"widget\" data-widget_type=\"spacer.default\">\n\t\t\t\t<div class=\"elementor-widget-container\">\n\t\t\t\t\t\t\t<div class=\"elementor-spacer\">\n\t\t\t<div class=\"elementor-spacer-inner\"><\/div>\n\t\t<\/div>\n\t\t\t\t\t\t<\/div>\n\t\t\t\t<\/div>\n\t\t\t\t<section class=\"elementor-section elementor-inner-section elementor-element elementor-element-9be27db elementor-section-boxed elementor-section-height-default elementor-section-height-default\" data-id=\"9be27db\" data-element_type=\"section\" data-e-type=\"section\">\n\t\t\t\t\t\t<div class=\"elementor-container elementor-column-gap-default\">\n\t\t\t\t\t<div class=\"elementor-column elementor-col-50 elementor-inner-column elementor-element elementor-element-061683c\" data-id=\"061683c\" data-element_type=\"column\" data-e-type=\"column\" data-settings=\"{&quot;background_background&quot;:&quot;classic&quot;}\">\n\t\t\t<div class=\"elementor-widget-wrap elementor-element-populated\">\n\t\t\t\t\t\t<div class=\"elementor-element elementor-element-7875637 elementor-widget elementor-widget-image\" data-id=\"7875637\" data-element_type=\"widget\" data-e-type=\"widget\" data-widget_type=\"image.default\">\n\t\t\t\t<div class=\"elementor-widget-container\">\n\t\t\t\t\t\t\t\t\t\t\t\t\t\t\t<img fetchpriority=\"high\" decoding=\"async\" width=\"300\" height=\"231\" src=\"https:\/\/www.hvproducts.de\/wp-content\/uploads\/2023\/02\/Class-I-Series-300x231.png\" class=\"attachment-medium size-medium wp-image-13555\" alt=\"SMD High Voltage Capacitor Class I\" srcset=\"https:\/\/www.hvproducts.de\/wp-content\/uploads\/2023\/02\/Class-I-Series-300x231.png 300w, https:\/\/www.hvproducts.de\/wp-content\/uploads\/2023\/02\/Class-I-Series-16x12.png 16w, https:\/\/www.hvproducts.de\/wp-content\/uploads\/2023\/02\/Class-I-Series.png 540w\" sizes=\"(max-width: 300px) 100vw, 300px\" \/>\t\t\t\t\t\t\t\t\t\t\t\t\t\t\t<\/div>\n\t\t\t\t<\/div>\n\t\t\t\t\t<\/div>\n\t\t<\/div>\n\t\t\t\t<div class=\"elementor-column elementor-col-50 elementor-inner-column elementor-element elementor-element-66a422e\" data-id=\"66a422e\" data-element_type=\"column\" data-e-type=\"column\">\n\t\t\t<div class=\"elementor-widget-wrap elementor-element-populated\">\n\t\t\t\t\t\t<div class=\"elementor-element elementor-element-4e47ae6 elementor-widget elementor-widget-text-editor\" data-id=\"4e47ae6\" data-element_type=\"widget\" data-e-type=\"widget\" data-widget_type=\"text-editor.default\">\n\t\t\t\t<div class=\"elementor-widget-container\">\n\t\t\t\t\t\t\t\t\t<p><span style=\"text-decoration: underline;\">Ausstattung:<\/span><\/p><ul><li>Ultrastabile temperaturkompensierende Keramik der Klasse I<\/li><li>Kundenspezifische Spannung, Geh\u00e4usegr\u00f6\u00dfe, Kapazit\u00e4tswert auf Anfrage<\/li><li>Gepr\u00fcft nach CECC 32100 und AEC-Q200<\/li><li>Konform mit CECC 30600 und NFC 83-131<\/li><li>Erh\u00e4ltlich in Stapel- oder Radialausf\u00fchrung<\/li><li>Eine Oberfl\u00e4chenbeschichtung kann erforderlich sein, um Lichtbogenbildung zu verhindern.<\/li><\/ul>\t\t\t\t\t\t\t\t<\/div>\n\t\t\t\t<\/div>\n\t\t\t\t\t<\/div>\n\t\t<\/div>\n\t\t\t\t\t<\/div>\n\t\t<\/section>\n\t\t\t\t<div class=\"elementor-element elementor-element-104bebf elementor-widget elementor-widget-spacer\" data-id=\"104bebf\" data-element_type=\"widget\" data-e-type=\"widget\" data-widget_type=\"spacer.default\">\n\t\t\t\t<div class=\"elementor-widget-container\">\n\t\t\t\t\t\t\t<div class=\"elementor-spacer\">\n\t\t\t<div class=\"elementor-spacer-inner\"><\/div>\n\t\t<\/div>\n\t\t\t\t\t\t<\/div>\n\t\t\t\t<\/div>\n\t\t\t\t<div class=\"elementor-element elementor-element-3470b0f elementor-widget elementor-widget-text-editor\" data-id=\"3470b0f\" data-element_type=\"widget\" data-e-type=\"widget\" data-widget_type=\"text-editor.default\">\n\t\t\t\t<div class=\"elementor-widget-container\">\n\t\t\t\t\t\t\t\t\t<p><a href=\"https:\/\/www.hvproducts.de\/wp-content\/uploads\/2024\/08\/smd-high-voltage-class-i-0624.pdf\"><img decoding=\"async\" class=\"alignnone size-full wp-image-2507\" src=\"https:\/\/www.hvproducts.de\/wp-content\/uploads\/2021\/01\/download.png\" alt=\"\" width=\"40\" height=\"48\" srcset=\"https:\/\/www.hvproducts.de\/wp-content\/uploads\/2021\/01\/download.png 40w, https:\/\/www.hvproducts.de\/wp-content\/uploads\/2021\/01\/download-10x12.png 10w\" sizes=\"(max-width: 40px) 100vw, 40px\" \/> Datenblatt<\/a><\/p>\t\t\t\t\t\t\t\t<\/div>\n\t\t\t\t<\/div>\n\t\t\t\t\t<\/div>\n\t\t<\/div>\n\t\t\t\t\t<\/div>\n\t\t<\/section>\n\t\t\t\t<section class=\"elementor-section elementor-top-section elementor-element elementor-element-e91b148 elementor-section-boxed elementor-section-height-default elementor-section-height-default\" data-id=\"e91b148\" data-element_type=\"section\" data-e-type=\"section\">\n\t\t\t\t\t\t<div class=\"elementor-container elementor-column-gap-default\">\n\t\t\t\t\t<div class=\"elementor-column elementor-col-100 elementor-top-column elementor-element elementor-element-26b238f\" data-id=\"26b238f\" data-element_type=\"column\" data-e-type=\"column\">\n\t\t\t<div class=\"elementor-widget-wrap elementor-element-populated\">\n\t\t\t\t\t\t<div class=\"elementor-element elementor-element-75d2e87 elementor-widget elementor-widget-heading\" data-id=\"75d2e87\" data-element_type=\"widget\" data-e-type=\"widget\" data-widget_type=\"heading.default\">\n\t\t\t\t<div class=\"elementor-widget-container\">\n\t\t\t\t\t<h3 class=\"elementor-heading-title elementor-size-default\">\u00c4hnliche Produkte<\/h3>\t\t\t\t<\/div>\n\t\t\t\t<\/div>\n\t\t\t\t<div class=\"elementor-element elementor-element-fe80f51 elementor-widget-divider--view-line elementor-widget elementor-widget-divider\" data-id=\"fe80f51\" data-element_type=\"widget\" data-e-type=\"widget\" data-widget_type=\"divider.default\">\n\t\t\t\t<div class=\"elementor-widget-container\">\n\t\t\t\t\t\t\t<div class=\"elementor-divider\">\n\t\t\t<span class=\"elementor-divider-separator\">\n\t\t\t\t\t\t<\/span>\n\t\t<\/div>\n\t\t\t\t\t\t<\/div>\n\t\t\t\t<\/div>\n\t\t\t\t<div class=\"elementor-element elementor-element-af42251 elementor-widget elementor-widget-image-gallery\" data-id=\"af42251\" data-element_type=\"widget\" data-e-type=\"widget\" data-widget_type=\"image-gallery.default\">\n\t\t\t\t<div class=\"elementor-widget-container\">\n\t\t\t\t\t\t\t<div class=\"elementor-image-gallery\">\n\t\t\t<div id='gallery-1' class='gallery galleryid-13590 gallery-columns-4 gallery-size-medium'><figure class='gallery-item'>\n\t\t\t<div class='gallery-icon landscape'>\n\t\t\t\t<a  href='https:\/\/www.hvproducts.de\/de\/surface_mount_diodes\/sm_series-removebg-preview-1'><img decoding=\"async\" width=\"300\" height=\"140\" src=\"https:\/\/www.hvproducts.de\/wp-content\/uploads\/2021\/03\/sm_series-removebg-preview-1-300x140.png\" class=\"attachment-medium size-medium\" alt=\"\" aria-describedby=\"gallery-1-5706\" srcset=\"https:\/\/www.hvproducts.de\/wp-content\/uploads\/2021\/03\/sm_series-removebg-preview-1-300x140.png 300w, https:\/\/www.hvproducts.de\/wp-content\/uploads\/2021\/03\/sm_series-removebg-preview-1-18x8.png 18w, https:\/\/www.hvproducts.de\/wp-content\/uploads\/2021\/03\/sm_series-removebg-preview-1.png 540w\" sizes=\"(max-width: 300px) 100vw, 300px\" \/><\/a>\n\t\t\t<\/div>\n\t\t\t\t<figcaption class='wp-caption-text gallery-caption' id='gallery-1-5706'>\n\t\t\t\tSMD-Hochspannungsdiode\n\t\t\t\t<\/figcaption><\/figure>\n\t\t<\/div>\n\t\t<\/div>\n\t\t\t\t\t\t<\/div>\n\t\t\t\t<\/div>\n\t\t\t\t\t<\/div>\n\t\t<\/div>\n\t\t\t\t\t<\/div>\n\t\t<\/section>\n\t\t\t\t<\/div>","protected":false},"excerpt":{"rendered":"<p>Home \/ Products \/ High Voltage \/ HV Passive Components \/ Capacitors \/ SMD High Voltage Capacitor Class I SMD High Voltage Capacitor Class I Features: Ultra stable temperature compensating class I ceramic Custom voltage, package size, capacitance value on request Tested in accordance to CECC 32100 and AEC-Q200 CECC 30600 et NFC 83-131 compliant [&hellip;]<\/p>\n","protected":false},"author":7,"featured_media":0,"parent":0,"menu_order":0,"comment_status":"closed","ping_status":"closed","template":"","meta":{"site-sidebar-layout":"no-sidebar","site-content-layout":"page-builder","ast-site-content-layout":"full-width-container","site-content-style":"unboxed","site-sidebar-style":"default","ast-global-header-display":"","ast-banner-title-visibility":"","ast-main-header-display":"","ast-hfb-above-header-display":"","ast-hfb-below-header-display":"","ast-hfb-mobile-header-display":"","site-post-title":"disabled","ast-breadcrumbs-content":"","ast-featured-img":"disabled","footer-sml-layout":"","ast-disable-related-posts":"","theme-transparent-header-meta":"default","adv-header-id-meta":"","stick-header-meta":"","header-above-stick-meta":"","header-main-stick-meta":"","header-below-stick-meta":"","astra-migrate-meta-layouts":"set","ast-page-background-enabled":"default","ast-page-background-meta":{"desktop":{"background-color":"","background-image":"","background-repeat":"repeat","background-position":"center center","background-size":"auto","background-attachment":"scroll","background-type":"","background-media":"","overlay-type":"","overlay-color":"","overlay-opacity":"","overlay-gradient":""},"tablet":{"background-color":"","background-image":"","background-repeat":"repeat","background-position":"center center","background-size":"auto","background-attachment":"scroll","background-type":"","background-media":"","overlay-type":"","overlay-color":"","overlay-opacity":"","overlay-gradient":""},"mobile":{"background-color":"","background-image":"","background-repeat":"repeat","background-position":"center center","background-size":"auto","background-attachment":"scroll","background-type":"","background-media":"","overlay-type":"","overlay-color":"","overlay-opacity":"","overlay-gradient":""}},"ast-content-background-meta":{"desktop":{"background-color":"var(--ast-global-color-5)","background-image":"","background-repeat":"repeat","background-position":"center center","background-size":"auto","background-attachment":"scroll","background-type":"","background-media":"","overlay-type":"","overlay-color":"","overlay-opacity":"","overlay-gradient":""},"tablet":{"background-color":"var(--ast-global-color-5)","background-image":"","background-repeat":"repeat","background-position":"center center","background-size":"auto","background-attachment":"scroll","background-type":"","background-media":"","overlay-type":"","overlay-color":"","overlay-opacity":"","overlay-gradient":""},"mobile":{"background-color":"var(--ast-global-color-5)","background-image":"","background-repeat":"repeat","background-position":"center center","background-size":"auto","background-attachment":"scroll","background-type":"","background-media":"","overlay-type":"","overlay-color":"","overlay-opacity":"","overlay-gradient":""}},"footnotes":""},"class_list":["post-13590","page","type-page","status-publish","hentry"],"yoast_head":"<!-- This site is optimized with the Yoast SEO plugin v27.2 - https:\/\/yoast.com\/product\/yoast-seo-wordpress\/ -->\n<title>SMD High Voltage Capacitor Class I - HV Products |<\/title>\n<meta name=\"description\" content=\"Get high-voltage SMD capacitors designed for industrial applications that require high reliability. They are available in different DC voltage ratings.\" \/>\n<meta name=\"robots\" content=\"index, follow, max-snippet:-1, max-image-preview:large, max-video-preview:-1\" \/>\n<link rel=\"canonical\" href=\"https:\/\/www.hvproducts.de\/de\/smd-high-voltage-capacitor-class-i\/\" \/>\n<meta property=\"og:locale\" content=\"de_DE\" \/>\n<meta property=\"og:type\" content=\"article\" \/>\n<meta property=\"og:title\" content=\"SMD High Voltage Capacitor Class I - HV Products |\" \/>\n<meta property=\"og:description\" content=\"Get high-voltage SMD capacitors designed for industrial applications that require high reliability. They are available in different DC voltage ratings.\" \/>\n<meta property=\"og:url\" content=\"https:\/\/www.hvproducts.de\/de\/smd-high-voltage-capacitor-class-i\/\" \/>\n<meta property=\"og:site_name\" content=\"HVP: High Voltage Products GmbH\" \/>\n<meta property=\"article:modified_time\" content=\"2024-08-30T06:56:10+00:00\" \/>\n<meta property=\"og:image\" content=\"https:\/\/www.hvproducts.de\/wp-content\/uploads\/2023\/02\/Class-I-Series-300x231.png\" \/>\n<meta name=\"twitter:card\" content=\"summary_large_image\" \/>\n<meta name=\"twitter:label1\" content=\"Gesch\u00e4tzte Lesezeit\" \/>\n\t<meta name=\"twitter:data1\" content=\"1\u00a0Minute\" \/>\n<script type=\"application\/ld+json\" class=\"yoast-schema-graph\">{\"@context\":\"https:\/\/schema.org\",\"@graph\":[{\"@type\":\"WebPage\",\"@id\":\"https:\/\/www.hvproducts.de\/smd-high-voltage-capacitor-class-i\",\"url\":\"https:\/\/www.hvproducts.de\/smd-high-voltage-capacitor-class-i\",\"name\":\"SMD High Voltage Capacitor Class I - HV Products |\",\"isPartOf\":{\"@id\":\"https:\/\/hvproducts.de\/#website\"},\"primaryImageOfPage\":{\"@id\":\"https:\/\/www.hvproducts.de\/smd-high-voltage-capacitor-class-i#primaryimage\"},\"image\":{\"@id\":\"https:\/\/www.hvproducts.de\/smd-high-voltage-capacitor-class-i#primaryimage\"},\"thumbnailUrl\":\"https:\/\/www.hvproducts.de\/wp-content\/uploads\/2023\/02\/Class-I-Series-300x231.png\",\"datePublished\":\"2023-02-18T16:06:32+00:00\",\"dateModified\":\"2024-08-30T06:56:10+00:00\",\"description\":\"Get high-voltage SMD capacitors designed for industrial applications that require high reliability. They are available in different DC voltage ratings.\",\"breadcrumb\":{\"@id\":\"https:\/\/www.hvproducts.de\/smd-high-voltage-capacitor-class-i#breadcrumb\"},\"inLanguage\":\"de\",\"potentialAction\":[{\"@type\":\"ReadAction\",\"target\":[\"https:\/\/www.hvproducts.de\/smd-high-voltage-capacitor-class-i\"]}]},{\"@type\":\"ImageObject\",\"inLanguage\":\"de\",\"@id\":\"https:\/\/www.hvproducts.de\/smd-high-voltage-capacitor-class-i#primaryimage\",\"url\":\"https:\/\/www.hvproducts.de\/wp-content\/uploads\/2023\/02\/Class-I-Series-300x231.png\",\"contentUrl\":\"https:\/\/www.hvproducts.de\/wp-content\/uploads\/2023\/02\/Class-I-Series-300x231.png\"},{\"@type\":\"BreadcrumbList\",\"@id\":\"https:\/\/www.hvproducts.de\/smd-high-voltage-capacitor-class-i#breadcrumb\",\"itemListElement\":[{\"@type\":\"ListItem\",\"position\":1,\"name\":\"Home\",\"item\":\"https:\/\/www.hvproducts.de\/\"},{\"@type\":\"ListItem\",\"position\":2,\"name\":\"SMD High Voltage Capacitor Class I\"}]},{\"@type\":\"WebSite\",\"@id\":\"https:\/\/hvproducts.de\/#website\",\"url\":\"https:\/\/hvproducts.de\/\",\"name\":\"HVP: High Voltage Products GmbH\",\"description\":\"High Voltage Products GmbH\",\"publisher\":{\"@id\":\"https:\/\/hvproducts.de\/#organization\"},\"potentialAction\":[{\"@type\":\"SearchAction\",\"target\":{\"@type\":\"EntryPoint\",\"urlTemplate\":\"https:\/\/hvproducts.de\/?s={search_term_string}\"},\"query-input\":{\"@type\":\"PropertyValueSpecification\",\"valueRequired\":true,\"valueName\":\"search_term_string\"}}],\"inLanguage\":\"de\"},{\"@type\":\"Organization\",\"@id\":\"https:\/\/hvproducts.de\/#organization\",\"name\":\"HVP: High Voltage Products GmbH\",\"url\":\"https:\/\/hvproducts.de\/\",\"logo\":{\"@type\":\"ImageObject\",\"inLanguage\":\"de\",\"@id\":\"https:\/\/hvproducts.de\/#\/schema\/logo\/image\/\",\"url\":\"https:\/\/www.hvproducts.de\/wp-content\/uploads\/2021\/01\/cropped-iPhone-X-XS-11-Pro-\u2013-1@2x-2.png\",\"contentUrl\":\"https:\/\/www.hvproducts.de\/wp-content\/uploads\/2021\/01\/cropped-iPhone-X-XS-11-Pro-\u2013-1@2x-2.png\",\"width\":723,\"height\":224,\"caption\":\"HVP: High Voltage Products GmbH\"},\"image\":{\"@id\":\"https:\/\/hvproducts.de\/#\/schema\/logo\/image\/\"}}]}<\/script>\n<!-- \/ Yoast SEO plugin. -->","yoast_head_json":{"title":"SMD High Voltage Capacitor Class I - HV Products |","description":"Get high-voltage SMD capacitors designed for industrial applications that require high reliability. They are available in different DC voltage ratings.","robots":{"index":"index","follow":"follow","max-snippet":"max-snippet:-1","max-image-preview":"max-image-preview:large","max-video-preview":"max-video-preview:-1"},"canonical":"https:\/\/www.hvproducts.de\/de\/smd-high-voltage-capacitor-class-i\/","og_locale":"de_DE","og_type":"article","og_title":"SMD High Voltage Capacitor Class I - HV Products |","og_description":"Get high-voltage SMD capacitors designed for industrial applications that require high reliability. They are available in different DC voltage ratings.","og_url":"https:\/\/www.hvproducts.de\/de\/smd-high-voltage-capacitor-class-i\/","og_site_name":"HVP: High Voltage Products GmbH","article_modified_time":"2024-08-30T06:56:10+00:00","og_image":[{"url":"https:\/\/www.hvproducts.de\/wp-content\/uploads\/2023\/02\/Class-I-Series-300x231.png","type":"","width":"","height":""}],"twitter_card":"summary_large_image","twitter_misc":{"Gesch\u00e4tzte Lesezeit":"1\u00a0Minute"},"schema":{"@context":"https:\/\/schema.org","@graph":[{"@type":"WebPage","@id":"https:\/\/www.hvproducts.de\/smd-high-voltage-capacitor-class-i","url":"https:\/\/www.hvproducts.de\/smd-high-voltage-capacitor-class-i","name":"SMD High Voltage Capacitor Class I - HV Products |","isPartOf":{"@id":"https:\/\/hvproducts.de\/#website"},"primaryImageOfPage":{"@id":"https:\/\/www.hvproducts.de\/smd-high-voltage-capacitor-class-i#primaryimage"},"image":{"@id":"https:\/\/www.hvproducts.de\/smd-high-voltage-capacitor-class-i#primaryimage"},"thumbnailUrl":"https:\/\/www.hvproducts.de\/wp-content\/uploads\/2023\/02\/Class-I-Series-300x231.png","datePublished":"2023-02-18T16:06:32+00:00","dateModified":"2024-08-30T06:56:10+00:00","description":"Get high-voltage SMD capacitors designed for industrial applications that require high reliability. They are available in different DC voltage ratings.","breadcrumb":{"@id":"https:\/\/www.hvproducts.de\/smd-high-voltage-capacitor-class-i#breadcrumb"},"inLanguage":"de","potentialAction":[{"@type":"ReadAction","target":["https:\/\/www.hvproducts.de\/smd-high-voltage-capacitor-class-i"]}]},{"@type":"ImageObject","inLanguage":"de","@id":"https:\/\/www.hvproducts.de\/smd-high-voltage-capacitor-class-i#primaryimage","url":"https:\/\/www.hvproducts.de\/wp-content\/uploads\/2023\/02\/Class-I-Series-300x231.png","contentUrl":"https:\/\/www.hvproducts.de\/wp-content\/uploads\/2023\/02\/Class-I-Series-300x231.png"},{"@type":"BreadcrumbList","@id":"https:\/\/www.hvproducts.de\/smd-high-voltage-capacitor-class-i#breadcrumb","itemListElement":[{"@type":"ListItem","position":1,"name":"Home","item":"https:\/\/www.hvproducts.de\/"},{"@type":"ListItem","position":2,"name":"SMD High Voltage Capacitor Class I"}]},{"@type":"WebSite","@id":"https:\/\/hvproducts.de\/#website","url":"https:\/\/hvproducts.de\/","name":"HVP: High Voltage Products GmbH","description":"High Voltage Products GmbH","publisher":{"@id":"https:\/\/hvproducts.de\/#organization"},"potentialAction":[{"@type":"SearchAction","target":{"@type":"EntryPoint","urlTemplate":"https:\/\/hvproducts.de\/?s={search_term_string}"},"query-input":{"@type":"PropertyValueSpecification","valueRequired":true,"valueName":"search_term_string"}}],"inLanguage":"de"},{"@type":"Organization","@id":"https:\/\/hvproducts.de\/#organization","name":"HVP: High Voltage Products GmbH","url":"https:\/\/hvproducts.de\/","logo":{"@type":"ImageObject","inLanguage":"de","@id":"https:\/\/hvproducts.de\/#\/schema\/logo\/image\/","url":"https:\/\/www.hvproducts.de\/wp-content\/uploads\/2021\/01\/cropped-iPhone-X-XS-11-Pro-\u2013-1@2x-2.png","contentUrl":"https:\/\/www.hvproducts.de\/wp-content\/uploads\/2021\/01\/cropped-iPhone-X-XS-11-Pro-\u2013-1@2x-2.png","width":723,"height":224,"caption":"HVP: High Voltage Products GmbH"},"image":{"@id":"https:\/\/hvproducts.de\/#\/schema\/logo\/image\/"}}]}},"_links":{"self":[{"href":"https:\/\/www.hvproducts.de\/de\/wp-json\/wp\/v2\/pages\/13590","targetHints":{"allow":["GET"]}}],"collection":[{"href":"https:\/\/www.hvproducts.de\/de\/wp-json\/wp\/v2\/pages"}],"about":[{"href":"https:\/\/www.hvproducts.de\/de\/wp-json\/wp\/v2\/types\/page"}],"author":[{"embeddable":true,"href":"https:\/\/www.hvproducts.de\/de\/wp-json\/wp\/v2\/users\/7"}],"replies":[{"embeddable":true,"href":"https:\/\/www.hvproducts.de\/de\/wp-json\/wp\/v2\/comments?post=13590"}],"version-history":[{"count":11,"href":"https:\/\/www.hvproducts.de\/de\/wp-json\/wp\/v2\/pages\/13590\/revisions"}],"predecessor-version":[{"id":14334,"href":"https:\/\/www.hvproducts.de\/de\/wp-json\/wp\/v2\/pages\/13590\/revisions\/14334"}],"wp:attachment":[{"href":"https:\/\/www.hvproducts.de\/de\/wp-json\/wp\/v2\/media?parent=13590"}],"curies":[{"name":"wp","href":"https:\/\/api.w.org\/{rel}","templated":true}]}}