{"id":13426,"date":"2022-11-05T14:19:07","date_gmt":"2022-11-05T14:19:07","guid":{"rendered":"https:\/\/www.hvproducts.de\/?page_id=13426"},"modified":"2024-06-30T10:26:50","modified_gmt":"2024-06-30T10:26:50","slug":"apprenticeship-as-an-office-management-assistant","status":"publish","type":"page","link":"https:\/\/www.hvproducts.de\/de\/apprenticeship-as-an-office-management-assistant","title":{"rendered":"Apprenticeship as an office management assistant"},"content":{"rendered":"<div data-elementor-type=\"wp-page\" data-elementor-id=\"13426\" class=\"elementor elementor-13426\">\n\t\t\t\t\t\t<section class=\"elementor-section elementor-top-section elementor-element elementor-element-7d34a9e elementor-section-boxed elementor-section-height-default elementor-section-height-default\" data-id=\"7d34a9e\" data-element_type=\"section\" data-e-type=\"section\">\n\t\t\t\t\t\t<div class=\"elementor-container elementor-column-gap-default\">\n\t\t\t\t\t<div class=\"elementor-column elementor-col-100 elementor-top-column elementor-element elementor-element-052b239\" data-id=\"052b239\" data-element_type=\"column\" data-e-type=\"column\">\n\t\t\t<div class=\"elementor-widget-wrap elementor-element-populated\">\n\t\t\t\t\t\t<div class=\"elementor-element elementor-element-5fa4444 elementor-widget elementor-widget-text-editor\" data-id=\"5fa4444\" data-element_type=\"widget\" data-e-type=\"widget\" data-widget_type=\"text-editor.default\">\n\t\t\t\t<div class=\"elementor-widget-container\">\n\t\t\t\t\t\t\t\t\t<p><a href=\"https:\/\/www.hvproducts.de\">Startseite<\/a> \/ Company \/ <a href=\"https:\/\/www.hvproducts.de\/jobs\">Jobs<\/a> \/ Ausbildung Kauffrau\/ -mann f\u00fcr B\u00fcromanagemen<\/p>\t\t\t\t\t\t\t\t<\/div>\n\t\t\t\t<\/div>\n\t\t\t\t<div class=\"elementor-element elementor-element-6bd1706 elementor-widget elementor-widget-heading\" data-id=\"6bd1706\" data-element_type=\"widget\" data-e-type=\"widget\" data-widget_type=\"heading.default\">\n\t\t\t\t<div class=\"elementor-widget-container\">\n\t\t\t\t\t<h2 class=\"elementor-heading-title elementor-size-default\"><h1 style=\"margin-bottom: 0.5rem;font-weight: 500;font-size: 30px;, sans-serif;font-style: normal;white-space: normal\">Ausbildung Kauffrau\/ -mann f\u00fcr B\u00fcromanagement (m\/w\/d)<\/h1><\/h2>\t\t\t\t<\/div>\n\t\t\t\t<\/div>\n\t\t\t\t<div class=\"elementor-element elementor-element-ef148bb elementor-widget elementor-widget-text-editor\" data-id=\"ef148bb\" data-element_type=\"widget\" data-e-type=\"widget\" data-widget_type=\"text-editor.default\">\n\t\t\t\t<div class=\"elementor-widget-container\">\n\t\t\t\t\t\t\t\t\t<div data-canvas-width=\"695.8399999999998\">Die  HVP High Voltage Products GmbH \tist ein f\u00fchrender, globaler und technischer Distributor von \nHochspannungskomponenten und Systemen auf dem europ\u00e4ischen und internationalen Markt mit \nHauptsitz in Planegg bei M\u00fcnchen. Das Unternehmen beteiligt sich an der Entwicklung von \nBaugruppen und Bauelemente bis zur Produktreife.<\/div><div data-canvas-width=\"695.8399999999998\">\u00a0<\/div><div data-canvas-width=\"417.3600000000001\">Nun ist Dein Talent gefragt!<\/div><div data-canvas-width=\"417.3600000000001\">Wenn du wissen m\u00f6chtest, wie Verwaltungsaufgaben gel\u00f6st und Abl\u00e4ufe im B\u00fcro gesteuert werden, \nnutze diese Chance und bewirb Dich jetzt bei uns f\u00fcr eine \tAusbildung zum 01.09.2024 als Kauffrau \/ \n-mann  (m\/w\/d) f\u00fcr B\u00fcromanagement.<\/div><div data-canvas-width=\"417.3600000000001\">\u00a0<\/div><div data-canvas-width=\"417.3600000000001\">Dabei lernst du Auftragssteuerung und -koordination, kaufm\u00e4nnische Abl\u00e4ufe in kleinen und \nmittleren Unternehmen. Zu deinen abwechslungsreichen T\u00e4tigkeiten geh\u00f6ren Empfang, Datenpflege, \nMarketing und Vertrieb, Assistenz und Sekretariat als auch Vertriebsinnendienst und Verwaltung. In \nder Logistik bekommst Du einen \u00dcberblick \u00fcber unseren gesamten Produktportfolio.<\/div><div data-canvas-width=\"417.3600000000001\">\u00a0<\/div><div data-canvas-width=\"54.8\">Wir bieten:<\/div><ul><li>Eine faire Verg\u00fctung mit der M\u00f6glichkeit auf \u00dcbernahme.<\/li><li>Ein offenes und angenehmes Unternehmensklima.<\/li><li>Interessente Projekte auf internationale Ebene.<\/li><li>Eine verantwortungsvolle und abwechslungsreiche T\u00e4tigkeit<\/li><li>Ein modernes B\u00fcro mit guten \u00d6PNV-Anbindung<\/li><li>Essen-Gutscheine (Restaurants Tickets)<\/li><li>MVV-Ticket (in Form vom Deutschlandsticket)<\/li><li>Kaffee und Softdrinks stehen selbstverst\u00e4ndlich zur Verf\u00fcgung!<\/li><\/ul><div data-canvas-width=\"62.38666666666666\">Ihr Profil:<\/div><ul><li>Du arbeitest gerne im Team, bist kommunikativ und kooperativ und zudem ein echtes \nOrganisationstalent.<\/li><li>Du bist ein Teamplayer und hast Freude am Umgang mit Menschen<\/li><li>Du hast Interesse f\u00fcr kaufm\u00e4nnische Zusammenh\u00e4nge<\/li><li>Erste MS Office Kenntnisse bringst du mit<\/li><\/ul><div data-canvas-width=\"417.3600000000001\"><div data-canvas-width=\"417.3600000000001\">Ausbildungsdauer:<\/div><div data-canvas-width=\"417.3600000000001\">Drei Jahre, Verk\u00fcrzungen sind unter bestimmten Voraussetzungen m\u00f6glich.<\/div><div data-canvas-width=\"417.3600000000001\">\u00a0<\/div><div data-canvas-width=\"417.3600000000001\">Voraussetzungen:<\/div><div data-canvas-width=\"417.3600000000001\">Mittlerer Bildungsabschluss, Fachhochschulreife oder Abitur. Gute Noten in Deutsch, Englisch sowie Affinit\u00e4t mit Zahlen sind vom Vorteil.<\/div><div data-canvas-width=\"417.3600000000001\">\u00a0<\/div><\/div><div data-canvas-width=\"417.3600000000001\"><div data-canvas-width=\"417.3600000000001\">Interesse geweckt?<\/div><\/div><p class=\" translation-block\">Wir freuen uns auf Deine Bewerbung und bitten Dich diese -vorzugsweise in elektronischer Form- an \nFrau Virginia Munari ( <a href=\"mailto:hr@hvproducts.de\" target=\"_self\">hr@hvproducts.de<\/a> ) zu senden.<\/p><div data-canvas-width=\"259.44\"><a href=\"https:\/\/www.hvproducts.de\/wp-content\/uploads\/2024\/06\/Stellenanzeige_Ausbildung.pdf\"><img decoding=\"async\" class=\"alignnone size-full wp-image-5416\" src=\"https:\/\/www.hvproducts.de\/wp-content\/uploads\/2021\/03\/download-2.png\" alt=\"\" width=\"40\" height=\"48\" srcset=\"https:\/\/www.hvproducts.de\/wp-content\/uploads\/2021\/03\/download-2.png 40w, https:\/\/www.hvproducts.de\/wp-content\/uploads\/2021\/03\/download-2-10x12.png 10w\" sizes=\"(max-width: 40px) 100vw, 40px\" \/> Stellenangebot als pdf<\/a><\/div>\t\t\t\t\t\t\t\t<\/div>\n\t\t\t\t<\/div>\n\t\t\t\t\t<\/div>\n\t\t<\/div>\n\t\t\t\t\t<\/div>\n\t\t<\/section>\n\t\t\t\t<\/div>","protected":false},"excerpt":{"rendered":"<p>Home \/ Company \/ Jobs \/ Apprenticeship as an office management assistant Apprenticeship as an office management assistant (m\/f\/d) HVP High Voltage Products GmbH is a leading global and technical distributor of high voltage components and systems components and systems on the European and international market with headquarters in headquartered in Planegg near Munich. The [&hellip;]<\/p>\n","protected":false},"author":7,"featured_media":0,"parent":0,"menu_order":0,"comment_status":"closed","ping_status":"closed","template":"","meta":{"site-sidebar-layout":"no-sidebar","site-content-layout":"page-builder","ast-site-content-layout":"full-width-container","site-content-style":"unboxed","site-sidebar-style":"default","ast-global-header-display":"","ast-banner-title-visibility":"","ast-main-header-display":"","ast-hfb-above-header-display":"","ast-hfb-below-header-display":"","ast-hfb-mobile-header-display":"","site-post-title":"disabled","ast-breadcrumbs-content":"","ast-featured-img":"disabled","footer-sml-layout":"","ast-disable-related-posts":"","theme-transparent-header-meta":"enabled","adv-header-id-meta":"","stick-header-meta":"","header-above-stick-meta":"","header-main-stick-meta":"","header-below-stick-meta":"","astra-migrate-meta-layouts":"set","ast-page-background-enabled":"default","ast-page-background-meta":{"desktop":{"background-color":"","background-image":"","background-repeat":"repeat","background-position":"center center","background-size":"auto","background-attachment":"scroll","background-type":"","background-media":"","overlay-type":"","overlay-color":"","overlay-opacity":"","overlay-gradient":""},"tablet":{"background-color":"","background-image":"","background-repeat":"repeat","background-position":"center center","background-size":"auto","background-attachment":"scroll","background-type":"","background-media":"","overlay-type":"","overlay-color":"","overlay-opacity":"","overlay-gradient":""},"mobile":{"background-color":"","background-image":"","background-repeat":"repeat","background-position":"center center","background-size":"auto","background-attachment":"scroll","background-type":"","background-media":"","overlay-type":"","overlay-color":"","overlay-opacity":"","overlay-gradient":""}},"ast-content-background-meta":{"desktop":{"background-color":"var(--ast-global-color-5)","background-image":"","background-repeat":"repeat","background-position":"center center","background-size":"auto","background-attachment":"scroll","background-type":"","background-media":"","overlay-type":"","overlay-color":"","overlay-opacity":"","overlay-gradient":""},"tablet":{"background-color":"var(--ast-global-color-5)","background-image":"","background-repeat":"repeat","background-position":"center center","background-size":"auto","background-attachment":"scroll","background-type":"","background-media":"","overlay-type":"","overlay-color":"","overlay-opacity":"","overlay-gradient":""},"mobile":{"background-color":"var(--ast-global-color-5)","background-image":"","background-repeat":"repeat","background-position":"center center","background-size":"auto","background-attachment":"scroll","background-type":"","background-media":"","overlay-type":"","overlay-color":"","overlay-opacity":"","overlay-gradient":""}},"footnotes":""},"class_list":["post-13426","page","type-page","status-publish","hentry"],"yoast_head":"<!-- This site is optimized with the Yoast SEO plugin v27.2 - https:\/\/yoast.com\/product\/yoast-seo-wordpress\/ -->\n<title>Office Management Assistant Apprenticeship - (m\/f\/d) | HV Products<\/title>\n<meta name=\"description\" content=\"Be a team player! Apply for an apprenticeship as an office management assistant in Germany\" \/>\n<meta name=\"robots\" content=\"index, follow, max-snippet:-1, max-image-preview:large, max-video-preview:-1\" \/>\n<link rel=\"canonical\" href=\"https:\/\/www.hvproducts.de\/de\/apprenticeship-as-an-office-management-assistant\/\" \/>\n<meta property=\"og:locale\" content=\"de_DE\" \/>\n<meta property=\"og:type\" content=\"article\" \/>\n<meta property=\"og:title\" content=\"Office Management Assistant Apprenticeship - (m\/f\/d) | HV Products\" \/>\n<meta property=\"og:description\" content=\"Be a team player! Apply for an apprenticeship as an office management assistant in Germany\" \/>\n<meta property=\"og:url\" content=\"https:\/\/www.hvproducts.de\/de\/apprenticeship-as-an-office-management-assistant\/\" \/>\n<meta property=\"og:site_name\" content=\"HVP: High Voltage Products GmbH\" \/>\n<meta property=\"article:modified_time\" content=\"2024-06-30T10:26:50+00:00\" \/>\n<meta property=\"og:image\" content=\"https:\/\/www.hvproducts.de\/wp-content\/uploads\/2021\/03\/download-2.png\" \/>\n<meta name=\"twitter:card\" content=\"summary_large_image\" \/>\n<meta name=\"twitter:label1\" content=\"Gesch\u00e4tzte Lesezeit\" \/>\n\t<meta name=\"twitter:data1\" content=\"2\u00a0Minuten\" \/>\n<script type=\"application\/ld+json\" class=\"yoast-schema-graph\">{\"@context\":\"https:\/\/schema.org\",\"@graph\":[{\"@type\":\"WebPage\",\"@id\":\"https:\/\/www.hvproducts.de\/apprenticeship-as-an-office-management-assistant\",\"url\":\"https:\/\/www.hvproducts.de\/apprenticeship-as-an-office-management-assistant\",\"name\":\"Office Management Assistant Apprenticeship - (m\/f\/d) | HV Products\",\"isPartOf\":{\"@id\":\"https:\/\/hvproducts.de\/#website\"},\"primaryImageOfPage\":{\"@id\":\"https:\/\/www.hvproducts.de\/apprenticeship-as-an-office-management-assistant#primaryimage\"},\"image\":{\"@id\":\"https:\/\/www.hvproducts.de\/apprenticeship-as-an-office-management-assistant#primaryimage\"},\"thumbnailUrl\":\"https:\/\/www.hvproducts.de\/wp-content\/uploads\/2021\/03\/download-2.png\",\"datePublished\":\"2022-11-05T14:19:07+00:00\",\"dateModified\":\"2024-06-30T10:26:50+00:00\",\"description\":\"Be a team player! Apply for an apprenticeship as an office management assistant in Germany\",\"breadcrumb\":{\"@id\":\"https:\/\/www.hvproducts.de\/apprenticeship-as-an-office-management-assistant#breadcrumb\"},\"inLanguage\":\"de\",\"potentialAction\":[{\"@type\":\"ReadAction\",\"target\":[\"https:\/\/www.hvproducts.de\/apprenticeship-as-an-office-management-assistant\"]}]},{\"@type\":\"ImageObject\",\"inLanguage\":\"de\",\"@id\":\"https:\/\/www.hvproducts.de\/apprenticeship-as-an-office-management-assistant#primaryimage\",\"url\":\"https:\/\/www.hvproducts.de\/wp-content\/uploads\/2021\/03\/download-2.png\",\"contentUrl\":\"https:\/\/www.hvproducts.de\/wp-content\/uploads\/2021\/03\/download-2.png\"},{\"@type\":\"BreadcrumbList\",\"@id\":\"https:\/\/www.hvproducts.de\/apprenticeship-as-an-office-management-assistant#breadcrumb\",\"itemListElement\":[{\"@type\":\"ListItem\",\"position\":1,\"name\":\"Home\",\"item\":\"https:\/\/www.hvproducts.de\/\"},{\"@type\":\"ListItem\",\"position\":2,\"name\":\"Apprenticeship as an office management assistant\"}]},{\"@type\":\"WebSite\",\"@id\":\"https:\/\/hvproducts.de\/#website\",\"url\":\"https:\/\/hvproducts.de\/\",\"name\":\"HVP: High Voltage Products GmbH\",\"description\":\"High Voltage Products GmbH\",\"publisher\":{\"@id\":\"https:\/\/hvproducts.de\/#organization\"},\"potentialAction\":[{\"@type\":\"SearchAction\",\"target\":{\"@type\":\"EntryPoint\",\"urlTemplate\":\"https:\/\/hvproducts.de\/?s={search_term_string}\"},\"query-input\":{\"@type\":\"PropertyValueSpecification\",\"valueRequired\":true,\"valueName\":\"search_term_string\"}}],\"inLanguage\":\"de\"},{\"@type\":\"Organization\",\"@id\":\"https:\/\/hvproducts.de\/#organization\",\"name\":\"HVP: High Voltage Products GmbH\",\"url\":\"https:\/\/hvproducts.de\/\",\"logo\":{\"@type\":\"ImageObject\",\"inLanguage\":\"de\",\"@id\":\"https:\/\/hvproducts.de\/#\/schema\/logo\/image\/\",\"url\":\"https:\/\/www.hvproducts.de\/wp-content\/uploads\/2021\/01\/cropped-iPhone-X-XS-11-Pro-\u2013-1@2x-2.png\",\"contentUrl\":\"https:\/\/www.hvproducts.de\/wp-content\/uploads\/2021\/01\/cropped-iPhone-X-XS-11-Pro-\u2013-1@2x-2.png\",\"width\":723,\"height\":224,\"caption\":\"HVP: High Voltage Products GmbH\"},\"image\":{\"@id\":\"https:\/\/hvproducts.de\/#\/schema\/logo\/image\/\"}}]}<\/script>\n<!-- \/ Yoast SEO plugin. -->","yoast_head_json":{"title":"Office Management Assistant Apprenticeship - (m\/f\/d) | HV Products","description":"Be a team player! Apply for an apprenticeship as an office management assistant in Germany","robots":{"index":"index","follow":"follow","max-snippet":"max-snippet:-1","max-image-preview":"max-image-preview:large","max-video-preview":"max-video-preview:-1"},"canonical":"https:\/\/www.hvproducts.de\/de\/apprenticeship-as-an-office-management-assistant\/","og_locale":"de_DE","og_type":"article","og_title":"Office Management Assistant Apprenticeship - (m\/f\/d) | HV Products","og_description":"Be a team player! Apply for an apprenticeship as an office management assistant in Germany","og_url":"https:\/\/www.hvproducts.de\/de\/apprenticeship-as-an-office-management-assistant\/","og_site_name":"HVP: High Voltage Products GmbH","article_modified_time":"2024-06-30T10:26:50+00:00","og_image":[{"url":"https:\/\/www.hvproducts.de\/wp-content\/uploads\/2021\/03\/download-2.png","type":"","width":"","height":""}],"twitter_card":"summary_large_image","twitter_misc":{"Gesch\u00e4tzte Lesezeit":"2\u00a0Minuten"},"schema":{"@context":"https:\/\/schema.org","@graph":[{"@type":"WebPage","@id":"https:\/\/www.hvproducts.de\/apprenticeship-as-an-office-management-assistant","url":"https:\/\/www.hvproducts.de\/apprenticeship-as-an-office-management-assistant","name":"Office Management Assistant Apprenticeship - (m\/f\/d) | HV Products","isPartOf":{"@id":"https:\/\/hvproducts.de\/#website"},"primaryImageOfPage":{"@id":"https:\/\/www.hvproducts.de\/apprenticeship-as-an-office-management-assistant#primaryimage"},"image":{"@id":"https:\/\/www.hvproducts.de\/apprenticeship-as-an-office-management-assistant#primaryimage"},"thumbnailUrl":"https:\/\/www.hvproducts.de\/wp-content\/uploads\/2021\/03\/download-2.png","datePublished":"2022-11-05T14:19:07+00:00","dateModified":"2024-06-30T10:26:50+00:00","description":"Be a team player! Apply for an apprenticeship as an office management assistant in Germany","breadcrumb":{"@id":"https:\/\/www.hvproducts.de\/apprenticeship-as-an-office-management-assistant#breadcrumb"},"inLanguage":"de","potentialAction":[{"@type":"ReadAction","target":["https:\/\/www.hvproducts.de\/apprenticeship-as-an-office-management-assistant"]}]},{"@type":"ImageObject","inLanguage":"de","@id":"https:\/\/www.hvproducts.de\/apprenticeship-as-an-office-management-assistant#primaryimage","url":"https:\/\/www.hvproducts.de\/wp-content\/uploads\/2021\/03\/download-2.png","contentUrl":"https:\/\/www.hvproducts.de\/wp-content\/uploads\/2021\/03\/download-2.png"},{"@type":"BreadcrumbList","@id":"https:\/\/www.hvproducts.de\/apprenticeship-as-an-office-management-assistant#breadcrumb","itemListElement":[{"@type":"ListItem","position":1,"name":"Home","item":"https:\/\/www.hvproducts.de\/"},{"@type":"ListItem","position":2,"name":"Apprenticeship as an office management assistant"}]},{"@type":"WebSite","@id":"https:\/\/hvproducts.de\/#website","url":"https:\/\/hvproducts.de\/","name":"HVP: High Voltage Products GmbH","description":"High Voltage Products GmbH","publisher":{"@id":"https:\/\/hvproducts.de\/#organization"},"potentialAction":[{"@type":"SearchAction","target":{"@type":"EntryPoint","urlTemplate":"https:\/\/hvproducts.de\/?s={search_term_string}"},"query-input":{"@type":"PropertyValueSpecification","valueRequired":true,"valueName":"search_term_string"}}],"inLanguage":"de"},{"@type":"Organization","@id":"https:\/\/hvproducts.de\/#organization","name":"HVP: High Voltage Products GmbH","url":"https:\/\/hvproducts.de\/","logo":{"@type":"ImageObject","inLanguage":"de","@id":"https:\/\/hvproducts.de\/#\/schema\/logo\/image\/","url":"https:\/\/www.hvproducts.de\/wp-content\/uploads\/2021\/01\/cropped-iPhone-X-XS-11-Pro-\u2013-1@2x-2.png","contentUrl":"https:\/\/www.hvproducts.de\/wp-content\/uploads\/2021\/01\/cropped-iPhone-X-XS-11-Pro-\u2013-1@2x-2.png","width":723,"height":224,"caption":"HVP: High Voltage Products GmbH"},"image":{"@id":"https:\/\/hvproducts.de\/#\/schema\/logo\/image\/"}}]}},"_links":{"self":[{"href":"https:\/\/www.hvproducts.de\/de\/wp-json\/wp\/v2\/pages\/13426","targetHints":{"allow":["GET"]}}],"collection":[{"href":"https:\/\/www.hvproducts.de\/de\/wp-json\/wp\/v2\/pages"}],"about":[{"href":"https:\/\/www.hvproducts.de\/de\/wp-json\/wp\/v2\/types\/page"}],"author":[{"embeddable":true,"href":"https:\/\/www.hvproducts.de\/de\/wp-json\/wp\/v2\/users\/7"}],"replies":[{"embeddable":true,"href":"https:\/\/www.hvproducts.de\/de\/wp-json\/wp\/v2\/comments?post=13426"}],"version-history":[{"count":27,"href":"https:\/\/www.hvproducts.de\/de\/wp-json\/wp\/v2\/pages\/13426\/revisions"}],"predecessor-version":[{"id":14316,"href":"https:\/\/www.hvproducts.de\/de\/wp-json\/wp\/v2\/pages\/13426\/revisions\/14316"}],"wp:attachment":[{"href":"https:\/\/www.hvproducts.de\/de\/wp-json\/wp\/v2\/media?parent=13426"}],"curies":[{"name":"wp","href":"https:\/\/api.w.org\/{rel}","templated":true}]}}