{"id":13029,"date":"2022-01-18T14:28:47","date_gmt":"2022-01-18T14:28:47","guid":{"rendered":"https:\/\/www.hvproducts.de\/?page_id=13029"},"modified":"2022-01-18T14:46:31","modified_gmt":"2022-01-18T14:46:31","slug":"integrated-diagnostics","status":"publish","type":"page","link":"https:\/\/www.hvproducts.de\/de\/integrated-diagnostics","title":{"rendered":"Integrierte Diagnostik"},"content":{"rendered":"<div data-elementor-type=\"wp-page\" data-elementor-id=\"13029\" class=\"elementor elementor-13029\">\n\t\t\t\t\t\t<section class=\"elementor-section elementor-top-section elementor-element elementor-element-9bc6fa7 elementor-section-boxed elementor-section-height-default elementor-section-height-default\" data-id=\"9bc6fa7\" data-element_type=\"section\" data-e-type=\"section\">\n\t\t\t\t\t\t\t<div class=\"elementor-background-overlay\"><\/div>\n\t\t\t\t\t\t\t<div class=\"elementor-container elementor-column-gap-default\">\n\t\t\t\t\t<div class=\"elementor-column elementor-col-100 elementor-top-column elementor-element elementor-element-b58caa1\" data-id=\"b58caa1\" data-element_type=\"column\" data-e-type=\"column\">\n\t\t\t<div class=\"elementor-widget-wrap elementor-element-populated\">\n\t\t\t\t\t\t<div class=\"elementor-element elementor-element-423ce7c elementor-widget elementor-widget-text-editor\" data-id=\"423ce7c\" data-element_type=\"widget\" data-e-type=\"widget\" data-widget_type=\"text-editor.default\">\n\t\t\t\t<div class=\"elementor-widget-container\">\n\t\t\t\t\t\t\t\t\t<p><a href=\"https:\/\/www.hvproducts.de\">Startseite<\/a> \/ Produkte \/ Hochspannung \/ <a href=\"https:\/\/www.hvproducts.de\/hv_passive_components\">HV-Passive Komponenten<\/a> \/ <a href=\"https:\/\/www.hvproducts.de\/integrated-diagnostics\">Integrierte Diagnostik<\/a><\/p>\t\t\t\t\t\t\t\t<\/div>\n\t\t\t\t<\/div>\n\t\t\t\t<div class=\"elementor-element elementor-element-14d6d47 elementor-widget elementor-widget-heading\" data-id=\"14d6d47\" data-element_type=\"widget\" data-e-type=\"widget\" data-widget_type=\"heading.default\">\n\t\t\t\t<div class=\"elementor-widget-container\">\n\t\t\t\t\t<h2 class=\"elementor-heading-title elementor-size-default\"><h1 style=\"margin-bottom: 0.5rem;font-weight: 500;font-size: 30px;, sans-serif;font-style: normal;white-space: normal\">Integrierte Diagnostik<\/h1><\/h2>\t\t\t\t<\/div>\n\t\t\t\t<\/div>\n\t\t\t\t<div class=\"elementor-element elementor-element-3cf3d05 elementor-widget elementor-widget-text-editor\" data-id=\"3cf3d05\" data-element_type=\"widget\" data-e-type=\"widget\" data-widget_type=\"text-editor.default\">\n\t\t\t\t<div class=\"elementor-widget-container\">\n\t\t\t\t\t\t\t\t\t<div class=\"vc_custom_1551930345776\"><div id=\"text-block-9\" class=\"mk-text-block  jupiter-donut-\"><p>Wir bieten integrierte Hochgeschwindigkeits-Stromdiagnose in koaxialen Hochspannungs-Schnellkupplungen. Wir sind spezialisiert auf niederinduktive koaxiale Strommesswiderst\u00e4nde (CVRs) und modulare D-Punkt- und B-Punkt-Sonden.<\/p><p>Die f\u00fcr unsere gepulsten Stromversorgungssysteme entwickelten Hochgeschwindigkeitsspannungs- oder Stromdiagnoseger\u00e4te k\u00f6nnen direkt in eine Kundenanwendung eingebaut oder als Teil eines Koaxialsteckers verkauft werden.<\/p><div class=\"clearboth\">\u00a0<\/div><\/div><\/div><div class=\"vc_custom_1553996908978\"><div id=\"text-block-10\" class=\"mk-text-block  jupiter-donut-\"><p><em>* Bitte beachten Sie: Unsere D-Punkt- und B-Punkt-Sonden sind keine Freifeldsonden. Sie sind f\u00fcr die \u00dcberwachung von Strom oder Spannung auf einem Leiter vorgesehen.<\/em><\/p><\/div><\/div>\t\t\t\t\t\t\t\t<\/div>\n\t\t\t\t<\/div>\n\t\t\t\t<section class=\"elementor-section elementor-inner-section elementor-element elementor-element-c41e564 elementor-section-boxed elementor-section-height-default elementor-section-height-default\" data-id=\"c41e564\" data-element_type=\"section\" data-e-type=\"section\">\n\t\t\t\t\t\t<div class=\"elementor-container elementor-column-gap-default\">\n\t\t\t\t\t<div class=\"elementor-column elementor-col-50 elementor-inner-column elementor-element elementor-element-d81d012\" data-id=\"d81d012\" data-element_type=\"column\" data-e-type=\"column\">\n\t\t\t<div class=\"elementor-widget-wrap elementor-element-populated\">\n\t\t\t\t\t\t<div class=\"elementor-element elementor-element-1abf56d elementor-arrows-position-inside elementor-pagination-position-outside elementor-widget elementor-widget-image-carousel\" data-id=\"1abf56d\" data-element_type=\"widget\" data-e-type=\"widget\" data-settings=\"{&quot;slides_to_show&quot;:&quot;1&quot;,&quot;navigation&quot;:&quot;both&quot;,&quot;autoplay&quot;:&quot;yes&quot;,&quot;pause_on_hover&quot;:&quot;yes&quot;,&quot;pause_on_interaction&quot;:&quot;yes&quot;,&quot;autoplay_speed&quot;:5000,&quot;infinite&quot;:&quot;yes&quot;,&quot;effect&quot;:&quot;slide&quot;,&quot;speed&quot;:500}\" data-widget_type=\"image-carousel.default\">\n\t\t\t\t<div class=\"elementor-widget-container\">\n\t\t\t\t\t\t\t<div class=\"elementor-image-carousel-wrapper swiper\" role=\"region\" aria-roledescription=\"carousel\" aria-label=\"Bild Karussell\" dir=\"ltr\">\n\t\t\t<div class=\"elementor-image-carousel swiper-wrapper\" aria-live=\"off\">\n\t\t\t\t\t\t\t\t<div class=\"swiper-slide\" role=\"group\" aria-roledescription=\"slide\" aria-label=\"1 von 2\"><figure class=\"swiper-slide-inner\"><img decoding=\"async\" class=\"swiper-slide-image\" src=\"https:\/\/www.hvproducts.de\/wp-content\/uploads\/2022\/01\/img_7543_web-1-768x768.jpg\" alt=\"img_7543_web-1\" \/><\/figure><\/div><div class=\"swiper-slide\" role=\"group\" aria-roledescription=\"slide\" aria-label=\"2 von 2\"><figure class=\"swiper-slide-inner\"><img decoding=\"async\" class=\"swiper-slide-image\" src=\"https:\/\/www.hvproducts.de\/wp-content\/uploads\/2022\/01\/img_3485-e_web-1-768x768.jpg\" alt=\"img_3485-e_web-1\" \/><\/figure><\/div>\t\t\t<\/div>\n\t\t\t\t\t\t\t\t\t\t\t\t<div class=\"elementor-swiper-button elementor-swiper-button-prev\" role=\"button\" tabindex=\"0\">\n\t\t\t\t\t\t<i aria-hidden=\"true\" class=\"eicon-chevron-left\"><\/i>\t\t\t\t\t<\/div>\n\t\t\t\t\t<div class=\"elementor-swiper-button elementor-swiper-button-next\" role=\"button\" tabindex=\"0\">\n\t\t\t\t\t\t<i aria-hidden=\"true\" class=\"eicon-chevron-right\"><\/i>\t\t\t\t\t<\/div>\n\t\t\t\t\n\t\t\t\t\t\t\t\t\t<div class=\"swiper-pagination\"><\/div>\n\t\t\t\t\t\t\t\t\t<\/div>\n\t\t\t\t\t\t<\/div>\n\t\t\t\t<\/div>\n\t\t\t\t\t<\/div>\n\t\t<\/div>\n\t\t\t\t<div class=\"elementor-column elementor-col-50 elementor-inner-column elementor-element elementor-element-94f711c\" data-id=\"94f711c\" data-element_type=\"column\" data-e-type=\"column\">\n\t\t\t<div class=\"elementor-widget-wrap elementor-element-populated\">\n\t\t\t\t\t\t<div class=\"elementor-element elementor-element-830d6b8 elementor-widget elementor-widget-text-editor\" data-id=\"830d6b8\" data-element_type=\"widget\" data-e-type=\"widget\" data-widget_type=\"text-editor.default\">\n\t\t\t\t<div class=\"elementor-widget-container\">\n\t\t\t\t\t\t\t\t\t<div class=\"vc_custom_1551930565611\"><div id=\"text-block-10\" class=\"mk-text-block jupiter-donut-\"><div class=\"vc_custom_1551930382663\"><div id=\"text-block-11\" class=\"mk-text-block jupiter-donut-\"><p><strong>Ausstattung:<\/strong><\/p><\/div><\/div><div class=\"vc_custom_1554082256567\"><div id=\"text-block-12\" class=\"mk-text-block jupiter-donut- orange-bullets\"><ul><li>Miniatur B-Punkt oder D-Punkt Sonden<\/li><li>Niederinduktiver Inline-CVR f\u00fcr die Messung schneller (&lt;1 ns) Transienten ohne Integrationsaufwand<\/li><li>SMA oder kundenspezifischer Abschluss<\/li><li>Gute Gleichtaktunterdr\u00fcckung<\/li><li>Optional f\u00fcr alle unsere Koaxialsteckverbinder<\/li><\/ul><\/div><\/div><div class=\"vc_custom_1554082195368\"><div id=\"text-block-13\" class=\"mk-text-block jupiter-donut-\"><p><strong>Lichtwellenleiter<\/strong><\/p><\/div><\/div><div class=\"vc_custom_1554082230378\"><div id=\"text-block-14\" class=\"mk-text-block jupiter-donut-\"><p>Zur Unterst\u00fctzung unserer Diagnostik bieten wir Standard- und kundenspezifische faseroptische Verbindungsl\u00f6sungen an. Unsere analogen Glasfaserverbindungen arbeiten bis zu 6 GHz und bieten eine rauschfreie Methode zur \u00dcbertragung von Signalen von Antennen und B-Punkt- und D-Punkt-Sonden sowie zur \u00dcbertragung direkter Messungen an das Oszilloskop des Benutzers. Kontaktieren Sie uns f\u00fcr weitere Informationen.<\/p><\/div><\/div><\/div><\/div>\t\t\t\t\t\t\t\t<\/div>\n\t\t\t\t<\/div>\n\t\t\t\t\t<\/div>\n\t\t<\/div>\n\t\t\t\t\t<\/div>\n\t\t<\/section>\n\t\t\t\t\t<\/div>\n\t\t<\/div>\n\t\t\t\t\t<\/div>\n\t\t<\/section>\n\t\t\t\t<\/div>","protected":false},"excerpt":{"rendered":"<p>Home \/ Products \/ High Voltage \u00a0\/ HV Passive Components \/ Integrated Diagnostics Integrated Diagnostics We offer integrated high-speed current diagnostics in coaxial connector high-voltage quick disconnects. We specialize in low-inductance coaxial current-viewing resistors (CVRs) and modular D-dot and B-dot probes. Designed for our pulsed power systems, high-speed voltage or current diagnostics can be built [&hellip;]<\/p>\n","protected":false},"author":7,"featured_media":0,"parent":0,"menu_order":0,"comment_status":"closed","ping_status":"closed","template":"","meta":{"site-sidebar-layout":"no-sidebar","site-content-layout":"page-builder","ast-site-content-layout":"default","site-content-style":"default","site-sidebar-style":"default","ast-global-header-display":"","ast-banner-title-visibility":"","ast-main-header-display":"","ast-hfb-above-header-display":"","ast-hfb-below-header-display":"","ast-hfb-mobile-header-display":"","site-post-title":"disabled","ast-breadcrumbs-content":"","ast-featured-img":"disabled","footer-sml-layout":"","ast-disable-related-posts":"","theme-transparent-header-meta":"default","adv-header-id-meta":"","stick-header-meta":"","header-above-stick-meta":"","header-main-stick-meta":"","header-below-stick-meta":"","astra-migrate-meta-layouts":"default","ast-page-background-enabled":"default","ast-page-background-meta":{"desktop":{"background-color":"","background-image":"","background-repeat":"repeat","background-position":"center center","background-size":"auto","background-attachment":"scroll","background-type":"","background-media":"","overlay-type":"","overlay-color":"","overlay-opacity":"","overlay-gradient":""},"tablet":{"background-color":"","background-image":"","background-repeat":"repeat","background-position":"center center","background-size":"auto","background-attachment":"scroll","background-type":"","background-media":"","overlay-type":"","overlay-color":"","overlay-opacity":"","overlay-gradient":""},"mobile":{"background-color":"","background-image":"","background-repeat":"repeat","background-position":"center center","background-size":"auto","background-attachment":"scroll","background-type":"","background-media":"","overlay-type":"","overlay-color":"","overlay-opacity":"","overlay-gradient":""}},"ast-content-background-meta":{"desktop":{"background-color":"var(--ast-global-color-5)","background-image":"","background-repeat":"repeat","background-position":"center center","background-size":"auto","background-attachment":"scroll","background-type":"","background-media":"","overlay-type":"","overlay-color":"","overlay-opacity":"","overlay-gradient":""},"tablet":{"background-color":"var(--ast-global-color-5)","background-image":"","background-repeat":"repeat","background-position":"center center","background-size":"auto","background-attachment":"scroll","background-type":"","background-media":"","overlay-type":"","overlay-color":"","overlay-opacity":"","overlay-gradient":""},"mobile":{"background-color":"var(--ast-global-color-5)","background-image":"","background-repeat":"repeat","background-position":"center center","background-size":"auto","background-attachment":"scroll","background-type":"","background-media":"","overlay-type":"","overlay-color":"","overlay-opacity":"","overlay-gradient":""}},"footnotes":""},"class_list":["post-13029","page","type-page","status-publish","hentry"],"yoast_head":"<!-- This site is optimized with the Yoast SEO plugin v27.2 - https:\/\/yoast.com\/product\/yoast-seo-wordpress\/ -->\n<title>Integrated Diagnostics - HVP: High Voltage Products GmbH<\/title>\n<meta name=\"robots\" content=\"index, follow, max-snippet:-1, max-image-preview:large, max-video-preview:-1\" \/>\n<link rel=\"canonical\" href=\"https:\/\/www.hvproducts.de\/de\/integrated-diagnostics\/\" \/>\n<meta property=\"og:locale\" content=\"de_DE\" \/>\n<meta property=\"og:type\" content=\"article\" \/>\n<meta property=\"og:title\" content=\"Integrated Diagnostics - HVP: High Voltage Products GmbH\" \/>\n<meta property=\"og:description\" content=\"Home \/ Products \/ High Voltage \u00a0\/ HV Passive Components \/ Integrated Diagnostics Integrated Diagnostics We offer integrated high-speed current diagnostics in coaxial connector high-voltage quick disconnects. We specialize in low-inductance coaxial current-viewing resistors (CVRs) and modular D-dot and B-dot probes. Designed for our pulsed power systems, high-speed voltage or current diagnostics can be built [&hellip;]\" \/>\n<meta property=\"og:url\" content=\"https:\/\/www.hvproducts.de\/de\/integrated-diagnostics\/\" \/>\n<meta property=\"og:site_name\" content=\"HVP: High Voltage Products GmbH\" \/>\n<meta property=\"article:modified_time\" content=\"2022-01-18T14:46:31+00:00\" \/>\n<meta property=\"og:image\" content=\"https:\/\/www.hvproducts.de\/wp-content\/uploads\/2022\/01\/img_7543_web-1-768x768.jpg\" \/>\n<meta name=\"twitter:card\" content=\"summary_large_image\" \/>\n<meta name=\"twitter:label1\" content=\"Gesch\u00e4tzte Lesezeit\" \/>\n\t<meta name=\"twitter:data1\" content=\"2\u00a0Minuten\" \/>\n<script type=\"application\/ld+json\" class=\"yoast-schema-graph\">{\"@context\":\"https:\/\/schema.org\",\"@graph\":[{\"@type\":\"WebPage\",\"@id\":\"https:\/\/www.hvproducts.de\/integrated-diagnostics\",\"url\":\"https:\/\/www.hvproducts.de\/integrated-diagnostics\",\"name\":\"Integrated Diagnostics - HVP: High Voltage Products GmbH\",\"isPartOf\":{\"@id\":\"https:\/\/hvproducts.de\/#website\"},\"primaryImageOfPage\":{\"@id\":\"https:\/\/www.hvproducts.de\/integrated-diagnostics#primaryimage\"},\"image\":{\"@id\":\"https:\/\/www.hvproducts.de\/integrated-diagnostics#primaryimage\"},\"thumbnailUrl\":\"https:\/\/www.hvproducts.de\/wp-content\/uploads\/2022\/01\/img_7543_web-1-768x768.jpg\",\"datePublished\":\"2022-01-18T14:28:47+00:00\",\"dateModified\":\"2022-01-18T14:46:31+00:00\",\"breadcrumb\":{\"@id\":\"https:\/\/www.hvproducts.de\/integrated-diagnostics#breadcrumb\"},\"inLanguage\":\"de\",\"potentialAction\":[{\"@type\":\"ReadAction\",\"target\":[\"https:\/\/www.hvproducts.de\/integrated-diagnostics\"]}]},{\"@type\":\"ImageObject\",\"inLanguage\":\"de\",\"@id\":\"https:\/\/www.hvproducts.de\/integrated-diagnostics#primaryimage\",\"url\":\"https:\/\/www.hvproducts.de\/wp-content\/uploads\/2022\/01\/img_7543_web-1-768x768.jpg\",\"contentUrl\":\"https:\/\/www.hvproducts.de\/wp-content\/uploads\/2022\/01\/img_7543_web-1-768x768.jpg\"},{\"@type\":\"BreadcrumbList\",\"@id\":\"https:\/\/www.hvproducts.de\/integrated-diagnostics#breadcrumb\",\"itemListElement\":[{\"@type\":\"ListItem\",\"position\":1,\"name\":\"Home\",\"item\":\"https:\/\/www.hvproducts.de\/\"},{\"@type\":\"ListItem\",\"position\":2,\"name\":\"Integrated Diagnostics\"}]},{\"@type\":\"WebSite\",\"@id\":\"https:\/\/hvproducts.de\/#website\",\"url\":\"https:\/\/hvproducts.de\/\",\"name\":\"HVP: High Voltage Products GmbH\",\"description\":\"High Voltage Products GmbH\",\"publisher\":{\"@id\":\"https:\/\/hvproducts.de\/#organization\"},\"potentialAction\":[{\"@type\":\"SearchAction\",\"target\":{\"@type\":\"EntryPoint\",\"urlTemplate\":\"https:\/\/hvproducts.de\/?s={search_term_string}\"},\"query-input\":{\"@type\":\"PropertyValueSpecification\",\"valueRequired\":true,\"valueName\":\"search_term_string\"}}],\"inLanguage\":\"de\"},{\"@type\":\"Organization\",\"@id\":\"https:\/\/hvproducts.de\/#organization\",\"name\":\"HVP: High Voltage Products GmbH\",\"url\":\"https:\/\/hvproducts.de\/\",\"logo\":{\"@type\":\"ImageObject\",\"inLanguage\":\"de\",\"@id\":\"https:\/\/hvproducts.de\/#\/schema\/logo\/image\/\",\"url\":\"https:\/\/www.hvproducts.de\/wp-content\/uploads\/2021\/01\/cropped-iPhone-X-XS-11-Pro-\u2013-1@2x-2.png\",\"contentUrl\":\"https:\/\/www.hvproducts.de\/wp-content\/uploads\/2021\/01\/cropped-iPhone-X-XS-11-Pro-\u2013-1@2x-2.png\",\"width\":723,\"height\":224,\"caption\":\"HVP: High Voltage Products GmbH\"},\"image\":{\"@id\":\"https:\/\/hvproducts.de\/#\/schema\/logo\/image\/\"}}]}<\/script>\n<!-- \/ Yoast SEO plugin. -->","yoast_head_json":{"title":"Integrated Diagnostics - HVP: High Voltage Products GmbH","robots":{"index":"index","follow":"follow","max-snippet":"max-snippet:-1","max-image-preview":"max-image-preview:large","max-video-preview":"max-video-preview:-1"},"canonical":"https:\/\/www.hvproducts.de\/de\/integrated-diagnostics\/","og_locale":"de_DE","og_type":"article","og_title":"Integrated Diagnostics - HVP: High Voltage Products GmbH","og_description":"Home \/ Products \/ High Voltage \u00a0\/ HV Passive Components \/ Integrated Diagnostics Integrated Diagnostics We offer integrated high-speed current diagnostics in coaxial connector high-voltage quick disconnects. We specialize in low-inductance coaxial current-viewing resistors (CVRs) and modular D-dot and B-dot probes. Designed for our pulsed power systems, high-speed voltage or current diagnostics can be built [&hellip;]","og_url":"https:\/\/www.hvproducts.de\/de\/integrated-diagnostics\/","og_site_name":"HVP: High Voltage Products GmbH","article_modified_time":"2022-01-18T14:46:31+00:00","og_image":[{"url":"https:\/\/www.hvproducts.de\/wp-content\/uploads\/2022\/01\/img_7543_web-1-768x768.jpg","type":"","width":"","height":""}],"twitter_card":"summary_large_image","twitter_misc":{"Gesch\u00e4tzte Lesezeit":"2\u00a0Minuten"},"schema":{"@context":"https:\/\/schema.org","@graph":[{"@type":"WebPage","@id":"https:\/\/www.hvproducts.de\/integrated-diagnostics","url":"https:\/\/www.hvproducts.de\/integrated-diagnostics","name":"Integrated Diagnostics - HVP: High Voltage Products GmbH","isPartOf":{"@id":"https:\/\/hvproducts.de\/#website"},"primaryImageOfPage":{"@id":"https:\/\/www.hvproducts.de\/integrated-diagnostics#primaryimage"},"image":{"@id":"https:\/\/www.hvproducts.de\/integrated-diagnostics#primaryimage"},"thumbnailUrl":"https:\/\/www.hvproducts.de\/wp-content\/uploads\/2022\/01\/img_7543_web-1-768x768.jpg","datePublished":"2022-01-18T14:28:47+00:00","dateModified":"2022-01-18T14:46:31+00:00","breadcrumb":{"@id":"https:\/\/www.hvproducts.de\/integrated-diagnostics#breadcrumb"},"inLanguage":"de","potentialAction":[{"@type":"ReadAction","target":["https:\/\/www.hvproducts.de\/integrated-diagnostics"]}]},{"@type":"ImageObject","inLanguage":"de","@id":"https:\/\/www.hvproducts.de\/integrated-diagnostics#primaryimage","url":"https:\/\/www.hvproducts.de\/wp-content\/uploads\/2022\/01\/img_7543_web-1-768x768.jpg","contentUrl":"https:\/\/www.hvproducts.de\/wp-content\/uploads\/2022\/01\/img_7543_web-1-768x768.jpg"},{"@type":"BreadcrumbList","@id":"https:\/\/www.hvproducts.de\/integrated-diagnostics#breadcrumb","itemListElement":[{"@type":"ListItem","position":1,"name":"Home","item":"https:\/\/www.hvproducts.de\/"},{"@type":"ListItem","position":2,"name":"Integrated Diagnostics"}]},{"@type":"WebSite","@id":"https:\/\/hvproducts.de\/#website","url":"https:\/\/hvproducts.de\/","name":"HVP: High Voltage Products GmbH","description":"High Voltage Products GmbH","publisher":{"@id":"https:\/\/hvproducts.de\/#organization"},"potentialAction":[{"@type":"SearchAction","target":{"@type":"EntryPoint","urlTemplate":"https:\/\/hvproducts.de\/?s={search_term_string}"},"query-input":{"@type":"PropertyValueSpecification","valueRequired":true,"valueName":"search_term_string"}}],"inLanguage":"de"},{"@type":"Organization","@id":"https:\/\/hvproducts.de\/#organization","name":"HVP: High Voltage Products GmbH","url":"https:\/\/hvproducts.de\/","logo":{"@type":"ImageObject","inLanguage":"de","@id":"https:\/\/hvproducts.de\/#\/schema\/logo\/image\/","url":"https:\/\/www.hvproducts.de\/wp-content\/uploads\/2021\/01\/cropped-iPhone-X-XS-11-Pro-\u2013-1@2x-2.png","contentUrl":"https:\/\/www.hvproducts.de\/wp-content\/uploads\/2021\/01\/cropped-iPhone-X-XS-11-Pro-\u2013-1@2x-2.png","width":723,"height":224,"caption":"HVP: High Voltage Products GmbH"},"image":{"@id":"https:\/\/hvproducts.de\/#\/schema\/logo\/image\/"}}]}},"_links":{"self":[{"href":"https:\/\/www.hvproducts.de\/de\/wp-json\/wp\/v2\/pages\/13029","targetHints":{"allow":["GET"]}}],"collection":[{"href":"https:\/\/www.hvproducts.de\/de\/wp-json\/wp\/v2\/pages"}],"about":[{"href":"https:\/\/www.hvproducts.de\/de\/wp-json\/wp\/v2\/types\/page"}],"author":[{"embeddable":true,"href":"https:\/\/www.hvproducts.de\/de\/wp-json\/wp\/v2\/users\/7"}],"replies":[{"embeddable":true,"href":"https:\/\/www.hvproducts.de\/de\/wp-json\/wp\/v2\/comments?post=13029"}],"version-history":[{"count":7,"href":"https:\/\/www.hvproducts.de\/de\/wp-json\/wp\/v2\/pages\/13029\/revisions"}],"predecessor-version":[{"id":13063,"href":"https:\/\/www.hvproducts.de\/de\/wp-json\/wp\/v2\/pages\/13029\/revisions\/13063"}],"wp:attachment":[{"href":"https:\/\/www.hvproducts.de\/de\/wp-json\/wp\/v2\/media?parent=13029"}],"curies":[{"name":"wp","href":"https:\/\/api.w.org\/{rel}","templated":true}]}}