{"id":13028,"date":"2022-01-18T14:28:38","date_gmt":"2022-01-18T14:28:38","guid":{"rendered":"https:\/\/www.hvproducts.de\/?page_id=13028"},"modified":"2022-01-18T14:49:09","modified_gmt":"2022-01-18T14:49:09","slug":"coaxial-load-termination","status":"publish","type":"page","link":"https:\/\/www.hvproducts.de\/de\/coaxial-load-termination","title":{"rendered":"Koaxialer Lastabschlu\u00df"},"content":{"rendered":"<div data-elementor-type=\"wp-page\" data-elementor-id=\"13028\" class=\"elementor elementor-13028\">\n\t\t\t\t\t\t<section class=\"elementor-section elementor-top-section elementor-element elementor-element-9bc6fa7 elementor-section-boxed elementor-section-height-default elementor-section-height-default\" data-id=\"9bc6fa7\" data-element_type=\"section\" data-e-type=\"section\">\n\t\t\t\t\t\t\t<div class=\"elementor-background-overlay\"><\/div>\n\t\t\t\t\t\t\t<div class=\"elementor-container elementor-column-gap-default\">\n\t\t\t\t\t<div class=\"elementor-column elementor-col-100 elementor-top-column elementor-element elementor-element-b58caa1\" data-id=\"b58caa1\" data-element_type=\"column\" data-e-type=\"column\">\n\t\t\t<div class=\"elementor-widget-wrap elementor-element-populated\">\n\t\t\t\t\t\t<div class=\"elementor-element elementor-element-423ce7c elementor-widget elementor-widget-text-editor\" data-id=\"423ce7c\" data-element_type=\"widget\" data-e-type=\"widget\" data-widget_type=\"text-editor.default\">\n\t\t\t\t<div class=\"elementor-widget-container\">\n\t\t\t\t\t\t\t\t\t<p><a href=\"https:\/\/www.hvproducts.de\">Startseite<\/a> \/ Produkte \/ Hochspannung \/ <a href=\"https:\/\/www.hvproducts.de\/hv_passive_components\">HV-Passive Komponenten<\/a> \/ <a href=\"https:\/\/www.hvproducts.de\/coaxial-load-termination\">Koaxiale Lastanschl\u00fcsse<\/a><\/p>\t\t\t\t\t\t\t\t<\/div>\n\t\t\t\t<\/div>\n\t\t\t\t<div class=\"elementor-element elementor-element-14d6d47 elementor-widget elementor-widget-heading\" data-id=\"14d6d47\" data-element_type=\"widget\" data-e-type=\"widget\" data-widget_type=\"heading.default\">\n\t\t\t\t<div class=\"elementor-widget-container\">\n\t\t\t\t\t<h2 class=\"elementor-heading-title elementor-size-default\"><h1 style=\"margin-bottom: 0.5rem;font-weight: 500;font-size: 30px;, sans-serif;font-style: normal;white-space: normal\">Koaxiale Lastanschl\u00fcsse<\/h1><\/h2>\t\t\t\t<\/div>\n\t\t\t\t<\/div>\n\t\t\t\t<div class=\"elementor-element elementor-element-3cf3d05 elementor-widget elementor-widget-text-editor\" data-id=\"3cf3d05\" data-element_type=\"widget\" data-e-type=\"widget\" data-widget_type=\"text-editor.default\">\n\t\t\t\t<div class=\"elementor-widget-container\">\n\t\t\t\t\t\t\t\t\t<p>Unser ohmsches Lastmodul bietet Terminierungs- und \u00dcberwachungsfunktionen f\u00fcr Hochspannungsimpulse mit hoher Leistung, ohne dass benachbarte Ger\u00e4te abgestrahlt werden. Das Lastmodul kann Impulsspannungen bis zu 500 kV (&lt;100 ns FWHM) und Wiederholraten bis zu 250 Hz (f\u00fcr einen 10-Impuls-Burst) verwalten und enth\u00e4lt entweder einen festen Keramik- oder CuSO4-Wasserwiderstand, der in einem Aluminiumrohr isoliert ist. Der Eingangsanschluss ist eine Hochspannungs-Schnellkupplung, die mit einem Koaxialkabel verbunden ist, w\u00e4hrend der Abschluss mit einem Hochleistungs-Strommesswiderstand (CVR) mit NIST-r\u00fcckf\u00fchrbaren Kalibrierungen und\/oder einer D-Punkt-Sonde ausgestattet werden kann.<\/p>\t\t\t\t\t\t\t\t<\/div>\n\t\t\t\t<\/div>\n\t\t\t\t<section class=\"elementor-section elementor-inner-section elementor-element elementor-element-c41e564 elementor-section-boxed elementor-section-height-default elementor-section-height-default\" data-id=\"c41e564\" data-element_type=\"section\" data-e-type=\"section\">\n\t\t\t\t\t\t<div class=\"elementor-container elementor-column-gap-default\">\n\t\t\t\t\t<div class=\"elementor-column elementor-col-50 elementor-inner-column elementor-element elementor-element-d81d012\" data-id=\"d81d012\" data-element_type=\"column\" data-e-type=\"column\">\n\t\t\t<div class=\"elementor-widget-wrap elementor-element-populated\">\n\t\t\t\t\t\t<div class=\"elementor-element elementor-element-1abf56d elementor-arrows-position-inside elementor-pagination-position-outside elementor-widget elementor-widget-image-carousel\" data-id=\"1abf56d\" data-element_type=\"widget\" data-e-type=\"widget\" data-settings=\"{&quot;slides_to_show&quot;:&quot;1&quot;,&quot;navigation&quot;:&quot;both&quot;,&quot;autoplay&quot;:&quot;yes&quot;,&quot;pause_on_hover&quot;:&quot;yes&quot;,&quot;pause_on_interaction&quot;:&quot;yes&quot;,&quot;autoplay_speed&quot;:5000,&quot;infinite&quot;:&quot;yes&quot;,&quot;effect&quot;:&quot;slide&quot;,&quot;speed&quot;:500}\" data-widget_type=\"image-carousel.default\">\n\t\t\t\t<div class=\"elementor-widget-container\">\n\t\t\t\t\t\t\t<div class=\"elementor-image-carousel-wrapper swiper\" role=\"region\" aria-roledescription=\"carousel\" aria-label=\"Bild Karussell\" dir=\"ltr\">\n\t\t\t<div class=\"elementor-image-carousel swiper-wrapper\" aria-live=\"off\">\n\t\t\t\t\t\t\t\t<div class=\"swiper-slide\" role=\"group\" aria-roledescription=\"slide\" aria-label=\"1 von 4\"><figure class=\"swiper-slide-inner\"><img decoding=\"async\" class=\"swiper-slide-image\" src=\"https:\/\/www.hvproducts.de\/wp-content\/uploads\/2022\/01\/dsc_0024-2_web-1-768x768.jpg\" alt=\"dsc_0024-2_web-1\" \/><\/figure><\/div><div class=\"swiper-slide\" role=\"group\" aria-roledescription=\"slide\" aria-label=\"2 von 4\"><figure class=\"swiper-slide-inner\"><img decoding=\"async\" class=\"swiper-slide-image\" src=\"https:\/\/www.hvproducts.de\/wp-content\/uploads\/2022\/01\/dsc_0020-2_web-1-768x768.jpg\" alt=\"dsc_0020-2_web-1\" \/><\/figure><\/div><div class=\"swiper-slide\" role=\"group\" aria-roledescription=\"slide\" aria-label=\"3 von 4\"><figure class=\"swiper-slide-inner\"><img decoding=\"async\" class=\"swiper-slide-image\" src=\"https:\/\/www.hvproducts.de\/wp-content\/uploads\/2022\/01\/dsc_0021-2_web-1-768x768.jpg\" alt=\"dsc_0021-2_web-1\" \/><\/figure><\/div><div class=\"swiper-slide\" role=\"group\" aria-roledescription=\"slide\" aria-label=\"4 von 4\"><figure class=\"swiper-slide-inner\"><img decoding=\"async\" class=\"swiper-slide-image\" src=\"https:\/\/www.hvproducts.de\/wp-content\/uploads\/2022\/01\/coaxial-load_web-1-768x768.jpg\" alt=\"coaxial-load_web-1\" \/><\/figure><\/div>\t\t\t<\/div>\n\t\t\t\t\t\t\t\t\t\t\t\t<div class=\"elementor-swiper-button elementor-swiper-button-prev\" role=\"button\" tabindex=\"0\">\n\t\t\t\t\t\t<i aria-hidden=\"true\" class=\"eicon-chevron-left\"><\/i>\t\t\t\t\t<\/div>\n\t\t\t\t\t<div class=\"elementor-swiper-button elementor-swiper-button-next\" role=\"button\" tabindex=\"0\">\n\t\t\t\t\t\t<i aria-hidden=\"true\" class=\"eicon-chevron-right\"><\/i>\t\t\t\t\t<\/div>\n\t\t\t\t\n\t\t\t\t\t\t\t\t\t<div class=\"swiper-pagination\"><\/div>\n\t\t\t\t\t\t\t\t\t<\/div>\n\t\t\t\t\t\t<\/div>\n\t\t\t\t<\/div>\n\t\t\t\t\t<\/div>\n\t\t<\/div>\n\t\t\t\t<div class=\"elementor-column elementor-col-50 elementor-inner-column elementor-element elementor-element-94f711c\" data-id=\"94f711c\" data-element_type=\"column\" data-e-type=\"column\">\n\t\t\t<div class=\"elementor-widget-wrap elementor-element-populated\">\n\t\t\t\t\t\t<div class=\"elementor-element elementor-element-830d6b8 elementor-widget elementor-widget-text-editor\" data-id=\"830d6b8\" data-element_type=\"widget\" data-e-type=\"widget\" data-widget_type=\"text-editor.default\">\n\t\t\t\t<div class=\"elementor-widget-container\">\n\t\t\t\t\t\t\t\t\t<div class=\"vc_custom_1551930565611\"><div id=\"text-block-10\" class=\"mk-text-block jupiter-donut-\"><div class=\"vc_custom_1551929567855\"><div id=\"text-block-10\" class=\"mk-text-block jupiter-donut-\"><p><strong>Ausstattung:<\/strong><\/p><\/div><\/div><div class=\"vc_custom_1553797307863\"><div id=\"text-block-11\" class=\"mk-text-block jupiter-donut- orange-bullets\"><ul><li>NIST-r\u00fcckf\u00fchrbarer CVR<\/li><li>HVP-Schnelltrennkupplung<\/li><li>Koaxiale Widerstandslast zur Erfassung von Impulsen mit schneller Anstiegszeit<\/li><li>Comfort-Grip-Griff f\u00fcr einfache Handhabung<\/li><\/ul><\/div><\/div><div class=\"vc_custom_1551929579686\"><div id=\"text-block-12\" class=\"mk-text-block jupiter-donut-\"><p><strong>Optionen:<\/strong><\/p><\/div><\/div><div class=\"vc_custom_1553797314985\"><div id=\"text-block-13\" class=\"mk-text-block jupiter-donut- orange-bullets\"><ul><li>\u00d6l\/Luft-Durchfluss\u00f6ffnungen f\u00fcr hohe Umdrehungsgeschwindigkeiten<\/li><li>B-dot or D-dot probes<\/li><\/ul><\/div><\/div><\/div><\/div>\t\t\t\t\t\t\t\t<\/div>\n\t\t\t\t<\/div>\n\t\t\t\t\t<\/div>\n\t\t<\/div>\n\t\t\t\t\t<\/div>\n\t\t<\/section>\n\t\t\t\t<div class=\"elementor-element elementor-element-a5c4d26 elementor-widget elementor-widget-spacer\" data-id=\"a5c4d26\" data-element_type=\"widget\" data-e-type=\"widget\" data-widget_type=\"spacer.default\">\n\t\t\t\t<div class=\"elementor-widget-container\">\n\t\t\t\t\t\t\t<div class=\"elementor-spacer\">\n\t\t\t<div class=\"elementor-spacer-inner\"><\/div>\n\t\t<\/div>\n\t\t\t\t\t\t<\/div>\n\t\t\t\t<\/div>\n\t\t\t\t<div class=\"elementor-element elementor-element-929b2b2 elementor-widget elementor-widget-image\" data-id=\"929b2b2\" data-element_type=\"widget\" data-e-type=\"widget\" data-widget_type=\"image.default\">\n\t\t\t\t<div class=\"elementor-widget-container\">\n\t\t\t\t\t\t\t\t\t\t\t\t\t\t\t<img fetchpriority=\"high\" decoding=\"async\" width=\"1024\" height=\"419\" src=\"https:\/\/www.hvproducts.de\/wp-content\/uploads\/2022\/01\/coaxial-load-termination_technical-drawing_1_web-1-1024x419.jpg\" class=\"attachment-large size-large wp-image-13044\" alt=\"\" srcset=\"https:\/\/www.hvproducts.de\/wp-content\/uploads\/2022\/01\/coaxial-load-termination_technical-drawing_1_web-1-1024x419.jpg 1024w, https:\/\/www.hvproducts.de\/wp-content\/uploads\/2022\/01\/coaxial-load-termination_technical-drawing_1_web-1-300x123.jpg 300w, https:\/\/www.hvproducts.de\/wp-content\/uploads\/2022\/01\/coaxial-load-termination_technical-drawing_1_web-1-768x314.jpg 768w, https:\/\/www.hvproducts.de\/wp-content\/uploads\/2022\/01\/coaxial-load-termination_technical-drawing_1_web-1-18x7.jpg 18w, https:\/\/www.hvproducts.de\/wp-content\/uploads\/2022\/01\/coaxial-load-termination_technical-drawing_1_web-1.jpg 1200w\" sizes=\"(max-width: 1024px) 100vw, 1024px\" \/>\t\t\t\t\t\t\t\t\t\t\t\t\t\t\t<\/div>\n\t\t\t\t<\/div>\n\t\t\t\t<div class=\"elementor-element elementor-element-28c1d98 elementor-widget elementor-widget-spacer\" data-id=\"28c1d98\" data-element_type=\"widget\" data-e-type=\"widget\" data-widget_type=\"spacer.default\">\n\t\t\t\t<div class=\"elementor-widget-container\">\n\t\t\t\t\t\t\t<div class=\"elementor-spacer\">\n\t\t\t<div class=\"elementor-spacer-inner\"><\/div>\n\t\t<\/div>\n\t\t\t\t\t\t<\/div>\n\t\t\t\t<\/div>\n\t\t\t\t\t<\/div>\n\t\t<\/div>\n\t\t\t\t\t<\/div>\n\t\t<\/section>\n\t\t\t\t<\/div>","protected":false},"excerpt":{"rendered":"<p>Home \/ Products \/ High Voltage \u00a0\/ HV Passive Components \/ Coaxial Load Terminations Coaxial Load Terminations Our resistive load module provides termination and monitoring capability for a high-voltage, high-power pulse without radiating proximate equipment. Capable of managing pulsed voltages up to 500 kV (&lt;100 ns FWHM) and repetition rates up to 250 Hz (for [&hellip;]<\/p>\n","protected":false},"author":7,"featured_media":0,"parent":0,"menu_order":0,"comment_status":"closed","ping_status":"closed","template":"","meta":{"site-sidebar-layout":"no-sidebar","site-content-layout":"page-builder","ast-site-content-layout":"default","site-content-style":"default","site-sidebar-style":"default","ast-global-header-display":"","ast-banner-title-visibility":"","ast-main-header-display":"","ast-hfb-above-header-display":"","ast-hfb-below-header-display":"","ast-hfb-mobile-header-display":"","site-post-title":"disabled","ast-breadcrumbs-content":"","ast-featured-img":"disabled","footer-sml-layout":"","ast-disable-related-posts":"","theme-transparent-header-meta":"default","adv-header-id-meta":"","stick-header-meta":"","header-above-stick-meta":"","header-main-stick-meta":"","header-below-stick-meta":"","astra-migrate-meta-layouts":"default","ast-page-background-enabled":"default","ast-page-background-meta":{"desktop":{"background-color":"","background-image":"","background-repeat":"repeat","background-position":"center center","background-size":"auto","background-attachment":"scroll","background-type":"","background-media":"","overlay-type":"","overlay-color":"","overlay-opacity":"","overlay-gradient":""},"tablet":{"background-color":"","background-image":"","background-repeat":"repeat","background-position":"center center","background-size":"auto","background-attachment":"scroll","background-type":"","background-media":"","overlay-type":"","overlay-color":"","overlay-opacity":"","overlay-gradient":""},"mobile":{"background-color":"","background-image":"","background-repeat":"repeat","background-position":"center center","background-size":"auto","background-attachment":"scroll","background-type":"","background-media":"","overlay-type":"","overlay-color":"","overlay-opacity":"","overlay-gradient":""}},"ast-content-background-meta":{"desktop":{"background-color":"var(--ast-global-color-5)","background-image":"","background-repeat":"repeat","background-position":"center center","background-size":"auto","background-attachment":"scroll","background-type":"","background-media":"","overlay-type":"","overlay-color":"","overlay-opacity":"","overlay-gradient":""},"tablet":{"background-color":"var(--ast-global-color-5)","background-image":"","background-repeat":"repeat","background-position":"center center","background-size":"auto","background-attachment":"scroll","background-type":"","background-media":"","overlay-type":"","overlay-color":"","overlay-opacity":"","overlay-gradient":""},"mobile":{"background-color":"var(--ast-global-color-5)","background-image":"","background-repeat":"repeat","background-position":"center center","background-size":"auto","background-attachment":"scroll","background-type":"","background-media":"","overlay-type":"","overlay-color":"","overlay-opacity":"","overlay-gradient":""}},"footnotes":""},"class_list":["post-13028","page","type-page","status-publish","hentry"],"yoast_head":"<!-- This site is optimized with the Yoast SEO plugin v27.2 - https:\/\/yoast.com\/product\/yoast-seo-wordpress\/ -->\n<title>Coaxial Load Termination - HVP: High Voltage Products GmbH<\/title>\n<meta name=\"robots\" content=\"index, follow, max-snippet:-1, max-image-preview:large, max-video-preview:-1\" \/>\n<link rel=\"canonical\" href=\"https:\/\/www.hvproducts.de\/de\/coaxial-load-termination\/\" \/>\n<meta property=\"og:locale\" content=\"de_DE\" \/>\n<meta property=\"og:type\" content=\"article\" \/>\n<meta property=\"og:title\" content=\"Coaxial Load Termination - HVP: High Voltage Products GmbH\" \/>\n<meta property=\"og:description\" content=\"Home \/ Products \/ High Voltage \u00a0\/ HV Passive Components \/ Coaxial Load Terminations Coaxial Load Terminations Our resistive load module provides termination and monitoring capability for a high-voltage, high-power pulse without radiating proximate equipment. Capable of managing pulsed voltages up to 500 kV (&lt;100 ns FWHM) and repetition rates up to 250 Hz (for [&hellip;]\" \/>\n<meta property=\"og:url\" content=\"https:\/\/www.hvproducts.de\/de\/coaxial-load-termination\/\" \/>\n<meta property=\"og:site_name\" content=\"HVP: High Voltage Products GmbH\" \/>\n<meta property=\"article:modified_time\" content=\"2022-01-18T14:49:09+00:00\" \/>\n<meta property=\"og:image\" content=\"https:\/\/www.hvproducts.de\/wp-content\/uploads\/2022\/01\/dsc_0024-2_web-1-768x768.jpg\" \/>\n<meta name=\"twitter:card\" content=\"summary_large_image\" \/>\n<meta name=\"twitter:label1\" content=\"Gesch\u00e4tzte Lesezeit\" \/>\n\t<meta name=\"twitter:data1\" content=\"3\u00a0Minuten\" \/>\n<script type=\"application\/ld+json\" class=\"yoast-schema-graph\">{\"@context\":\"https:\/\/schema.org\",\"@graph\":[{\"@type\":\"WebPage\",\"@id\":\"https:\/\/www.hvproducts.de\/coaxial-load-termination\",\"url\":\"https:\/\/www.hvproducts.de\/coaxial-load-termination\",\"name\":\"Coaxial Load Termination - HVP: High Voltage Products GmbH\",\"isPartOf\":{\"@id\":\"https:\/\/hvproducts.de\/#website\"},\"primaryImageOfPage\":{\"@id\":\"https:\/\/www.hvproducts.de\/coaxial-load-termination#primaryimage\"},\"image\":{\"@id\":\"https:\/\/www.hvproducts.de\/coaxial-load-termination#primaryimage\"},\"thumbnailUrl\":\"https:\/\/www.hvproducts.de\/wp-content\/uploads\/2022\/01\/dsc_0024-2_web-1-768x768.jpg\",\"datePublished\":\"2022-01-18T14:28:38+00:00\",\"dateModified\":\"2022-01-18T14:49:09+00:00\",\"breadcrumb\":{\"@id\":\"https:\/\/www.hvproducts.de\/coaxial-load-termination#breadcrumb\"},\"inLanguage\":\"de\",\"potentialAction\":[{\"@type\":\"ReadAction\",\"target\":[\"https:\/\/www.hvproducts.de\/coaxial-load-termination\"]}]},{\"@type\":\"ImageObject\",\"inLanguage\":\"de\",\"@id\":\"https:\/\/www.hvproducts.de\/coaxial-load-termination#primaryimage\",\"url\":\"https:\/\/www.hvproducts.de\/wp-content\/uploads\/2022\/01\/dsc_0024-2_web-1-768x768.jpg\",\"contentUrl\":\"https:\/\/www.hvproducts.de\/wp-content\/uploads\/2022\/01\/dsc_0024-2_web-1-768x768.jpg\"},{\"@type\":\"BreadcrumbList\",\"@id\":\"https:\/\/www.hvproducts.de\/coaxial-load-termination#breadcrumb\",\"itemListElement\":[{\"@type\":\"ListItem\",\"position\":1,\"name\":\"Home\",\"item\":\"https:\/\/www.hvproducts.de\/\"},{\"@type\":\"ListItem\",\"position\":2,\"name\":\"Coaxial Load Termination\"}]},{\"@type\":\"WebSite\",\"@id\":\"https:\/\/hvproducts.de\/#website\",\"url\":\"https:\/\/hvproducts.de\/\",\"name\":\"HVP: High Voltage Products GmbH\",\"description\":\"High Voltage Products GmbH\",\"publisher\":{\"@id\":\"https:\/\/hvproducts.de\/#organization\"},\"potentialAction\":[{\"@type\":\"SearchAction\",\"target\":{\"@type\":\"EntryPoint\",\"urlTemplate\":\"https:\/\/hvproducts.de\/?s={search_term_string}\"},\"query-input\":{\"@type\":\"PropertyValueSpecification\",\"valueRequired\":true,\"valueName\":\"search_term_string\"}}],\"inLanguage\":\"de\"},{\"@type\":\"Organization\",\"@id\":\"https:\/\/hvproducts.de\/#organization\",\"name\":\"HVP: High Voltage Products GmbH\",\"url\":\"https:\/\/hvproducts.de\/\",\"logo\":{\"@type\":\"ImageObject\",\"inLanguage\":\"de\",\"@id\":\"https:\/\/hvproducts.de\/#\/schema\/logo\/image\/\",\"url\":\"https:\/\/www.hvproducts.de\/wp-content\/uploads\/2021\/01\/cropped-iPhone-X-XS-11-Pro-\u2013-1@2x-2.png\",\"contentUrl\":\"https:\/\/www.hvproducts.de\/wp-content\/uploads\/2021\/01\/cropped-iPhone-X-XS-11-Pro-\u2013-1@2x-2.png\",\"width\":723,\"height\":224,\"caption\":\"HVP: High Voltage Products GmbH\"},\"image\":{\"@id\":\"https:\/\/hvproducts.de\/#\/schema\/logo\/image\/\"}}]}<\/script>\n<!-- \/ Yoast SEO plugin. -->","yoast_head_json":{"title":"Coaxial Load Termination - HVP: High Voltage Products GmbH","robots":{"index":"index","follow":"follow","max-snippet":"max-snippet:-1","max-image-preview":"max-image-preview:large","max-video-preview":"max-video-preview:-1"},"canonical":"https:\/\/www.hvproducts.de\/de\/coaxial-load-termination\/","og_locale":"de_DE","og_type":"article","og_title":"Coaxial Load Termination - HVP: High Voltage Products GmbH","og_description":"Home \/ Products \/ High Voltage \u00a0\/ HV Passive Components \/ Coaxial Load Terminations Coaxial Load Terminations Our resistive load module provides termination and monitoring capability for a high-voltage, high-power pulse without radiating proximate equipment. Capable of managing pulsed voltages up to 500 kV (&lt;100 ns FWHM) and repetition rates up to 250 Hz (for [&hellip;]","og_url":"https:\/\/www.hvproducts.de\/de\/coaxial-load-termination\/","og_site_name":"HVP: High Voltage Products GmbH","article_modified_time":"2022-01-18T14:49:09+00:00","og_image":[{"url":"https:\/\/www.hvproducts.de\/wp-content\/uploads\/2022\/01\/dsc_0024-2_web-1-768x768.jpg","type":"","width":"","height":""}],"twitter_card":"summary_large_image","twitter_misc":{"Gesch\u00e4tzte Lesezeit":"3\u00a0Minuten"},"schema":{"@context":"https:\/\/schema.org","@graph":[{"@type":"WebPage","@id":"https:\/\/www.hvproducts.de\/coaxial-load-termination","url":"https:\/\/www.hvproducts.de\/coaxial-load-termination","name":"Coaxial Load Termination - HVP: High Voltage Products GmbH","isPartOf":{"@id":"https:\/\/hvproducts.de\/#website"},"primaryImageOfPage":{"@id":"https:\/\/www.hvproducts.de\/coaxial-load-termination#primaryimage"},"image":{"@id":"https:\/\/www.hvproducts.de\/coaxial-load-termination#primaryimage"},"thumbnailUrl":"https:\/\/www.hvproducts.de\/wp-content\/uploads\/2022\/01\/dsc_0024-2_web-1-768x768.jpg","datePublished":"2022-01-18T14:28:38+00:00","dateModified":"2022-01-18T14:49:09+00:00","breadcrumb":{"@id":"https:\/\/www.hvproducts.de\/coaxial-load-termination#breadcrumb"},"inLanguage":"de","potentialAction":[{"@type":"ReadAction","target":["https:\/\/www.hvproducts.de\/coaxial-load-termination"]}]},{"@type":"ImageObject","inLanguage":"de","@id":"https:\/\/www.hvproducts.de\/coaxial-load-termination#primaryimage","url":"https:\/\/www.hvproducts.de\/wp-content\/uploads\/2022\/01\/dsc_0024-2_web-1-768x768.jpg","contentUrl":"https:\/\/www.hvproducts.de\/wp-content\/uploads\/2022\/01\/dsc_0024-2_web-1-768x768.jpg"},{"@type":"BreadcrumbList","@id":"https:\/\/www.hvproducts.de\/coaxial-load-termination#breadcrumb","itemListElement":[{"@type":"ListItem","position":1,"name":"Home","item":"https:\/\/www.hvproducts.de\/"},{"@type":"ListItem","position":2,"name":"Coaxial Load Termination"}]},{"@type":"WebSite","@id":"https:\/\/hvproducts.de\/#website","url":"https:\/\/hvproducts.de\/","name":"HVP: High Voltage Products GmbH","description":"High Voltage Products GmbH","publisher":{"@id":"https:\/\/hvproducts.de\/#organization"},"potentialAction":[{"@type":"SearchAction","target":{"@type":"EntryPoint","urlTemplate":"https:\/\/hvproducts.de\/?s={search_term_string}"},"query-input":{"@type":"PropertyValueSpecification","valueRequired":true,"valueName":"search_term_string"}}],"inLanguage":"de"},{"@type":"Organization","@id":"https:\/\/hvproducts.de\/#organization","name":"HVP: High Voltage Products GmbH","url":"https:\/\/hvproducts.de\/","logo":{"@type":"ImageObject","inLanguage":"de","@id":"https:\/\/hvproducts.de\/#\/schema\/logo\/image\/","url":"https:\/\/www.hvproducts.de\/wp-content\/uploads\/2021\/01\/cropped-iPhone-X-XS-11-Pro-\u2013-1@2x-2.png","contentUrl":"https:\/\/www.hvproducts.de\/wp-content\/uploads\/2021\/01\/cropped-iPhone-X-XS-11-Pro-\u2013-1@2x-2.png","width":723,"height":224,"caption":"HVP: High Voltage Products GmbH"},"image":{"@id":"https:\/\/hvproducts.de\/#\/schema\/logo\/image\/"}}]}},"_links":{"self":[{"href":"https:\/\/www.hvproducts.de\/de\/wp-json\/wp\/v2\/pages\/13028","targetHints":{"allow":["GET"]}}],"collection":[{"href":"https:\/\/www.hvproducts.de\/de\/wp-json\/wp\/v2\/pages"}],"about":[{"href":"https:\/\/www.hvproducts.de\/de\/wp-json\/wp\/v2\/types\/page"}],"author":[{"embeddable":true,"href":"https:\/\/www.hvproducts.de\/de\/wp-json\/wp\/v2\/users\/7"}],"replies":[{"embeddable":true,"href":"https:\/\/www.hvproducts.de\/de\/wp-json\/wp\/v2\/comments?post=13028"}],"version-history":[{"count":19,"href":"https:\/\/www.hvproducts.de\/de\/wp-json\/wp\/v2\/pages\/13028\/revisions"}],"predecessor-version":[{"id":13069,"href":"https:\/\/www.hvproducts.de\/de\/wp-json\/wp\/v2\/pages\/13028\/revisions\/13069"}],"wp:attachment":[{"href":"https:\/\/www.hvproducts.de\/de\/wp-json\/wp\/v2\/media?parent=13028"}],"curies":[{"name":"wp","href":"https:\/\/api.w.org\/{rel}","templated":true}]}}