{"id":12510,"date":"2021-12-12T14:41:17","date_gmt":"2021-12-12T14:41:17","guid":{"rendered":"https:\/\/www.hvproducts.de\/?page_id=12510"},"modified":"2022-01-18T11:35:26","modified_gmt":"2022-01-18T11:35:26","slug":"software","status":"publish","type":"page","link":"https:\/\/www.hvproducts.de\/de\/software","title":{"rendered":"Software"},"content":{"rendered":"<div data-elementor-type=\"wp-page\" data-elementor-id=\"12510\" class=\"elementor elementor-12510\">\n\t\t\t\t\t\t<section class=\"elementor-section elementor-top-section elementor-element elementor-element-9bc6fa7 elementor-section-boxed elementor-section-height-default elementor-section-height-default\" data-id=\"9bc6fa7\" data-element_type=\"section\" data-e-type=\"section\">\n\t\t\t\t\t\t\t<div class=\"elementor-background-overlay\"><\/div>\n\t\t\t\t\t\t\t<div class=\"elementor-container elementor-column-gap-default\">\n\t\t\t\t\t<div class=\"elementor-column elementor-col-100 elementor-top-column elementor-element elementor-element-b58caa1\" data-id=\"b58caa1\" data-element_type=\"column\" data-e-type=\"column\">\n\t\t\t<div class=\"elementor-widget-wrap elementor-element-populated\">\n\t\t\t\t\t\t<div class=\"elementor-element elementor-element-423ce7c elementor-widget elementor-widget-text-editor\" data-id=\"423ce7c\" data-element_type=\"widget\" data-e-type=\"widget\" data-widget_type=\"text-editor.default\">\n\t\t\t\t<div class=\"elementor-widget-container\">\n\t\t\t\t\t\t\t\t\t<p><a href=\"https:\/\/www.hvproducts.de\">Startseite<\/a> \/ Produkte \/ Hochspannung \/ <a href=\"https:\/\/www.hvproducts.de\/high_voltage_power_supplies\/\">HV-Stromversorgungen<\/a> \/ <a href=\"https:\/\/www.hvproducts.de\/high_voltage_power_supplies\/\">HV-Stromversorgungen <\/a>\/\u00a0<a href=\"https:\/\/www.hvproducts.de\/marx-generators\">Marx-Generatoren<\/a> \/ <a href=\"https:\/\/www.hvproducts.de\/software\">Software<\/a><\/p>\t\t\t\t\t\t\t\t<\/div>\n\t\t\t\t<\/div>\n\t\t\t\t<div class=\"elementor-element elementor-element-14d6d47 elementor-widget elementor-widget-heading\" data-id=\"14d6d47\" data-element_type=\"widget\" data-e-type=\"widget\" data-widget_type=\"heading.default\">\n\t\t\t\t<div class=\"elementor-widget-container\">\n\t\t\t\t\t<h2 class=\"elementor-heading-title elementor-size-default\"><h1 style=\"margin-bottom: 0.5rem;font-weight: 500;font-size: 30px;, sans-serif;font-style: normal;white-space: normal\">Software<\/h1><\/h2>\t\t\t\t<\/div>\n\t\t\t\t<\/div>\n\t\t\t\t<div class=\"elementor-element elementor-element-3cf3d05 elementor-widget elementor-widget-text-editor\" data-id=\"3cf3d05\" data-element_type=\"widget\" data-e-type=\"widget\" data-widget_type=\"text-editor.default\">\n\t\t\t\t<div class=\"elementor-widget-container\">\n\t\t\t\t\t\t\t\t\t<p>Das Fachwissen von HVP in den Bereichen Steuerung und Datenerfassung f\u00fchrte zur Entwicklung von schl\u00fcsselfertigen Softwarepaketen f\u00fcr unsere gepulsten Stromversorgungssysteme. Da sowohl Zeit als auch Sicherheit bei der Pr\u00fcfung von gr\u00f6\u00dfter Bedeutung sind, bietet die Fernsteuerung einer Hochspannungsplattform Sicherheit f\u00fcr den Benutzer, w\u00e4hrend intuitive Sondenkalibrierungs- und Berichtsfunktionen den Zeitaufwand f\u00fcr die Pr\u00fcfung drastisch reduzieren.<\/p><div class=\"vc_custom_1551929762559\"><div id=\"text-block-9\" class=\"mk-text-block jupiter-donut-\"><p><strong>Kontrollsoftware<\/strong><\/p><p><span style=\"font-size: 16px;\">F\u00fcr unsere MIL-STD-Testsysteme ist die Systemsteuerung und -\u00fcberwachung f\u00fcr PCs, Laptops oder Tablets \u00fcber eine einzige Frontplatte verf\u00fcgbar. Diese Schnittstelle bietet alle Impulsgeber-Steuerungsfunktionen, die sich auf den Frontplatten des Stromversorgungs- und Steuerracks des Systems befinden, einschlie\u00dflich Scharfschaltung, Feuer und Not-Aus. Nachschlagetabellen erm\u00f6glichen die direkte Eingabe der gew\u00fcnschten Feldst\u00e4rke oder des Ausgangsstroms\/der Ausgangsspannung zur Einstellung von Druck und Ladespannung. Der Benutzer kann au\u00dferdem die Spannungs- und Druckeinstellungen unabh\u00e4ngig voneinander steuern und diese Werte in Echtzeit \u00fcberwachen.<\/span><\/p><\/div><\/div><div class=\"vc_custom_1551929817803\"><div id=\"text-block-11\" class=\"mk-text-block jupiter-donut-\"><p><strong>Software zur Datenerfassung<\/strong><\/p><\/div><\/div><div class=\"vc_custom_1551929822460\"><div id=\"text-block-12\" class=\"mk-text-block jupiter-donut-\"><p>Die HVP-Datenerfassungssoftware wurde speziell f\u00fcr unsere MIL-STD- und Hochleistungs-HF-Systeme entwickelt. Sie misst sowohl Merkmale im Zeit- als auch im Frequenzbereich, wie z. B. Impulsbreite (FWHM), Anstiegszeit (10-90 %), Spitzenamplitude und FFT (V\/m\/MHz). Die Software erstellt au\u00dferdem Berichte, die alle Daten und Einstellungen zusammenfassen.<\/p><\/div><\/div>\t\t\t\t\t\t\t\t<\/div>\n\t\t\t\t<\/div>\n\t\t\t\t\t<\/div>\n\t\t<\/div>\n\t\t\t\t\t<\/div>\n\t\t<\/section>\n\t\t\t\t<\/div>","protected":false},"excerpt":{"rendered":"<p>Home \/ Products \/ High Voltage \/ HV Power Supplies \/ HV Power Supplies \/\u00a0Marx Generators \/ Software Software HVP\u2019s expertise in controls and data acquisition led to the development of turnkey software packages for our pulsed power systems. With both time and safety paramount in testing, remote control of a high-voltage platform provides safety [&hellip;]<\/p>\n","protected":false},"author":7,"featured_media":0,"parent":0,"menu_order":0,"comment_status":"closed","ping_status":"closed","template":"","meta":{"site-sidebar-layout":"no-sidebar","site-content-layout":"page-builder","ast-site-content-layout":"default","site-content-style":"default","site-sidebar-style":"default","ast-global-header-display":"","ast-banner-title-visibility":"","ast-main-header-display":"","ast-hfb-above-header-display":"","ast-hfb-below-header-display":"","ast-hfb-mobile-header-display":"","site-post-title":"disabled","ast-breadcrumbs-content":"","ast-featured-img":"disabled","footer-sml-layout":"","ast-disable-related-posts":"","theme-transparent-header-meta":"default","adv-header-id-meta":"","stick-header-meta":"","header-above-stick-meta":"","header-main-stick-meta":"","header-below-stick-meta":"","astra-migrate-meta-layouts":"default","ast-page-background-enabled":"default","ast-page-background-meta":{"desktop":{"background-color":"","background-image":"","background-repeat":"repeat","background-position":"center center","background-size":"auto","background-attachment":"scroll","background-type":"","background-media":"","overlay-type":"","overlay-color":"","overlay-opacity":"","overlay-gradient":""},"tablet":{"background-color":"","background-image":"","background-repeat":"repeat","background-position":"center center","background-size":"auto","background-attachment":"scroll","background-type":"","background-media":"","overlay-type":"","overlay-color":"","overlay-opacity":"","overlay-gradient":""},"mobile":{"background-color":"","background-image":"","background-repeat":"repeat","background-position":"center center","background-size":"auto","background-attachment":"scroll","background-type":"","background-media":"","overlay-type":"","overlay-color":"","overlay-opacity":"","overlay-gradient":""}},"ast-content-background-meta":{"desktop":{"background-color":"var(--ast-global-color-5)","background-image":"","background-repeat":"repeat","background-position":"center center","background-size":"auto","background-attachment":"scroll","background-type":"","background-media":"","overlay-type":"","overlay-color":"","overlay-opacity":"","overlay-gradient":""},"tablet":{"background-color":"var(--ast-global-color-5)","background-image":"","background-repeat":"repeat","background-position":"center center","background-size":"auto","background-attachment":"scroll","background-type":"","background-media":"","overlay-type":"","overlay-color":"","overlay-opacity":"","overlay-gradient":""},"mobile":{"background-color":"var(--ast-global-color-5)","background-image":"","background-repeat":"repeat","background-position":"center center","background-size":"auto","background-attachment":"scroll","background-type":"","background-media":"","overlay-type":"","overlay-color":"","overlay-opacity":"","overlay-gradient":""}},"footnotes":""},"class_list":["post-12510","page","type-page","status-publish","hentry"],"yoast_head":"<!-- This site is optimized with the Yoast SEO plugin v27.2 - https:\/\/yoast.com\/product\/yoast-seo-wordpress\/ -->\n<title>Software Packages For Pulsed Power Systems \u2013 HV Products Germany<\/title>\n<meta name=\"description\" content=\"HV Products offers software packages for pulsed power systems. They are extremely safe for the user. Its reporting functions reduces hours spent on tests.\" \/>\n<meta name=\"robots\" content=\"index, follow, max-snippet:-1, max-image-preview:large, max-video-preview:-1\" \/>\n<link rel=\"canonical\" href=\"https:\/\/www.hvproducts.de\/de\/software\/\" \/>\n<meta property=\"og:locale\" content=\"de_DE\" \/>\n<meta property=\"og:type\" content=\"article\" \/>\n<meta property=\"og:title\" content=\"Software Packages For Pulsed Power Systems \u2013 HV Products Germany\" \/>\n<meta property=\"og:description\" content=\"HV Products offers software packages for pulsed power systems. They are extremely safe for the user. Its reporting functions reduces hours spent on tests.\" \/>\n<meta property=\"og:url\" content=\"https:\/\/www.hvproducts.de\/de\/software\/\" \/>\n<meta property=\"og:site_name\" content=\"HVP: High Voltage Products GmbH\" \/>\n<meta property=\"article:modified_time\" content=\"2022-01-18T11:35:26+00:00\" \/>\n<meta name=\"twitter:card\" content=\"summary_large_image\" \/>\n<meta name=\"twitter:label1\" content=\"Gesch\u00e4tzte Lesezeit\" \/>\n\t<meta name=\"twitter:data1\" content=\"1\u00a0Minute\" \/>\n<script type=\"application\/ld+json\" class=\"yoast-schema-graph\">{\"@context\":\"https:\/\/schema.org\",\"@graph\":[{\"@type\":\"WebPage\",\"@id\":\"https:\/\/www.hvproducts.de\/software\",\"url\":\"https:\/\/www.hvproducts.de\/software\",\"name\":\"Software Packages For Pulsed Power Systems \u2013 HV Products Germany\",\"isPartOf\":{\"@id\":\"https:\/\/hvproducts.de\/#website\"},\"datePublished\":\"2021-12-12T14:41:17+00:00\",\"dateModified\":\"2022-01-18T11:35:26+00:00\",\"description\":\"HV Products offers software packages for pulsed power systems. They are extremely safe for the user. Its reporting functions reduces hours spent on tests.\",\"breadcrumb\":{\"@id\":\"https:\/\/www.hvproducts.de\/software#breadcrumb\"},\"inLanguage\":\"de\",\"potentialAction\":[{\"@type\":\"ReadAction\",\"target\":[\"https:\/\/www.hvproducts.de\/software\"]}]},{\"@type\":\"BreadcrumbList\",\"@id\":\"https:\/\/www.hvproducts.de\/software#breadcrumb\",\"itemListElement\":[{\"@type\":\"ListItem\",\"position\":1,\"name\":\"Home\",\"item\":\"https:\/\/www.hvproducts.de\/\"},{\"@type\":\"ListItem\",\"position\":2,\"name\":\"Software\"}]},{\"@type\":\"WebSite\",\"@id\":\"https:\/\/hvproducts.de\/#website\",\"url\":\"https:\/\/hvproducts.de\/\",\"name\":\"HVP: High Voltage Products GmbH\",\"description\":\"High Voltage Products GmbH\",\"publisher\":{\"@id\":\"https:\/\/hvproducts.de\/#organization\"},\"potentialAction\":[{\"@type\":\"SearchAction\",\"target\":{\"@type\":\"EntryPoint\",\"urlTemplate\":\"https:\/\/hvproducts.de\/?s={search_term_string}\"},\"query-input\":{\"@type\":\"PropertyValueSpecification\",\"valueRequired\":true,\"valueName\":\"search_term_string\"}}],\"inLanguage\":\"de\"},{\"@type\":\"Organization\",\"@id\":\"https:\/\/hvproducts.de\/#organization\",\"name\":\"HVP: High Voltage Products GmbH\",\"url\":\"https:\/\/hvproducts.de\/\",\"logo\":{\"@type\":\"ImageObject\",\"inLanguage\":\"de\",\"@id\":\"https:\/\/hvproducts.de\/#\/schema\/logo\/image\/\",\"url\":\"https:\/\/www.hvproducts.de\/wp-content\/uploads\/2021\/01\/cropped-iPhone-X-XS-11-Pro-\u2013-1@2x-2.png\",\"contentUrl\":\"https:\/\/www.hvproducts.de\/wp-content\/uploads\/2021\/01\/cropped-iPhone-X-XS-11-Pro-\u2013-1@2x-2.png\",\"width\":723,\"height\":224,\"caption\":\"HVP: High Voltage Products GmbH\"},\"image\":{\"@id\":\"https:\/\/hvproducts.de\/#\/schema\/logo\/image\/\"}}]}<\/script>\n<!-- \/ Yoast SEO plugin. -->","yoast_head_json":{"title":"Software Packages For Pulsed Power Systems \u2013 HV Products Germany","description":"HV Products offers software packages for pulsed power systems. They are extremely safe for the user. Its reporting functions reduces hours spent on tests.","robots":{"index":"index","follow":"follow","max-snippet":"max-snippet:-1","max-image-preview":"max-image-preview:large","max-video-preview":"max-video-preview:-1"},"canonical":"https:\/\/www.hvproducts.de\/de\/software\/","og_locale":"de_DE","og_type":"article","og_title":"Software Packages For Pulsed Power Systems \u2013 HV Products Germany","og_description":"HV Products offers software packages for pulsed power systems. They are extremely safe for the user. Its reporting functions reduces hours spent on tests.","og_url":"https:\/\/www.hvproducts.de\/de\/software\/","og_site_name":"HVP: High Voltage Products GmbH","article_modified_time":"2022-01-18T11:35:26+00:00","twitter_card":"summary_large_image","twitter_misc":{"Gesch\u00e4tzte Lesezeit":"1\u00a0Minute"},"schema":{"@context":"https:\/\/schema.org","@graph":[{"@type":"WebPage","@id":"https:\/\/www.hvproducts.de\/software","url":"https:\/\/www.hvproducts.de\/software","name":"Software Packages For Pulsed Power Systems \u2013 HV Products Germany","isPartOf":{"@id":"https:\/\/hvproducts.de\/#website"},"datePublished":"2021-12-12T14:41:17+00:00","dateModified":"2022-01-18T11:35:26+00:00","description":"HV Products offers software packages for pulsed power systems. They are extremely safe for the user. Its reporting functions reduces hours spent on tests.","breadcrumb":{"@id":"https:\/\/www.hvproducts.de\/software#breadcrumb"},"inLanguage":"de","potentialAction":[{"@type":"ReadAction","target":["https:\/\/www.hvproducts.de\/software"]}]},{"@type":"BreadcrumbList","@id":"https:\/\/www.hvproducts.de\/software#breadcrumb","itemListElement":[{"@type":"ListItem","position":1,"name":"Home","item":"https:\/\/www.hvproducts.de\/"},{"@type":"ListItem","position":2,"name":"Software"}]},{"@type":"WebSite","@id":"https:\/\/hvproducts.de\/#website","url":"https:\/\/hvproducts.de\/","name":"HVP: High Voltage Products GmbH","description":"High Voltage Products GmbH","publisher":{"@id":"https:\/\/hvproducts.de\/#organization"},"potentialAction":[{"@type":"SearchAction","target":{"@type":"EntryPoint","urlTemplate":"https:\/\/hvproducts.de\/?s={search_term_string}"},"query-input":{"@type":"PropertyValueSpecification","valueRequired":true,"valueName":"search_term_string"}}],"inLanguage":"de"},{"@type":"Organization","@id":"https:\/\/hvproducts.de\/#organization","name":"HVP: High Voltage Products GmbH","url":"https:\/\/hvproducts.de\/","logo":{"@type":"ImageObject","inLanguage":"de","@id":"https:\/\/hvproducts.de\/#\/schema\/logo\/image\/","url":"https:\/\/www.hvproducts.de\/wp-content\/uploads\/2021\/01\/cropped-iPhone-X-XS-11-Pro-\u2013-1@2x-2.png","contentUrl":"https:\/\/www.hvproducts.de\/wp-content\/uploads\/2021\/01\/cropped-iPhone-X-XS-11-Pro-\u2013-1@2x-2.png","width":723,"height":224,"caption":"HVP: High Voltage Products GmbH"},"image":{"@id":"https:\/\/hvproducts.de\/#\/schema\/logo\/image\/"}}]}},"_links":{"self":[{"href":"https:\/\/www.hvproducts.de\/de\/wp-json\/wp\/v2\/pages\/12510","targetHints":{"allow":["GET"]}}],"collection":[{"href":"https:\/\/www.hvproducts.de\/de\/wp-json\/wp\/v2\/pages"}],"about":[{"href":"https:\/\/www.hvproducts.de\/de\/wp-json\/wp\/v2\/types\/page"}],"author":[{"embeddable":true,"href":"https:\/\/www.hvproducts.de\/de\/wp-json\/wp\/v2\/users\/7"}],"replies":[{"embeddable":true,"href":"https:\/\/www.hvproducts.de\/de\/wp-json\/wp\/v2\/comments?post=12510"}],"version-history":[{"count":18,"href":"https:\/\/www.hvproducts.de\/de\/wp-json\/wp\/v2\/pages\/12510\/revisions"}],"predecessor-version":[{"id":12972,"href":"https:\/\/www.hvproducts.de\/de\/wp-json\/wp\/v2\/pages\/12510\/revisions\/12972"}],"wp:attachment":[{"href":"https:\/\/www.hvproducts.de\/de\/wp-json\/wp\/v2\/media?parent=12510"}],"curies":[{"name":"wp","href":"https:\/\/api.w.org\/{rel}","templated":true}]}}