{"id":12509,"date":"2021-12-12T14:41:11","date_gmt":"2021-12-12T14:41:11","guid":{"rendered":"https:\/\/www.hvproducts.de\/?page_id=12509"},"modified":"2022-01-18T14:23:38","modified_gmt":"2022-01-18T14:23:38","slug":"power-control-racks","status":"publish","type":"page","link":"https:\/\/www.hvproducts.de\/de\/power-control-racks","title":{"rendered":"Strom- &amp; Steuerschr\u00e4nke"},"content":{"rendered":"<div data-elementor-type=\"wp-page\" data-elementor-id=\"12509\" class=\"elementor elementor-12509\">\n\t\t\t\t\t\t<section class=\"elementor-section elementor-top-section elementor-element elementor-element-9bc6fa7 elementor-section-boxed elementor-section-height-default elementor-section-height-default\" data-id=\"9bc6fa7\" data-element_type=\"section\" data-e-type=\"section\">\n\t\t\t\t\t\t\t<div class=\"elementor-background-overlay\"><\/div>\n\t\t\t\t\t\t\t<div class=\"elementor-container elementor-column-gap-default\">\n\t\t\t\t\t<div class=\"elementor-column elementor-col-100 elementor-top-column elementor-element elementor-element-b58caa1\" data-id=\"b58caa1\" data-element_type=\"column\" data-e-type=\"column\">\n\t\t\t<div class=\"elementor-widget-wrap elementor-element-populated\">\n\t\t\t\t\t\t<div class=\"elementor-element elementor-element-423ce7c elementor-widget elementor-widget-text-editor\" data-id=\"423ce7c\" data-element_type=\"widget\" data-e-type=\"widget\" data-widget_type=\"text-editor.default\">\n\t\t\t\t<div class=\"elementor-widget-container\">\n\t\t\t\t\t\t\t\t\t<p><a href=\"https:\/\/www.hvproducts.de\">Startseite<\/a> \/ Produkte \/ Hochspannung \/ <a href=\"https:\/\/www.hvproducts.de\/high_voltage_power_supplies\/\">HV-Stromversorgungen<\/a> \/ <a href=\"https:\/\/www.hvproducts.de\/high_voltage_power_supplies\/\">HV-Stromversorgungen <\/a>\/\u00a0<a href=\"https:\/\/www.hvproducts.de\/marx-generators\">Marx-Generatoren<\/a> \/ <a href=\"https:\/\/www.hvproducts.de\/power-control-racks\">Strom- und Steuerschr\u00e4nke<\/a><\/p>\t\t\t\t\t\t\t\t<\/div>\n\t\t\t\t<\/div>\n\t\t\t\t<div class=\"elementor-element elementor-element-14d6d47 elementor-widget elementor-widget-heading\" data-id=\"14d6d47\" data-element_type=\"widget\" data-e-type=\"widget\" data-widget_type=\"heading.default\">\n\t\t\t\t<div class=\"elementor-widget-container\">\n\t\t\t\t\t<h2 class=\"elementor-heading-title elementor-size-default\"><h1 style=\"margin-bottom: 0.5rem;font-weight: 500;font-size: 30px;, sans-serif;font-style: normal;white-space: normal\">Strom- und Steuerschr\u00e4nke<\/h1><\/h2>\t\t\t\t<\/div>\n\t\t\t\t<\/div>\n\t\t\t\t<div class=\"elementor-element elementor-element-3cf3d05 elementor-widget elementor-widget-text-editor\" data-id=\"3cf3d05\" data-element_type=\"widget\" data-e-type=\"widget\" data-widget_type=\"text-editor.default\">\n\t\t\t\t<div class=\"elementor-widget-container\">\n\t\t\t\t\t\t\t\t\t<div class=\"vc_custom_1554082298463\"><div id=\"text-block-8\" class=\"mk-text-block jupiter-donut-\"><p>HVP bietet vollst\u00e4ndig integrierte Stromversorgungs- und Steuereinheiten an, um ein schl\u00fcsselfertiges Paket f\u00fcr unsere gepulsten Stromversorgungssysteme zu liefern. Jedes Rack bietet Notaus-, Verriegelungs- und Leistungssteuerung, Zeitsteuerung, Hochspannungsstromversorgung\/Kondensatorladeger\u00e4t, Triggergenerator und Gassteuerung. Die spezifische Konfiguration eines jeden Racks basiert auf dem Marx Generator, den es steuert, und den spezifischen Anwendungen des Kunden.<\/p><\/div><\/div><div class=\"vc_custom_1553800560895\"><div id=\"text-block-9\" class=\"mk-text-block jupiter-donut- orange-bullets\"><p><strong>Ausstattung:<\/strong><\/p><ul><li>Marx und Spitzendruck<\/li><li>Durchflussmessung und -kontrolle<\/li><li>Konstantspannungs-\/Konstantstrom-Stromversorgung<\/li><li>Triggergenerator mit hoher\/niedriger Wiederholrate<\/li><li>Fernsteuerung \u00fcber Handheld oder Computer<\/li><\/ul><p><a href=\"https:\/\/www.hvproducts.de\/wp-content\/uploads\/2022\/01\/ape_productcards_20190611_pcr-hvp.pdf\"><img decoding=\"async\" class=\"alignnone size-full wp-image-2507\" src=\"https:\/\/www.hvproducts.de\/wp-content\/uploads\/2021\/01\/download.png\" alt=\"\" width=\"40\" height=\"48\" srcset=\"https:\/\/www.hvproducts.de\/wp-content\/uploads\/2021\/01\/download.png 40w, https:\/\/www.hvproducts.de\/wp-content\/uploads\/2021\/01\/download-10x12.png 10w\" sizes=\"(max-width: 40px) 100vw, 40px\" \/> Power &amp; Control Racks Produktkatalog<\/a><\/p><\/div><\/div>\t\t\t\t\t\t\t\t<\/div>\n\t\t\t\t<\/div>\n\t\t\t\t\t<\/div>\n\t\t<\/div>\n\t\t\t\t\t<\/div>\n\t\t<\/section>\n\t\t\t\t<\/div>","protected":false},"excerpt":{"rendered":"<p>Home \/ Products \/ High Voltage \/ HV Power Supplies \/ HV Power Supplies \/\u00a0Marx Generators \/ Power &amp; Control Racks Power &#038; Control Racks HVP offers fully integrated power and control units to deliver a turnkey package for our pulsed power systems. Each rack provides emergency stop\/interlock\/power control, timing control, high-voltage power supply\/capacitor charger, [&hellip;]<\/p>\n","protected":false},"author":7,"featured_media":0,"parent":0,"menu_order":0,"comment_status":"closed","ping_status":"closed","template":"","meta":{"site-sidebar-layout":"no-sidebar","site-content-layout":"page-builder","ast-site-content-layout":"default","site-content-style":"default","site-sidebar-style":"default","ast-global-header-display":"","ast-banner-title-visibility":"","ast-main-header-display":"","ast-hfb-above-header-display":"","ast-hfb-below-header-display":"","ast-hfb-mobile-header-display":"","site-post-title":"disabled","ast-breadcrumbs-content":"","ast-featured-img":"disabled","footer-sml-layout":"","ast-disable-related-posts":"","theme-transparent-header-meta":"default","adv-header-id-meta":"","stick-header-meta":"","header-above-stick-meta":"","header-main-stick-meta":"","header-below-stick-meta":"","astra-migrate-meta-layouts":"default","ast-page-background-enabled":"default","ast-page-background-meta":{"desktop":{"background-color":"","background-image":"","background-repeat":"repeat","background-position":"center center","background-size":"auto","background-attachment":"scroll","background-type":"","background-media":"","overlay-type":"","overlay-color":"","overlay-opacity":"","overlay-gradient":""},"tablet":{"background-color":"","background-image":"","background-repeat":"repeat","background-position":"center center","background-size":"auto","background-attachment":"scroll","background-type":"","background-media":"","overlay-type":"","overlay-color":"","overlay-opacity":"","overlay-gradient":""},"mobile":{"background-color":"","background-image":"","background-repeat":"repeat","background-position":"center center","background-size":"auto","background-attachment":"scroll","background-type":"","background-media":"","overlay-type":"","overlay-color":"","overlay-opacity":"","overlay-gradient":""}},"ast-content-background-meta":{"desktop":{"background-color":"var(--ast-global-color-5)","background-image":"","background-repeat":"repeat","background-position":"center center","background-size":"auto","background-attachment":"scroll","background-type":"","background-media":"","overlay-type":"","overlay-color":"","overlay-opacity":"","overlay-gradient":""},"tablet":{"background-color":"var(--ast-global-color-5)","background-image":"","background-repeat":"repeat","background-position":"center center","background-size":"auto","background-attachment":"scroll","background-type":"","background-media":"","overlay-type":"","overlay-color":"","overlay-opacity":"","overlay-gradient":""},"mobile":{"background-color":"var(--ast-global-color-5)","background-image":"","background-repeat":"repeat","background-position":"center center","background-size":"auto","background-attachment":"scroll","background-type":"","background-media":"","overlay-type":"","overlay-color":"","overlay-opacity":"","overlay-gradient":""}},"footnotes":""},"class_list":["post-12509","page","type-page","status-publish","hentry"],"yoast_head":"<!-- This site is optimized with the Yoast SEO plugin v27.2 - https:\/\/yoast.com\/product\/yoast-seo-wordpress\/ -->\n<title>High Voltage Power &amp; Control Racks \u2013 HV Products Germany<\/title>\n<meta name=\"description\" content=\"HV Products power and control racks are built stronger, smarter, and simpler to help your servers, storage, and networking take you further.\" \/>\n<meta name=\"robots\" content=\"index, follow, max-snippet:-1, max-image-preview:large, max-video-preview:-1\" \/>\n<link rel=\"canonical\" href=\"https:\/\/www.hvproducts.de\/de\/power-control-racks\/\" \/>\n<meta property=\"og:locale\" content=\"de_DE\" \/>\n<meta property=\"og:type\" content=\"article\" \/>\n<meta property=\"og:title\" content=\"High Voltage Power &amp; Control Racks \u2013 HV Products Germany\" \/>\n<meta property=\"og:description\" content=\"HV Products power and control racks are built stronger, smarter, and simpler to help your servers, storage, and networking take you further.\" \/>\n<meta property=\"og:url\" content=\"https:\/\/www.hvproducts.de\/de\/power-control-racks\/\" \/>\n<meta property=\"og:site_name\" content=\"HVP: High Voltage Products GmbH\" \/>\n<meta property=\"article:modified_time\" content=\"2022-01-18T14:23:38+00:00\" \/>\n<meta property=\"og:image\" content=\"https:\/\/www.hvproducts.de\/wp-content\/uploads\/2021\/01\/download.png\" \/>\n<meta name=\"twitter:card\" content=\"summary_large_image\" \/>\n<meta name=\"twitter:label1\" content=\"Gesch\u00e4tzte Lesezeit\" \/>\n\t<meta name=\"twitter:data1\" content=\"1\u00a0Minute\" \/>\n<script type=\"application\/ld+json\" class=\"yoast-schema-graph\">{\"@context\":\"https:\/\/schema.org\",\"@graph\":[{\"@type\":\"WebPage\",\"@id\":\"https:\/\/www.hvproducts.de\/power-control-racks\",\"url\":\"https:\/\/www.hvproducts.de\/power-control-racks\",\"name\":\"High Voltage Power & Control Racks \u2013 HV Products Germany\",\"isPartOf\":{\"@id\":\"https:\/\/hvproducts.de\/#website\"},\"primaryImageOfPage\":{\"@id\":\"https:\/\/www.hvproducts.de\/power-control-racks#primaryimage\"},\"image\":{\"@id\":\"https:\/\/www.hvproducts.de\/power-control-racks#primaryimage\"},\"thumbnailUrl\":\"https:\/\/www.hvproducts.de\/wp-content\/uploads\/2021\/01\/download.png\",\"datePublished\":\"2021-12-12T14:41:11+00:00\",\"dateModified\":\"2022-01-18T14:23:38+00:00\",\"description\":\"HV Products power and control racks are built stronger, smarter, and simpler to help your servers, storage, and networking take you further.\",\"breadcrumb\":{\"@id\":\"https:\/\/www.hvproducts.de\/power-control-racks#breadcrumb\"},\"inLanguage\":\"de\",\"potentialAction\":[{\"@type\":\"ReadAction\",\"target\":[\"https:\/\/www.hvproducts.de\/power-control-racks\"]}]},{\"@type\":\"ImageObject\",\"inLanguage\":\"de\",\"@id\":\"https:\/\/www.hvproducts.de\/power-control-racks#primaryimage\",\"url\":\"https:\/\/www.hvproducts.de\/wp-content\/uploads\/2021\/01\/download.png\",\"contentUrl\":\"https:\/\/www.hvproducts.de\/wp-content\/uploads\/2021\/01\/download.png\"},{\"@type\":\"BreadcrumbList\",\"@id\":\"https:\/\/www.hvproducts.de\/power-control-racks#breadcrumb\",\"itemListElement\":[{\"@type\":\"ListItem\",\"position\":1,\"name\":\"Home\",\"item\":\"https:\/\/www.hvproducts.de\/\"},{\"@type\":\"ListItem\",\"position\":2,\"name\":\"Power &#038; Control Racks\"}]},{\"@type\":\"WebSite\",\"@id\":\"https:\/\/hvproducts.de\/#website\",\"url\":\"https:\/\/hvproducts.de\/\",\"name\":\"HVP: High Voltage Products GmbH\",\"description\":\"High Voltage Products GmbH\",\"publisher\":{\"@id\":\"https:\/\/hvproducts.de\/#organization\"},\"potentialAction\":[{\"@type\":\"SearchAction\",\"target\":{\"@type\":\"EntryPoint\",\"urlTemplate\":\"https:\/\/hvproducts.de\/?s={search_term_string}\"},\"query-input\":{\"@type\":\"PropertyValueSpecification\",\"valueRequired\":true,\"valueName\":\"search_term_string\"}}],\"inLanguage\":\"de\"},{\"@type\":\"Organization\",\"@id\":\"https:\/\/hvproducts.de\/#organization\",\"name\":\"HVP: High Voltage Products GmbH\",\"url\":\"https:\/\/hvproducts.de\/\",\"logo\":{\"@type\":\"ImageObject\",\"inLanguage\":\"de\",\"@id\":\"https:\/\/hvproducts.de\/#\/schema\/logo\/image\/\",\"url\":\"https:\/\/www.hvproducts.de\/wp-content\/uploads\/2021\/01\/cropped-iPhone-X-XS-11-Pro-\u2013-1@2x-2.png\",\"contentUrl\":\"https:\/\/www.hvproducts.de\/wp-content\/uploads\/2021\/01\/cropped-iPhone-X-XS-11-Pro-\u2013-1@2x-2.png\",\"width\":723,\"height\":224,\"caption\":\"HVP: High Voltage Products GmbH\"},\"image\":{\"@id\":\"https:\/\/hvproducts.de\/#\/schema\/logo\/image\/\"}}]}<\/script>\n<!-- \/ Yoast SEO plugin. -->","yoast_head_json":{"title":"High Voltage Power & Control Racks \u2013 HV Products Germany","description":"HV Products power and control racks are built stronger, smarter, and simpler to help your servers, storage, and networking take you further.","robots":{"index":"index","follow":"follow","max-snippet":"max-snippet:-1","max-image-preview":"max-image-preview:large","max-video-preview":"max-video-preview:-1"},"canonical":"https:\/\/www.hvproducts.de\/de\/power-control-racks\/","og_locale":"de_DE","og_type":"article","og_title":"High Voltage Power & Control Racks \u2013 HV Products Germany","og_description":"HV Products power and control racks are built stronger, smarter, and simpler to help your servers, storage, and networking take you further.","og_url":"https:\/\/www.hvproducts.de\/de\/power-control-racks\/","og_site_name":"HVP: High Voltage Products GmbH","article_modified_time":"2022-01-18T14:23:38+00:00","og_image":[{"url":"https:\/\/www.hvproducts.de\/wp-content\/uploads\/2021\/01\/download.png","type":"","width":"","height":""}],"twitter_card":"summary_large_image","twitter_misc":{"Gesch\u00e4tzte Lesezeit":"1\u00a0Minute"},"schema":{"@context":"https:\/\/schema.org","@graph":[{"@type":"WebPage","@id":"https:\/\/www.hvproducts.de\/power-control-racks","url":"https:\/\/www.hvproducts.de\/power-control-racks","name":"High Voltage Power & Control Racks \u2013 HV Products Germany","isPartOf":{"@id":"https:\/\/hvproducts.de\/#website"},"primaryImageOfPage":{"@id":"https:\/\/www.hvproducts.de\/power-control-racks#primaryimage"},"image":{"@id":"https:\/\/www.hvproducts.de\/power-control-racks#primaryimage"},"thumbnailUrl":"https:\/\/www.hvproducts.de\/wp-content\/uploads\/2021\/01\/download.png","datePublished":"2021-12-12T14:41:11+00:00","dateModified":"2022-01-18T14:23:38+00:00","description":"HV Products power and control racks are built stronger, smarter, and simpler to help your servers, storage, and networking take you further.","breadcrumb":{"@id":"https:\/\/www.hvproducts.de\/power-control-racks#breadcrumb"},"inLanguage":"de","potentialAction":[{"@type":"ReadAction","target":["https:\/\/www.hvproducts.de\/power-control-racks"]}]},{"@type":"ImageObject","inLanguage":"de","@id":"https:\/\/www.hvproducts.de\/power-control-racks#primaryimage","url":"https:\/\/www.hvproducts.de\/wp-content\/uploads\/2021\/01\/download.png","contentUrl":"https:\/\/www.hvproducts.de\/wp-content\/uploads\/2021\/01\/download.png"},{"@type":"BreadcrumbList","@id":"https:\/\/www.hvproducts.de\/power-control-racks#breadcrumb","itemListElement":[{"@type":"ListItem","position":1,"name":"Home","item":"https:\/\/www.hvproducts.de\/"},{"@type":"ListItem","position":2,"name":"Power &#038; Control Racks"}]},{"@type":"WebSite","@id":"https:\/\/hvproducts.de\/#website","url":"https:\/\/hvproducts.de\/","name":"HVP: High Voltage Products GmbH","description":"High Voltage Products GmbH","publisher":{"@id":"https:\/\/hvproducts.de\/#organization"},"potentialAction":[{"@type":"SearchAction","target":{"@type":"EntryPoint","urlTemplate":"https:\/\/hvproducts.de\/?s={search_term_string}"},"query-input":{"@type":"PropertyValueSpecification","valueRequired":true,"valueName":"search_term_string"}}],"inLanguage":"de"},{"@type":"Organization","@id":"https:\/\/hvproducts.de\/#organization","name":"HVP: High Voltage Products GmbH","url":"https:\/\/hvproducts.de\/","logo":{"@type":"ImageObject","inLanguage":"de","@id":"https:\/\/hvproducts.de\/#\/schema\/logo\/image\/","url":"https:\/\/www.hvproducts.de\/wp-content\/uploads\/2021\/01\/cropped-iPhone-X-XS-11-Pro-\u2013-1@2x-2.png","contentUrl":"https:\/\/www.hvproducts.de\/wp-content\/uploads\/2021\/01\/cropped-iPhone-X-XS-11-Pro-\u2013-1@2x-2.png","width":723,"height":224,"caption":"HVP: High Voltage Products GmbH"},"image":{"@id":"https:\/\/hvproducts.de\/#\/schema\/logo\/image\/"}}]}},"_links":{"self":[{"href":"https:\/\/www.hvproducts.de\/de\/wp-json\/wp\/v2\/pages\/12509","targetHints":{"allow":["GET"]}}],"collection":[{"href":"https:\/\/www.hvproducts.de\/de\/wp-json\/wp\/v2\/pages"}],"about":[{"href":"https:\/\/www.hvproducts.de\/de\/wp-json\/wp\/v2\/types\/page"}],"author":[{"embeddable":true,"href":"https:\/\/www.hvproducts.de\/de\/wp-json\/wp\/v2\/users\/7"}],"replies":[{"embeddable":true,"href":"https:\/\/www.hvproducts.de\/de\/wp-json\/wp\/v2\/comments?post=12509"}],"version-history":[{"count":24,"href":"https:\/\/www.hvproducts.de\/de\/wp-json\/wp\/v2\/pages\/12509\/revisions"}],"predecessor-version":[{"id":13024,"href":"https:\/\/www.hvproducts.de\/de\/wp-json\/wp\/v2\/pages\/12509\/revisions\/13024"}],"wp:attachment":[{"href":"https:\/\/www.hvproducts.de\/de\/wp-json\/wp\/v2\/media?parent=12509"}],"curies":[{"name":"wp","href":"https:\/\/api.w.org\/{rel}","templated":true}]}}