{"id":12488,"date":"2021-12-12T14:17:52","date_gmt":"2021-12-12T14:17:52","guid":{"rendered":"https:\/\/www.hvproducts.de\/?page_id=12488"},"modified":"2022-01-15T13:07:43","modified_gmt":"2022-01-15T13:07:43","slug":"marx-generators","status":"publish","type":"page","link":"https:\/\/www.hvproducts.de\/de\/marx-generators","title":{"rendered":"Marx-Generatoren"},"content":{"rendered":"<div data-elementor-type=\"wp-page\" data-elementor-id=\"12488\" class=\"elementor elementor-12488\">\n\t\t\t\t\t\t<section class=\"elementor-section elementor-top-section elementor-element elementor-element-9bc6fa7 elementor-section-boxed elementor-section-height-default elementor-section-height-default\" data-id=\"9bc6fa7\" data-element_type=\"section\" data-e-type=\"section\">\n\t\t\t\t\t\t\t<div class=\"elementor-background-overlay\"><\/div>\n\t\t\t\t\t\t\t<div class=\"elementor-container elementor-column-gap-default\">\n\t\t\t\t\t<div class=\"elementor-column elementor-col-100 elementor-top-column elementor-element elementor-element-b58caa1\" data-id=\"b58caa1\" data-element_type=\"column\" data-e-type=\"column\">\n\t\t\t<div class=\"elementor-widget-wrap elementor-element-populated\">\n\t\t\t\t\t\t<div class=\"elementor-element elementor-element-423ce7c elementor-widget elementor-widget-text-editor\" data-id=\"423ce7c\" data-element_type=\"widget\" data-e-type=\"widget\" data-widget_type=\"text-editor.default\">\n\t\t\t\t<div class=\"elementor-widget-container\">\n\t\t\t\t\t\t\t\t\t<p><a href=\"https:\/\/www.hvproducts.de\">Startseite<\/a> \/ Produkte \/ Hochspannung \/ <a href=\"https:\/\/www.hvproducts.de\/high_voltage_power_supplies\/\">HV-Stromversorgungen<\/a> \/ <a href=\"https:\/\/www.hvproducts.de\/marx-generators\">Marx-Generatoren<\/a><\/p>\t\t\t\t\t\t\t\t<\/div>\n\t\t\t\t<\/div>\n\t\t\t\t<div class=\"elementor-element elementor-element-14d6d47 elementor-widget elementor-widget-heading\" data-id=\"14d6d47\" data-element_type=\"widget\" data-e-type=\"widget\" data-widget_type=\"heading.default\">\n\t\t\t\t<div class=\"elementor-widget-container\">\n\t\t\t\t\t<h2 class=\"elementor-heading-title elementor-size-default\"><h1 style=\"margin-bottom: 0.5rem;font-weight: 500;font-size: 30px;, sans-serif;font-style: normal;white-space: normal\">Marx-Generatoren<\/h1><\/h2>\t\t\t\t<\/div>\n\t\t\t\t<\/div>\n\t\t\t\t<div class=\"elementor-element elementor-element-3cf3d05 elementor-widget elementor-widget-text-editor\" data-id=\"3cf3d05\" data-element_type=\"widget\" data-e-type=\"widget\" data-widget_type=\"text-editor.default\">\n\t\t\t\t<div class=\"elementor-widget-container\">\n\t\t\t\t\t\t\t\t\t<p style=\"font-weight: 400;\">Wir konzentrieren uns auf Hochleistungs- und Hochspannungsimpulsgeneratoren in Konfigurationen mit niedriger Induktivit\u00e4t, um schnellere Anstiegszeiten, h\u00f6here Spitzenspannungen und h\u00f6here Lastspannungseffizienzen zu erzielen.<\/p><p style=\"font-weight: 400;\">Diese Marx-Generatoren werden in einer Vielzahl von gepulsten Leistungsanwendungen eingesetzt, von Flash-R\u00f6ntgen, HPRF und HPM bis hin zu Test und Evaluierung (T&amp;E), Triggerung und Materialstudien.<\/p><p style=\"font-weight: 400;\">Dar\u00fcber hinaus bieten wir geeignete Triggergeneratoren, Leistungs- und Steuerschr\u00e4nke, die auf die spezifische Anwendung des Kunden zugeschnitten sind, sowie geeignete Steuerungs- und \u00dcberwachungssoftware.<\/p>\t\t\t\t\t\t\t\t<\/div>\n\t\t\t\t<\/div>\n\t\t\t\t\t<\/div>\n\t\t<\/div>\n\t\t\t\t\t<\/div>\n\t\t<\/section>\n\t\t\t\t<section class=\"elementor-section elementor-top-section elementor-element elementor-element-e91b148 elementor-section-boxed elementor-section-height-default elementor-section-height-default\" data-id=\"e91b148\" data-element_type=\"section\" data-e-type=\"section\">\n\t\t\t\t\t\t<div class=\"elementor-container elementor-column-gap-default\">\n\t\t\t\t\t<div class=\"elementor-column elementor-col-100 elementor-top-column elementor-element elementor-element-26b238f\" data-id=\"26b238f\" data-element_type=\"column\" data-e-type=\"column\">\n\t\t\t<div class=\"elementor-widget-wrap elementor-element-populated\">\n\t\t\t\t\t\t<div class=\"elementor-element elementor-element-af42251 elementor-widget elementor-widget-image-gallery\" data-id=\"af42251\" data-element_type=\"widget\" data-e-type=\"widget\" data-widget_type=\"image-gallery.default\">\n\t\t\t\t<div class=\"elementor-widget-container\">\n\t\t\t\t\t\t\t<div class=\"elementor-image-gallery\">\n\t\t\t<div id='gallery-1' class='gallery galleryid-12488 gallery-columns-3 gallery-size-medium_large'><figure class='gallery-item'>\n\t\t\t<div class='gallery-icon landscape'>\n\t\t\t\t<a  href='https:\/\/www.hvproducts.de\/de\/marx1-2'><img fetchpriority=\"high\" decoding=\"async\" width=\"666\" height=\"375\" src=\"https:\/\/www.hvproducts.de\/wp-content\/uploads\/2021\/12\/Marx1-1.png\" class=\"attachment-medium_large size-medium_large\" alt=\"High Voltage Marx Generators\" aria-describedby=\"gallery-1-12688\" srcset=\"https:\/\/www.hvproducts.de\/wp-content\/uploads\/2021\/12\/Marx1-1.png 666w, https:\/\/www.hvproducts.de\/wp-content\/uploads\/2021\/12\/Marx1-1-300x169.png 300w, https:\/\/www.hvproducts.de\/wp-content\/uploads\/2021\/12\/Marx1-1-18x10.png 18w\" sizes=\"(max-width: 666px) 100vw, 666px\" \/><\/a>\n\t\t\t<\/div>\n\t\t\t\t<figcaption class='wp-caption-text gallery-caption' id='gallery-1-12688'>\n\t\t\t\tMarx-Generatoren\n\t\t\t\t<\/figcaption><\/figure><figure class='gallery-item'>\n\t\t\t<div class='gallery-icon landscape'>\n\t\t\t\t<a  href='https:\/\/www.hvproducts.de\/de\/power-2'><img decoding=\"async\" width=\"666\" height=\"375\" src=\"https:\/\/www.hvproducts.de\/wp-content\/uploads\/2021\/12\/Power-1.png\" class=\"attachment-medium_large size-medium_large\" alt=\"HV Trigger Generators\" aria-describedby=\"gallery-1-12690\" srcset=\"https:\/\/www.hvproducts.de\/wp-content\/uploads\/2021\/12\/Power-1.png 666w, https:\/\/www.hvproducts.de\/wp-content\/uploads\/2021\/12\/Power-1-300x169.png 300w, https:\/\/www.hvproducts.de\/wp-content\/uploads\/2021\/12\/Power-1-18x10.png 18w\" sizes=\"(max-width: 666px) 100vw, 666px\" \/><\/a>\n\t\t\t<\/div>\n\t\t\t\t<figcaption class='wp-caption-text gallery-caption' id='gallery-1-12690'>\n\t\t\t\tTrigger-Generatoren\n\t\t\t\t<\/figcaption><\/figure><figure class='gallery-item'>\n\t\t\t<div class='gallery-icon landscape'>\n\t\t\t\t<a  href='https:\/\/www.hvproducts.de\/de\/trig-2'><img decoding=\"async\" width=\"666\" height=\"375\" src=\"https:\/\/www.hvproducts.de\/wp-content\/uploads\/2021\/12\/Trig-1.png\" class=\"attachment-medium_large size-medium_large\" alt=\"Power &amp; Control Racks\" aria-describedby=\"gallery-1-12689\" srcset=\"https:\/\/www.hvproducts.de\/wp-content\/uploads\/2021\/12\/Trig-1.png 666w, https:\/\/www.hvproducts.de\/wp-content\/uploads\/2021\/12\/Trig-1-300x169.png 300w, https:\/\/www.hvproducts.de\/wp-content\/uploads\/2021\/12\/Trig-1-18x10.png 18w\" sizes=\"(max-width: 666px) 100vw, 666px\" \/><\/a>\n\t\t\t<\/div>\n\t\t\t\t<figcaption class='wp-caption-text gallery-caption' id='gallery-1-12689'>\n\t\t\t\tStrom- &amp; Steuerschr\u00e4nke\n\t\t\t\t<\/figcaption><\/figure><figure class='gallery-item'>\n\t\t\t<div class='gallery-icon landscape'>\n\t\t\t\t<a  href='https:\/\/www.hvproducts.de\/de\/software-3'><img loading=\"lazy\" decoding=\"async\" width=\"666\" height=\"375\" src=\"https:\/\/www.hvproducts.de\/wp-content\/uploads\/2021\/12\/Software-1.png\" class=\"attachment-medium_large size-medium_large\" alt=\"Data Acquisition Software\" aria-describedby=\"gallery-1-12687\" srcset=\"https:\/\/www.hvproducts.de\/wp-content\/uploads\/2021\/12\/Software-1.png 666w, https:\/\/www.hvproducts.de\/wp-content\/uploads\/2021\/12\/Software-1-300x169.png 300w, https:\/\/www.hvproducts.de\/wp-content\/uploads\/2021\/12\/Software-1-18x10.png 18w\" sizes=\"(max-width: 666px) 100vw, 666px\" \/><\/a>\n\t\t\t<\/div>\n\t\t\t\t<figcaption class='wp-caption-text gallery-caption' id='gallery-1-12687'>\n\t\t\t\tSoftware zur Datenerfassung\n\n\n\t\t\t\t<\/figcaption><\/figure>\n\t\t<\/div>\n\t\t<\/div>\n\t\t\t\t\t\t<\/div>\n\t\t\t\t<\/div>\n\t\t\t\t\t<\/div>\n\t\t<\/div>\n\t\t\t\t\t<\/div>\n\t\t<\/section>\n\t\t\t\t<section class=\"elementor-section elementor-top-section elementor-element elementor-element-edc1d60 elementor-section-boxed elementor-section-height-default elementor-section-height-default\" data-id=\"edc1d60\" data-element_type=\"section\" data-e-type=\"section\">\n\t\t\t\t\t\t<div class=\"elementor-container elementor-column-gap-default\">\n\t\t\t\t\t<div class=\"elementor-column elementor-col-100 elementor-top-column elementor-element elementor-element-362fe46\" data-id=\"362fe46\" data-element_type=\"column\" data-e-type=\"column\">\n\t\t\t<div class=\"elementor-widget-wrap elementor-element-populated\">\n\t\t\t\t\t\t<div class=\"elementor-element elementor-element-afaa172 elementor-widget elementor-widget-spacer\" data-id=\"afaa172\" data-element_type=\"widget\" data-e-type=\"widget\" data-widget_type=\"spacer.default\">\n\t\t\t\t<div class=\"elementor-widget-container\">\n\t\t\t\t\t\t\t<div class=\"elementor-spacer\">\n\t\t\t<div class=\"elementor-spacer-inner\"><\/div>\n\t\t<\/div>\n\t\t\t\t\t\t<\/div>\n\t\t\t\t<\/div>\n\t\t\t\t\t<\/div>\n\t\t<\/div>\n\t\t\t\t\t<\/div>\n\t\t<\/section>\n\t\t\t\t<\/div>","protected":false},"excerpt":{"rendered":"<p>Home \/ Products \/ High Voltage \/ HV Power Supplies \/ Marx Generators Marx Generators We focus on high-power and high-voltage pulse generators in low inductance configurations for faster rise times, higher peak voltages, and increased load voltage efficiencies. These Marx Generators operate in a variety of pulsed power applications, from flash X-ray, HPRF, and [&hellip;]<\/p>\n","protected":false},"author":7,"featured_media":0,"parent":0,"menu_order":0,"comment_status":"closed","ping_status":"closed","template":"","meta":{"site-sidebar-layout":"no-sidebar","site-content-layout":"page-builder","ast-site-content-layout":"default","site-content-style":"default","site-sidebar-style":"default","ast-global-header-display":"","ast-banner-title-visibility":"","ast-main-header-display":"","ast-hfb-above-header-display":"","ast-hfb-below-header-display":"","ast-hfb-mobile-header-display":"","site-post-title":"disabled","ast-breadcrumbs-content":"","ast-featured-img":"disabled","footer-sml-layout":"","ast-disable-related-posts":"","theme-transparent-header-meta":"default","adv-header-id-meta":"","stick-header-meta":"","header-above-stick-meta":"","header-main-stick-meta":"","header-below-stick-meta":"","astra-migrate-meta-layouts":"default","ast-page-background-enabled":"default","ast-page-background-meta":{"desktop":{"background-color":"","background-image":"","background-repeat":"repeat","background-position":"center center","background-size":"auto","background-attachment":"scroll","background-type":"","background-media":"","overlay-type":"","overlay-color":"","overlay-opacity":"","overlay-gradient":""},"tablet":{"background-color":"","background-image":"","background-repeat":"repeat","background-position":"center center","background-size":"auto","background-attachment":"scroll","background-type":"","background-media":"","overlay-type":"","overlay-color":"","overlay-opacity":"","overlay-gradient":""},"mobile":{"background-color":"","background-image":"","background-repeat":"repeat","background-position":"center center","background-size":"auto","background-attachment":"scroll","background-type":"","background-media":"","overlay-type":"","overlay-color":"","overlay-opacity":"","overlay-gradient":""}},"ast-content-background-meta":{"desktop":{"background-color":"var(--ast-global-color-5)","background-image":"","background-repeat":"repeat","background-position":"center center","background-size":"auto","background-attachment":"scroll","background-type":"","background-media":"","overlay-type":"","overlay-color":"","overlay-opacity":"","overlay-gradient":""},"tablet":{"background-color":"var(--ast-global-color-5)","background-image":"","background-repeat":"repeat","background-position":"center center","background-size":"auto","background-attachment":"scroll","background-type":"","background-media":"","overlay-type":"","overlay-color":"","overlay-opacity":"","overlay-gradient":""},"mobile":{"background-color":"var(--ast-global-color-5)","background-image":"","background-repeat":"repeat","background-position":"center center","background-size":"auto","background-attachment":"scroll","background-type":"","background-media":"","overlay-type":"","overlay-color":"","overlay-opacity":"","overlay-gradient":""}},"footnotes":""},"class_list":["post-12488","page","type-page","status-publish","hentry"],"yoast_head":"<!-- This site is optimized with the Yoast SEO plugin v27.2 - https:\/\/yoast.com\/product\/yoast-seo-wordpress\/ -->\n<title>Marx Generators - High Voltage Pulse Generator Manufacturer<\/title>\n<meta name=\"description\" content=\"Marx HV pulse generators are used to provide high-voltage pulses &amp; they can be operated in a variety of pulsed power applications, from flash X-ray, HPRF &amp; many more.\" \/>\n<meta name=\"robots\" content=\"index, follow, max-snippet:-1, max-image-preview:large, max-video-preview:-1\" \/>\n<link rel=\"canonical\" href=\"https:\/\/www.hvproducts.de\/de\/marx-generators\/\" \/>\n<meta property=\"og:locale\" content=\"de_DE\" \/>\n<meta property=\"og:type\" content=\"article\" \/>\n<meta property=\"og:title\" content=\"Marx Generators - High Voltage Pulse Generator Manufacturer\" \/>\n<meta property=\"og:description\" content=\"Marx HV pulse generators are used to provide high-voltage pulses &amp; they can be operated in a variety of pulsed power applications, from flash X-ray, HPRF &amp; many more.\" \/>\n<meta property=\"og:url\" content=\"https:\/\/www.hvproducts.de\/de\/marx-generators\/\" \/>\n<meta property=\"og:site_name\" content=\"HVP: High Voltage Products GmbH\" \/>\n<meta property=\"article:modified_time\" content=\"2022-01-15T13:07:43+00:00\" \/>\n<meta property=\"og:image\" content=\"https:\/\/www.hvproducts.de\/wp-content\/uploads\/2021\/12\/Marx1-1.png\" \/>\n<meta name=\"twitter:card\" content=\"summary_large_image\" \/>\n<meta name=\"twitter:label1\" content=\"Gesch\u00e4tzte Lesezeit\" \/>\n\t<meta name=\"twitter:data1\" content=\"2\u00a0Minuten\" \/>\n<script type=\"application\/ld+json\" class=\"yoast-schema-graph\">{\"@context\":\"https:\/\/schema.org\",\"@graph\":[{\"@type\":\"WebPage\",\"@id\":\"https:\/\/www.hvproducts.de\/marx-generators\",\"url\":\"https:\/\/www.hvproducts.de\/marx-generators\",\"name\":\"Marx Generators - High Voltage Pulse Generator Manufacturer\",\"isPartOf\":{\"@id\":\"https:\/\/hvproducts.de\/#website\"},\"primaryImageOfPage\":{\"@id\":\"https:\/\/www.hvproducts.de\/marx-generators#primaryimage\"},\"image\":{\"@id\":\"https:\/\/www.hvproducts.de\/marx-generators#primaryimage\"},\"thumbnailUrl\":\"https:\/\/www.hvproducts.de\/wp-content\/uploads\/2021\/12\/Marx1-1.png\",\"datePublished\":\"2021-12-12T14:17:52+00:00\",\"dateModified\":\"2022-01-15T13:07:43+00:00\",\"description\":\"Marx HV pulse generators are used to provide high-voltage pulses & they can be operated in a variety of pulsed power applications, from flash X-ray, HPRF & many more.\",\"breadcrumb\":{\"@id\":\"https:\/\/www.hvproducts.de\/marx-generators#breadcrumb\"},\"inLanguage\":\"de\",\"potentialAction\":[{\"@type\":\"ReadAction\",\"target\":[\"https:\/\/www.hvproducts.de\/marx-generators\"]}]},{\"@type\":\"ImageObject\",\"inLanguage\":\"de\",\"@id\":\"https:\/\/www.hvproducts.de\/marx-generators#primaryimage\",\"url\":\"https:\/\/www.hvproducts.de\/wp-content\/uploads\/2021\/12\/Marx1-1.png\",\"contentUrl\":\"https:\/\/www.hvproducts.de\/wp-content\/uploads\/2021\/12\/Marx1-1.png\"},{\"@type\":\"BreadcrumbList\",\"@id\":\"https:\/\/www.hvproducts.de\/marx-generators#breadcrumb\",\"itemListElement\":[{\"@type\":\"ListItem\",\"position\":1,\"name\":\"Home\",\"item\":\"https:\/\/www.hvproducts.de\/\"},{\"@type\":\"ListItem\",\"position\":2,\"name\":\"Marx Generators\"}]},{\"@type\":\"WebSite\",\"@id\":\"https:\/\/hvproducts.de\/#website\",\"url\":\"https:\/\/hvproducts.de\/\",\"name\":\"HVP: High Voltage Products GmbH\",\"description\":\"High Voltage Products GmbH\",\"publisher\":{\"@id\":\"https:\/\/hvproducts.de\/#organization\"},\"potentialAction\":[{\"@type\":\"SearchAction\",\"target\":{\"@type\":\"EntryPoint\",\"urlTemplate\":\"https:\/\/hvproducts.de\/?s={search_term_string}\"},\"query-input\":{\"@type\":\"PropertyValueSpecification\",\"valueRequired\":true,\"valueName\":\"search_term_string\"}}],\"inLanguage\":\"de\"},{\"@type\":\"Organization\",\"@id\":\"https:\/\/hvproducts.de\/#organization\",\"name\":\"HVP: High Voltage Products GmbH\",\"url\":\"https:\/\/hvproducts.de\/\",\"logo\":{\"@type\":\"ImageObject\",\"inLanguage\":\"de\",\"@id\":\"https:\/\/hvproducts.de\/#\/schema\/logo\/image\/\",\"url\":\"https:\/\/www.hvproducts.de\/wp-content\/uploads\/2021\/01\/cropped-iPhone-X-XS-11-Pro-\u2013-1@2x-2.png\",\"contentUrl\":\"https:\/\/www.hvproducts.de\/wp-content\/uploads\/2021\/01\/cropped-iPhone-X-XS-11-Pro-\u2013-1@2x-2.png\",\"width\":723,\"height\":224,\"caption\":\"HVP: High Voltage Products GmbH\"},\"image\":{\"@id\":\"https:\/\/hvproducts.de\/#\/schema\/logo\/image\/\"}}]}<\/script>\n<!-- \/ Yoast SEO plugin. -->","yoast_head_json":{"title":"Marx Generators - High Voltage Pulse Generator Manufacturer","description":"Marx HV pulse generators are used to provide high-voltage pulses & they can be operated in a variety of pulsed power applications, from flash X-ray, HPRF & many more.","robots":{"index":"index","follow":"follow","max-snippet":"max-snippet:-1","max-image-preview":"max-image-preview:large","max-video-preview":"max-video-preview:-1"},"canonical":"https:\/\/www.hvproducts.de\/de\/marx-generators\/","og_locale":"de_DE","og_type":"article","og_title":"Marx Generators - High Voltage Pulse Generator Manufacturer","og_description":"Marx HV pulse generators are used to provide high-voltage pulses & they can be operated in a variety of pulsed power applications, from flash X-ray, HPRF & many more.","og_url":"https:\/\/www.hvproducts.de\/de\/marx-generators\/","og_site_name":"HVP: High Voltage Products GmbH","article_modified_time":"2022-01-15T13:07:43+00:00","og_image":[{"url":"https:\/\/www.hvproducts.de\/wp-content\/uploads\/2021\/12\/Marx1-1.png","type":"","width":"","height":""}],"twitter_card":"summary_large_image","twitter_misc":{"Gesch\u00e4tzte Lesezeit":"2\u00a0Minuten"},"schema":{"@context":"https:\/\/schema.org","@graph":[{"@type":"WebPage","@id":"https:\/\/www.hvproducts.de\/marx-generators","url":"https:\/\/www.hvproducts.de\/marx-generators","name":"Marx Generators - High Voltage Pulse Generator Manufacturer","isPartOf":{"@id":"https:\/\/hvproducts.de\/#website"},"primaryImageOfPage":{"@id":"https:\/\/www.hvproducts.de\/marx-generators#primaryimage"},"image":{"@id":"https:\/\/www.hvproducts.de\/marx-generators#primaryimage"},"thumbnailUrl":"https:\/\/www.hvproducts.de\/wp-content\/uploads\/2021\/12\/Marx1-1.png","datePublished":"2021-12-12T14:17:52+00:00","dateModified":"2022-01-15T13:07:43+00:00","description":"Marx HV pulse generators are used to provide high-voltage pulses & they can be operated in a variety of pulsed power applications, from flash X-ray, HPRF & many more.","breadcrumb":{"@id":"https:\/\/www.hvproducts.de\/marx-generators#breadcrumb"},"inLanguage":"de","potentialAction":[{"@type":"ReadAction","target":["https:\/\/www.hvproducts.de\/marx-generators"]}]},{"@type":"ImageObject","inLanguage":"de","@id":"https:\/\/www.hvproducts.de\/marx-generators#primaryimage","url":"https:\/\/www.hvproducts.de\/wp-content\/uploads\/2021\/12\/Marx1-1.png","contentUrl":"https:\/\/www.hvproducts.de\/wp-content\/uploads\/2021\/12\/Marx1-1.png"},{"@type":"BreadcrumbList","@id":"https:\/\/www.hvproducts.de\/marx-generators#breadcrumb","itemListElement":[{"@type":"ListItem","position":1,"name":"Home","item":"https:\/\/www.hvproducts.de\/"},{"@type":"ListItem","position":2,"name":"Marx Generators"}]},{"@type":"WebSite","@id":"https:\/\/hvproducts.de\/#website","url":"https:\/\/hvproducts.de\/","name":"HVP: High Voltage Products GmbH","description":"High Voltage Products GmbH","publisher":{"@id":"https:\/\/hvproducts.de\/#organization"},"potentialAction":[{"@type":"SearchAction","target":{"@type":"EntryPoint","urlTemplate":"https:\/\/hvproducts.de\/?s={search_term_string}"},"query-input":{"@type":"PropertyValueSpecification","valueRequired":true,"valueName":"search_term_string"}}],"inLanguage":"de"},{"@type":"Organization","@id":"https:\/\/hvproducts.de\/#organization","name":"HVP: High Voltage Products GmbH","url":"https:\/\/hvproducts.de\/","logo":{"@type":"ImageObject","inLanguage":"de","@id":"https:\/\/hvproducts.de\/#\/schema\/logo\/image\/","url":"https:\/\/www.hvproducts.de\/wp-content\/uploads\/2021\/01\/cropped-iPhone-X-XS-11-Pro-\u2013-1@2x-2.png","contentUrl":"https:\/\/www.hvproducts.de\/wp-content\/uploads\/2021\/01\/cropped-iPhone-X-XS-11-Pro-\u2013-1@2x-2.png","width":723,"height":224,"caption":"HVP: High Voltage Products GmbH"},"image":{"@id":"https:\/\/hvproducts.de\/#\/schema\/logo\/image\/"}}]}},"_links":{"self":[{"href":"https:\/\/www.hvproducts.de\/de\/wp-json\/wp\/v2\/pages\/12488","targetHints":{"allow":["GET"]}}],"collection":[{"href":"https:\/\/www.hvproducts.de\/de\/wp-json\/wp\/v2\/pages"}],"about":[{"href":"https:\/\/www.hvproducts.de\/de\/wp-json\/wp\/v2\/types\/page"}],"author":[{"embeddable":true,"href":"https:\/\/www.hvproducts.de\/de\/wp-json\/wp\/v2\/users\/7"}],"replies":[{"embeddable":true,"href":"https:\/\/www.hvproducts.de\/de\/wp-json\/wp\/v2\/comments?post=12488"}],"version-history":[{"count":39,"href":"https:\/\/www.hvproducts.de\/de\/wp-json\/wp\/v2\/pages\/12488\/revisions"}],"predecessor-version":[{"id":12938,"href":"https:\/\/www.hvproducts.de\/de\/wp-json\/wp\/v2\/pages\/12488\/revisions\/12938"}],"wp:attachment":[{"href":"https:\/\/www.hvproducts.de\/de\/wp-json\/wp\/v2\/media?parent=12488"}],"curies":[{"name":"wp","href":"https:\/\/api.w.org\/{rel}","templated":true}]}}